{"id":10571,"date":"2022-06-08T16:54:40","date_gmt":"2022-06-08T14:54:40","guid":{"rendered":"https:\/\/www.plantcaretools.com\/zuurgraad-ph-meten-grond\/"},"modified":"2023-01-26T17:15:44","modified_gmt":"2023-01-26T16:15:44","slug":"sauregrad-messen-boden","status":"publish","type":"page","link":"https:\/\/www.plantcaretools.com\/de\/sauregrad-messen-boden\/","title":{"rendered":"S\u00e4uregrad messen im Boden"},"content":{"rendered":"<div class=\"gb-container gb-container-07fd9373 alignfull\"><div class=\"gb-inside-container\">\n<div class=\"gb-grid-wrapper gb-grid-wrapper-b2f0f6f2\">\n<div class=\"gb-grid-column gb-grid-column-6853460e\"><div class=\"gb-container gb-container-6853460e\"><div class=\"gb-inside-container\">\n\n<h1 class=\"has-text-align-center has-palette-color-5-color has-text-color wp-block-heading\"><strong>S\u00e4uregrad messen<\/strong> im Boden pH<\/h1>\n\n<\/div><\/div><\/div>\n<\/div>\n<\/div><\/div>\n\n<div class=\"gb-container gb-container-7f7f0697 bg-gradient-vertical  alignfull\"><div class=\"gb-inside-container\">\n<div class=\"gb-grid-wrapper gb-grid-wrapper-afc51b2e\">\n<div class=\"gb-grid-column gb-grid-column-f9d6d494\"><div class=\"gb-container gb-container-f9d6d494\"><div class=\"gb-inside-container\">\n<span><span><a href=\"https:\/\/www.plantcaretools.com\/de\/\">Home<\/a><\/span><\/span>\n\n<\/div><\/div><\/div>\n<\/div>\n<\/div><\/div>\n\n<div class=\"gb-container gb-container-7d5c3431\"><div class=\"gb-inside-container\">\n\n<h2 class=\"has-large-font-size wp-block-heading\"><strong>Sie k\u00f6nnen&nbsp;<\/strong><strong>direkt im Boden den&nbsp;<\/strong><strong>S\u00e4uregrad messen von Pflanzen mit unseren pH-Messer<\/strong><\/h2>\n\n\n\n<h2 class=\"wp-block-heading\"><strong>Um den S\u00e4uregrad vom Boden zu kennen muss man zuerst den pH messen<\/strong><\/h2>\n\n\n\n<p>Der S\u00e4uregrad (pH) des Bodens zeigt an, ob der Boden sauer, neutral oder basisch ist. Die Skala der pH-Werte des Bodens geht von 1 bis 14, wobei ein Wert von 7,0 als neutral gesehen wird, ein Wert unter 7,0 als sauer und ein Wert \u00fcber 7,0 als basisch. Es ist daher wichtig, um den S\u00e4uregrad im Boden zu messen<\/p>\n\n\n\n<h2 class=\"wp-block-heading\"><strong>Das Wachstum von Pflanzen h\u00e4ngt ab vom pH-Wert des Bodens<\/strong><\/h2>\n\n\n\n<p>Ein guter pH Wert ist sehr wichtig f\u00fcr die Pflanze um wichtige N\u00e4hrstoffe aufnehmen zu k\u00f6nnen. Das gilt f\u00fcr Topfpflanzen aber auch f\u00fcr alle Pflanzen im Garten, Gem\u00fcsegarten und Rasen. Die meisten Pflanzen werden optimal gedeihen in einer leicht sauren Umgebung mit einem pH Wert zwischen 5,5 und 6,5. F\u00fcr den Rasen gilt 7,0 als idealer Wert. Ohne die M\u00f6glichkeit D\u00fcnger aufzunehmen, kann eine Pflanze oder der Rasen also nicht gut wachsen und ein gesundes Leben leiten.<\/p>\n\n\n\n<h2 class=\"wp-block-heading\"><strong>Kompostieren vom Boden ist ideal bei einem pH-Wert von 7,0<\/strong><\/h2>\n\n\n\n<p>Au\u00dferdem ist der richtige pH Wert indirekt wichtig f\u00fcr die Mikroben im Grund. Ein pH Wert von ca. 7,0 ist ideal f\u00fcr das Wachstum von Bakterien die im Boden die Kompostierung f\u00f6rdern. Der Prozess der Kompostierung gibt Minerale und N\u00e4hrstoffe&nbsp; im Boden frei, die danach von der Pflanze aufgenommen werden k\u00f6nnen. Ein Wert von rund 7,0 ist auch optimal f\u00fcr Mikroorganismen die freien Stickstoff&nbsp; in der Luft in eine f\u00fcr die Pflanze aufnehmbare Form umsetzen. Wenn es n\u00f6tig ist um den pH Wert zu ver\u00e4ndern, sind in spezialisierten Gartencentern besonders geeignete Produkte erh\u00e4ltlich. Aber zuerst der S\u00e4uregrad messen!<\/p>\n\n\n\n<p>Sie k\u00f6nnen einfach den S\u00e4uregrad messen im Boden mit den <a href=\"https:\/\/www.plantcaretools.com\/de\/messgerate\/\">folgenden Produkten<\/a>.<\/p>\n\n\n<div data-block-name=\"woocommerce\/handpicked-products\" data-columns=\"4\" data-content-visibility=\"{&quot;title&quot;:true,&quot;price&quot;:true,&quot;rating&quot;:false,&quot;button&quot;:false}\" data-products=\"[7714,7687,7662,7594]\" class=\"wc-block-grid wp-block-handpicked-products wp-block-woocommerce-handpicked-products wc-block-handpicked-products has-4-columns has-multiple-rows\"><ul class=\"wc-block-grid__products\"><li class=\"wc-block-grid__product\"><span class=\"gtm4wp_productdata\" style=\"display:none; visibility:hidden;\" data-gtm4wp_product_data=\"{&quot;internal_id&quot;:7714,&quot;item_id&quot;:7714,&quot;item_name&quot;:&quot;Prof. pH\\\/Feuchtemesser (Lange Sonde)&quot;,&quot;sku&quot;:&quot;PCT095&quot;,&quot;price&quot;:66.9,&quot;stocklevel&quot;:17,&quot;stockstatus&quot;:&quot;instock&quot;,&quot;google_business_vertical&quot;:&quot;retail&quot;,&quot;item_category&quot;:&quot;Messger\\u00e4te&quot;,&quot;id&quot;:7714,&quot;productlink&quot;:&quot;https:\\\/\\\/www.plantcaretools.com\\\/de\\\/produkt\\\/messgerate\\\/ph-bodenmesser-langer-sonde\\\/&quot;,&quot;item_list_name&quot;:&quot;General Product List&quot;,&quot;index&quot;:0,&quot;product_type&quot;:&quot;simple&quot;,&quot;item_brand&quot;:&quot;&quot;}\"><\/span>\n\t\t\t\t<a href=\"https:\/\/www.plantcaretools.com\/de\/produkt\/messgerate\/ph-bodenmesser-langer-sonde\/\" class=\"wc-block-grid__product-link\">\n\t\t\t\t\t\n\t\t\t\t\t<div class=\"wc-block-grid__product-image\"><img loading=\"lazy\" decoding=\"async\" width=\"272\" height=\"272\" src=\"https:\/\/www.plantcaretools.com\/wp-content\/uploads\/2024\/04\/img_6956-272x272.jpeg\" class=\"attachment-woocommerce_thumbnail size-woocommerce_thumbnail\" alt=\"Prof. pH\/Feuchtemesser (Lange Sonde)\" srcset=\"https:\/\/www.plantcaretools.com\/wp-content\/uploads\/2024\/04\/img_6956-272x272.jpeg 272w, https:\/\/www.plantcaretools.com\/wp-content\/uploads\/2024\/04\/img_6956-150x150.jpeg 150w, https:\/\/www.plantcaretools.com\/wp-content\/uploads\/2024\/04\/img_6956-100x100.jpeg 100w\" sizes=\"auto, (max-width: 272px) 100vw, 272px\" data-wp-pid=\"19079\" \/><\/div>\n\t\t\t\t\t<div class=\"wc-block-grid__product-title\">Prof. pH\/Feuchtemesser (Lange Sonde)<\/div>\n\t\t\t\t<\/a>\n\t\t\t\t<div class=\"wc-block-grid__product-price price\"><span class=\"woocommerce-Price-amount amount\"><bdi><span class=\"woocommerce-Price-currencySymbol\">&euro;<\/span>66,90<\/bdi><\/span><\/div>\n\t\t\t\t\n\t\t\t\t\n\t\t\t<\/li><li class=\"wc-block-grid__product\"><span class=\"gtm4wp_productdata\" style=\"display:none; visibility:hidden;\" data-gtm4wp_product_data=\"{&quot;internal_id&quot;:7687,&quot;item_id&quot;:7687,&quot;item_name&quot;:&quot;Bodenmesser (D\\u00fcngung, pH, temp.)&quot;,&quot;sku&quot;:&quot;PCT240&quot;,&quot;price&quot;:44.9,&quot;stocklevel&quot;:43,&quot;stockstatus&quot;:&quot;instock&quot;,&quot;google_business_vertical&quot;:&quot;retail&quot;,&quot;item_category&quot;:&quot;Messger\\u00e4te&quot;,&quot;id&quot;:7687,&quot;productlink&quot;:&quot;https:\\\/\\\/www.plantcaretools.com\\\/de\\\/produkt\\\/messgerate\\\/bodenmesser-duengung-ph-temp\\\/&quot;,&quot;item_list_name&quot;:&quot;General Product List&quot;,&quot;index&quot;:0,&quot;product_type&quot;:&quot;simple&quot;,&quot;item_brand&quot;:&quot;&quot;}\"><\/span>\n\t\t\t\t<a href=\"https:\/\/www.plantcaretools.com\/de\/produkt\/messgerate\/bodenmesser-duengung-ph-temp\/\" class=\"wc-block-grid__product-link\">\n\t\t\t\t\t\n\t\t\t\t\t<div class=\"wc-block-grid__product-image\"><img loading=\"lazy\" decoding=\"async\" width=\"272\" height=\"272\" src=\"https:\/\/www.plantcaretools.com\/wp-content\/uploads\/2022\/07\/MG_0376-scaled-272x272.jpg\" class=\"attachment-woocommerce_thumbnail size-woocommerce_thumbnail\" alt=\"Bodenmesser (D\u00fcngung, pH, temp.)\" srcset=\"https:\/\/www.plantcaretools.com\/wp-content\/uploads\/2022\/07\/MG_0376-272x272.jpg 272w, https:\/\/www.plantcaretools.com\/wp-content\/uploads\/2022\/07\/MG_0376-100x100.jpg 100w, https:\/\/www.plantcaretools.com\/wp-content\/uploads\/2022\/07\/MG_0376-600x600.jpg 600w, https:\/\/www.plantcaretools.com\/wp-content\/uploads\/2022\/07\/MG_0376-300x300.jpg 300w, https:\/\/www.plantcaretools.com\/wp-content\/uploads\/2022\/07\/MG_0376-1024x1024.jpg 1024w, https:\/\/www.plantcaretools.com\/wp-content\/uploads\/2022\/07\/MG_0376-150x150.jpg 150w, https:\/\/www.plantcaretools.com\/wp-content\/uploads\/2022\/07\/MG_0376-768x768.jpg 768w, https:\/\/www.plantcaretools.com\/wp-content\/uploads\/2022\/07\/MG_0376-1536x1536.jpg 1536w, https:\/\/www.plantcaretools.com\/wp-content\/uploads\/2022\/07\/MG_0376-2048x2048.jpg 2048w, https:\/\/www.plantcaretools.com\/wp-content\/uploads\/2022\/07\/MG_0376-scaled-1200x1200-cropped.jpg 1200w\" sizes=\"auto, (max-width: 272px) 100vw, 272px\" data-wp-pid=\"4432\" \/><\/div>\n\t\t\t\t\t<div class=\"wc-block-grid__product-title\">Bodenmesser (D\u00fcngung, pH, temp.)<\/div>\n\t\t\t\t<\/a>\n\t\t\t\t<div class=\"wc-block-grid__product-price price\"><span class=\"woocommerce-Price-amount amount\"><bdi><span class=\"woocommerce-Price-currencySymbol\">&euro;<\/span>44,90<\/bdi><\/span><\/div>\n\t\t\t\t\n\t\t\t\t\n\t\t\t<\/li><li class=\"wc-block-grid__product\"><span class=\"gtm4wp_productdata\" style=\"display:none; visibility:hidden;\" data-gtm4wp_product_data=\"{&quot;internal_id&quot;:7662,&quot;item_id&quot;:7662,&quot;item_name&quot;:&quot;Bodentestkit (N, P, K, pH) 80 Tests&quot;,&quot;sku&quot;:&quot;PCT210&quot;,&quot;price&quot;:68.9,&quot;stocklevel&quot;:34,&quot;stockstatus&quot;:&quot;instock&quot;,&quot;google_business_vertical&quot;:&quot;retail&quot;,&quot;item_category&quot;:&quot;Messger\\u00e4te&quot;,&quot;id&quot;:7662,&quot;productlink&quot;:&quot;https:\\\/\\\/www.plantcaretools.com\\\/de\\\/produkt\\\/messgerate\\\/bodentestkit-n-p-k-ph\\\/&quot;,&quot;item_list_name&quot;:&quot;General Product List&quot;,&quot;index&quot;:0,&quot;product_type&quot;:&quot;simple&quot;,&quot;item_brand&quot;:&quot;&quot;}\"><\/span>\n\t\t\t\t<a href=\"https:\/\/www.plantcaretools.com\/de\/produkt\/messgerate\/bodentestkit-n-p-k-ph\/\" class=\"wc-block-grid__product-link\">\n\t\t\t\t\t\n\t\t\t\t\t<div class=\"wc-block-grid__product-image\"><img loading=\"lazy\" decoding=\"async\" width=\"272\" height=\"272\" src=\"https:\/\/www.plantcaretools.com\/wp-content\/uploads\/2022\/08\/STK008-KIT-DANALYSE-DE-SOL-272x272.jpg\" class=\"attachment-woocommerce_thumbnail size-woocommerce_thumbnail\" alt=\"Grondtestkit - N P K pH Testen - Bodentestkit - Plant Care Tools\" srcset=\"https:\/\/www.plantcaretools.com\/wp-content\/uploads\/2022\/08\/STK008-KIT-DANALYSE-DE-SOL-272x272.jpg 272w, https:\/\/www.plantcaretools.com\/wp-content\/uploads\/2022\/08\/STK008-KIT-DANALYSE-DE-SOL-100x100.jpg 100w, https:\/\/www.plantcaretools.com\/wp-content\/uploads\/2022\/08\/STK008-KIT-DANALYSE-DE-SOL-600x600.jpg 600w, https:\/\/www.plantcaretools.com\/wp-content\/uploads\/2022\/08\/STK008-KIT-DANALYSE-DE-SOL-300x300.jpg 300w, https:\/\/www.plantcaretools.com\/wp-content\/uploads\/2022\/08\/STK008-KIT-DANALYSE-DE-SOL-150x150.jpg 150w, https:\/\/www.plantcaretools.com\/wp-content\/uploads\/2022\/08\/STK008-KIT-DANALYSE-DE-SOL-768x768.jpg 768w, https:\/\/www.plantcaretools.com\/wp-content\/uploads\/2022\/08\/STK008-KIT-DANALYSE-DE-SOL.jpg 800w\" sizes=\"auto, (max-width: 272px) 100vw, 272px\" data-wp-pid=\"6776\" \/><\/div>\n\t\t\t\t\t<div class=\"wc-block-grid__product-title\">Bodentestkit (N, P, K, pH) 80 Tests<\/div>\n\t\t\t\t<\/a>\n\t\t\t\t<div class=\"wc-block-grid__product-price price\"><span class=\"woocommerce-Price-amount amount\"><bdi><span class=\"woocommerce-Price-currencySymbol\">&euro;<\/span>68,90<\/bdi><\/span><\/div>\n\t\t\t\t\n\t\t\t\t\n\t\t\t<\/li><li class=\"wc-block-grid__product\"><span class=\"gtm4wp_productdata\" style=\"display:none; visibility:hidden;\" data-gtm4wp_product_data=\"{&quot;internal_id&quot;:7594,&quot;item_id&quot;:7594,&quot;item_name&quot;:&quot;Prof. pH\\\/Feuchtemesser (Kurze Sonde)&quot;,&quot;sku&quot;:&quot;PCT090&quot;,&quot;price&quot;:66.9,&quot;stocklevel&quot;:5,&quot;stockstatus&quot;:&quot;instock&quot;,&quot;google_business_vertical&quot;:&quot;retail&quot;,&quot;item_category&quot;:&quot;Messger\\u00e4te&quot;,&quot;id&quot;:7594,&quot;productlink&quot;:&quot;https:\\\/\\\/www.plantcaretools.com\\\/de\\\/produkt\\\/messgerate\\\/ph-bodenfeuchtemesser\\\/&quot;,&quot;item_list_name&quot;:&quot;General Product List&quot;,&quot;index&quot;:0,&quot;product_type&quot;:&quot;simple&quot;,&quot;item_brand&quot;:&quot;&quot;}\"><\/span>\n\t\t\t\t<a href=\"https:\/\/www.plantcaretools.com\/de\/produkt\/messgerate\/ph-bodenfeuchtemesser\/\" class=\"wc-block-grid__product-link\">\n\t\t\t\t\t\n\t\t\t\t\t<div class=\"wc-block-grid__product-image\"><img loading=\"lazy\" decoding=\"async\" width=\"272\" height=\"272\" src=\"https:\/\/www.plantcaretools.com\/wp-content\/uploads\/2022\/07\/11_PO220607-PLANT-CARE-TOOLS4691-272x272.jpg\" class=\"attachment-woocommerce_thumbnail size-woocommerce_thumbnail\" alt=\"pH Grondvochtmeter - Plant Care Tools\" srcset=\"https:\/\/www.plantcaretools.com\/wp-content\/uploads\/2022\/07\/11_PO220607-PLANT-CARE-TOOLS4691-272x272.jpg 272w, https:\/\/www.plantcaretools.com\/wp-content\/uploads\/2022\/07\/11_PO220607-PLANT-CARE-TOOLS4691-100x100.jpg 100w, https:\/\/www.plantcaretools.com\/wp-content\/uploads\/2022\/07\/11_PO220607-PLANT-CARE-TOOLS4691-600x600.jpg 600w, https:\/\/www.plantcaretools.com\/wp-content\/uploads\/2022\/07\/11_PO220607-PLANT-CARE-TOOLS4691-300x300.jpg 300w, https:\/\/www.plantcaretools.com\/wp-content\/uploads\/2022\/07\/11_PO220607-PLANT-CARE-TOOLS4691-1024x1024.jpg 1024w, https:\/\/www.plantcaretools.com\/wp-content\/uploads\/2022\/07\/11_PO220607-PLANT-CARE-TOOLS4691-150x150.jpg 150w, https:\/\/www.plantcaretools.com\/wp-content\/uploads\/2022\/07\/11_PO220607-PLANT-CARE-TOOLS4691-768x768.jpg 768w, https:\/\/www.plantcaretools.com\/wp-content\/uploads\/2022\/07\/11_PO220607-PLANT-CARE-TOOLS4691-1536x1536.jpg 1536w, https:\/\/www.plantcaretools.com\/wp-content\/uploads\/2022\/07\/11_PO220607-PLANT-CARE-TOOLS4691-2048x2048.jpg 2048w, https:\/\/www.plantcaretools.com\/wp-content\/uploads\/2022\/07\/11_PO220607-PLANT-CARE-TOOLS4691-1200x1200-cropped.jpg 1200w\" sizes=\"auto, (max-width: 272px) 100vw, 272px\" data-wp-pid=\"4604\" \/><\/div>\n\t\t\t\t\t<div class=\"wc-block-grid__product-title\">Prof. pH\/Feuchtemesser (Kurze Sonde)<\/div>\n\t\t\t\t<\/a>\n\t\t\t\t<div class=\"wc-block-grid__product-price price\"><span class=\"woocommerce-Price-amount amount\"><bdi><span class=\"woocommerce-Price-currencySymbol\">&euro;<\/span>66,90<\/bdi><\/span><\/div>\n\t\t\t\t\n\t\t\t\t\n\t\t\t<\/li><\/ul><\/div>\n<\/div><\/div>","protected":false},"excerpt":{"rendered":"<p>Sie k\u00f6nnen&nbsp;direkt im Boden den&nbsp;S\u00e4uregrad messen von Pflanzen mit unseren pH-Messer Um den S\u00e4uregrad vom Boden zu kennen muss man zuerst den pH messen Der S\u00e4uregrad (pH) des Bodens zeigt an, ob der Boden sauer, neutral oder basisch ist. Die Skala der pH-Werte des Bodens geht von 1 bis 14, wobei ein Wert von 7,0 [&hellip;]<\/p>\n","protected":false},"author":1,"featured_media":0,"parent":0,"menu_order":0,"comment_status":"closed","ping_status":"closed","template":"","meta":{"_acf_changed":false,"footnotes":""},"class_list":["post-10571","page","type-page","status-publish","hentry"],"blocksy_meta":{"page_title_panel":"","has_hero_section":"disabled","b0bcf61a477b44d34d3f466147a584bb":"","hero_section":"type-1","hero_elements":[{"id":"custom_title","enabled":false,"heading_tag":"h1","title":"Home","__id":"Y6khUB4gAGdZZFZBz_AR5"},{"id":"custom_description","enabled":false,"description_visibility":{"desktop":true,"tablet":true,"mobile":false},"__id":"Zx4PulaiwG6cVdABGw_Xi"},{"id":"custom_meta","enabled":false,"meta_elements":[{"id":"author","enabled":true,"label":"By","has_author_avatar":"yes","avatar_size":25},{"id":"post_date","enabled":true,"label":"On","date_format_source":"default","date_format":"M j, Y"},{"id":"comments","enabled":true}],"page_meta_elements":{"joined":true,"articles_count":true,"comments":true},"__id":"CaQRZzZbK6gV7jH42pGx-"},{"id":"breadcrumbs","enabled":false,"__id":"_B7WbyQ_9ZZQZlxQCAptJ"}],"6a86d140dec4159912641ae246b7801e":"","hero_alignment1":"left","hero_alignment2":"center","hero_vertical_alignment":"center","41aa13d1fed6ffecd364c2a39a774aca":"","hero_structure":"narrow","b340154c4a3bba02ca0c20ad330341b4":"","page_title_bg_type":"featured_image","custom_hero_background":{"attachment_id":null},"parallax":{"desktop":false,"tablet":false,"mobile":false},"44e6f3202a53661b006d1325e23c4ee4":"","hero_height":"250px","pageTitleFont":{"family":"Default","variation":"Default","size":{"desktop":"32px","tablet":"30px","mobile":"25px"},"line-height":"CT_CSS_SKIP_RULE","letter-spacing":"CT_CSS_SKIP_RULE","text-transform":"CT_CSS_SKIP_RULE","text-decoration":"CT_CSS_SKIP_RULE"},"pageTitleFontColor":{"default":{"color":"CT_CSS_SKIP_RULEDEFAULT"}},"pageMetaFont":{"family":"Default","variation":"n6","size":"12px","line-height":"1.3","letter-spacing":"CT_CSS_SKIP_RULE","text-transform":"uppercase","text-decoration":"CT_CSS_SKIP_RULE"},"pageMetaFontColor":{"default":{"color":"CT_CSS_SKIP_RULEDEFAULT"},"hover":{"color":"CT_CSS_SKIP_RULEDEFAULT"}},"pageExcerptFont":{"family":"Default","variation":"Default","size":"CT_CSS_SKIP_RULE","line-height":"CT_CSS_SKIP_RULE","letter-spacing":"CT_CSS_SKIP_RULE","text-transform":"CT_CSS_SKIP_RULE","text-decoration":"CT_CSS_SKIP_RULE"},"pageExcerptColor":{"default":{"color":"CT_CSS_SKIP_RULEDEFAULT"}},"breadcrumbsFont":{"family":"Default","variation":"n6","size":"12px","line-height":"CT_CSS_SKIP_RULE","letter-spacing":"CT_CSS_SKIP_RULE","text-transform":"uppercase","text-decoration":"CT_CSS_SKIP_RULE"},"breadcrumbsFontColor":{"default":{"color":"CT_CSS_SKIP_RULEDEFAULT"},"initial":{"color":"CT_CSS_SKIP_RULEDEFAULT"},"hover":{"color":"CT_CSS_SKIP_RULEDEFAULT"}},"pageTitleOverlay":{"default":{"color":"CT_CSS_SKIP_RULE"}},"pageTitleBackground":{"background_type":"color","background_pattern":"type-1","background_image":{"attachment_id":null,"x":0,"y":0},"gradient":"linear-gradient(135deg,rgba(6,147,227,1) 0%,rgb(155,81,224) 100%)","background_repeat":"no-repeat","background_size":"auto","background_attachment":"scroll","patternColor":{"default":{"color":"#e5e7ea"}},"overlayColor":{"default":{"color":"CT_CSS_SKIP_RULE"}},"backgroundColor":{"default":{"color":"#EDEFF2"}}},"92d328a8166542dcbd3c70976a79e6fb":"","page_structure_type":"default","content_style":"inherit","vertical_spacing_source":"custom","content_area_spacing":"none","background":{"background_type":"color","background_pattern":"type-1","background_image":{"attachment_id":null,"x":0,"y":0},"gradient":"linear-gradient(135deg,rgba(6,147,227,1) 0%,rgb(155,81,224) 100%)","background_repeat":"no-repeat","background_size":"auto","background_attachment":"scroll","patternColor":{"default":{"color":"#e5e7ea"}},"overlayColor":{"default":{"color":"CT_CSS_SKIP_RULE"}},"backgroundColor":{"default":{"color":"CT_CSS_SKIP_RULE"}}},"content_background":{"background_type":"color","background_pattern":"type-1","background_image":{"attachment_id":null,"x":0,"y":0},"gradient":"linear-gradient(135deg,rgba(6,147,227,1) 0%,rgb(155,81,224) 100%)","background_repeat":"no-repeat","background_size":"auto","background_attachment":"scroll","patternColor":{"default":{"color":"#e5e7ea"}},"overlayColor":{"default":{"color":"CT_CSS_SKIP_RULE"}},"backgroundColor":{"default":{"color":"#ffffff"}}},"content_boxed_shadow":{"inherit":false,"blur":18,"spread":-6,"v_offset":12,"h_offset":0,"inset":false,"enable":true,"color":{"color":"rgba(34, 56, 101, 0.04)"}},"boxed_content_spacing":{"desktop":{"top":"40px","bottom":"40px","left":"40px","right":"40px","linked":true},"tablet":{"top":"35px","bottom":"35px","left":"35px","right":"35px","linked":true},"mobile":{"top":"20px","bottom":"20px","left":"20px","right":"20px","linked":true}},"content_boxed_radius":{"top":"3px","bottom":"3px","left":"3px","right":"3px","linked":true},"43724777f327b8931e8a2e0911cc6c52":"","disable_featured_image":"no","disable_header":"no","disable_footer":"no","3d43cf42515988c9004c52682b561440":"","d7604e7cb081bb659235ddc693d1da2d":"","hero_margin":{"desktop":"0","tablet":"0","mobile":"0","__changed":["mobile","tablet"]},"991a08045a14defff12390aff3a02d32":"","51a391c3170f49d078acc81826ddb351":"","9bcda35d13d6daea61cfad48e28d02e5":"","99b57b262e58f32660aaaa446b5f0b3c":"","95bdde3f5896f81b81883487140c520b":"","e020ebdedb0cb46b220928a4ebf7c0e5":"","47dd6dd73fcaac5d8363dd0a495159d6":"","873067bb6ab052f125371292b1ff7042":"","30620d1392afbd268c4c8dab82936123":"","a43688002e299611e44867a622ea70a0":"","4561e524d1adc49f2211bb560dc1cfc7":"","98a2f2fa0f1a02bdbc9f3b91cf2e4c06":"","1b8d0da3c48da055c34d7a83cdc91efa":"","36c76191ea6552ba5d7915c365e02ea4":"","bc8bd2f8f09309b34c7cd4d4f9b67717":"","0c7aa27137ffcdc65a77ce5f0c6e3928":"","8e89f5e8dfab363fe226a4e15c0bc4b4":"","f259a7341fc8f0f945501cdbb177bea7":"","183af9cd95f5720580abac239d1f1d05":"","ff343b6b7fa7f212f31373007485c729":"","96b44615bdbd5fecbcad729d98e17b18":"","fca6c23d3766460c5611872e7ad3cfa4":"","3d38b368984a097694aaed50e20dc609":"","d4e8a2923dcb3b4344d96aab244bf290":"","e471ebd3ea3fc7f242998a938c0fc7ac":"","c3bdf554de46a0788dbfd2d90ce4e6cf":"","ab1285c431759881cacea149314413d6":"","1453aad95c3f9f179cdc61c7a9ce2727":"","651a3fafeee39709b177fa7406c074eb":"","813f802b6b7d32878eefefe8a9b0683b":"","dd169c567080afe08a2a56a86ff6efaa":"","4916d94fa5100507f1f60356e0083290":"","04147a29052df8c47b6c3bd0a46ba2d7":"","19157a5a7240ed0911b475a44048671f":"","a96a589d95db7985a9b206cd4b4efeda":"","6759e28a5c7128fa70987f54aa92c0fe":"","ffdbb892ad159b98b3b9d7c299b39391":"","91c23c449a2c2aaeee79733479fd7959":"","pageTitlePadding":{"top":"50px","bottom":"50px","left":"auto","right":"auto","linked":true},"7bfe8e73eb9a38d5c47bedf28240f46b":"","9db0d72e6c7415998c4f2733821ab558":"","3f17dbdecf13ddba4d89b4476a374765":"","header_footer_scripts_panel":"","header_scripts":"","da78c8ee08ae13353f6666eacf95eb67":"","header_after_body_scripts":"","9655d8a4a01531b22f13ed7d1d8e6d47":"","footer_scripts":"","styles_descriptor":{"styles":{"desktop":"","tablet":"","mobile":""},"google_fonts":[],"version":6}},"acf":[],"yoast_head":"<!-- This site is optimized with the Yoast SEO Premium plugin v26.1 (Yoast SEO v27.4) - https:\/\/yoast.com\/product\/yoast-seo-premium-wordpress\/ -->\n<title>S\u00e4uregrad messen im Boden - Plant Care Tools<\/title>\n<meta name=\"description\" content=\"Informationen \u00fcber S\u00e4uregrad messen im Boden finden Sie hier. Plant Care Tools ist der Webshop f\u00fcr alle Messger\u00e4te in und um Ihren Garten\" \/>\n<meta name=\"robots\" content=\"index, follow, max-snippet:-1, max-image-preview:large, max-video-preview:-1\" \/>\n<link rel=\"canonical\" href=\"https:\/\/www.plantcaretools.com\/de\/sauregrad-messen-boden\/\" \/>\n<script type=\"application\/ld+json\" class=\"yoast-schema-graph\">{\"@context\":\"https:\\\/\\\/schema.org\",\"@graph\":[{\"@type\":\"BreadcrumbList\",\"@id\":\"https:\\\/\\\/www.plantcaretools.com\\\/de\\\/sauregrad-messen-boden\\\/#breadcrumb\",\"itemListElement\":[{\"@type\":\"ListItem\",\"position\":1,\"name\":\"Home\",\"item\":\"https:\\\/\\\/www.plantcaretools.com\\\/de\\\/\"},{\"@type\":\"ListItem\",\"position\":2,\"name\":\"S\u00e4uregrad messen im Boden\"}]}]}<\/script>\n<!-- \/ Yoast SEO Premium plugin. -->","yoast_head_json":{"title":"S\u00e4uregrad messen im Boden - Plant Care Tools","description":"Informationen \u00fcber S\u00e4uregrad messen im Boden finden Sie hier. Plant Care Tools ist der Webshop f\u00fcr alle Messger\u00e4te in und um Ihren Garten","robots":{"index":"index","follow":"follow","max-snippet":"max-snippet:-1","max-image-preview":"max-image-preview:large","max-video-preview":"max-video-preview:-1"},"canonical":"https:\/\/www.plantcaretools.com\/de\/sauregrad-messen-boden\/","schema":{"@context":"https:\/\/schema.org","@graph":[{"@type":"BreadcrumbList","@id":"https:\/\/www.plantcaretools.com\/de\/sauregrad-messen-boden\/#breadcrumb","itemListElement":[{"@type":"ListItem","position":1,"name":"Home","item":"https:\/\/www.plantcaretools.com\/de\/"},{"@type":"ListItem","position":2,"name":"S\u00e4uregrad messen im Boden"}]}]}},"jetpack_sharing_enabled":true,"_links":{"self":[{"href":"https:\/\/www.plantcaretools.com\/de\/wp-json\/wp\/v2\/pages\/10571","targetHints":{"allow":["GET"]}}],"collection":[{"href":"https:\/\/www.plantcaretools.com\/de\/wp-json\/wp\/v2\/pages"}],"about":[{"href":"https:\/\/www.plantcaretools.com\/de\/wp-json\/wp\/v2\/types\/page"}],"author":[{"embeddable":true,"href":"https:\/\/www.plantcaretools.com\/de\/wp-json\/wp\/v2\/users\/1"}],"replies":[{"embeddable":true,"href":"https:\/\/www.plantcaretools.com\/de\/wp-json\/wp\/v2\/comments?post=10571"}],"version-history":[{"count":6,"href":"https:\/\/www.plantcaretools.com\/de\/wp-json\/wp\/v2\/pages\/10571\/revisions"}],"predecessor-version":[{"id":14525,"href":"https:\/\/www.plantcaretools.com\/de\/wp-json\/wp\/v2\/pages\/10571\/revisions\/14525"}],"wp:attachment":[{"href":"https:\/\/www.plantcaretools.com\/de\/wp-json\/wp\/v2\/media?parent=10571"}],"curies":[{"name":"wp","href":"https:\/\/api.w.org\/{rel}","templated":true}]}}