{"id":10575,"date":"2022-06-08T16:52:47","date_gmt":"2022-06-08T14:52:47","guid":{"rendered":"https:\/\/www.plantcaretools.com\/vochtgehalte-meten-grond\/"},"modified":"2023-01-26T16:59:05","modified_gmt":"2023-01-26T15:59:05","slug":"bodenfeuchte-messen","status":"publish","type":"page","link":"https:\/\/www.plantcaretools.com\/de\/bodenfeuchte-messen\/","title":{"rendered":"Bodenfeuchte messen innen und au\u00dfen"},"content":{"rendered":"<div class=\"gb-container gb-container-07fd9373 alignfull\"><div class=\"gb-inside-container\">\n<div class=\"gb-grid-wrapper gb-grid-wrapper-b2f0f6f2\">\n<div class=\"gb-grid-column gb-grid-column-6853460e\"><div class=\"gb-container gb-container-6853460e\"><div class=\"gb-inside-container\">\n\n<h1 class=\"has-text-align-center has-palette-color-5-color has-text-color wp-block-heading\"><strong>Bodenfeuchte<\/strong> messen innen und au\u00dfen<\/h1>\n\n<\/div><\/div><\/div>\n<\/div>\n<\/div><\/div>\n\n<div class=\"gb-container gb-container-7f7f0697 bg-gradient-vertical  alignfull\"><div class=\"gb-inside-container\">\n<div class=\"gb-grid-wrapper gb-grid-wrapper-afc51b2e\">\n<div class=\"gb-grid-column gb-grid-column-f9d6d494\"><div class=\"gb-container gb-container-f9d6d494\"><div class=\"gb-inside-container\">\n<span><span><a href=\"https:\/\/www.plantcaretools.com\/de\/\">Home<\/a><\/span><\/span>\n\n<\/div><\/div><\/div>\n<\/div>\n<\/div><\/div>\n\n<div class=\"gb-container gb-container-7d5c3431\"><div class=\"gb-inside-container\">\n\n<h2 class=\"has-large-font-size wp-block-heading\"><strong>Die Bodenfeuchte messen in der Erde von Zimmerpflanzen und Pflanzen im Au\u00dfenbereich<\/strong><\/h2>\n\n\n\n<h2 class=\"wp-block-heading\"><strong>Warum brauchen Pflanzen Wasser und warum sollte man die Bodenfeuchte messen?<\/strong><\/h2>\n\n\n\n<p>Die Anwesenheit von Wasser ist eine Grundvoraussetzung f\u00fcr sowohl Mensch, Tier als auch Pflanzen um zu \u00fcberleben. Es gibt diverse Gr\u00fcnde warum Pflanzen nicht ohne Wasser auskommen. Wasser l\u00f6st N\u00e4hrstoffe und Minerale im Boden und macht diese Stoffe f\u00fcr die Pflanze aufnehmbar. Weiterhin macht Wasser auch den Stoffwechsel in einer Pflanze m\u00f6glich in dem es als Transportmittel dient. Aus diesem Grund ist es wichtig, die Bodenfeuchte zu messen.<\/p>\n\n\n\n<h2 class=\"wp-block-heading\"><strong>Wasser is essenziell f\u00fcr das Wachstum von Pflanzen, besser man kennt die Bodenfeuchte<\/strong><\/h2>\n\n\n\n<p>Daher spielt Wasser auch eine physikalische Rolle bei der Fotosynthese. Das ist der Prozess indem die Pflanze Energie produziert. Wasser ist auch sehr wichtige bei der Verdampfung \u00fcber die Bl\u00e4tter einer Pflanze. Durch Verdampfung ist die Pflanze in der Lage, an einem hei\u00dfen Tag die Temperatur zu drosseln. Die Wurzeln der Pflanze speichern Wasser um eine Reserve f\u00fcr den Winter anzulegen. Und zu guter Letzt sorgt Wasser f\u00fcr die Spannung der Zellw\u00e4nde und dem Wachstum der Zellen in der Pflanze. Ohne diese Zellspannung w\u00fcrden Pflanzen verwelken.<\/p>\n\n\n\n<h2 class=\"wp-block-heading\"><strong>Man sollte wissen, wann und wieviel Wasser die Pflanze braucht<\/strong><\/h2>\n\n\n\n<p>Zu wenig Wasser geben ist der h\u00e4ufigste Grund f\u00fcr Besch\u00e4digungen&nbsp; oder Absterben einer Pflanze. Zuviel Wasser geben ist \u00fcbrigens genauso katastrophal f\u00fcr Ihre Pflanze wie zu wenig Gie\u00dfen. Es ist also von \u00e4u\u00dferster Wichtigkeit, den Wasserbedarf genauestens zu kontrollieren. Dies verhindert, dass man das Gie\u00dfen vergisst und es ein Gl\u00fccksspiel wird, wieviel Wasser die Pflanze braucht.<\/p>\n\n\n\n<p>Mit den <a href=\"https:\/\/www.plantcaretools.com\/de\/messgerate\/\">folgenden Produkten<\/a> k\u00f6nnen Sie ganz einfach den Feuchtigkeitsgehalt messen<\/p>\n\n\n<div data-block-name=\"woocommerce\/handpicked-products\" data-columns=\"4\" data-content-visibility=\"{&quot;title&quot;:true,&quot;price&quot;:true,&quot;rating&quot;:false,&quot;button&quot;:false}\" data-products=\"[7777,7743,7687]\" class=\"wc-block-grid wp-block-handpicked-products wp-block-woocommerce-handpicked-products wc-block-handpicked-products has-4-columns has-multiple-rows\"><ul class=\"wc-block-grid__products\"><li class=\"wc-block-grid__product\"><span class=\"gtm4wp_productdata\" style=\"display:none; visibility:hidden;\" data-gtm4wp_product_data=\"{&quot;internal_id&quot;:7777,&quot;item_id&quot;:7777,&quot;item_name&quot;:&quot;4 in 1 Bluetooth Pflanzen Monitor&quot;,&quot;sku&quot;:&quot;PCT131&quot;,&quot;price&quot;:35.9,&quot;stocklevel&quot;:9,&quot;stockstatus&quot;:&quot;instock&quot;,&quot;google_business_vertical&quot;:&quot;retail&quot;,&quot;item_category&quot;:&quot;Messger\\u00e4te&quot;,&quot;id&quot;:7777,&quot;productlink&quot;:&quot;https:\\\/\\\/www.plantcaretools.com\\\/de\\\/produkt\\\/messgerate\\\/bluetooth-pflanzen-monitor\\\/&quot;,&quot;item_list_name&quot;:&quot;General Product List&quot;,&quot;index&quot;:0,&quot;product_type&quot;:&quot;simple&quot;,&quot;item_brand&quot;:&quot;&quot;}\"><\/span>\n\t\t\t\t<a href=\"https:\/\/www.plantcaretools.com\/de\/produkt\/messgerate\/bluetooth-pflanzen-monitor\/\" class=\"wc-block-grid__product-link\">\n\t\t\t\t\t\n\t\t\t\t\t<div class=\"wc-block-grid__product-image\"><img loading=\"lazy\" decoding=\"async\" width=\"272\" height=\"272\" src=\"https:\/\/www.plantcaretools.com\/wp-content\/uploads\/2022\/07\/MG_0355-272x272.jpg\" class=\"attachment-woocommerce_thumbnail size-woocommerce_thumbnail\" alt=\"Bluetooth planten monitor - Plant Care Tools\" srcset=\"https:\/\/www.plantcaretools.com\/wp-content\/uploads\/2022\/07\/MG_0355-272x272.jpg 272w, https:\/\/www.plantcaretools.com\/wp-content\/uploads\/2022\/07\/MG_0355-100x100.jpg 100w, https:\/\/www.plantcaretools.com\/wp-content\/uploads\/2022\/07\/MG_0355-600x600.jpg 600w, https:\/\/www.plantcaretools.com\/wp-content\/uploads\/2022\/07\/MG_0355-300x300.jpg 300w, https:\/\/www.plantcaretools.com\/wp-content\/uploads\/2022\/07\/MG_0355-1024x1024.jpg 1024w, https:\/\/www.plantcaretools.com\/wp-content\/uploads\/2022\/07\/MG_0355-150x150.jpg 150w, https:\/\/www.plantcaretools.com\/wp-content\/uploads\/2022\/07\/MG_0355-768x768.jpg 768w, https:\/\/www.plantcaretools.com\/wp-content\/uploads\/2022\/07\/MG_0355-1536x1536.jpg 1536w, https:\/\/www.plantcaretools.com\/wp-content\/uploads\/2022\/07\/MG_0355-2048x2048.jpg 2048w, https:\/\/www.plantcaretools.com\/wp-content\/uploads\/2022\/07\/MG_0355-1200x1200-cropped.jpg 1200w\" sizes=\"auto, (max-width: 272px) 100vw, 272px\" data-wp-pid=\"4420\" \/><\/div>\n\t\t\t\t\t<div class=\"wc-block-grid__product-title\">4 in 1 Bluetooth Pflanzen Monitor<\/div>\n\t\t\t\t<\/a>\n\t\t\t\t<div class=\"wc-block-grid__product-price price\"><span class=\"woocommerce-Price-amount amount\"><bdi><span class=\"woocommerce-Price-currencySymbol\">&euro;<\/span>35,90<\/bdi><\/span><\/div>\n\t\t\t\t\n\t\t\t\t\n\t\t\t<\/li><li class=\"wc-block-grid__product\"><span class=\"gtm4wp_productdata\" style=\"display:none; visibility:hidden;\" data-gtm4wp_product_data=\"{&quot;internal_id&quot;:7743,&quot;item_id&quot;:7743,&quot;item_name&quot;:&quot;Plant pulse Feuchtesensor&quot;,&quot;sku&quot;:&quot;PCT141&quot;,&quot;price&quot;:15.5,&quot;stocklevel&quot;:11,&quot;stockstatus&quot;:&quot;instock&quot;,&quot;google_business_vertical&quot;:&quot;retail&quot;,&quot;item_category&quot;:&quot;Messger\\u00e4te&quot;,&quot;id&quot;:7743,&quot;productlink&quot;:&quot;https:\\\/\\\/www.plantcaretools.com\\\/de\\\/produkt\\\/messgerate\\\/plant-pulse-feuchtesensor\\\/&quot;,&quot;item_list_name&quot;:&quot;General Product List&quot;,&quot;index&quot;:0,&quot;product_type&quot;:&quot;simple&quot;,&quot;item_brand&quot;:&quot;&quot;}\"><\/span>\n\t\t\t\t<a href=\"https:\/\/www.plantcaretools.com\/de\/produkt\/messgerate\/plant-pulse-feuchtesensor\/\" class=\"wc-block-grid__product-link\">\n\t\t\t\t\t\n\t\t\t\t\t<div class=\"wc-block-grid__product-image\"><img loading=\"lazy\" decoding=\"async\" width=\"272\" height=\"272\" src=\"https:\/\/www.plantcaretools.com\/wp-content\/uploads\/2022\/07\/MG_0378-scaled-272x272.jpg\" class=\"attachment-woocommerce_thumbnail size-woocommerce_thumbnail\" alt=\"Special discount December\n\" srcset=\"https:\/\/www.plantcaretools.com\/wp-content\/uploads\/2022\/07\/MG_0378-272x272.jpg 272w, https:\/\/www.plantcaretools.com\/wp-content\/uploads\/2022\/07\/MG_0378-100x100.jpg 100w, https:\/\/www.plantcaretools.com\/wp-content\/uploads\/2022\/07\/MG_0378-600x600.jpg 600w, https:\/\/www.plantcaretools.com\/wp-content\/uploads\/2022\/07\/MG_0378-300x300.jpg 300w, https:\/\/www.plantcaretools.com\/wp-content\/uploads\/2022\/07\/MG_0378-1024x1024.jpg 1024w, https:\/\/www.plantcaretools.com\/wp-content\/uploads\/2022\/07\/MG_0378-150x150.jpg 150w, https:\/\/www.plantcaretools.com\/wp-content\/uploads\/2022\/07\/MG_0378-768x768.jpg 768w, https:\/\/www.plantcaretools.com\/wp-content\/uploads\/2022\/07\/MG_0378-1536x1536.jpg 1536w, https:\/\/www.plantcaretools.com\/wp-content\/uploads\/2022\/07\/MG_0378-2048x2048.jpg 2048w, https:\/\/www.plantcaretools.com\/wp-content\/uploads\/2022\/07\/MG_0378-scaled-1200x1200-cropped.jpg 1200w\" sizes=\"auto, (max-width: 272px) 100vw, 272px\" data-wp-pid=\"4436\" \/><\/div>\n\t\t\t\t\t<div class=\"wc-block-grid__product-title\">Plant pulse Feuchtesensor<\/div>\n\t\t\t\t<\/a>\n\t\t\t\t<div class=\"wc-block-grid__product-price price\"><span class=\"woocommerce-Price-amount amount\"><bdi><span class=\"woocommerce-Price-currencySymbol\">&euro;<\/span>15,50<\/bdi><\/span><\/div>\n\t\t\t\t\n\t\t\t\t\n\t\t\t<\/li><li class=\"wc-block-grid__product\"><span class=\"gtm4wp_productdata\" style=\"display:none; visibility:hidden;\" data-gtm4wp_product_data=\"{&quot;internal_id&quot;:7687,&quot;item_id&quot;:7687,&quot;item_name&quot;:&quot;Bodenmesser (D\\u00fcngung, pH, temp.)&quot;,&quot;sku&quot;:&quot;PCT240&quot;,&quot;price&quot;:44.9,&quot;stocklevel&quot;:48,&quot;stockstatus&quot;:&quot;instock&quot;,&quot;google_business_vertical&quot;:&quot;retail&quot;,&quot;item_category&quot;:&quot;Messger\\u00e4te&quot;,&quot;id&quot;:7687,&quot;productlink&quot;:&quot;https:\\\/\\\/www.plantcaretools.com\\\/de\\\/produkt\\\/messgerate\\\/bodenmesser-duengung-ph-temp\\\/&quot;,&quot;item_list_name&quot;:&quot;General Product List&quot;,&quot;index&quot;:0,&quot;product_type&quot;:&quot;simple&quot;,&quot;item_brand&quot;:&quot;&quot;}\"><\/span>\n\t\t\t\t<a href=\"https:\/\/www.plantcaretools.com\/de\/produkt\/messgerate\/bodenmesser-duengung-ph-temp\/\" class=\"wc-block-grid__product-link\">\n\t\t\t\t\t\n\t\t\t\t\t<div class=\"wc-block-grid__product-image\"><img loading=\"lazy\" decoding=\"async\" width=\"272\" height=\"272\" src=\"https:\/\/www.plantcaretools.com\/wp-content\/uploads\/2022\/07\/MG_0376-scaled-272x272.jpg\" class=\"attachment-woocommerce_thumbnail size-woocommerce_thumbnail\" alt=\"Bodenmesser (D\u00fcngung, pH, temp.)\" srcset=\"https:\/\/www.plantcaretools.com\/wp-content\/uploads\/2022\/07\/MG_0376-272x272.jpg 272w, https:\/\/www.plantcaretools.com\/wp-content\/uploads\/2022\/07\/MG_0376-100x100.jpg 100w, https:\/\/www.plantcaretools.com\/wp-content\/uploads\/2022\/07\/MG_0376-600x600.jpg 600w, https:\/\/www.plantcaretools.com\/wp-content\/uploads\/2022\/07\/MG_0376-300x300.jpg 300w, https:\/\/www.plantcaretools.com\/wp-content\/uploads\/2022\/07\/MG_0376-1024x1024.jpg 1024w, https:\/\/www.plantcaretools.com\/wp-content\/uploads\/2022\/07\/MG_0376-150x150.jpg 150w, https:\/\/www.plantcaretools.com\/wp-content\/uploads\/2022\/07\/MG_0376-768x768.jpg 768w, https:\/\/www.plantcaretools.com\/wp-content\/uploads\/2022\/07\/MG_0376-1536x1536.jpg 1536w, https:\/\/www.plantcaretools.com\/wp-content\/uploads\/2022\/07\/MG_0376-2048x2048.jpg 2048w, https:\/\/www.plantcaretools.com\/wp-content\/uploads\/2022\/07\/MG_0376-scaled-1200x1200-cropped.jpg 1200w\" sizes=\"auto, (max-width: 272px) 100vw, 272px\" data-wp-pid=\"4432\" \/><\/div>\n\t\t\t\t\t<div class=\"wc-block-grid__product-title\">Bodenmesser (D\u00fcngung, pH, temp.)<\/div>\n\t\t\t\t<\/a>\n\t\t\t\t<div class=\"wc-block-grid__product-price price\"><span class=\"woocommerce-Price-amount amount\"><bdi><span class=\"woocommerce-Price-currencySymbol\">&euro;<\/span>44,90<\/bdi><\/span><\/div>\n\t\t\t\t\n\t\t\t\t\n\t\t\t<\/li><\/ul><\/div>\n<\/div><\/div>","protected":false},"excerpt":{"rendered":"<p>Die Bodenfeuchte messen in der Erde von Zimmerpflanzen und Pflanzen im Au\u00dfenbereich Warum brauchen Pflanzen Wasser und warum sollte man die Bodenfeuchte messen? Die Anwesenheit von Wasser ist eine Grundvoraussetzung f\u00fcr sowohl Mensch, Tier als auch Pflanzen um zu \u00fcberleben. Es gibt diverse Gr\u00fcnde warum Pflanzen nicht ohne Wasser auskommen. Wasser l\u00f6st N\u00e4hrstoffe und Minerale [&hellip;]<\/p>\n","protected":false},"author":1,"featured_media":0,"parent":0,"menu_order":0,"comment_status":"closed","ping_status":"closed","template":"","meta":{"_acf_changed":false,"footnotes":""},"class_list":["post-10575","page","type-page","status-publish","hentry"],"blocksy_meta":{"page_title_panel":"","has_hero_section":"disabled","b0bcf61a477b44d34d3f466147a584bb":"","hero_section":"type-1","hero_elements":[{"id":"custom_title","enabled":false,"heading_tag":"h1","title":"Home","__id":"Y6khUB4gAGdZZFZBz_AR5"},{"id":"custom_description","enabled":false,"description_visibility":{"desktop":true,"tablet":true,"mobile":false},"__id":"Zx4PulaiwG6cVdABGw_Xi"},{"id":"custom_meta","enabled":false,"meta_elements":[{"id":"author","enabled":true,"label":"By","has_author_avatar":"yes","avatar_size":25},{"id":"post_date","enabled":true,"label":"On","date_format_source":"default","date_format":"M j, Y"},{"id":"comments","enabled":true}],"page_meta_elements":{"joined":true,"articles_count":true,"comments":true},"__id":"CaQRZzZbK6gV7jH42pGx-"},{"id":"breadcrumbs","enabled":false,"__id":"_B7WbyQ_9ZZQZlxQCAptJ"}],"6a86d140dec4159912641ae246b7801e":"","hero_alignment1":"left","hero_alignment2":"center","hero_vertical_alignment":"center","41aa13d1fed6ffecd364c2a39a774aca":"","hero_structure":"narrow","b340154c4a3bba02ca0c20ad330341b4":"","page_title_bg_type":"featured_image","custom_hero_background":{"attachment_id":null},"parallax":{"desktop":false,"tablet":false,"mobile":false},"44e6f3202a53661b006d1325e23c4ee4":"","hero_height":"250px","pageTitleFont":{"family":"Default","variation":"Default","size":{"desktop":"32px","tablet":"30px","mobile":"25px"},"line-height":"CT_CSS_SKIP_RULE","letter-spacing":"CT_CSS_SKIP_RULE","text-transform":"CT_CSS_SKIP_RULE","text-decoration":"CT_CSS_SKIP_RULE"},"pageTitleFontColor":{"default":{"color":"CT_CSS_SKIP_RULEDEFAULT"}},"pageMetaFont":{"family":"Default","variation":"n6","size":"12px","line-height":"1.3","letter-spacing":"CT_CSS_SKIP_RULE","text-transform":"uppercase","text-decoration":"CT_CSS_SKIP_RULE"},"pageMetaFontColor":{"default":{"color":"CT_CSS_SKIP_RULEDEFAULT"},"hover":{"color":"CT_CSS_SKIP_RULEDEFAULT"}},"pageExcerptFont":{"family":"Default","variation":"Default","size":"CT_CSS_SKIP_RULE","line-height":"CT_CSS_SKIP_RULE","letter-spacing":"CT_CSS_SKIP_RULE","text-transform":"CT_CSS_SKIP_RULE","text-decoration":"CT_CSS_SKIP_RULE"},"pageExcerptColor":{"default":{"color":"CT_CSS_SKIP_RULEDEFAULT"}},"breadcrumbsFont":{"family":"Default","variation":"n6","size":"12px","line-height":"CT_CSS_SKIP_RULE","letter-spacing":"CT_CSS_SKIP_RULE","text-transform":"uppercase","text-decoration":"CT_CSS_SKIP_RULE"},"breadcrumbsFontColor":{"default":{"color":"CT_CSS_SKIP_RULEDEFAULT"},"initial":{"color":"CT_CSS_SKIP_RULEDEFAULT"},"hover":{"color":"CT_CSS_SKIP_RULEDEFAULT"}},"pageTitleOverlay":{"default":{"color":"CT_CSS_SKIP_RULE"}},"pageTitleBackground":{"background_type":"color","background_pattern":"type-1","background_image":{"attachment_id":null,"x":0,"y":0},"gradient":"linear-gradient(135deg,rgba(6,147,227,1) 0%,rgb(155,81,224) 100%)","background_repeat":"no-repeat","background_size":"auto","background_attachment":"scroll","patternColor":{"default":{"color":"#e5e7ea"}},"overlayColor":{"default":{"color":"CT_CSS_SKIP_RULE"}},"backgroundColor":{"default":{"color":"#EDEFF2"}}},"92d328a8166542dcbd3c70976a79e6fb":"","page_structure_type":"default","content_style":"inherit","vertical_spacing_source":"custom","content_area_spacing":"none","background":{"background_type":"color","background_pattern":"type-1","background_image":{"attachment_id":null,"x":0,"y":0},"gradient":"linear-gradient(135deg,rgba(6,147,227,1) 0%,rgb(155,81,224) 100%)","background_repeat":"no-repeat","background_size":"auto","background_attachment":"scroll","patternColor":{"default":{"color":"#e5e7ea"}},"overlayColor":{"default":{"color":"CT_CSS_SKIP_RULE"}},"backgroundColor":{"default":{"color":"CT_CSS_SKIP_RULE"}}},"content_background":{"background_type":"color","background_pattern":"type-1","background_image":{"attachment_id":null,"x":0,"y":0},"gradient":"linear-gradient(135deg,rgba(6,147,227,1) 0%,rgb(155,81,224) 100%)","background_repeat":"no-repeat","background_size":"auto","background_attachment":"scroll","patternColor":{"default":{"color":"#e5e7ea"}},"overlayColor":{"default":{"color":"CT_CSS_SKIP_RULE"}},"backgroundColor":{"default":{"color":"#ffffff"}}},"content_boxed_shadow":{"inherit":false,"blur":18,"spread":-6,"v_offset":12,"h_offset":0,"inset":false,"enable":true,"color":{"color":"rgba(34, 56, 101, 0.04)"}},"boxed_content_spacing":{"desktop":{"top":"40px","bottom":"40px","left":"40px","right":"40px","linked":true},"tablet":{"top":"35px","bottom":"35px","left":"35px","right":"35px","linked":true},"mobile":{"top":"20px","bottom":"20px","left":"20px","right":"20px","linked":true}},"content_boxed_radius":{"top":"3px","bottom":"3px","left":"3px","right":"3px","linked":true},"43724777f327b8931e8a2e0911cc6c52":"","disable_featured_image":"no","disable_header":"no","disable_footer":"no","3d43cf42515988c9004c52682b561440":"","d7604e7cb081bb659235ddc693d1da2d":"","hero_margin":{"desktop":"0","tablet":"0","mobile":"0","__changed":["mobile","tablet"]},"991a08045a14defff12390aff3a02d32":"","51a391c3170f49d078acc81826ddb351":"","9bcda35d13d6daea61cfad48e28d02e5":"","99b57b262e58f32660aaaa446b5f0b3c":"","95bdde3f5896f81b81883487140c520b":"","e020ebdedb0cb46b220928a4ebf7c0e5":"","47dd6dd73fcaac5d8363dd0a495159d6":"","873067bb6ab052f125371292b1ff7042":"","30620d1392afbd268c4c8dab82936123":"","a43688002e299611e44867a622ea70a0":"","4561e524d1adc49f2211bb560dc1cfc7":"","98a2f2fa0f1a02bdbc9f3b91cf2e4c06":"","1b8d0da3c48da055c34d7a83cdc91efa":"","36c76191ea6552ba5d7915c365e02ea4":"","bc8bd2f8f09309b34c7cd4d4f9b67717":"","0c7aa27137ffcdc65a77ce5f0c6e3928":"","8e89f5e8dfab363fe226a4e15c0bc4b4":"","f259a7341fc8f0f945501cdbb177bea7":"","183af9cd95f5720580abac239d1f1d05":"","ff343b6b7fa7f212f31373007485c729":"","96b44615bdbd5fecbcad729d98e17b18":"","fca6c23d3766460c5611872e7ad3cfa4":"","3d38b368984a097694aaed50e20dc609":"","d4e8a2923dcb3b4344d96aab244bf290":"","e471ebd3ea3fc7f242998a938c0fc7ac":"","c3bdf554de46a0788dbfd2d90ce4e6cf":"","ab1285c431759881cacea149314413d6":"","1453aad95c3f9f179cdc61c7a9ce2727":"","651a3fafeee39709b177fa7406c074eb":"","813f802b6b7d32878eefefe8a9b0683b":"","dd169c567080afe08a2a56a86ff6efaa":"","4916d94fa5100507f1f60356e0083290":"","04147a29052df8c47b6c3bd0a46ba2d7":"","19157a5a7240ed0911b475a44048671f":"","a96a589d95db7985a9b206cd4b4efeda":"","6759e28a5c7128fa70987f54aa92c0fe":"","ffdbb892ad159b98b3b9d7c299b39391":"","91c23c449a2c2aaeee79733479fd7959":"","pageTitlePadding":{"top":"50px","bottom":"50px","left":"auto","right":"auto","linked":true},"7bfe8e73eb9a38d5c47bedf28240f46b":"","9db0d72e6c7415998c4f2733821ab558":"","3f17dbdecf13ddba4d89b4476a374765":"","header_footer_scripts_panel":"","header_scripts":"","da78c8ee08ae13353f6666eacf95eb67":"","header_after_body_scripts":"","9655d8a4a01531b22f13ed7d1d8e6d47":"","footer_scripts":"","styles_descriptor":{"styles":{"desktop":"","tablet":"","mobile":""},"google_fonts":[],"version":6}},"acf":[],"yoast_head":"<!-- This site is optimized with the Yoast SEO Premium plugin v26.1 (Yoast SEO v27.3) - https:\/\/yoast.com\/product\/yoast-seo-premium-wordpress\/ -->\n<title>Bodenfeuchte messen innen und au\u00dfen - Plant Care Tools<\/title>\n<meta name=\"description\" content=\"Informationen \u00fcber Bodenfeuchte messen. Plant Care Tools ist der Webshop f\u00fcr alle Messger\u00e4te in und um Ihren Garten\" \/>\n<meta name=\"robots\" content=\"index, follow, max-snippet:-1, max-image-preview:large, max-video-preview:-1\" \/>\n<link rel=\"canonical\" href=\"https:\/\/www.plantcaretools.com\/de\/bodenfeuchte-messen\/\" \/>\n<script type=\"application\/ld+json\" class=\"yoast-schema-graph\">{\"@context\":\"https:\\\/\\\/schema.org\",\"@graph\":[{\"@type\":\"BreadcrumbList\",\"@id\":\"https:\\\/\\\/www.plantcaretools.com\\\/de\\\/bodenfeuchte-messen\\\/#breadcrumb\",\"itemListElement\":[{\"@type\":\"ListItem\",\"position\":1,\"name\":\"Home\",\"item\":\"https:\\\/\\\/www.plantcaretools.com\\\/de\\\/\"},{\"@type\":\"ListItem\",\"position\":2,\"name\":\"Bodenfeuchte messen innen und au\u00dfen\"}]}]}<\/script>\n<!-- \/ Yoast SEO Premium plugin. -->","yoast_head_json":{"title":"Bodenfeuchte messen innen und au\u00dfen - Plant Care Tools","description":"Informationen \u00fcber Bodenfeuchte messen. Plant Care Tools ist der Webshop f\u00fcr alle Messger\u00e4te in und um Ihren Garten","robots":{"index":"index","follow":"follow","max-snippet":"max-snippet:-1","max-image-preview":"max-image-preview:large","max-video-preview":"max-video-preview:-1"},"canonical":"https:\/\/www.plantcaretools.com\/de\/bodenfeuchte-messen\/","schema":{"@context":"https:\/\/schema.org","@graph":[{"@type":"BreadcrumbList","@id":"https:\/\/www.plantcaretools.com\/de\/bodenfeuchte-messen\/#breadcrumb","itemListElement":[{"@type":"ListItem","position":1,"name":"Home","item":"https:\/\/www.plantcaretools.com\/de\/"},{"@type":"ListItem","position":2,"name":"Bodenfeuchte messen innen und au\u00dfen"}]}]}},"jetpack_sharing_enabled":true,"_links":{"self":[{"href":"https:\/\/www.plantcaretools.com\/de\/wp-json\/wp\/v2\/pages\/10575","targetHints":{"allow":["GET"]}}],"collection":[{"href":"https:\/\/www.plantcaretools.com\/de\/wp-json\/wp\/v2\/pages"}],"about":[{"href":"https:\/\/www.plantcaretools.com\/de\/wp-json\/wp\/v2\/types\/page"}],"author":[{"embeddable":true,"href":"https:\/\/www.plantcaretools.com\/de\/wp-json\/wp\/v2\/users\/1"}],"replies":[{"embeddable":true,"href":"https:\/\/www.plantcaretools.com\/de\/wp-json\/wp\/v2\/comments?post=10575"}],"version-history":[{"count":7,"href":"https:\/\/www.plantcaretools.com\/de\/wp-json\/wp\/v2\/pages\/10575\/revisions"}],"predecessor-version":[{"id":14513,"href":"https:\/\/www.plantcaretools.com\/de\/wp-json\/wp\/v2\/pages\/10575\/revisions\/14513"}],"wp:attachment":[{"href":"https:\/\/www.plantcaretools.com\/de\/wp-json\/wp\/v2\/media?parent=10575"}],"curies":[{"name":"wp","href":"https:\/\/api.w.org\/{rel}","templated":true}]}}