{"id":3925,"date":"2021-01-08T11:40:03","date_gmt":"2021-01-08T10:40:03","guid":{"rendered":"https:\/\/www.plantcaretools.com\/?page_id=3925"},"modified":"2023-01-26T17:01:29","modified_gmt":"2023-01-26T16:01:29","slug":"datenschutzerklaerung","status":"publish","type":"page","link":"https:\/\/www.plantcaretools.com\/de\/datenschutzerklaerung\/","title":{"rendered":"Datenschutzerkl\u00e4rung"},"content":{"rendered":"<div class=\"gb-container gb-container-21ae24d4 alignfull\"><div class=\"gb-inside-container\">\n<div class=\"gb-grid-wrapper gb-grid-wrapper-334c6095\">\n<div class=\"gb-grid-column gb-grid-column-ba4ef4a2\"><div class=\"gb-container gb-container-ba4ef4a2\"><div class=\"gb-inside-container\">\n\n<h1 class=\"has-text-align-center has-palette-color-8-color has-text-color wp-block-heading\">Datenschutzerkl\u00e4rung<\/h1>\n\n<\/div><\/div><\/div>\n<\/div>\n<\/div><\/div>\n\n<div class=\"gb-container gb-container-2fc2a6cd bg-gradient-vertical  alignfull\"><div class=\"gb-inside-container\">\n<div class=\"gb-grid-wrapper gb-grid-wrapper-7197edf6\">\n<div class=\"gb-grid-column gb-grid-column-c43b0b7d\"><div class=\"gb-container gb-container-c43b0b7d\"><div class=\"gb-inside-container\">\n<span><span><a href=\"https:\/\/www.plantcaretools.com\/de\/\">Home<\/a><\/span><\/span>\n\n<\/div><\/div><\/div>\n<\/div>\n<\/div><\/div>\n\n<div class=\"gb-container gb-container-f6d3662b\"><div class=\"gb-inside-container\">\n\n<h2 class=\"wp-block-heading\"><strong>Datenschutzerkl\u00e4rung RIQ Intelligent Tools SARL<\/strong><\/h2>\n\n\n\n<p>Wir sind uns bewusst, dass Sie Vertrauen in uns haben. Wir sehen es daher als unsere Verantwortung an, Ihre Daten zu sch\u00fctzen. In dieser Datenschutzerkl\u00e4rung teilen wir Ihnen mit, welche Informationen wir sammeln, wenn Sie unsere Website nutzen, warum wir sie sammeln und wie wir Ihre Benutzererfahrung verbessern. So verstehen Sie genau, wie wir arbeiten.<\/p>\n\n\n\n<p>Diese Datenschutzrichtlinie gilt f\u00fcr die Dienste von RIQ Intelligent Tools SARL. Sie sollten sich bewusst sein, dass RIQ Intelligent Tools SARL nicht f\u00fcr die Datenschutzrichtlinien anderer Websites und Quellen verantwortlich ist. Durch die Nutzung dieser Website stimmen Sie den Datenschutzbestimmungen zu.<\/p>\n\n\n\n<p>RIQ Intelligent Tools SARL respektiert die Privatsph\u00e4re aller Benutzer seiner Website und stellt sicher, dass die von Ihnen angegebenen pers\u00f6nlichen Daten vertraulich behandelt werden.<\/p>\n\n\n\n<p><strong>Nutzung unserer Dienste<\/strong><br>Wenn Sie sich f\u00fcr einen unserer Dienste anmelden, bitten wir Sie um die Angabe pers\u00f6nlicher Daten. Diese Daten werden zur Durchf\u00fchrung des Dienstes verwendet. Die Daten werden auf sicheren Servern von RIQ Intelligent Tools SARL oder von Dritten gespeichert. Wir werden diese Daten nicht mit anderen personenbezogenen Daten kombinieren, die wir haben.<\/p>\n\n\n\n<p><strong>Kommunikation<\/strong><br>Wenn Sie E-Mails oder andere Nachrichten an uns senden, werden diese m\u00f6glicherweise gespeichert. Manchmal fragen wir Sie nach Ihren pers\u00f6nlichen Daten, die f\u00fcr die jeweilige Situation relevant sind. Auf diese Weise k\u00f6nnen Sie Ihre Fragen bearbeiten und Ihre Anfragen beantworten. Die Daten werden auf sicheren Servern von RIQ Intelligent Tools SARL oder von Dritten gespeichert. Wir werden diese Daten nicht mit anderen personenbezogenen Daten kombinieren, die wir haben.<\/p>\n\n\n\n<p><strong>Cookies<\/strong><br>Wir erheben Daten f\u00fcr die Forschung, um ein besseres Verst\u00e4ndnis unserer Kunden zu erlangen und unsere Dienstleistungen entsprechend anpassen zu k\u00f6nnen.<br>Diese Website verwendet sog. &#8220;Cookies&#8221; (Textdateien, die auf Ihrem Computer gespeichert werden), um die Analyse der Benutzung der Website zu erm\u00f6glichen. Die durch den Cookie erzeugten Informationen \u00fcber Ihre Benutzung dieser Website werden an sichere Server von RIQ Intelligent Tools SARL oder an Dritte \u00fcbertragen. Wir verwenden diese Informationen, um Ihre Nutzung der Website nachzuverfolgen, um Reports \u00fcber die Websiteaktivit\u00e4ten zusammenzustellen und um weitere mit der Websitenutzung und der Internetnutzung verbundene Dienstleistungen zu erbringen.<\/p>\n\n\n\n<p><strong>Ziel<\/strong><br>Wir sammeln oder verwenden Informationen nicht f\u00fcr andere Zwecke als die in dieser Datenschutzrichtlinie beschriebenen, es sei denn, wir haben Ihre Erlaubnis im Voraus eingeholt.<\/p>\n\n\n\n<p><strong>Dritten<\/strong><br>Die Informationen werden nicht an Dritten weitergegeben, mit Ausnahme von Webanwendungen, die wir f\u00fcr unseren Webshop verwenden. Diese Daten werden nur f\u00fcr den jeweiligen Verwendungszweck verwendet und nicht weitergegeben. In einigen F\u00e4llen k\u00f6nnen die Informationen auch intern weitergegeben werden. Unsere Mitarbeiter sind zur Vertraulichkeit Ihrer Daten verpflichtet.<\/p>\n\n\n\n<p><strong>\u00c4nderungen<\/strong><br>Diese Datenschutzerkl\u00e4rung ist auf die Nutzung und die M\u00f6glichkeiten dieser Website zugeschnitten. Anpassungen und \/ oder \u00c4nderungen an dieser Website k\u00f6nnen zu \u00c4nderungen in dieser Datenschutzerkl\u00e4rung f\u00fchren. Es ist daher ratsam, diese Datenschutzerkl\u00e4rung regelm\u00e4\u00dfig zu konsultieren.<\/p>\n\n\n\n<p><strong>Auswahlm\u00f6glichkeiten f\u00fcr personenbezogene Daten<\/strong><br>Wir bieten allen Besuchern die M\u00f6glichkeit, alle uns zu diesem Zeitpunkt zur Verf\u00fcgung gestellten personenbezogenen Daten einzusehen, zu \u00e4ndern oder zu l\u00f6schen.<\/p>\n\n\n\n<p><strong>Newsletter-Service anpassen \/ abbestellen<\/strong><br>Am Ende jedes Mailings finden Sie die M\u00f6glichkeit, Ihre Daten anzupassen oder sich abzumelden.<\/p>\n\n\n\n<p>Kommunikation anpassen \/ abbestellen<br>Wenn Sie Ihre Daten \u00e4ndern oder sich aus unseren Dateien entfernen lassen m\u00f6chten, k\u00f6nnen Sie uns kontaktieren. Die Kontaktdaten finden Sie unten.<\/p>\n\n\n\n<p><strong>Deaktivieren von Cookies<\/strong><br>Die meisten Browser sind standardm\u00e4\u00dfig so eingestellt, dass sie Cookies akzeptieren. Sie k\u00f6nnen Ihren Browser jedoch so einstellen, dass alle Cookies abgelehnt werden oder angezeigt wird, wann ein Cookie gesendet wird. Es ist jedoch m\u00f6glich, dass einige Funktionen und Dienste auf unseren und anderen Websites nicht ordnungsgem\u00e4\u00df funktionieren, wenn Cookies in Ihrem Browser deaktiviert sind.<\/p>\n\n\n\n<p><strong>Fragen und Feedback<\/strong><br>Wir pr\u00fcfen regelm\u00e4\u00dfig, ob wir diese Datenschutzerkl\u00e4rung einhalten. Wenn Sie Fragen zu dieser Datenschutzrichtlinie haben, k\u00f6nnen Sie sich an uns wenden:<\/p>\n\n\n\n<p><strong>RIQ Intelligent Tools SARL<\/strong><br>120 Chemin des Noches<br>24390 Hautefort<br>FRANKRIJK<br>+33 6 83 08 69 64<br>Website: <a href=\"https:\/\/www.plantcaretools.com\/de\/\">www.plantacretools.com<\/a><br>Email: <a href=\"mailto:sales@plantcaretools.com\">sales@plantcaretools.com<\/a><\/p>\n\n\n\n<p>Im Rahmen der \u201cAllgemeinen Datenschutzverordnung\u201c gelten Cookies als personenbezogene Daten. Diese Website verwendet Cookies, die f\u00fcr die korrekte Funktion von WordPress und Google Analytics erforderlich sind. Durch die weitere Nutzung unserer Website stimmen Sie der Verwendung von Cookies zu!<\/p>\n\n<\/div><\/div>\n\n\n<div style=\"height:100px\" aria-hidden=\"true\" class=\"wp-block-spacer mobile-25\"><\/div>\n","protected":false},"excerpt":{"rendered":"<p>Datenschutzerkl\u00e4rung RIQ Intelligent Tools SARL Wir sind uns bewusst, dass Sie Vertrauen in uns haben. Wir sehen es daher als unsere Verantwortung an, Ihre Daten zu sch\u00fctzen. In dieser Datenschutzerkl\u00e4rung teilen wir Ihnen mit, welche Informationen wir sammeln, wenn Sie unsere Website nutzen, warum wir sie sammeln und wie wir Ihre Benutzererfahrung verbessern. So verstehen [&hellip;]<\/p>\n","protected":false},"author":1,"featured_media":0,"parent":0,"menu_order":0,"comment_status":"closed","ping_status":"closed","template":"","meta":{"_acf_changed":false,"footnotes":""},"class_list":["post-3925","page","type-page","status-publish","hentry"],"blocksy_meta":{"page_title_panel":"","has_hero_section":"disabled","6081c6a364f2b5d87ffd763b57b54215":"","hero_section":"type-1","hero_elements":[{"id":"custom_title","enabled":false,"heading_tag":"h1","title":"Home","__id":"9bqWP16xf8btRI_zUbGhU"},{"id":"custom_description","enabled":false,"description_visibility":{"desktop":true,"tablet":true,"mobile":false},"__id":"eeXO70ujvEcxI4AyU71pE"},{"id":"custom_meta","enabled":false,"meta_elements":[{"id":"author","enabled":true,"label":"By","has_author_avatar":"yes","avatar_size":25},{"id":"post_date","enabled":true,"label":"On","date_format_source":"default","date_format":"M j, Y"},{"id":"comments","enabled":true}],"page_meta_elements":{"joined":true,"articles_count":true,"comments":true},"__id":"yH-9z2Z81QMocuenKzwoq"},{"id":"breadcrumbs","enabled":false,"__id":"Ew249MZSo8AtJAhVkUkMP"}],"af5b5a3ba540ab74942ecb5004bc2f94":"","hero_alignment1":{"0":"l","1":"e","2":"f","3":"t","desktop":"left","tablet":"left","mobile":"left","__changed":[]},"hero_margin":{"desktop":"50","tablet":30,"mobile":30,"__changed":[]},"hero_alignment2":"center","hero_vertical_alignment":"center","dd53a0514fce4871be299d3c0c74b959":"","hero_structure":"narrow","1f3f8338072212d8699c8639cac5c769":"","page_title_bg_type":"featured_image","custom_hero_background":{"attachment_id":null},"parallax":{"desktop":false,"tablet":false,"mobile":false},"2c5aabcd6b607dc5f2f964a725ad40b1":"","hero_height":"250px","pageTitleFont":{"family":"Default","variation":"Default","size":{"desktop":"32px","tablet":"30px","mobile":"25px"},"line-height":"CT_CSS_SKIP_RULE","letter-spacing":"CT_CSS_SKIP_RULE","text-transform":"CT_CSS_SKIP_RULE","text-decoration":"CT_CSS_SKIP_RULE"},"pageTitleFontColor":{"default":{"color":"CT_CSS_SKIP_RULEDEFAULT"}},"pageMetaFont":{"family":"Default","variation":"n6","size":"12px","line-height":"1.3","letter-spacing":"CT_CSS_SKIP_RULE","text-transform":"uppercase","text-decoration":"CT_CSS_SKIP_RULE"},"pageMetaFontColor":{"default":{"color":"CT_CSS_SKIP_RULEDEFAULT"},"hover":{"color":"CT_CSS_SKIP_RULEDEFAULT"}},"pageExcerptFont":{"family":"Default","variation":"Default","size":"CT_CSS_SKIP_RULE","line-height":"CT_CSS_SKIP_RULE","letter-spacing":"CT_CSS_SKIP_RULE","text-transform":"CT_CSS_SKIP_RULE","text-decoration":"CT_CSS_SKIP_RULE"},"pageExcerptColor":{"default":{"color":"CT_CSS_SKIP_RULEDEFAULT"}},"breadcrumbsFont":{"family":"Default","variation":"n6","size":"12px","line-height":"CT_CSS_SKIP_RULE","letter-spacing":"CT_CSS_SKIP_RULE","text-transform":"uppercase","text-decoration":"CT_CSS_SKIP_RULE"},"breadcrumbsFontColor":{"default":{"color":"CT_CSS_SKIP_RULEDEFAULT"},"initial":{"color":"CT_CSS_SKIP_RULEDEFAULT"},"hover":{"color":"CT_CSS_SKIP_RULEDEFAULT"}},"pageTitleOverlay":{"default":{"color":"CT_CSS_SKIP_RULE"}},"pageTitleBackground":{"background_type":"color","background_pattern":"type-1","background_image":{"attachment_id":null,"x":0,"y":0},"gradient":"linear-gradient(135deg,rgba(6,147,227,1) 0%,rgb(155,81,224) 100%)","background_repeat":"no-repeat","background_size":"auto","background_attachment":"scroll","patternColor":{"default":{"color":"#e5e7ea"}},"overlayColor":{"default":{"color":"CT_CSS_SKIP_RULE"}},"backgroundColor":{"default":{"color":"#EDEFF2"}}},"7949938c3110f0425d52bfa5bfbda156":"","page_structure_type":"default","content_style":"inherit","vertical_spacing_source":"custom","content_area_spacing":"none","background":{"background_type":"color","background_pattern":"type-1","background_image":{"attachment_id":null,"x":0,"y":0},"gradient":"linear-gradient(135deg,rgba(6,147,227,1) 0%,rgb(155,81,224) 100%)","background_repeat":"no-repeat","background_size":"auto","background_attachment":"scroll","patternColor":{"default":{"color":"#e5e7ea"}},"overlayColor":{"default":{"color":"CT_CSS_SKIP_RULE"}},"backgroundColor":{"default":{"color":"CT_CSS_SKIP_RULE"}}},"content_background":{"background_type":"color","background_pattern":"type-1","background_image":{"attachment_id":null,"x":0,"y":0},"gradient":"linear-gradient(135deg,rgba(6,147,227,1) 0%,rgb(155,81,224) 100%)","background_repeat":"no-repeat","background_size":"auto","background_attachment":"scroll","patternColor":{"default":{"color":"#e5e7ea"}},"overlayColor":{"default":{"color":"CT_CSS_SKIP_RULE"}},"backgroundColor":{"default":{"color":"#ffffff"}}},"content_boxed_shadow":{"inherit":false,"blur":18,"spread":-6,"v_offset":12,"h_offset":0,"inset":false,"enable":true,"color":{"color":"rgba(34, 56, 101, 0.04)"}},"boxed_content_spacing":{"desktop":{"top":"40px","bottom":"40px","left":"40px","right":"40px","linked":true},"tablet":{"top":"35px","bottom":"35px","left":"35px","right":"35px","linked":true},"mobile":{"top":"20px","bottom":"20px","left":"20px","right":"20px","linked":true}},"content_boxed_radius":{"top":"3px","bottom":"3px","left":"3px","right":"3px","linked":true},"ebd491daf8645df0fa3b5d47c3e54094":"","disable_featured_image":"no","disable_header":"no","disable_footer":"no","8d4504031a3e99550d5eff939d516a6a":"","b9ad5b45feddc8793f34e21d4de6e656":"","eaf05b600f4954a3496c159f38dbe1ad":"","3fd154c53e4d4d43e84b58888a7248c4":"","ebe5ea441f0baeded954005490b143ca":"","ec770c4553490e7636c43e03827cfefa":"","cabf4bb948cb5e8d06628c5601e140d6":"","372750f44e68e5da50b4db7cee380539":"","e702ec85564835465da47ca888cc3130":"","774e74eff2bc650307a14b9658b171e1":"","da20b221f428cac20cf1e8c19418f238":"","c14f8bc8c1e4b72a3f2ef03863503695":"","pageTitlePadding":{"top":"50px","bottom":"50px","left":"auto","right":"auto","linked":true},"c240658df091026ea26bd62343924157":"","74a371d5f6a06e3cc9b482ef452046f2":"","0fdebc8e140f673e59085fa4767453ac":"","header_footer_scripts_panel":"","header_scripts":"","46309b4faf3a1b36fe2bb392c5779f7b":"","header_after_body_scripts":"","1876411f1bca147fd66e72d87a38941f":"","footer_scripts":"","styles_descriptor":{"styles":{"desktop":"","tablet":"","mobile":""},"google_fonts":[],"version":6}},"acf":[],"yoast_head":"<!-- This site is optimized with the Yoast SEO Premium plugin v26.1 (Yoast SEO v27.3) - https:\/\/yoast.com\/product\/yoast-seo-premium-wordpress\/ -->\n<title>Datenschutzerkl\u00e4rung - Plant Care Tools<\/title>\n<meta name=\"description\" content=\"Diese Seite enth\u00e4lt unsere Datenschutzerkl\u00e4rung. Plant Care Tools ist der Webshop f\u00fcr alle Messger\u00e4te in und um Ihren Garten\" \/>\n<meta name=\"robots\" content=\"index, follow, max-snippet:-1, max-image-preview:large, max-video-preview:-1\" \/>\n<link rel=\"canonical\" href=\"https:\/\/www.plantcaretools.com\/de\/datenschutzerklaerung\/\" \/>\n<script type=\"application\/ld+json\" class=\"yoast-schema-graph\">{\"@context\":\"https:\\\/\\\/schema.org\",\"@graph\":[{\"@type\":\"BreadcrumbList\",\"@id\":\"https:\\\/\\\/www.plantcaretools.com\\\/de\\\/datenschutzerklaerung\\\/#breadcrumb\",\"itemListElement\":[{\"@type\":\"ListItem\",\"position\":1,\"name\":\"Home\",\"item\":\"https:\\\/\\\/www.plantcaretools.com\\\/de\\\/\"},{\"@type\":\"ListItem\",\"position\":2,\"name\":\"Datenschutzerkl\u00e4rung\"}]}]}<\/script>\n<!-- \/ Yoast SEO Premium plugin. -->","yoast_head_json":{"title":"Datenschutzerkl\u00e4rung - Plant Care Tools","description":"Diese Seite enth\u00e4lt unsere Datenschutzerkl\u00e4rung. Plant Care Tools ist der Webshop f\u00fcr alle Messger\u00e4te in und um Ihren Garten","robots":{"index":"index","follow":"follow","max-snippet":"max-snippet:-1","max-image-preview":"max-image-preview:large","max-video-preview":"max-video-preview:-1"},"canonical":"https:\/\/www.plantcaretools.com\/de\/datenschutzerklaerung\/","schema":{"@context":"https:\/\/schema.org","@graph":[{"@type":"BreadcrumbList","@id":"https:\/\/www.plantcaretools.com\/de\/datenschutzerklaerung\/#breadcrumb","itemListElement":[{"@type":"ListItem","position":1,"name":"Home","item":"https:\/\/www.plantcaretools.com\/de\/"},{"@type":"ListItem","position":2,"name":"Datenschutzerkl\u00e4rung"}]}]}},"jetpack_sharing_enabled":true,"_links":{"self":[{"href":"https:\/\/www.plantcaretools.com\/de\/wp-json\/wp\/v2\/pages\/3925","targetHints":{"allow":["GET"]}}],"collection":[{"href":"https:\/\/www.plantcaretools.com\/de\/wp-json\/wp\/v2\/pages"}],"about":[{"href":"https:\/\/www.plantcaretools.com\/de\/wp-json\/wp\/v2\/types\/page"}],"author":[{"embeddable":true,"href":"https:\/\/www.plantcaretools.com\/de\/wp-json\/wp\/v2\/users\/1"}],"replies":[{"embeddable":true,"href":"https:\/\/www.plantcaretools.com\/de\/wp-json\/wp\/v2\/comments?post=3925"}],"version-history":[{"count":2,"href":"https:\/\/www.plantcaretools.com\/de\/wp-json\/wp\/v2\/pages\/3925\/revisions"}],"predecessor-version":[{"id":14515,"href":"https:\/\/www.plantcaretools.com\/de\/wp-json\/wp\/v2\/pages\/3925\/revisions\/14515"}],"wp:attachment":[{"href":"https:\/\/www.plantcaretools.com\/de\/wp-json\/wp\/v2\/media?parent=3925"}],"curies":[{"name":"wp","href":"https:\/\/api.w.org\/{rel}","templated":true}]}}