{"id":3975,"date":"2022-06-08T10:18:20","date_gmt":"2022-06-08T08:18:20","guid":{"rendered":"https:\/\/www.plantcaretools.com\/?page_id=3975"},"modified":"2023-03-31T09:36:18","modified_gmt":"2023-03-31T07:36:18","slug":"grosshandel-und-einzelhandler","status":"publish","type":"page","link":"https:\/\/www.plantcaretools.com\/de\/grosshandel-und-einzelhandler\/","title":{"rendered":"Gro\u00dfhandel und Einzelhandel"},"content":{"rendered":"<div class=\"gb-container gb-container-4ef4fffb alignfull\"><div class=\"gb-inside-container\">\n<div class=\"gb-grid-wrapper gb-grid-wrapper-a9c28f01\">\n<div class=\"gb-grid-column gb-grid-column-f4ce2e6f\"><div class=\"gb-container gb-container-f4ce2e6f\"><div class=\"gb-inside-container\">\n\n<h1 class=\"has-text-align-center has-palette-color-8-color has-text-color wp-block-heading\"><strong>Gro\u00dfhandel und Einzelhandel<\/strong><\/h1>\n\n<\/div><\/div><\/div>\n<\/div>\n<\/div><\/div>\n\n<div class=\"gb-container gb-container-9bd7f1c0 bg-gradient-vertical  alignfull\"><div class=\"gb-inside-container\">\n<div class=\"gb-grid-wrapper gb-grid-wrapper-27524df7\">\n<div class=\"gb-grid-column gb-grid-column-c7d87555\"><div class=\"gb-container gb-container-c7d87555\"><div class=\"gb-inside-container\">\n<span><span><a href=\"https:\/\/www.plantcaretools.com\/de\/\">Home<\/a><\/span><\/span>\n\n<\/div><\/div><\/div>\n<\/div>\n<\/div><\/div>\n\n<div class=\"gb-container gb-container-bf23b12e\"><div class=\"gb-inside-container\">\n\n<h2 class=\"wp-block-heading\">Gro\u00dfhandel und Einzelh\u00e4ndler<\/h2>\n\n\n\n<p>Neben dem Privatverkauf bietet Plant Care Tools auch M\u00f6glichkeiten f\u00fcr B2B-Kunden (Gro\u00dfhandel und Einzelh\u00e4ndler). Wenn Sie ein Gro\u00df- oder Einzelhandelsunternehmen sind und unsere Produkte Ihr Interesse geweckt haben, <a href=\"https:\/\/www.plantcaretools.com\/de\/kontakt\/\">wenden <\/a>Sie sich bitte an uns, wir helfen Ihnen gerne weiter. Mindestbestellmengen und Preise sind leicht verf\u00fcgbar, und wir haben auch eine Sonderregelung, wenn Sie zuerst ein Muster erhalten m\u00f6chten.<\/p>\n\n\n\n<p>Warum sollten Sie Ihr Gesch\u00e4ft bei Plant Care Tools bestellen?<\/p>\n\n\n\n<ul class=\"wp-block-list\">\n<li>Wir sind ein unabh\u00e4ngiges Unternehmen<\/li>\n\n\n\n<li>Die Kontaktaufnahme per E-Mail oder Telefon ist schnell und einfach<\/li>\n\n\n\n<li>Wir haben die Produkte (teilweise) selbst entwickelt<\/li>\n\n\n\n<li>Alle Produkte wurden von uns gr\u00fcndlich getestet, bevor sie zum Verkauf angeboten wurden.<\/li>\n\n\n\n<li>Wir verf\u00fcgen \u00fcber ein gro\u00dfes Wissen \u00fcber unsere Produkte, da wir einen Teil der Produkte selbst entwickeln.<\/li>\n\n\n\n<li>Wir sind immer mit professioneller und pers\u00f6nlicher Unterst\u00fctzung f\u00fcr Sie da<\/li>\n\n\n\n<li>Wir sind auf intelligente Gartenger\u00e4te spezialisiert und f\u00fchren keine anderen Produkte.<\/li>\n\n\n\n<li>Wir gew\u00e4hren eine zweij\u00e4hrige Garantie auf alle unsere Produkte bei normalem Gebrauch<\/li>\n\n\n\n<li>Wir bieten wettbewerbsf\u00e4hige Preise<\/li>\n\n\n\n<li>Auch f\u00fcr B2B-Kunden bieten wir attraktive Preise und Bestellmengen<\/li>\n<\/ul>\n\n\n\n<h2 class=\"wp-block-heading\">Kontaktieren Sie uns direkt<\/h2>\n\n\n\n<p>RIQ Intelligent Tools SARL<br>120 Chemin des Noches<br>24390 Hautefort<br>FRANKREICH<\/p>\n\n\n\n<p>Ihr Ansprechpartner: Guido Quaadvliet<br>Tel. + 33 6 83 08 69 64<br>E-mail: sales@plantcaretools.com<\/p>\n\n<\/div><\/div>","protected":false},"excerpt":{"rendered":"<p>Gro\u00dfhandel und Einzelh\u00e4ndler Neben dem Privatverkauf bietet Plant Care Tools auch M\u00f6glichkeiten f\u00fcr B2B-Kunden (Gro\u00dfhandel und Einzelh\u00e4ndler). Wenn Sie ein Gro\u00df- oder Einzelhandelsunternehmen sind und unsere Produkte Ihr Interesse geweckt haben, wenden Sie sich bitte an uns, wir helfen Ihnen gerne weiter. Mindestbestellmengen und Preise sind leicht verf\u00fcgbar, und wir haben auch eine Sonderregelung, wenn [&hellip;]<\/p>\n","protected":false},"author":1,"featured_media":23225,"parent":0,"menu_order":0,"comment_status":"closed","ping_status":"closed","template":"","meta":{"_acf_changed":false,"footnotes":""},"class_list":["post-3975","page","type-page","status-publish","has-post-thumbnail","hentry"],"blocksy_meta":{"page_title_panel":"","has_hero_section":"disabled","b0bcf61a477b44d34d3f466147a584bb":"","hero_section":"type-1","hero_elements":[{"id":"custom_title","enabled":false,"heading_tag":"h1","title":"Home","__id":"Y6khUB4gAGdZZFZBz_AR5"},{"id":"custom_description","enabled":false,"description_visibility":{"desktop":true,"tablet":true,"mobile":false},"__id":"Zx4PulaiwG6cVdABGw_Xi"},{"id":"custom_meta","enabled":false,"meta_elements":[{"id":"author","enabled":true,"label":"By","has_author_avatar":"yes","avatar_size":25},{"id":"post_date","enabled":true,"label":"On","date_format_source":"default","date_format":"M j, Y"},{"id":"comments","enabled":true}],"page_meta_elements":{"joined":true,"articles_count":true,"comments":true},"__id":"CaQRZzZbK6gV7jH42pGx-"},{"id":"breadcrumbs","enabled":false,"__id":"_B7WbyQ_9ZZQZlxQCAptJ"}],"6a86d140dec4159912641ae246b7801e":"","hero_alignment1":"left","hero_alignment2":"center","hero_vertical_alignment":"center","41aa13d1fed6ffecd364c2a39a774aca":"","hero_structure":"narrow","b340154c4a3bba02ca0c20ad330341b4":"","page_title_bg_type":"featured_image","custom_hero_background":{"attachment_id":null},"parallax":{"desktop":false,"tablet":false,"mobile":false},"44e6f3202a53661b006d1325e23c4ee4":"","hero_height":"250px","pageTitleFont":{"family":"Default","variation":"Default","size":{"desktop":"32px","tablet":"30px","mobile":"25px"},"line-height":"CT_CSS_SKIP_RULE","letter-spacing":"CT_CSS_SKIP_RULE","text-transform":"CT_CSS_SKIP_RULE","text-decoration":"CT_CSS_SKIP_RULE"},"pageTitleFontColor":{"default":{"color":"CT_CSS_SKIP_RULEDEFAULT"}},"pageMetaFont":{"family":"Default","variation":"n6","size":"12px","line-height":"1.3","letter-spacing":"CT_CSS_SKIP_RULE","text-transform":"uppercase","text-decoration":"CT_CSS_SKIP_RULE"},"pageMetaFontColor":{"default":{"color":"CT_CSS_SKIP_RULEDEFAULT"},"hover":{"color":"CT_CSS_SKIP_RULEDEFAULT"}},"pageExcerptFont":{"family":"Default","variation":"Default","size":"CT_CSS_SKIP_RULE","line-height":"CT_CSS_SKIP_RULE","letter-spacing":"CT_CSS_SKIP_RULE","text-transform":"CT_CSS_SKIP_RULE","text-decoration":"CT_CSS_SKIP_RULE"},"pageExcerptColor":{"default":{"color":"CT_CSS_SKIP_RULEDEFAULT"}},"breadcrumbsFont":{"family":"Default","variation":"n6","size":"12px","line-height":"CT_CSS_SKIP_RULE","letter-spacing":"CT_CSS_SKIP_RULE","text-transform":"uppercase","text-decoration":"CT_CSS_SKIP_RULE"},"breadcrumbsFontColor":{"default":{"color":"CT_CSS_SKIP_RULEDEFAULT"},"initial":{"color":"CT_CSS_SKIP_RULEDEFAULT"},"hover":{"color":"CT_CSS_SKIP_RULEDEFAULT"}},"pageTitleOverlay":{"default":{"color":"CT_CSS_SKIP_RULE"}},"pageTitleBackground":{"background_type":"color","background_pattern":"type-1","background_image":{"attachment_id":null,"x":0,"y":0},"gradient":"linear-gradient(135deg,rgba(6,147,227,1) 0%,rgb(155,81,224) 100%)","background_repeat":"no-repeat","background_size":"auto","background_attachment":"scroll","patternColor":{"default":{"color":"#e5e7ea"}},"overlayColor":{"default":{"color":"CT_CSS_SKIP_RULE"}},"backgroundColor":{"default":{"color":"#EDEFF2"}}},"92d328a8166542dcbd3c70976a79e6fb":"","page_structure_type":"default","content_style":"inherit","vertical_spacing_source":"custom","content_area_spacing":"none","background":{"background_type":"color","background_pattern":"type-1","background_image":{"attachment_id":null,"x":0,"y":0},"gradient":"linear-gradient(135deg,rgba(6,147,227,1) 0%,rgb(155,81,224) 100%)","background_repeat":"no-repeat","background_size":"auto","background_attachment":"scroll","patternColor":{"default":{"color":"#e5e7ea"}},"overlayColor":{"default":{"color":"CT_CSS_SKIP_RULE"}},"backgroundColor":{"default":{"color":"CT_CSS_SKIP_RULE"}}},"content_background":{"background_type":"color","background_pattern":"type-1","background_image":{"attachment_id":null,"x":0,"y":0},"gradient":"linear-gradient(135deg,rgba(6,147,227,1) 0%,rgb(155,81,224) 100%)","background_repeat":"no-repeat","background_size":"auto","background_attachment":"scroll","patternColor":{"default":{"color":"#e5e7ea"}},"overlayColor":{"default":{"color":"CT_CSS_SKIP_RULE"}},"backgroundColor":{"default":{"color":"#ffffff"}}},"content_boxed_shadow":{"inherit":false,"blur":18,"spread":-6,"v_offset":12,"h_offset":0,"inset":false,"enable":true,"color":{"color":"rgba(34, 56, 101, 0.04)"}},"boxed_content_spacing":{"desktop":{"top":"40px","bottom":"40px","left":"40px","right":"40px","linked":true},"tablet":{"top":"35px","bottom":"35px","left":"35px","right":"35px","linked":true},"mobile":{"top":"20px","bottom":"20px","left":"20px","right":"20px","linked":true}},"content_boxed_radius":{"top":"3px","bottom":"3px","left":"3px","right":"3px","linked":true},"43724777f327b8931e8a2e0911cc6c52":"","disable_featured_image":"no","disable_header":"no","disable_footer":"no","3d43cf42515988c9004c52682b561440":"","d7604e7cb081bb659235ddc693d1da2d":"","hero_margin":{"desktop":"0","tablet":"0","mobile":"0","__changed":["mobile","tablet"]},"991a08045a14defff12390aff3a02d32":"","51a391c3170f49d078acc81826ddb351":"","9bcda35d13d6daea61cfad48e28d02e5":"","99b57b262e58f32660aaaa446b5f0b3c":"","95bdde3f5896f81b81883487140c520b":"","e020ebdedb0cb46b220928a4ebf7c0e5":"","47dd6dd73fcaac5d8363dd0a495159d6":"","873067bb6ab052f125371292b1ff7042":"","30620d1392afbd268c4c8dab82936123":"","a43688002e299611e44867a622ea70a0":"","4561e524d1adc49f2211bb560dc1cfc7":"","98a2f2fa0f1a02bdbc9f3b91cf2e4c06":"","1b8d0da3c48da055c34d7a83cdc91efa":"","36c76191ea6552ba5d7915c365e02ea4":"","bc8bd2f8f09309b34c7cd4d4f9b67717":"","0c7aa27137ffcdc65a77ce5f0c6e3928":"","8e89f5e8dfab363fe226a4e15c0bc4b4":"","f259a7341fc8f0f945501cdbb177bea7":"","183af9cd95f5720580abac239d1f1d05":"","ff343b6b7fa7f212f31373007485c729":"","96b44615bdbd5fecbcad729d98e17b18":"","fca6c23d3766460c5611872e7ad3cfa4":"","3d38b368984a097694aaed50e20dc609":"","d4e8a2923dcb3b4344d96aab244bf290":"","e471ebd3ea3fc7f242998a938c0fc7ac":"","c3bdf554de46a0788dbfd2d90ce4e6cf":"","ab1285c431759881cacea149314413d6":"","1453aad95c3f9f179cdc61c7a9ce2727":"","651a3fafeee39709b177fa7406c074eb":"","813f802b6b7d32878eefefe8a9b0683b":"","dd169c567080afe08a2a56a86ff6efaa":"","4916d94fa5100507f1f60356e0083290":"","04147a29052df8c47b6c3bd0a46ba2d7":"","19157a5a7240ed0911b475a44048671f":"","a96a589d95db7985a9b206cd4b4efeda":"","6759e28a5c7128fa70987f54aa92c0fe":"","ffdbb892ad159b98b3b9d7c299b39391":"","91c23c449a2c2aaeee79733479fd7959":"","pageTitlePadding":{"top":"50px","bottom":"50px","left":"auto","right":"auto","linked":true},"7bfe8e73eb9a38d5c47bedf28240f46b":"","9db0d72e6c7415998c4f2733821ab558":"","3f17dbdecf13ddba4d89b4476a374765":"","header_footer_scripts_panel":"","header_scripts":"","da78c8ee08ae13353f6666eacf95eb67":"","header_after_body_scripts":"","9655d8a4a01531b22f13ed7d1d8e6d47":"","footer_scripts":"","styles_descriptor":{"styles":{"desktop":"","tablet":"","mobile":""},"google_fonts":[],"version":6}},"acf":[],"yoast_head":"<!-- This site is optimized with the Yoast SEO Premium plugin v26.1 (Yoast SEO v27.3) - https:\/\/yoast.com\/product\/yoast-seo-premium-wordpress\/ -->\n<title>Gro\u00dfhandel und Einzelh\u00e4ndler - Plant Care Tools<\/title>\n<meta name=\"description\" content=\"Informationen f\u00fcr Gro\u00dfhandel und Einzelh\u00e4ndler. Plant Care Tools ist der Webshop f\u00fcr alle Messger\u00e4te in und um Ihren Garten\" \/>\n<meta name=\"robots\" content=\"index, follow, max-snippet:-1, max-image-preview:large, max-video-preview:-1\" \/>\n<link rel=\"canonical\" href=\"https:\/\/www.plantcaretools.com\/de\/grosshandel-und-einzelhandler\/\" \/>\n<script type=\"application\/ld+json\" class=\"yoast-schema-graph\">{\"@context\":\"https:\\\/\\\/schema.org\",\"@graph\":[{\"@type\":\"BreadcrumbList\",\"@id\":\"https:\\\/\\\/www.plantcaretools.com\\\/de\\\/grosshandel-und-einzelhandler\\\/#breadcrumb\",\"itemListElement\":[{\"@type\":\"ListItem\",\"position\":1,\"name\":\"Home\",\"item\":\"https:\\\/\\\/www.plantcaretools.com\\\/de\\\/\"},{\"@type\":\"ListItem\",\"position\":2,\"name\":\"Gro\u00dfhandel und Einzelhandel\"}]}]}<\/script>\n<!-- \/ Yoast SEO Premium plugin. -->","yoast_head_json":{"title":"Gro\u00dfhandel und Einzelh\u00e4ndler - Plant Care Tools","description":"Informationen f\u00fcr Gro\u00dfhandel und Einzelh\u00e4ndler. Plant Care Tools ist der Webshop f\u00fcr alle Messger\u00e4te in und um Ihren Garten","robots":{"index":"index","follow":"follow","max-snippet":"max-snippet:-1","max-image-preview":"max-image-preview:large","max-video-preview":"max-video-preview:-1"},"canonical":"https:\/\/www.plantcaretools.com\/de\/grosshandel-und-einzelhandler\/","schema":{"@context":"https:\/\/schema.org","@graph":[{"@type":"BreadcrumbList","@id":"https:\/\/www.plantcaretools.com\/de\/grosshandel-und-einzelhandler\/#breadcrumb","itemListElement":[{"@type":"ListItem","position":1,"name":"Home","item":"https:\/\/www.plantcaretools.com\/de\/"},{"@type":"ListItem","position":2,"name":"Gro\u00dfhandel und Einzelhandel"}]}]}},"jetpack_sharing_enabled":true,"_links":{"self":[{"href":"https:\/\/www.plantcaretools.com\/de\/wp-json\/wp\/v2\/pages\/3975","targetHints":{"allow":["GET"]}}],"collection":[{"href":"https:\/\/www.plantcaretools.com\/de\/wp-json\/wp\/v2\/pages"}],"about":[{"href":"https:\/\/www.plantcaretools.com\/de\/wp-json\/wp\/v2\/types\/page"}],"author":[{"embeddable":true,"href":"https:\/\/www.plantcaretools.com\/de\/wp-json\/wp\/v2\/users\/1"}],"replies":[{"embeddable":true,"href":"https:\/\/www.plantcaretools.com\/de\/wp-json\/wp\/v2\/comments?post=3975"}],"version-history":[{"count":3,"href":"https:\/\/www.plantcaretools.com\/de\/wp-json\/wp\/v2\/pages\/3975\/revisions"}],"predecessor-version":[{"id":14789,"href":"https:\/\/www.plantcaretools.com\/de\/wp-json\/wp\/v2\/pages\/3975\/revisions\/14789"}],"wp:featuredmedia":[{"embeddable":true,"href":"https:\/\/www.plantcaretools.com\/de\/wp-json\/wp\/v2\/media\/23225"}],"wp:attachment":[{"href":"https:\/\/www.plantcaretools.com\/de\/wp-json\/wp\/v2\/media?parent=3975"}],"curies":[{"name":"wp","href":"https:\/\/api.w.org\/{rel}","templated":true}]}}