{"id":4016,"date":"2022-06-08T10:50:17","date_gmt":"2022-06-08T08:50:17","guid":{"rendered":"https:\/\/www.plantcaretools.com\/?page_id=4016"},"modified":"2023-01-26T17:13:27","modified_gmt":"2023-01-26T16:13:27","slug":"nahrstoffe-messen-boden","status":"publish","type":"page","link":"https:\/\/www.plantcaretools.com\/de\/nahrstoffe-messen-boden\/","title":{"rendered":"N\u00e4hrstoffe messen im Boden"},"content":{"rendered":"<div class=\"gb-container gb-container-07fd9373 alignfull\"><div class=\"gb-inside-container\">\n<div class=\"gb-grid-wrapper gb-grid-wrapper-b2f0f6f2\">\n<div class=\"gb-grid-column gb-grid-column-6853460e\"><div class=\"gb-container gb-container-6853460e\"><div class=\"gb-inside-container\">\n\n<h1 class=\"has-text-align-center has-palette-color-5-color has-text-color wp-block-heading\"><strong>N\u00e4hrstoffe messen<\/strong> im Boden<\/h1>\n\n<\/div><\/div><\/div>\n<\/div>\n<\/div><\/div>\n\n<div class=\"gb-container gb-container-7f7f0697 bg-gradient-vertical  alignfull\"><div class=\"gb-inside-container\">\n<div class=\"gb-grid-wrapper gb-grid-wrapper-afc51b2e\">\n<div class=\"gb-grid-column gb-grid-column-f9d6d494\"><div class=\"gb-container gb-container-f9d6d494\"><div class=\"gb-inside-container\">\n<span><span><a href=\"https:\/\/www.plantcaretools.com\/de\/\">Home<\/a><\/span><\/span>\n\n<\/div><\/div><\/div>\n<\/div>\n<\/div><\/div>\n\n<div class=\"gb-container gb-container-7d5c3431\"><div class=\"gb-inside-container\">\n\n<h2 class=\"wp-block-heading\"><strong>N\u00e4hrstoffe messen von Pflanzen kann direkt im Boden mit Einsteckmesser<\/strong><\/h2>\n\n\n\n<h2 class=\"wp-block-heading\"><strong>Das Messen der D\u00fcngung im Boden ist Voraussetzung f\u00fcr ein gutes Wachstum ihrer Pflanzen.<\/strong><\/h2>\n\n\n\n<p>Genau wie Menschen brauchen auch Pflanzen Nahrung. Pflanzen brauchen verschiedene D\u00fcngemittel um gut wachsen zu k\u00f6nnen und gesund zu bleiben. Fast alle Pflanzen verbrauchen relativ viel Stickstoff und Kalium. Die Aufnahme von anderen N\u00e4hrstoffen wie Phosphor und Magnesium ist jedoch nur\u00a0 in kleineren Mengen notwendig. Auch Spurenelemente wie Eisen und Kupfer sind in sehr eingeschr\u00e4nktem Ma\u00df essentiell. Es ist daher wichtig, um den N\u00e4hrstoffe im Boden zu messen.<\/p>\n\n\n\n<h2 class=\"wp-block-heading\"><strong>D\u00fcngen von Topfpflanzen ist wichtig um sie gesund zu erhalten<\/strong><\/h2>\n\n\n\n<p>Durch die eingeschr\u00e4nkte Menge Erde in einem Topf ist die richtige D\u00fcngung einer Topfpflanze ein ganzes St\u00fcck komplizierter als bei Pflanzen die direkt im Boden stehen und von denen die Wurzeln Meter weit reichen um Nahrung aufnehmen zu k\u00f6nnen. Bei Topfpflanzen sollte man eigentlich f\u00fcr alle F\u00e4lle immer wissen, wie die D\u00fcngesituation ist. Die N\u00e4hrstoffe in Blumenerde sind n\u00e4mlich schnell ersch\u00f6pft. Daher sollte man zuerst die N\u00e4hrstoffe messen bevor zu d\u00fcngen.<\/p>\n\n\n\n<h2 class=\"wp-block-heading\"><strong>Verwenden Sie organischen D\u00fcnger, D\u00fcngek\u00fcgelchen oder fl\u00fcssigen D\u00fcnger zum D\u00fcngen<\/strong><\/h2>\n\n\n\n<p>Es gibt viele Produkte zur D\u00fcngung: organischer D\u00fcnger, D\u00fcngek\u00fcgelchen und fl\u00fcssigen D\u00fcnger. F\u00fcgen Sie niemals mehr D\u00fcngemittel hinzu als in der Gebrauchsanweisung auf der Verpackung steht. F\u00fcr Topfpflanzen mit viel Bl\u00fcten raten wir eine D\u00fcngung mit gutem NPK-Verh\u00e4ltnis an: 10-05-15 (NPK = Stickstoff, Phosphor, Kalium). F\u00fcr die meisten Pflanzen(sorten) werden spezielle D\u00fcngemittel angeboten. Im Allgemeinen empfehlen wir, organische N\u00e4hrstoffe zu kaufen. Zuerst die N\u00e4hrstoffe messen, dann ein angepasstes D\u00fcngemittel kaufen in einem spezialisierten Gartenmarkt oder Supermarkt.<\/p>\n\n\n\n<p>Sie k\u00f6nnen die Menge D\u00fcngemittel im Boden mit den <a href=\"https:\/\/www.plantcaretools.com\/de\/messgerate\/\">folgenden Produkten<\/a> messen:<\/p>\n\n\n<div data-block-name=\"woocommerce\/handpicked-products\" data-columns=\"4\" data-content-visibility=\"{&quot;title&quot;:true,&quot;price&quot;:true,&quot;rating&quot;:false,&quot;button&quot;:false}\" data-products=\"[7777,7687,7662,7465]\" class=\"wc-block-grid wp-block-handpicked-products wp-block-woocommerce-handpicked-products wc-block-handpicked-products has-4-columns has-multiple-rows\"><ul class=\"wc-block-grid__products\"><li class=\"wc-block-grid__product\"><span class=\"gtm4wp_productdata\" style=\"display:none; visibility:hidden;\" data-gtm4wp_product_data=\"{&quot;internal_id&quot;:7777,&quot;item_id&quot;:7777,&quot;item_name&quot;:&quot;4 in 1 Bluetooth Pflanzen Monitor&quot;,&quot;sku&quot;:&quot;PCT131&quot;,&quot;price&quot;:35.9,&quot;stocklevel&quot;:9,&quot;stockstatus&quot;:&quot;instock&quot;,&quot;google_business_vertical&quot;:&quot;retail&quot;,&quot;item_category&quot;:&quot;Messger\\u00e4te&quot;,&quot;id&quot;:7777,&quot;productlink&quot;:&quot;https:\\\/\\\/www.plantcaretools.com\\\/de\\\/produkt\\\/messgerate\\\/bluetooth-pflanzen-monitor\\\/&quot;,&quot;item_list_name&quot;:&quot;General Product List&quot;,&quot;index&quot;:0,&quot;product_type&quot;:&quot;simple&quot;,&quot;item_brand&quot;:&quot;&quot;}\"><\/span>\n\t\t\t\t<a href=\"https:\/\/www.plantcaretools.com\/de\/produkt\/messgerate\/bluetooth-pflanzen-monitor\/\" class=\"wc-block-grid__product-link\">\n\t\t\t\t\t\n\t\t\t\t\t<div class=\"wc-block-grid__product-image\"><img loading=\"lazy\" decoding=\"async\" width=\"272\" height=\"272\" src=\"https:\/\/www.plantcaretools.com\/wp-content\/uploads\/2022\/07\/MG_0355-272x272.jpg\" class=\"attachment-woocommerce_thumbnail size-woocommerce_thumbnail\" alt=\"Bluetooth planten monitor - Plant Care Tools\" srcset=\"https:\/\/www.plantcaretools.com\/wp-content\/uploads\/2022\/07\/MG_0355-272x272.jpg 272w, https:\/\/www.plantcaretools.com\/wp-content\/uploads\/2022\/07\/MG_0355-100x100.jpg 100w, https:\/\/www.plantcaretools.com\/wp-content\/uploads\/2022\/07\/MG_0355-600x600.jpg 600w, https:\/\/www.plantcaretools.com\/wp-content\/uploads\/2022\/07\/MG_0355-300x300.jpg 300w, https:\/\/www.plantcaretools.com\/wp-content\/uploads\/2022\/07\/MG_0355-1024x1024.jpg 1024w, https:\/\/www.plantcaretools.com\/wp-content\/uploads\/2022\/07\/MG_0355-150x150.jpg 150w, https:\/\/www.plantcaretools.com\/wp-content\/uploads\/2022\/07\/MG_0355-768x768.jpg 768w, https:\/\/www.plantcaretools.com\/wp-content\/uploads\/2022\/07\/MG_0355-1536x1536.jpg 1536w, https:\/\/www.plantcaretools.com\/wp-content\/uploads\/2022\/07\/MG_0355-2048x2048.jpg 2048w, https:\/\/www.plantcaretools.com\/wp-content\/uploads\/2022\/07\/MG_0355-1200x1200-cropped.jpg 1200w\" sizes=\"auto, (max-width: 272px) 100vw, 272px\" data-wp-pid=\"4420\" \/><\/div>\n\t\t\t\t\t<div class=\"wc-block-grid__product-title\">4 in 1 Bluetooth Pflanzen Monitor<\/div>\n\t\t\t\t<\/a>\n\t\t\t\t<div class=\"wc-block-grid__product-price price\"><span class=\"woocommerce-Price-amount amount\"><bdi><span class=\"woocommerce-Price-currencySymbol\">&euro;<\/span>35,90<\/bdi><\/span><\/div>\n\t\t\t\t\n\t\t\t\t\n\t\t\t<\/li><li class=\"wc-block-grid__product\"><span class=\"gtm4wp_productdata\" style=\"display:none; visibility:hidden;\" data-gtm4wp_product_data=\"{&quot;internal_id&quot;:7687,&quot;item_id&quot;:7687,&quot;item_name&quot;:&quot;Bodenmesser (D\\u00fcngung, pH, temp.)&quot;,&quot;sku&quot;:&quot;PCT240&quot;,&quot;price&quot;:44.9,&quot;stocklevel&quot;:48,&quot;stockstatus&quot;:&quot;instock&quot;,&quot;google_business_vertical&quot;:&quot;retail&quot;,&quot;item_category&quot;:&quot;Messger\\u00e4te&quot;,&quot;id&quot;:7687,&quot;productlink&quot;:&quot;https:\\\/\\\/www.plantcaretools.com\\\/de\\\/produkt\\\/messgerate\\\/bodenmesser-duengung-ph-temp\\\/&quot;,&quot;item_list_name&quot;:&quot;General Product List&quot;,&quot;index&quot;:0,&quot;product_type&quot;:&quot;simple&quot;,&quot;item_brand&quot;:&quot;&quot;}\"><\/span>\n\t\t\t\t<a href=\"https:\/\/www.plantcaretools.com\/de\/produkt\/messgerate\/bodenmesser-duengung-ph-temp\/\" class=\"wc-block-grid__product-link\">\n\t\t\t\t\t\n\t\t\t\t\t<div class=\"wc-block-grid__product-image\"><img loading=\"lazy\" decoding=\"async\" width=\"272\" height=\"272\" src=\"https:\/\/www.plantcaretools.com\/wp-content\/uploads\/2022\/07\/MG_0376-scaled-272x272.jpg\" class=\"attachment-woocommerce_thumbnail size-woocommerce_thumbnail\" alt=\"Bodenmesser (D\u00fcngung, pH, temp.)\" srcset=\"https:\/\/www.plantcaretools.com\/wp-content\/uploads\/2022\/07\/MG_0376-272x272.jpg 272w, https:\/\/www.plantcaretools.com\/wp-content\/uploads\/2022\/07\/MG_0376-100x100.jpg 100w, https:\/\/www.plantcaretools.com\/wp-content\/uploads\/2022\/07\/MG_0376-600x600.jpg 600w, https:\/\/www.plantcaretools.com\/wp-content\/uploads\/2022\/07\/MG_0376-300x300.jpg 300w, https:\/\/www.plantcaretools.com\/wp-content\/uploads\/2022\/07\/MG_0376-1024x1024.jpg 1024w, https:\/\/www.plantcaretools.com\/wp-content\/uploads\/2022\/07\/MG_0376-150x150.jpg 150w, https:\/\/www.plantcaretools.com\/wp-content\/uploads\/2022\/07\/MG_0376-768x768.jpg 768w, https:\/\/www.plantcaretools.com\/wp-content\/uploads\/2022\/07\/MG_0376-1536x1536.jpg 1536w, https:\/\/www.plantcaretools.com\/wp-content\/uploads\/2022\/07\/MG_0376-2048x2048.jpg 2048w, https:\/\/www.plantcaretools.com\/wp-content\/uploads\/2022\/07\/MG_0376-scaled-1200x1200-cropped.jpg 1200w\" sizes=\"auto, (max-width: 272px) 100vw, 272px\" data-wp-pid=\"4432\" \/><\/div>\n\t\t\t\t\t<div class=\"wc-block-grid__product-title\">Bodenmesser (D\u00fcngung, pH, temp.)<\/div>\n\t\t\t\t<\/a>\n\t\t\t\t<div class=\"wc-block-grid__product-price price\"><span class=\"woocommerce-Price-amount amount\"><bdi><span class=\"woocommerce-Price-currencySymbol\">&euro;<\/span>44,90<\/bdi><\/span><\/div>\n\t\t\t\t\n\t\t\t\t\n\t\t\t<\/li><li class=\"wc-block-grid__product\"><span class=\"gtm4wp_productdata\" style=\"display:none; visibility:hidden;\" data-gtm4wp_product_data=\"{&quot;internal_id&quot;:7662,&quot;item_id&quot;:7662,&quot;item_name&quot;:&quot;Bodentestkit (N, P, K, pH) 80 Tests&quot;,&quot;sku&quot;:&quot;PCT210&quot;,&quot;price&quot;:68.9,&quot;stocklevel&quot;:46,&quot;stockstatus&quot;:&quot;instock&quot;,&quot;google_business_vertical&quot;:&quot;retail&quot;,&quot;item_category&quot;:&quot;Messger\\u00e4te&quot;,&quot;id&quot;:7662,&quot;productlink&quot;:&quot;https:\\\/\\\/www.plantcaretools.com\\\/de\\\/produkt\\\/messgerate\\\/bodentestkit-n-p-k-ph\\\/&quot;,&quot;item_list_name&quot;:&quot;General Product List&quot;,&quot;index&quot;:0,&quot;product_type&quot;:&quot;simple&quot;,&quot;item_brand&quot;:&quot;&quot;}\"><\/span>\n\t\t\t\t<a href=\"https:\/\/www.plantcaretools.com\/de\/produkt\/messgerate\/bodentestkit-n-p-k-ph\/\" class=\"wc-block-grid__product-link\">\n\t\t\t\t\t\n\t\t\t\t\t<div class=\"wc-block-grid__product-image\"><img loading=\"lazy\" decoding=\"async\" width=\"272\" height=\"272\" src=\"https:\/\/www.plantcaretools.com\/wp-content\/uploads\/2022\/08\/STK008-KIT-DANALYSE-DE-SOL-272x272.jpg\" class=\"attachment-woocommerce_thumbnail size-woocommerce_thumbnail\" alt=\"Grondtestkit - N P K pH Testen - Bodentestkit - Plant Care Tools\" srcset=\"https:\/\/www.plantcaretools.com\/wp-content\/uploads\/2022\/08\/STK008-KIT-DANALYSE-DE-SOL-272x272.jpg 272w, https:\/\/www.plantcaretools.com\/wp-content\/uploads\/2022\/08\/STK008-KIT-DANALYSE-DE-SOL-100x100.jpg 100w, https:\/\/www.plantcaretools.com\/wp-content\/uploads\/2022\/08\/STK008-KIT-DANALYSE-DE-SOL-600x600.jpg 600w, https:\/\/www.plantcaretools.com\/wp-content\/uploads\/2022\/08\/STK008-KIT-DANALYSE-DE-SOL-300x300.jpg 300w, https:\/\/www.plantcaretools.com\/wp-content\/uploads\/2022\/08\/STK008-KIT-DANALYSE-DE-SOL-150x150.jpg 150w, https:\/\/www.plantcaretools.com\/wp-content\/uploads\/2022\/08\/STK008-KIT-DANALYSE-DE-SOL-768x768.jpg 768w, https:\/\/www.plantcaretools.com\/wp-content\/uploads\/2022\/08\/STK008-KIT-DANALYSE-DE-SOL.jpg 800w\" sizes=\"auto, (max-width: 272px) 100vw, 272px\" data-wp-pid=\"6776\" \/><\/div>\n\t\t\t\t\t<div class=\"wc-block-grid__product-title\">Bodentestkit (N, P, K, pH) 80 Tests<\/div>\n\t\t\t\t<\/a>\n\t\t\t\t<div class=\"wc-block-grid__product-price price\"><span class=\"woocommerce-Price-amount amount\"><bdi><span class=\"woocommerce-Price-currencySymbol\">&euro;<\/span>68,90<\/bdi><\/span><\/div>\n\t\t\t\t\n\t\t\t\t\n\t\t\t<\/li><li class=\"wc-block-grid__product\"><span class=\"gtm4wp_productdata\" style=\"display:none; visibility:hidden;\" data-gtm4wp_product_data=\"{&quot;internal_id&quot;:7465,&quot;item_id&quot;:7465,&quot;item_name&quot;:&quot;Fertometer: misst die D\\u00fcngung und gibt Ratschl\\u00e4ge&quot;,&quot;sku&quot;:&quot;PCT030&quot;,&quot;price&quot;:25.9,&quot;stocklevel&quot;:55,&quot;stockstatus&quot;:&quot;instock&quot;,&quot;google_business_vertical&quot;:&quot;retail&quot;,&quot;item_category&quot;:&quot;Messger\\u00e4te&quot;,&quot;id&quot;:7465,&quot;productlink&quot;:&quot;https:\\\/\\\/www.plantcaretools.com\\\/de\\\/produkt\\\/messgerate\\\/fertometer-misst-die-duengung-und-gibt-ratschlaege\\\/&quot;,&quot;item_list_name&quot;:&quot;General Product List&quot;,&quot;index&quot;:0,&quot;product_type&quot;:&quot;simple&quot;,&quot;item_brand&quot;:&quot;&quot;}\"><\/span>\n\t\t\t\t<a href=\"https:\/\/www.plantcaretools.com\/de\/produkt\/messgerate\/fertometer-misst-die-duengung-und-gibt-ratschlaege\/\" class=\"wc-block-grid__product-link\">\n\t\t\t\t\t\n\t\t\t\t\t<div class=\"wc-block-grid__product-image\"><img loading=\"lazy\" decoding=\"async\" width=\"272\" height=\"272\" src=\"https:\/\/www.plantcaretools.com\/wp-content\/uploads\/2017\/08\/plantcarekit_ph_temperature_moisture_light_nutrients_plantcaretools5-272x272.jpg\" class=\"attachment-woocommerce_thumbnail size-woocommerce_thumbnail\" alt=\"Fertometer: misst die D\u00fcngung und gibt Ratschl\u00e4ge\" srcset=\"https:\/\/www.plantcaretools.com\/wp-content\/uploads\/2017\/08\/plantcarekit_ph_temperature_moisture_light_nutrients_plantcaretools5-272x272.jpg 272w, https:\/\/www.plantcaretools.com\/wp-content\/uploads\/2017\/08\/plantcarekit_ph_temperature_moisture_light_nutrients_plantcaretools5-300x300.jpg 300w, https:\/\/www.plantcaretools.com\/wp-content\/uploads\/2017\/08\/plantcarekit_ph_temperature_moisture_light_nutrients_plantcaretools5-1024x1024.jpg 1024w, https:\/\/www.plantcaretools.com\/wp-content\/uploads\/2017\/08\/plantcarekit_ph_temperature_moisture_light_nutrients_plantcaretools5-150x150.jpg 150w, https:\/\/www.plantcaretools.com\/wp-content\/uploads\/2017\/08\/plantcarekit_ph_temperature_moisture_light_nutrients_plantcaretools5-768x768.jpg 768w, https:\/\/www.plantcaretools.com\/wp-content\/uploads\/2017\/08\/plantcarekit_ph_temperature_moisture_light_nutrients_plantcaretools5-1536x1536.jpg 1536w, https:\/\/www.plantcaretools.com\/wp-content\/uploads\/2017\/08\/plantcarekit_ph_temperature_moisture_light_nutrients_plantcaretools5-2048x2048.jpg 2048w, https:\/\/www.plantcaretools.com\/wp-content\/uploads\/2017\/08\/plantcarekit_ph_temperature_moisture_light_nutrients_plantcaretools5-600x600.jpg 600w, https:\/\/www.plantcaretools.com\/wp-content\/uploads\/2017\/08\/plantcarekit_ph_temperature_moisture_light_nutrients_plantcaretools5-100x100.jpg 100w, https:\/\/www.plantcaretools.com\/wp-content\/uploads\/2017\/08\/plantcarekit_ph_temperature_moisture_light_nutrients_plantcaretools5-scaled-1200x1200-cropped.jpg 1200w\" sizes=\"auto, (max-width: 272px) 100vw, 272px\" data-wp-pid=\"20657\" \/><\/div>\n\t\t\t\t\t<div class=\"wc-block-grid__product-title\">Fertometer: misst die D\u00fcngung und gibt Ratschl\u00e4ge<\/div>\n\t\t\t\t<\/a>\n\t\t\t\t<div class=\"wc-block-grid__product-price price\"><span class=\"woocommerce-Price-amount amount\"><bdi><span class=\"woocommerce-Price-currencySymbol\">&euro;<\/span>25,90<\/bdi><\/span><\/div>\n\t\t\t\t\n\t\t\t\t\n\t\t\t<\/li><\/ul><\/div>\n<\/div><\/div>","protected":false},"excerpt":{"rendered":"<p>N\u00e4hrstoffe messen von Pflanzen kann direkt im Boden mit Einsteckmesser Das Messen der D\u00fcngung im Boden ist Voraussetzung f\u00fcr ein gutes Wachstum ihrer Pflanzen. Genau wie Menschen brauchen auch Pflanzen Nahrung. Pflanzen brauchen verschiedene D\u00fcngemittel um gut wachsen zu k\u00f6nnen und gesund zu bleiben. Fast alle Pflanzen verbrauchen relativ viel Stickstoff und Kalium. Die Aufnahme [&hellip;]<\/p>\n","protected":false},"author":1,"featured_media":0,"parent":0,"menu_order":0,"comment_status":"closed","ping_status":"closed","template":"","meta":{"_acf_changed":false,"footnotes":""},"class_list":["post-4016","page","type-page","status-publish","hentry"],"blocksy_meta":{"page_title_panel":"","has_hero_section":"disabled","b0bcf61a477b44d34d3f466147a584bb":"","hero_section":"type-1","hero_elements":[{"id":"custom_title","enabled":false,"heading_tag":"h1","title":"Home","__id":"Y6khUB4gAGdZZFZBz_AR5"},{"id":"custom_description","enabled":false,"description_visibility":{"desktop":true,"tablet":true,"mobile":false},"__id":"Zx4PulaiwG6cVdABGw_Xi"},{"id":"custom_meta","enabled":false,"meta_elements":[{"id":"author","enabled":true,"label":"By","has_author_avatar":"yes","avatar_size":25},{"id":"post_date","enabled":true,"label":"On","date_format_source":"default","date_format":"M j, Y"},{"id":"comments","enabled":true}],"page_meta_elements":{"joined":true,"articles_count":true,"comments":true},"__id":"CaQRZzZbK6gV7jH42pGx-"},{"id":"breadcrumbs","enabled":false,"__id":"_B7WbyQ_9ZZQZlxQCAptJ"}],"6a86d140dec4159912641ae246b7801e":"","hero_alignment1":"left","hero_alignment2":"center","hero_vertical_alignment":"center","41aa13d1fed6ffecd364c2a39a774aca":"","hero_structure":"narrow","b340154c4a3bba02ca0c20ad330341b4":"","page_title_bg_type":"featured_image","custom_hero_background":{"attachment_id":null},"parallax":{"desktop":false,"tablet":false,"mobile":false},"44e6f3202a53661b006d1325e23c4ee4":"","hero_height":"250px","pageTitleFont":{"family":"Default","variation":"Default","size":{"desktop":"32px","tablet":"30px","mobile":"25px"},"line-height":"CT_CSS_SKIP_RULE","letter-spacing":"CT_CSS_SKIP_RULE","text-transform":"CT_CSS_SKIP_RULE","text-decoration":"CT_CSS_SKIP_RULE"},"pageTitleFontColor":{"default":{"color":"CT_CSS_SKIP_RULEDEFAULT"}},"pageMetaFont":{"family":"Default","variation":"n6","size":"12px","line-height":"1.3","letter-spacing":"CT_CSS_SKIP_RULE","text-transform":"uppercase","text-decoration":"CT_CSS_SKIP_RULE"},"pageMetaFontColor":{"default":{"color":"CT_CSS_SKIP_RULEDEFAULT"},"hover":{"color":"CT_CSS_SKIP_RULEDEFAULT"}},"pageExcerptFont":{"family":"Default","variation":"Default","size":"CT_CSS_SKIP_RULE","line-height":"CT_CSS_SKIP_RULE","letter-spacing":"CT_CSS_SKIP_RULE","text-transform":"CT_CSS_SKIP_RULE","text-decoration":"CT_CSS_SKIP_RULE"},"pageExcerptColor":{"default":{"color":"CT_CSS_SKIP_RULEDEFAULT"}},"breadcrumbsFont":{"family":"Default","variation":"n6","size":"12px","line-height":"CT_CSS_SKIP_RULE","letter-spacing":"CT_CSS_SKIP_RULE","text-transform":"uppercase","text-decoration":"CT_CSS_SKIP_RULE"},"breadcrumbsFontColor":{"default":{"color":"CT_CSS_SKIP_RULEDEFAULT"},"initial":{"color":"CT_CSS_SKIP_RULEDEFAULT"},"hover":{"color":"CT_CSS_SKIP_RULEDEFAULT"}},"pageTitleOverlay":{"default":{"color":"CT_CSS_SKIP_RULE"}},"pageTitleBackground":{"background_type":"color","background_pattern":"type-1","background_image":{"attachment_id":null,"x":0,"y":0},"gradient":"linear-gradient(135deg,rgba(6,147,227,1) 0%,rgb(155,81,224) 100%)","background_repeat":"no-repeat","background_size":"auto","background_attachment":"scroll","patternColor":{"default":{"color":"#e5e7ea"}},"overlayColor":{"default":{"color":"CT_CSS_SKIP_RULE"}},"backgroundColor":{"default":{"color":"#EDEFF2"}}},"92d328a8166542dcbd3c70976a79e6fb":"","page_structure_type":"default","content_style":"inherit","vertical_spacing_source":"custom","content_area_spacing":"none","background":{"background_type":"color","background_pattern":"type-1","background_image":{"attachment_id":null,"x":0,"y":0},"gradient":"linear-gradient(135deg,rgba(6,147,227,1) 0%,rgb(155,81,224) 100%)","background_repeat":"no-repeat","background_size":"auto","background_attachment":"scroll","patternColor":{"default":{"color":"#e5e7ea"}},"overlayColor":{"default":{"color":"CT_CSS_SKIP_RULE"}},"backgroundColor":{"default":{"color":"CT_CSS_SKIP_RULE"}}},"content_background":{"background_type":"color","background_pattern":"type-1","background_image":{"attachment_id":null,"x":0,"y":0},"gradient":"linear-gradient(135deg,rgba(6,147,227,1) 0%,rgb(155,81,224) 100%)","background_repeat":"no-repeat","background_size":"auto","background_attachment":"scroll","patternColor":{"default":{"color":"#e5e7ea"}},"overlayColor":{"default":{"color":"CT_CSS_SKIP_RULE"}},"backgroundColor":{"default":{"color":"#ffffff"}}},"content_boxed_shadow":{"inherit":false,"blur":18,"spread":-6,"v_offset":12,"h_offset":0,"inset":false,"enable":true,"color":{"color":"rgba(34, 56, 101, 0.04)"}},"boxed_content_spacing":{"desktop":{"top":"40px","bottom":"40px","left":"40px","right":"40px","linked":true},"tablet":{"top":"35px","bottom":"35px","left":"35px","right":"35px","linked":true},"mobile":{"top":"20px","bottom":"20px","left":"20px","right":"20px","linked":true}},"content_boxed_radius":{"top":"3px","bottom":"3px","left":"3px","right":"3px","linked":true},"43724777f327b8931e8a2e0911cc6c52":"","disable_featured_image":"no","disable_header":"no","disable_footer":"no","3d43cf42515988c9004c52682b561440":"","d7604e7cb081bb659235ddc693d1da2d":"","hero_margin":{"desktop":"0","tablet":"0","mobile":"0","__changed":["mobile","tablet"]},"991a08045a14defff12390aff3a02d32":"","51a391c3170f49d078acc81826ddb351":"","9bcda35d13d6daea61cfad48e28d02e5":"","99b57b262e58f32660aaaa446b5f0b3c":"","95bdde3f5896f81b81883487140c520b":"","e020ebdedb0cb46b220928a4ebf7c0e5":"","47dd6dd73fcaac5d8363dd0a495159d6":"","873067bb6ab052f125371292b1ff7042":"","30620d1392afbd268c4c8dab82936123":"","a43688002e299611e44867a622ea70a0":"","4561e524d1adc49f2211bb560dc1cfc7":"","98a2f2fa0f1a02bdbc9f3b91cf2e4c06":"","1b8d0da3c48da055c34d7a83cdc91efa":"","36c76191ea6552ba5d7915c365e02ea4":"","bc8bd2f8f09309b34c7cd4d4f9b67717":"","0c7aa27137ffcdc65a77ce5f0c6e3928":"","8e89f5e8dfab363fe226a4e15c0bc4b4":"","f259a7341fc8f0f945501cdbb177bea7":"","183af9cd95f5720580abac239d1f1d05":"","ff343b6b7fa7f212f31373007485c729":"","96b44615bdbd5fecbcad729d98e17b18":"","fca6c23d3766460c5611872e7ad3cfa4":"","3d38b368984a097694aaed50e20dc609":"","d4e8a2923dcb3b4344d96aab244bf290":"","e471ebd3ea3fc7f242998a938c0fc7ac":"","c3bdf554de46a0788dbfd2d90ce4e6cf":"","ab1285c431759881cacea149314413d6":"","1453aad95c3f9f179cdc61c7a9ce2727":"","651a3fafeee39709b177fa7406c074eb":"","813f802b6b7d32878eefefe8a9b0683b":"","dd169c567080afe08a2a56a86ff6efaa":"","4916d94fa5100507f1f60356e0083290":"","04147a29052df8c47b6c3bd0a46ba2d7":"","19157a5a7240ed0911b475a44048671f":"","a96a589d95db7985a9b206cd4b4efeda":"","6759e28a5c7128fa70987f54aa92c0fe":"","ffdbb892ad159b98b3b9d7c299b39391":"","91c23c449a2c2aaeee79733479fd7959":"","pageTitlePadding":{"top":"50px","bottom":"50px","left":"auto","right":"auto","linked":true},"7bfe8e73eb9a38d5c47bedf28240f46b":"","9db0d72e6c7415998c4f2733821ab558":"","3f17dbdecf13ddba4d89b4476a374765":"","header_footer_scripts_panel":"","header_scripts":"","da78c8ee08ae13353f6666eacf95eb67":"","header_after_body_scripts":"","9655d8a4a01531b22f13ed7d1d8e6d47":"","footer_scripts":"","styles_descriptor":{"styles":{"desktop":"","tablet":"","mobile":""},"google_fonts":[],"version":6}},"acf":[],"yoast_head":"<!-- This site is optimized with the Yoast SEO Premium plugin v26.1 (Yoast SEO v27.3) - https:\/\/yoast.com\/product\/yoast-seo-premium-wordpress\/ -->\n<title>N\u00e4hrstoffe messen im Boden - Plant Care Tools<\/title>\n<meta name=\"description\" content=\"Informationen \u00fcber N\u00e4hrstoffe messen im Boden finden Sie hier. Plant Care Tools ist der Webshop f\u00fcr alle Messger\u00e4te in und um Ihren Garten\" \/>\n<meta name=\"robots\" content=\"index, follow, max-snippet:-1, max-image-preview:large, max-video-preview:-1\" \/>\n<link rel=\"canonical\" href=\"https:\/\/www.plantcaretools.com\/de\/nahrstoffe-messen-boden\/\" \/>\n<script type=\"application\/ld+json\" class=\"yoast-schema-graph\">{\"@context\":\"https:\\\/\\\/schema.org\",\"@graph\":[{\"@type\":\"BreadcrumbList\",\"@id\":\"https:\\\/\\\/www.plantcaretools.com\\\/de\\\/nahrstoffe-messen-boden\\\/#breadcrumb\",\"itemListElement\":[{\"@type\":\"ListItem\",\"position\":1,\"name\":\"Home\",\"item\":\"https:\\\/\\\/www.plantcaretools.com\\\/de\\\/\"},{\"@type\":\"ListItem\",\"position\":2,\"name\":\"N\u00e4hrstoffe messen im Boden\"}]}]}<\/script>\n<!-- \/ Yoast SEO Premium plugin. -->","yoast_head_json":{"title":"N\u00e4hrstoffe messen im Boden - Plant Care Tools","description":"Informationen \u00fcber N\u00e4hrstoffe messen im Boden finden Sie hier. Plant Care Tools ist der Webshop f\u00fcr alle Messger\u00e4te in und um Ihren Garten","robots":{"index":"index","follow":"follow","max-snippet":"max-snippet:-1","max-image-preview":"max-image-preview:large","max-video-preview":"max-video-preview:-1"},"canonical":"https:\/\/www.plantcaretools.com\/de\/nahrstoffe-messen-boden\/","schema":{"@context":"https:\/\/schema.org","@graph":[{"@type":"BreadcrumbList","@id":"https:\/\/www.plantcaretools.com\/de\/nahrstoffe-messen-boden\/#breadcrumb","itemListElement":[{"@type":"ListItem","position":1,"name":"Home","item":"https:\/\/www.plantcaretools.com\/de\/"},{"@type":"ListItem","position":2,"name":"N\u00e4hrstoffe messen im Boden"}]}]}},"jetpack_sharing_enabled":true,"_links":{"self":[{"href":"https:\/\/www.plantcaretools.com\/de\/wp-json\/wp\/v2\/pages\/4016","targetHints":{"allow":["GET"]}}],"collection":[{"href":"https:\/\/www.plantcaretools.com\/de\/wp-json\/wp\/v2\/pages"}],"about":[{"href":"https:\/\/www.plantcaretools.com\/de\/wp-json\/wp\/v2\/types\/page"}],"author":[{"embeddable":true,"href":"https:\/\/www.plantcaretools.com\/de\/wp-json\/wp\/v2\/users\/1"}],"replies":[{"embeddable":true,"href":"https:\/\/www.plantcaretools.com\/de\/wp-json\/wp\/v2\/comments?post=4016"}],"version-history":[{"count":10,"href":"https:\/\/www.plantcaretools.com\/de\/wp-json\/wp\/v2\/pages\/4016\/revisions"}],"predecessor-version":[{"id":14523,"href":"https:\/\/www.plantcaretools.com\/de\/wp-json\/wp\/v2\/pages\/4016\/revisions\/14523"}],"wp:attachment":[{"href":"https:\/\/www.plantcaretools.com\/de\/wp-json\/wp\/v2\/media?parent=4016"}],"curies":[{"name":"wp","href":"https:\/\/api.w.org\/{rel}","templated":true}]}}