{"id":14252,"date":"2023-01-08T11:36:54","date_gmt":"2023-01-08T10:36:54","guid":{"rendered":"https:\/\/www.plantcaretools.com\/unkategorisiert\/organische-meststoffen-met-bodemverbeteraars-voor-potplanten\/"},"modified":"2025-10-30T20:24:10","modified_gmt":"2025-10-30T19:24:10","slug":"organische-duengemittel-mit-bodenverbesserungsmitteln-fuer-topfpflanzen-2","status":"publish","type":"product","link":"https:\/\/www.plantcaretools.com\/de\/produkt\/dungemittel\/organische-duengemittel-mit-bodenverbesserungsmitteln-fuer-topfpflanzen-2\/","title":{"rendered":"Organische D\u00fcngemittel mit Bodenverbesserungsmitteln f\u00fcr Topfpflanzen &#8211; Soil Sup"},"content":{"rendered":"<h2>Die Natur selbst hat den Drang zu \u00fcberleben und sich selbst zu verwalten. Der Mensch wird gelegentlich eingreifen m\u00fcssen, um die Regeln der Natur zu befolgen. Daher ist es gut, der Natur zu helfen, indem man die richtigen Bedingungen schafft.<\/h2>\n<p>Dies gilt zum Beispiel f\u00fcr das Wohnumfeld einer Topfpflanze, denn eine Topfpflanze hat einen eingeschr\u00e4nkten Zugang zu Wasser und N\u00e4hrstoffen. Wenn wir die N\u00e4hrstoffe nicht regelm\u00e4\u00dfig auff\u00fcllen, wird die Pflanze Schwierigkeiten haben, gut zu wachsen und gesund zu bleiben. Mit dem Soil Sup Organische D\u00fcngemittel mit Bodenverbesserungsmitteln ist es m\u00f6glich, Ihre Pflanzen in Top-Zustand zu halten.<\/p>\n<p>Soil Sup ist ein Bodenerg\u00e4nzungsmittel mit organischen D\u00fcngemitteln und Bodenverbessernden f\u00fcr Topfpflanzen. Der Betrieb ist 3-fach. Die Pflanze erh\u00e4lt N\u00e4hrstoffe, das Wurzelwachstum wird gef\u00f6rdert und das Bodenleben verbessert. Funktioniert f\u00fcr 6 Monate bis 1 Jahr.<\/p>\n<p>Der Inhalt sind 10 Soil Sups pro Packung (<a href=\"https:\/\/www.plantcaretools.com\/de\/produkt\/dungemittel\/organische-duengemittel-mit-bodenverbesserungsmitteln-fuer-topfpflanzen\/\">auch im 2er Pack erh\u00e4ltlich<\/a>).<\/p>\n<p>Machen Sie ein Loch in die Erde und stecken Sie den Soil Sup 5 cm tief in die Erde in der N\u00e4he der Pflanze. Gie\u00df die Pflanze. Nach maximal 1 Jahr wiederholen. Verwenden Sie 1-2 Soil Sups f\u00fcr T\u00f6pfe mit einem Durchmesser von 10-25 cm, 3-5 Soil Sups f\u00fcr T\u00f6pfe mit einem Durchmesser von 25-40 cm und 6-8 Soil Sups f\u00fcr T\u00f6pfe mit einem Durchmesser von 40-50 cm.<\/p>\n<p>Die Soil Sups bestehen aus vollkommen nat\u00fcrlichen und biologischen Inhaltsstoffen. Gut f\u00fcr Pflanzen und den Planeten! Um die Nachhaltigkeit zu f\u00f6rdern und ein optimales Ergebnis zu erzielen, wurden 100% organische D\u00fcngemittel und keine Kunstd\u00fcnger gew\u00e4hlt. D\u00fcnger ist buchst\u00e4blich k\u00fcnstliche Pflanzennahrung und hat eine chemische Zusammensetzung.<\/p>\n<p>Die Produktion von D\u00fcngemitteln verursacht hohe CO2-Emissionen. Au\u00dferdem ist es sehr salzhaltig, was das nat\u00fcrliche Gleichgewicht und das Bodenleben der Pflanzen st\u00f6rt. Die Pflanze wird so schnell wachsen, dass die Wurzeln keine Zeit haben, sich richtig zu entwickeln. Das macht die Pflanze schwach und anf\u00e4llig f\u00fcr Krankheiten.<\/p>\n<p><strong>Die Vorteile der Soil Sups Organische D\u00fcngemittel mit Bodenverbesserungsmitteln zusammengefasst:<\/strong><\/p>\n<ul>\n<li>Enth\u00e4lt viele Mineralien und n\u00fctzliche Bodenbakterien;<\/li>\n<li>Wird schnell in den Boden aufgenommen;<\/li>\n<li>Einfach zu dosieren, da das Soil Sup in Form einer Tablette hergestellt wird;<\/li>\n<li>Langzeitwirkung zwischen 6 und 12 Monaten (je nach Pflanzengr\u00f6\u00dfe;<\/li>\n<li>Die Wurzeln werden gest\u00e4rkt, was zu einer stressresistenten Pflanze f\u00fchrt;<\/li>\n<li>Die Verpackung ist langlebig und hat eine hohe Feuchtigkeitsbarriere.<\/li>\n<\/ul>\n<p>Wir verkaufen auch <a href=\"https:\/\/www.plantcaretools.com\/de\/produkt\/dungemittel\/organischer-wurmkompost\/\">organischen Wurmd\u00fcnger<\/a> in unserem Webshop.<\/p>\n","protected":false},"excerpt":{"rendered":"<h2>Soil Sup ist ein Erderg\u00e4nzungsmittel mit 100 % organischen D\u00fcngemitteln und Bodenverbessernden f\u00fcr Topfpflanzen mit 3-facher Wirkung.<\/h2>\n<p>Die Pflanze erh\u00e4lt D\u00fcnger, die Wurzeln werden gest\u00e4rkt und das Bodenleben gef\u00f6rdert.<\/p>\n<p>Es gibt 10 Soil Sups in der Packung. <a href=\"https:\/\/www.plantcaretools.com\/de\/produkt\/dungemittel\/organische-duengemittel-mit-bodenverbesserungsmitteln-fuer-topfpflanzen\/\">Ein Paket mit 2 St\u00fcck<\/a> ist auch in unserem Webshop erh\u00e4ltlich.<\/p>\n","protected":false},"featured_media":16775,"comment_status":"open","ping_status":"closed","template":"","meta":{"_acf_changed":false},"product_brand":[],"product_cat":[118],"product_tag":[],"class_list":{"0":"post-14252","1":"product","2":"type-product","3":"status-publish","4":"has-post-thumbnail","6":"product_cat-dungemittel","8":"first","9":"outofstock","10":"taxable","11":"shipping-taxable","12":"purchasable","13":"product-type-simple"},"acf":[],"yoast_head":"<!-- This site is optimized with the Yoast SEO Premium plugin v26.1 (Yoast SEO v27.3) - https:\/\/yoast.com\/product\/yoast-seo-premium-wordpress\/ -->\n<title>Organische D\u00fcngemittel mit Bodenverbesserungsmitteln - Soil Sup<\/title>\n<meta name=\"description\" content=\"Bodenerg\u00e4nzung f\u00fcr Topfpflanzen mit organischem D\u00fcnger und 3-fach Wirkung. Enth\u00e4lt N\u00e4hrstoffe und Bodenverbessernden. F\u00f6rdert auch das Wurzelwachstum\" \/>\n<meta name=\"robots\" content=\"index, follow, max-snippet:-1, max-image-preview:large, max-video-preview:-1\" \/>\n<link rel=\"canonical\" href=\"https:\/\/www.plantcaretools.com\/de\/produkt\/dungemittel\/organische-duengemittel-mit-bodenverbesserungsmitteln-fuer-topfpflanzen-2\/\" \/>\n<script type=\"application\/ld+json\" class=\"yoast-schema-graph\">{\"@context\":\"https:\\\/\\\/schema.org\",\"@graph\":[{\"@type\":\"BreadcrumbList\",\"@id\":\"https:\\\/\\\/www.plantcaretools.com\\\/de\\\/produkt\\\/dungemittel\\\/organische-duengemittel-mit-bodenverbesserungsmitteln-fuer-topfpflanzen-2\\\/#breadcrumb\",\"itemListElement\":[{\"@type\":\"ListItem\",\"position\":1,\"name\":\"Home\",\"item\":\"https:\\\/\\\/www.plantcaretools.com\\\/de\\\/\"},{\"@type\":\"ListItem\",\"position\":2,\"name\":\"Produkte\",\"item\":\"https:\\\/\\\/www.plantcaretools.com\\\/de\\\/produkte\\\/\"},{\"@type\":\"ListItem\",\"position\":3,\"name\":\"Organische D\u00fcngemittel mit Bodenverbesserungsmitteln f\u00fcr Topfpflanzen &#8211; Soil Sup\"}]}]}<\/script>\n<!-- \/ Yoast SEO Premium plugin. -->","yoast_head_json":{"title":"Organische D\u00fcngemittel mit Bodenverbesserungsmitteln - Soil Sup","description":"Bodenerg\u00e4nzung f\u00fcr Topfpflanzen mit organischem D\u00fcnger und 3-fach Wirkung. Enth\u00e4lt N\u00e4hrstoffe und Bodenverbessernden. F\u00f6rdert auch das Wurzelwachstum","robots":{"index":"index","follow":"follow","max-snippet":"max-snippet:-1","max-image-preview":"max-image-preview:large","max-video-preview":"max-video-preview:-1"},"canonical":"https:\/\/www.plantcaretools.com\/de\/produkt\/dungemittel\/organische-duengemittel-mit-bodenverbesserungsmitteln-fuer-topfpflanzen-2\/","schema":{"@context":"https:\/\/schema.org","@graph":[{"@type":"BreadcrumbList","@id":"https:\/\/www.plantcaretools.com\/de\/produkt\/dungemittel\/organische-duengemittel-mit-bodenverbesserungsmitteln-fuer-topfpflanzen-2\/#breadcrumb","itemListElement":[{"@type":"ListItem","position":1,"name":"Home","item":"https:\/\/www.plantcaretools.com\/de\/"},{"@type":"ListItem","position":2,"name":"Produkte","item":"https:\/\/www.plantcaretools.com\/de\/produkte\/"},{"@type":"ListItem","position":3,"name":"Organische D\u00fcngemittel mit Bodenverbesserungsmitteln f\u00fcr Topfpflanzen &#8211; Soil Sup"}]}]}},"jetpack_sharing_enabled":true,"_links":{"self":[{"href":"https:\/\/www.plantcaretools.com\/de\/wp-json\/wp\/v2\/product\/14252","targetHints":{"allow":["GET"]}}],"collection":[{"href":"https:\/\/www.plantcaretools.com\/de\/wp-json\/wp\/v2\/product"}],"about":[{"href":"https:\/\/www.plantcaretools.com\/de\/wp-json\/wp\/v2\/types\/product"}],"replies":[{"embeddable":true,"href":"https:\/\/www.plantcaretools.com\/de\/wp-json\/wp\/v2\/comments?post=14252"}],"wp:featuredmedia":[{"embeddable":true,"href":"https:\/\/www.plantcaretools.com\/de\/wp-json\/wp\/v2\/media\/16775"}],"wp:attachment":[{"href":"https:\/\/www.plantcaretools.com\/de\/wp-json\/wp\/v2\/media?parent=14252"}],"wp:term":[{"taxonomy":"product_brand","embeddable":true,"href":"https:\/\/www.plantcaretools.com\/de\/wp-json\/wp\/v2\/product_brand?post=14252"},{"taxonomy":"product_cat","embeddable":true,"href":"https:\/\/www.plantcaretools.com\/de\/wp-json\/wp\/v2\/product_cat?post=14252"},{"taxonomy":"product_tag","embeddable":true,"href":"https:\/\/www.plantcaretools.com\/de\/wp-json\/wp\/v2\/product_tag?post=14252"}],"curies":[{"name":"wp","href":"https:\/\/api.w.org\/{rel}","templated":true}]}}