{"id":15320,"date":"2023-08-03T15:14:30","date_gmt":"2023-08-03T13:14:30","guid":{"rendered":"https:\/\/www.plantcaretools.com\/?post_type=product&#038;p=15320"},"modified":"2025-09-17T09:11:25","modified_gmt":"2025-09-17T07:11:25","slug":"rainpoint-digitaler-wasserzaehler-wasseruhr-fuer-garten","status":"publish","type":"product","link":"https:\/\/www.plantcaretools.com\/de\/produkt\/bewasserungssysteme\/rainpoint-digitaler-wasserzaehler-wasseruhr-fuer-garten\/","title":{"rendered":"Rainpoint digitaler Wasserz\u00e4hler, Wasseruhr f\u00fcr Garten"},"content":{"rendered":"<h2>Rainpoint digitaler Wasserz\u00e4hler, Wasseruhr f\u00fcr Garten<\/h2>\n<p>Halten Sie die kleinen Griffe an der Seite des Bildschirms fest und ziehen Sie den Bildschirm heraus. Nehmen Sie die Batterieabdeckung heraus und legen Sie die CR2032-Batterie (wird mitgeliefert) ein. Bringen Sie die Abdeckung wieder an und das Messger\u00e4t ist einsatzbereit. Sie k\u00f6nnen es \u00fcberpr\u00fcfen, indem Sie auf den Knopf dr\u00fccken und die vier Modi der Wasserdurchfluss-Informationen nacheinander ablesen. Der Rainpoint digitaler Wasserz\u00e4hler, Wasseruhr f\u00fcr Garten wechselt nach 1 Minute automatisch in den Ruhemodus, um die Batterie zu schonen. Der Anschluss an der Seite, an der Sie den Schlauch anschlie\u00dfen, ist nicht im Lieferumfang enthalten (an dieser Seite verwenden Sie den Anschluss, der in den meisten F\u00e4llen bereits am Schlauch installiert ist).<\/p>\n<p>Auf der anderen Seite des Messger\u00e4ts ist das Verbindungsst\u00fcck im Lieferumfang enthalten. Auf dieser Seite werden Sie einen Sprinkler, eine D\u00fcse usw. installieren. Mit der gelben Taste k\u00f6nnen Sie jederzeit zwischen den 4 Modi umschalten. Wenn Sie die Taste im Auto-Modus 2 Sekunden lang gedr\u00fcckt halten, k\u00f6nnen Sie zwischen Litern und Gallonen umschalten. Wenn Sie die Taste in den anderen 3 Modi 2 Sekunden lang gedr\u00fcckt halten, werden diese Modi auf \u201c0\u201c zur\u00fcckgesetzt. Das Messger\u00e4t ist wasserdicht (IPX6), kann aber nicht in Wasser getaucht werden. Um m\u00f6glichst genaue Messungen zu erhalten, empfehlen wir, den Wasserhahn immer ganz zu offnen.<\/p>\n<p>-Wasserdicht IPX6 (Nicht in Wasser tauchen !)<br \/>\n-Wasserdurchfluss: 1 &#8211; 40 L\/min.<br \/>\n-Max. Wasserverbrauch, den das Display anzeigen kann: 9.999,90L<br \/>\n-Arbeitsdruck: 0,5 bar &#8211; 8 bar<br \/>\n-Durchfluss Max: 2400 L\/H<br \/>\n-Messtoleranz: zwischen minus 5% und plus 5%<\/p>\n<p>&nbsp;<\/p>\n<p>&nbsp;<\/p>\n","protected":false},"excerpt":{"rendered":"<p><strong>Der Rainpoint digitaler Wasserz\u00e4hler hilft Wasser zu sparen, und ist dank des eingebauten modernen Hall-Sensors sehr genau. Vier Modi zur Kontrolle, um R\u00e4tselraten zu vermeiden und \u00dcberbew\u00e4sserung zu verhindern. Einfach einzurichten und benutzerfreundlich. Jetzt im August 20% Rabatt !<\/strong><\/p>\n<p>Genau wissen, wie viel Wasser Sie im Garten verbrauchen. Auch sehr n\u00fctzlich, um die Wassermenge zu messen, die Sie zum Auff\u00fcllen des Wassertanks eines Bootes, eines Wohnmobils, zum F\u00fcllen Ihres Pools usw. verwenden. Der Durchflussmesser misst nicht nur die tats\u00e4chliche Durchflussmenge (= Durchflussmodus in L\/Min.) und den Verbrauch (= Verbrauchsmodus in L), sondern auch den t\u00e4glichen Durchschnittswasserverbrauch der letzten 7 Tage (= Durchschnittsmodus) und den kumulierten Gesamtwasserverbrauch (= Gesamtmodus). Einfach zu bedienen mit nur 1 Taste. Der Z\u00e4hler wird mit einer CR2032-Batterie (im Lieferumfang enthalten) betrieben, die etwa ein Jahr lang h\u00e4lt und eine Anzeige f\u00fcr schwache Batterien hat. Es wird mit einer Bedienungsanleitung in Deutsch geliefert.<\/p>\n","protected":false},"featured_media":15264,"comment_status":"open","ping_status":"closed","template":"","meta":{"_acf_changed":false},"product_brand":[],"product_cat":[107,104],"product_tag":[],"class_list":{"0":"post-15320","1":"product","2":"type-product","3":"status-publish","4":"has-post-thumbnail","6":"product_cat-bewasserungssysteme","7":"product_cat-sonderangebote","9":"first","10":"instock","11":"sale","12":"taxable","13":"shipping-taxable","14":"purchasable","15":"product-type-simple"},"acf":[],"yoast_head":"<!-- This site is optimized with the Yoast SEO Premium plugin v26.1 (Yoast SEO v27.3) - https:\/\/yoast.com\/product\/yoast-seo-premium-wordpress\/ -->\n<title>Rainpoint digitaler Wasserz\u00e4hler, Wasseruhr f\u00fcr Garten - Plant Care Tools<\/title>\n<meta name=\"description\" content=\"Rainpoint digitaler Wasserz\u00e4hler. Dieser Wasserz\u00e4hler hilft Wasser zu sparen, und ist dank des eingebauten modernen Hall-Sensors sehr genau\" \/>\n<meta name=\"robots\" content=\"index, follow, max-snippet:-1, max-image-preview:large, max-video-preview:-1\" \/>\n<link rel=\"canonical\" href=\"https:\/\/www.plantcaretools.com\/de\/produkt\/bewasserungssysteme\/rainpoint-digitaler-wasserzaehler-wasseruhr-fuer-garten\/\" \/>\n<script type=\"application\/ld+json\" class=\"yoast-schema-graph\">{\"@context\":\"https:\\\/\\\/schema.org\",\"@graph\":[{\"@type\":\"BreadcrumbList\",\"@id\":\"https:\\\/\\\/www.plantcaretools.com\\\/de\\\/produkt\\\/bewasserungssysteme\\\/rainpoint-digitaler-wasserzaehler-wasseruhr-fuer-garten\\\/#breadcrumb\",\"itemListElement\":[{\"@type\":\"ListItem\",\"position\":1,\"name\":\"Home\",\"item\":\"https:\\\/\\\/www.plantcaretools.com\\\/de\\\/\"},{\"@type\":\"ListItem\",\"position\":2,\"name\":\"Produkte\",\"item\":\"https:\\\/\\\/www.plantcaretools.com\\\/de\\\/produkte\\\/\"},{\"@type\":\"ListItem\",\"position\":3,\"name\":\"Rainpoint digitaler Wasserz\u00e4hler, Wasseruhr f\u00fcr Garten\"}]}]}<\/script>\n<!-- \/ Yoast SEO Premium plugin. -->","yoast_head_json":{"title":"Rainpoint digitaler Wasserz\u00e4hler, Wasseruhr f\u00fcr Garten - Plant Care Tools","description":"Rainpoint digitaler Wasserz\u00e4hler. Dieser Wasserz\u00e4hler hilft Wasser zu sparen, und ist dank des eingebauten modernen Hall-Sensors sehr genau","robots":{"index":"index","follow":"follow","max-snippet":"max-snippet:-1","max-image-preview":"max-image-preview:large","max-video-preview":"max-video-preview:-1"},"canonical":"https:\/\/www.plantcaretools.com\/de\/produkt\/bewasserungssysteme\/rainpoint-digitaler-wasserzaehler-wasseruhr-fuer-garten\/","schema":{"@context":"https:\/\/schema.org","@graph":[{"@type":"BreadcrumbList","@id":"https:\/\/www.plantcaretools.com\/de\/produkt\/bewasserungssysteme\/rainpoint-digitaler-wasserzaehler-wasseruhr-fuer-garten\/#breadcrumb","itemListElement":[{"@type":"ListItem","position":1,"name":"Home","item":"https:\/\/www.plantcaretools.com\/de\/"},{"@type":"ListItem","position":2,"name":"Produkte","item":"https:\/\/www.plantcaretools.com\/de\/produkte\/"},{"@type":"ListItem","position":3,"name":"Rainpoint digitaler Wasserz\u00e4hler, Wasseruhr f\u00fcr Garten"}]}]}},"jetpack_sharing_enabled":true,"_links":{"self":[{"href":"https:\/\/www.plantcaretools.com\/de\/wp-json\/wp\/v2\/product\/15320","targetHints":{"allow":["GET"]}}],"collection":[{"href":"https:\/\/www.plantcaretools.com\/de\/wp-json\/wp\/v2\/product"}],"about":[{"href":"https:\/\/www.plantcaretools.com\/de\/wp-json\/wp\/v2\/types\/product"}],"replies":[{"embeddable":true,"href":"https:\/\/www.plantcaretools.com\/de\/wp-json\/wp\/v2\/comments?post=15320"}],"wp:featuredmedia":[{"embeddable":true,"href":"https:\/\/www.plantcaretools.com\/de\/wp-json\/wp\/v2\/media\/15264"}],"wp:attachment":[{"href":"https:\/\/www.plantcaretools.com\/de\/wp-json\/wp\/v2\/media?parent=15320"}],"wp:term":[{"taxonomy":"product_brand","embeddable":true,"href":"https:\/\/www.plantcaretools.com\/de\/wp-json\/wp\/v2\/product_brand?post=15320"},{"taxonomy":"product_cat","embeddable":true,"href":"https:\/\/www.plantcaretools.com\/de\/wp-json\/wp\/v2\/product_cat?post=15320"},{"taxonomy":"product_tag","embeddable":true,"href":"https:\/\/www.plantcaretools.com\/de\/wp-json\/wp\/v2\/product_tag?post=15320"}],"curies":[{"name":"wp","href":"https:\/\/api.w.org\/{rel}","templated":true}]}}