{"id":16559,"date":"2023-08-16T18:01:09","date_gmt":"2023-08-16T16:01:09","guid":{"rendered":"https:\/\/www.plantcaretools.com\/?post_type=product&#038;p=16559"},"modified":"2025-05-18T18:44:08","modified_gmt":"2025-05-18T16:44:08","slug":"grow-lampen-80-leds-und-300-leds-e27-fassung-rotes-und-blaues-licht-wichtig-fuer-die-optimierung-von-wachstum-und-bluete","status":"publish","type":"product","link":"https:\/\/www.plantcaretools.com\/de\/produkt\/wachstumplampen-fur-pflanzen-und-wifi-lampen\/grow-lampen-80-leds-und-300-leds-e27-fassung-rotes-und-blaues-licht-wichtig-fuer-die-optimierung-von-wachstum-und-bluete\/","title":{"rendered":"Grow-Lampen 80 LEDS und 300 LEDS, E27-Fassung"},"content":{"rendered":"<p><strong>Grow-Lampen 80 LEDS und 300 LEDS, E27-Fassung<\/strong><\/p>\n<p><span style=\"font-weight: 400;\">Diese Grow-Lampen mit einer Auswahl von 80 LEDS oder 300 LEDS tragen zu einer optimalen Wachstumsbeleuchtung bei. Die Lampen werden oft in Gew\u00e4chsh\u00e4usern oder Hydrokulturen verwendet.\u00a0<\/span><span class=\"Y2IQFc\" lang=\"de\">Aber auch besonders geeignet f\u00fcr den Einsatz zu Hause f\u00fcr Ihre Zimmerpflanzen in einer dunklen Ecke oder um Ihren Zimmerpflanzen im Winter zus\u00e4tzlichen Schwung zu geben. Auch der Anbau junger Pflanzen geht viel schneller, wenn Sie Wachstumslampen verwenden.<\/span><\/p>\n<p><span style=\"font-weight: 400;\">Pflanzen brauchen ausreichend Licht f\u00fcr eine optimale Photosynthese. Grow-Lampen sorgen f\u00fcr zus\u00e4tzliches Licht, wenn die Pflanze zu dunkel ist, oder f\u00fcr ein schnelleres Wachstum w\u00e4hrend der Keimung und der Aufzucht sowie in der Wachstums- und Bl\u00fctephase. Sie werden auch h\u00e4ufig in Gew\u00e4chsh\u00e4usern oder beim Hydrokulturanbau eingesetzt. Die wichtigsten Farben des Lichtspektrums zur F\u00f6rderung der Photosynthese sind blaues und vor allem rotes Licht. Wegen ihres geringen Energieverbrauchs werden heutzutage fast ausschlie\u00dflich LED-Leuchten verwendet. Wir verkaufen Growlampen mit 80 LEDS und mit 300 LEDS. Um Ihr optimales Wachstumslicht selbst zusammenzustellen, verkaufen wir in unserem Webshop auch Adapter f\u00fcr Lampen mit einem E27-Anschluss. Sie k\u00f6nnen zwischen einem Adapter f\u00fcr 3 Growlampen oder einem Adapter f\u00fcr 5 Growlampen w\u00e4hlen. Der Adapter f\u00fcr 3 Lampen ist sowohl f\u00fcr die Lampe mit 80 LEDS als auch f\u00fcr die Lampe mit 300 LEDS geeignet. Der Adapter f\u00fcr 5 Growlampen ist nur f\u00fcr die Growlampe mit 80 LEDS geeignet.<\/span><\/p>\n<ul>\n<li style=\"font-weight: 400;\" aria-level=\"1\"><span style=\"font-weight: 400;\">220 V<\/span><\/li>\n<li style=\"font-weight: 400;\" aria-level=\"1\"><span style=\"font-weight: 400;\">L\u00e4nge 5 cm, Breite 4,8 cm<\/span><\/li>\n<li style=\"font-weight: 400;\" aria-level=\"1\"><span style=\"font-weight: 400;\">Nicht dimmbar<\/span><\/li>\n<li style=\"font-weight: 400;\" aria-level=\"1\"><span style=\"font-weight: 400;\">80 LEDS oder 300 LEDS<\/span><\/li>\n<li style=\"font-weight: 400;\" aria-level=\"1\"><span style=\"font-weight: 400;\">Lebensdauer 50.000 Stunden<\/span><\/li>\n<li style=\"font-weight: 400;\" aria-level=\"1\"><span style=\"font-weight: 400;\">E27-Fassung<\/span><\/li>\n<li style=\"font-weight: 400;\" aria-level=\"1\">Rotes und blaues Licht, wichtig f\u00fcr die Optimierung von Wachstum und Bl\u00fcte<\/li>\n<li style=\"font-weight: 400;\" aria-level=\"1\"><span style=\"font-weight: 400;\">Neueste LED-Technologie: Typ SMD 2835<\/span><\/li>\n<li style=\"font-weight: 400;\" aria-level=\"1\"><span style=\"font-weight: 400;\">Lampe mit 80 LEDS geeignet f\u00fcr 3-lampigen Adapter und 5-lampigen Adapter<\/span><\/li>\n<li style=\"font-weight: 400;\" aria-level=\"1\"><span style=\"font-weight: 400;\">Lampe mit 300 LEDS nur f\u00fcr Adapter f\u00fcr 3 Lampen geeignet<\/span><\/li>\n<li style=\"font-weight: 400;\" aria-level=\"1\"><span style=\"font-weight: 400;\">CE- und RoHs-Zertifizierung<\/span><\/li>\n<\/ul>\n","protected":false},"excerpt":{"rendered":"<p><span style=\"font-weight: 400;\">Pflanzen brauchen ausreichend Licht f\u00fcr eine optimale Photosynthese. Grow-Lampen sorgen f\u00fcr zus\u00e4tzliches Licht, wenn die Pflanze zu dunkel ist, oder f\u00fcr ein schnelleres Wachstum w\u00e4hrend der Keimung und der Aufzucht sowie in der Wachstums- und Bl\u00fctephase. Sie werden auch h\u00e4ufig in Gew\u00e4chsh\u00e4usern oder beim hydroponischen Anbau eingesetzt.\u00a0<\/span><span class=\"Y2IQFc\" lang=\"de\">Aber auch besonders geeignet f\u00fcr den Einsatz zu Hause f\u00fcr Ihre Zimmerpflanzen in einer dunklen Ecke oder um Ihren Zimmerpflanzen im Winter zus\u00e4tzlichen Schwung zu geben. Auch der Anbau junger Pflanzen geht viel schneller, wenn Sie Wachstumslampen verwenden.<\/span><\/p>\n<ul>\n<li style=\"font-weight: 400;\" aria-level=\"1\"><span style=\"font-weight: 400;\">220V<\/span><\/li>\n<li style=\"font-weight: 400;\" aria-level=\"1\"><span style=\"font-weight: 400;\">L\u00e4nge 5 cm, Breite 4,8 cm<\/span><\/li>\n<li style=\"font-weight: 400;\" aria-level=\"1\"><span style=\"font-weight: 400;\">Nicht dimmbar<\/span><\/li>\n<li style=\"font-weight: 400;\" aria-level=\"1\"><span style=\"font-weight: 400;\">80 LEDS oder 300 LEDS<\/span><\/li>\n<li style=\"font-weight: 400;\" aria-level=\"1\"><span style=\"font-weight: 400;\">Lebensdauer 50.000 Stunden<\/span><\/li>\n<li style=\"font-weight: 400;\" aria-level=\"1\"><span style=\"font-weight: 400;\">E27 Fassung<\/span><\/li>\n<li style=\"font-weight: 400;\" aria-level=\"1\">Rotes und blaues Licht, wichtig f\u00fcr die Optimierung von Wachstum und Bl\u00fcte<\/li>\n<li style=\"font-weight: 400;\" aria-level=\"1\"><span style=\"font-weight: 400;\">Neueste LED-Technologie: Typ SMD2835<\/span><\/li>\n<li style=\"font-weight: 400;\" aria-level=\"1\"><span style=\"font-weight: 400;\">Lampe mit 80 LEDS geeignet f\u00fcr 3-lampigen Adapter und 5-lampigen Adapter<\/span><\/li>\n<li style=\"font-weight: 400;\" aria-level=\"1\"><span style=\"font-weight: 400;\">Leuchtmittel mit 300 LEDS nur f\u00fcr 3-Lampen-Adapter geeignet<\/span><\/li>\n<li style=\"font-weight: 400;\" aria-level=\"1\"><span style=\"font-weight: 400;\">CE- und RoHs-Zertifizierung<\/span><\/li>\n<\/ul>\n","protected":false},"featured_media":15762,"comment_status":"open","ping_status":"closed","template":"","meta":{"_acf_changed":false},"product_brand":[],"product_cat":[144],"product_tag":[],"class_list":{"0":"post-16559","1":"product","2":"type-product","3":"status-publish","4":"has-post-thumbnail","6":"product_cat-wachstumplampen-fur-pflanzen-und-wifi-lampen","8":"first","9":"instock","10":"sale","11":"taxable","12":"shipping-taxable","13":"purchasable","14":"product-type-variable"},"acf":[],"yoast_head":"<!-- This site is optimized with the Yoast SEO Premium plugin v26.1 (Yoast SEO v27.3) - https:\/\/yoast.com\/product\/yoast-seo-premium-wordpress\/ -->\n<title>Grow-Lampen 80 LEDS und 300 LEDS, E27-Fassung - Plant Care Tools<\/title>\n<meta name=\"description\" content=\"PlantCareTools verkauft Grow-Lampen mit 80 LEDS und mit 300 LEDS. Wir verkaufen auch Adapter f\u00fcr Lampen mit einem E27-Anschluss.\" \/>\n<meta name=\"robots\" content=\"index, follow, max-snippet:-1, max-image-preview:large, max-video-preview:-1\" \/>\n<link rel=\"canonical\" href=\"https:\/\/www.plantcaretools.com\/de\/produkt\/wachstumplampen-fur-pflanzen-und-wifi-lampen\/grow-lampen-80-leds-und-300-leds-e27-fassung-rotes-und-blaues-licht-wichtig-fuer-die-optimierung-von-wachstum-und-bluete\/\" \/>\n<script type=\"application\/ld+json\" class=\"yoast-schema-graph\">{\"@context\":\"https:\\\/\\\/schema.org\",\"@graph\":[{\"@type\":\"BreadcrumbList\",\"@id\":\"https:\\\/\\\/www.plantcaretools.com\\\/de\\\/produkt\\\/wachstumplampen-fur-pflanzen-und-wifi-lampen\\\/grow-lampen-80-leds-und-300-leds-e27-fassung-rotes-und-blaues-licht-wichtig-fuer-die-optimierung-von-wachstum-und-bluete\\\/#breadcrumb\",\"itemListElement\":[{\"@type\":\"ListItem\",\"position\":1,\"name\":\"Home\",\"item\":\"https:\\\/\\\/www.plantcaretools.com\\\/de\\\/\"},{\"@type\":\"ListItem\",\"position\":2,\"name\":\"Produkte\",\"item\":\"https:\\\/\\\/www.plantcaretools.com\\\/de\\\/produkte\\\/\"},{\"@type\":\"ListItem\",\"position\":3,\"name\":\"Grow-Lampen 80 LEDS und 300 LEDS, E27-Fassung\"}]}]}<\/script>\n<!-- \/ Yoast SEO Premium plugin. -->","yoast_head_json":{"title":"Grow-Lampen 80 LEDS und 300 LEDS, E27-Fassung - Plant Care Tools","description":"PlantCareTools verkauft Grow-Lampen mit 80 LEDS und mit 300 LEDS. Wir verkaufen auch Adapter f\u00fcr Lampen mit einem E27-Anschluss.","robots":{"index":"index","follow":"follow","max-snippet":"max-snippet:-1","max-image-preview":"max-image-preview:large","max-video-preview":"max-video-preview:-1"},"canonical":"https:\/\/www.plantcaretools.com\/de\/produkt\/wachstumplampen-fur-pflanzen-und-wifi-lampen\/grow-lampen-80-leds-und-300-leds-e27-fassung-rotes-und-blaues-licht-wichtig-fuer-die-optimierung-von-wachstum-und-bluete\/","schema":{"@context":"https:\/\/schema.org","@graph":[{"@type":"BreadcrumbList","@id":"https:\/\/www.plantcaretools.com\/de\/produkt\/wachstumplampen-fur-pflanzen-und-wifi-lampen\/grow-lampen-80-leds-und-300-leds-e27-fassung-rotes-und-blaues-licht-wichtig-fuer-die-optimierung-von-wachstum-und-bluete\/#breadcrumb","itemListElement":[{"@type":"ListItem","position":1,"name":"Home","item":"https:\/\/www.plantcaretools.com\/de\/"},{"@type":"ListItem","position":2,"name":"Produkte","item":"https:\/\/www.plantcaretools.com\/de\/produkte\/"},{"@type":"ListItem","position":3,"name":"Grow-Lampen 80 LEDS und 300 LEDS, E27-Fassung"}]}]}},"jetpack_sharing_enabled":true,"_links":{"self":[{"href":"https:\/\/www.plantcaretools.com\/de\/wp-json\/wp\/v2\/product\/16559","targetHints":{"allow":["GET"]}}],"collection":[{"href":"https:\/\/www.plantcaretools.com\/de\/wp-json\/wp\/v2\/product"}],"about":[{"href":"https:\/\/www.plantcaretools.com\/de\/wp-json\/wp\/v2\/types\/product"}],"replies":[{"embeddable":true,"href":"https:\/\/www.plantcaretools.com\/de\/wp-json\/wp\/v2\/comments?post=16559"}],"wp:featuredmedia":[{"embeddable":true,"href":"https:\/\/www.plantcaretools.com\/de\/wp-json\/wp\/v2\/media\/15762"}],"wp:attachment":[{"href":"https:\/\/www.plantcaretools.com\/de\/wp-json\/wp\/v2\/media?parent=16559"}],"wp:term":[{"taxonomy":"product_brand","embeddable":true,"href":"https:\/\/www.plantcaretools.com\/de\/wp-json\/wp\/v2\/product_brand?post=16559"},{"taxonomy":"product_cat","embeddable":true,"href":"https:\/\/www.plantcaretools.com\/de\/wp-json\/wp\/v2\/product_cat?post=16559"},{"taxonomy":"product_tag","embeddable":true,"href":"https:\/\/www.plantcaretools.com\/de\/wp-json\/wp\/v2\/product_tag?post=16559"}],"curies":[{"name":"wp","href":"https:\/\/api.w.org\/{rel}","templated":true}]}}