{"id":17419,"date":"2024-01-02T11:03:49","date_gmt":"2024-01-02T10:03:49","guid":{"rendered":"https:\/\/www.plantcaretools.com\/?post_type=product&#038;p=17419"},"modified":"2024-02-27T17:48:00","modified_gmt":"2024-02-27T16:48:00","slug":"geschenkgutschein","status":"publish","type":"product","link":"https:\/\/www.plantcaretools.com\/de\/produkt\/geschenkkaarten\/geschenkgutschein\/","title":{"rendered":"Geschenkgutschein"},"content":{"rendered":"<h2>Der PlantCareTools Geschenkgutschein<\/h2>\n<ul>\n<li>Das ultimative Geschenk f\u00fcr jeden, der Pflanzen liebt!<\/li>\n<li>Verf\u00fcgbare Betr\u00e4ge: \u20ac 10,- \/ \u20ac 25,- \/ \u20ac 75,- \/ \u20ac 100,-. Andere Betr\u00e4ge auf Anfrage.<\/li>\n<li>G\u00fcltig f\u00fcr 2 Jahre.<\/li>\n<li>Einzul\u00f6sen in unserem gesamten Shop und in den Angeboten.<\/li>\n<li>Nachdem Sie einen Betrag gew\u00e4hlt und den Gutschein bezahlt haben, k\u00f6nnen Sie ihn an sich selbst schicken, um ihn auszudrucken oder direkt an den gl\u00fccklichen Empf\u00e4nger zu schicken.<\/li>\n<\/ul>\n","protected":false},"excerpt":{"rendered":"<p>Der PlantCareTools Geschenkgutschein Das ultimative Geschenk f\u00fcr jeden, der Pflanzen liebt! Verf\u00fcgbare Betr\u00e4ge: \u20ac 10,- \/ \u20ac 25,- \/ \u20ac 75,- \/ \u20ac 100,-. Andere Betr\u00e4ge auf Anfrage. G\u00fcltig f\u00fcr 2 Jahre. Einzul\u00f6sen in unserem gesamten Shop und in den Angeboten. Nachdem Sie einen Betrag gew\u00e4hlt und den Gutschein bezahlt haben, k\u00f6nnen Sie ihn an [&hellip;]<\/p>\n","protected":false},"featured_media":17107,"comment_status":"closed","ping_status":"closed","template":"","meta":{"_acf_changed":false},"product_brand":[],"product_cat":[168],"product_tag":[],"class_list":{"0":"post-17419","1":"product","2":"type-product","3":"status-publish","4":"has-post-thumbnail","6":"product_cat-geschenkkaarten","8":"first","9":"instock","10":"purchasable","11":"product-type-pw-gift-card"},"acf":[],"yoast_head":"<!-- This site is optimized with the Yoast SEO Premium plugin v26.1 (Yoast SEO v27.3) - https:\/\/yoast.com\/product\/yoast-seo-premium-wordpress\/ -->\n<title>PlantCareTools Geschenkgutschein - Plant Care Tools<\/title>\n<meta name=\"description\" content=\"Der PlantCareTools Geschenkgutschein. Das ultimative Geschenk f\u00fcr jeden, der Pflanzen liebt! Verf\u00fcgbare Betr\u00e4ge: \u20ac 10,- \/ \u20ac 25,- \/ \u20ac 75,- \/ \u20ac 100,-.\" \/>\n<meta name=\"robots\" content=\"index, follow, max-snippet:-1, max-image-preview:large, max-video-preview:-1\" \/>\n<link rel=\"canonical\" href=\"https:\/\/www.plantcaretools.com\/de\/produkt\/geschenkkaarten\/geschenkgutschein\/\" \/>\n<script type=\"application\/ld+json\" class=\"yoast-schema-graph\">{\"@context\":\"https:\\\/\\\/schema.org\",\"@graph\":[{\"@type\":\"BreadcrumbList\",\"@id\":\"https:\\\/\\\/www.plantcaretools.com\\\/de\\\/produkt\\\/geschenkkaarten\\\/geschenkgutschein\\\/#breadcrumb\",\"itemListElement\":[{\"@type\":\"ListItem\",\"position\":1,\"name\":\"Home\",\"item\":\"https:\\\/\\\/www.plantcaretools.com\\\/de\\\/\"},{\"@type\":\"ListItem\",\"position\":2,\"name\":\"Produkte\",\"item\":\"https:\\\/\\\/www.plantcaretools.com\\\/de\\\/produkte\\\/\"},{\"@type\":\"ListItem\",\"position\":3,\"name\":\"Geschenkgutschein\"}]}]}<\/script>\n<!-- \/ Yoast SEO Premium plugin. -->","yoast_head_json":{"title":"PlantCareTools Geschenkgutschein - Plant Care Tools","description":"Der PlantCareTools Geschenkgutschein. Das ultimative Geschenk f\u00fcr jeden, der Pflanzen liebt! Verf\u00fcgbare Betr\u00e4ge: \u20ac 10,- \/ \u20ac 25,- \/ \u20ac 75,- \/ \u20ac 100,-.","robots":{"index":"index","follow":"follow","max-snippet":"max-snippet:-1","max-image-preview":"max-image-preview:large","max-video-preview":"max-video-preview:-1"},"canonical":"https:\/\/www.plantcaretools.com\/de\/produkt\/geschenkkaarten\/geschenkgutschein\/","schema":{"@context":"https:\/\/schema.org","@graph":[{"@type":"BreadcrumbList","@id":"https:\/\/www.plantcaretools.com\/de\/produkt\/geschenkkaarten\/geschenkgutschein\/#breadcrumb","itemListElement":[{"@type":"ListItem","position":1,"name":"Home","item":"https:\/\/www.plantcaretools.com\/de\/"},{"@type":"ListItem","position":2,"name":"Produkte","item":"https:\/\/www.plantcaretools.com\/de\/produkte\/"},{"@type":"ListItem","position":3,"name":"Geschenkgutschein"}]}]}},"jetpack_sharing_enabled":true,"_links":{"self":[{"href":"https:\/\/www.plantcaretools.com\/de\/wp-json\/wp\/v2\/product\/17419","targetHints":{"allow":["GET"]}}],"collection":[{"href":"https:\/\/www.plantcaretools.com\/de\/wp-json\/wp\/v2\/product"}],"about":[{"href":"https:\/\/www.plantcaretools.com\/de\/wp-json\/wp\/v2\/types\/product"}],"replies":[{"embeddable":true,"href":"https:\/\/www.plantcaretools.com\/de\/wp-json\/wp\/v2\/comments?post=17419"}],"wp:featuredmedia":[{"embeddable":true,"href":"https:\/\/www.plantcaretools.com\/de\/wp-json\/wp\/v2\/media\/17107"}],"wp:attachment":[{"href":"https:\/\/www.plantcaretools.com\/de\/wp-json\/wp\/v2\/media?parent=17419"}],"wp:term":[{"taxonomy":"product_brand","embeddable":true,"href":"https:\/\/www.plantcaretools.com\/de\/wp-json\/wp\/v2\/product_brand?post=17419"},{"taxonomy":"product_cat","embeddable":true,"href":"https:\/\/www.plantcaretools.com\/de\/wp-json\/wp\/v2\/product_cat?post=17419"},{"taxonomy":"product_tag","embeddable":true,"href":"https:\/\/www.plantcaretools.com\/de\/wp-json\/wp\/v2\/product_tag?post=17419"}],"curies":[{"name":"wp","href":"https:\/\/api.w.org\/{rel}","templated":true}]}}