{"id":17487,"date":"2024-01-05T17:04:50","date_gmt":"2024-01-05T16:04:50","guid":{"rendered":"https:\/\/www.plantcaretools.com\/?post_type=product&#038;p=17487"},"modified":"2025-11-18T21:53:18","modified_gmt":"2025-11-18T20:53:18","slug":"ec-tds-temperatur-bodenmessgeraet","status":"publish","type":"product","link":"https:\/\/www.plantcaretools.com\/de\/produkt\/messgerate\/ec-tds-temperatur-bodenmessgeraet\/","title":{"rendered":"EC-TDS-TEMPERATUR-Bodenmessger\u00e4t (Bluetooth)"},"content":{"rendered":"<h2>Beschreibung des EC-TDS-TEMPERATUR-Bodenmessger\u00e4t:<\/h2>\n<p>Die Messung des EC-Werts im Boden Ihrer Pflanzen liefert Ihnen wertvolle Informationen, die Sie zur Verbesserung der Bodenqualit\u00e4t nutzen k\u00f6nnen. Und wenn sich die Bodenqualit\u00e4t verbessert, werden auch Ihre Pflanzen besser wachsen und gedeihen. Sie sollten sich jedoch dar\u00fcber im Klaren sein, dass der EC-Wert insbesondere aufgrund des Feuchtigkeitsgehalts des Bodens, der Bodenstruktur und der Temperatur schwanken kann. Daher ist es wichtig, den EC-Wert regelm\u00e4\u00dfig und konsequent zu messen, am besten mit einem Messger\u00e4t, das richtig geeicht werden kann und \u00fcber einen automatischen Temperaturausgleich verf\u00fcgt (dieses Messger\u00e4t erf\u00fcllt beide Kriterien). Vergleichen Sie au\u00dferdem Ihre Messergebnisse immer mit dem optimalen EC-Wert f\u00fcr die betreffende Pflanze und Bodenart. F\u00fcr den Anbau im Freien sollte der EC-Wert im Allgemeinen (je nach Pflanze und Bodenart) zwischen 0,5 und 2,0 mS\/cm liegen. Sie k\u00f6nnen diese Werte ganz einfach im Internet finden, und wir haben auch eine Liste mit optimalen EC-Werten f\u00fcr g\u00e4ngige Pflanzen und Bodentypen. Diese Liste wird bei der Bestellung des EC-TDS-TEMPERATUR-Bodenmessger\u00e4t mitgeliefert.<\/p>\n<p>Neben der Bodentemperatur kann dieses Messger\u00e4t auch den TDS-Wert (= Total Dissolved Solids) messen. Sowohl EC als auch TDS sind Messungen, die sich auf die Konzentration von gel\u00f6sten Feststoffen im Boden beziehen. Sie messen jedoch nicht dasselbe. EC misst die Leitf\u00e4higkeit von Elektrizit\u00e4t, w\u00e4hrend TDS die gesamten gel\u00f6sten Feststoffe misst. TDS wird in PPM (Anzahl der Partikel pro Million) angegeben. Ein niedriger TDS-Wert im Wasser bedeutet, dass das Wasser relativ rein ist und umgekehrt. Trinkwasser liegt im Allgemeinen in einem Bereich zwischen 50 und 300 PPM, wobei ein Wert von 50 oder weniger angestrebt wird. Da EC und TDS eng miteinander verbunden sind, reichen das Ergebnis und die Interpretation der EC-Messung im Allgemeinen aus, um einen guten Eindruck von der Qualit\u00e4t Ihres Bodens zu erhalten.<\/p>\n<p>Die Verwendung des Messger\u00e4ts ist einfach. Vor der Messung und nach der letzten Messung sollten Sie den Messstift gr\u00fcndlich mit destilliertem Wasser reinigen und ihn mit einem Papiertuch trocknen. F\u00fchren Sie das Messger\u00e4t senkrecht mindestens 10 cm tief in den Boden ein und schalten Sie das Ger\u00e4t ein. W\u00e4hlen Sie mit der TDS\/EC-Taste die Einheit, die Sie messen m\u00f6chten, und warten Sie, bis sich das Ergebnis nicht mehr oder nur noch geringf\u00fcgig \u00e4ndert. Lesen Sie nun das Endergebnis der Messung ab. Das Messger\u00e4t nutzt Bluetooth mit der APP Tuya.<\/p>\n<p>Je nach Verwendung sollte das Messger\u00e4t von Zeit zu Zeit kalibriert werden. Als Tipp, wann dies zu tun ist, messen Sie EC und TDS Ihres Leitungswassers jedes Mal, wenn Sie eine Messung beabsichtigen, und notieren Sie die Werte mit dem Datum. Sobald die Werte st\u00e4rker von den Werten abweichen, die Sie bei der ersten Messung notiert haben (mehr als + 10% oder &#8211; 10%), sollten Sie das Messger\u00e4t kalibrieren. Dazu ben\u00f6tigen Sie eine Kalibrierfl\u00fcssigkeit (oder Pufferfl\u00fcssigkeit) von 1413 \u03bcS\/cm und 150 \u03bcS\/cm. Im Internet gibt es viele spezialisierte Anbieter f\u00fcr diese Fl\u00fcssigkeiten.<\/p>\n<p>Versuchen Sie, bei einer Temperatur von 25 Grad Celsius zu kalibrieren. Legen Sie das Messger\u00e4t zun\u00e4chst f\u00fcr einige Stunden in ein Becherglas mit etwa 10 cm destilliertem Wasser. Legen Sie nun das Messger\u00e4t in die Kalibrierfl\u00fcssigkeit 1413 \u03bcS\/cm und r\u00fchren Sie das Messger\u00e4t einige Minuten lang vorsichtig durch die Fl\u00fcssigkeit. Warten Sie, bis das Messergebnis stabil bleibt und entfernen Sie nun den Deckel des Batteriefachs. Neben den Batterien finden Sie eine kleine kupferfarbene Schraube. Nehmen Sie den mitgelieferten Schraubendreher und drehen Sie die Schraube, bis 1413 auf dem Display erscheint. Reinigen Sie nun die Sonde gr\u00fcndlich mit destilliertem Wasser und trocknen Sie sie mit einem Papiertuch. Wiederholen Sie nun diesen Vorgang mit der Kalibrierfl\u00fcssigkeit 150 \u03bcS\/cm. Nat\u00fcrlich sollten Sie nun die Schraube drehen, bis der Wert 150 in der Anzeige erscheint.<\/p>\n<h2>Zus\u00e4tzliche Informationen:<\/h2>\n<ul>\n<li>Gewicht ohne Verpackung: 100g<\/li>\n<li>Bluetooth mit der APP Tuya<\/li>\n<li>Abmessungen: 285mm X 35mm<\/li>\n<li>Messbereich EC: 0-10000 \u03bcS\/cm = 0-10 mS\/cm. 1 Millisiemens (=mS) = 1000 Mikrosiemens (=\u03bcS)<\/li>\n<li>Messbereich TDS: 0-10000 ppm<\/li>\n<li>Messbereich Bodentemperatur: -50 Celsius bis +70 Celsius<\/li>\n<li>Batterieart: 4X LR44<\/li>\n<li>Zertifizierungen: EC und RoHS<\/li>\n<\/ul>\n","protected":false},"excerpt":{"rendered":"<h2>EC-TDS-TEMPERATUR-Bodenmessger\u00e4t (Bluetooth)<\/h2>\n<p>Dieses Messger\u00e4t misst u. a. den EC-Wert (= elektrische Leitf\u00e4higkeit) des Bodens. Der EC-Wert des Bodens ist wichtig, weil er einen guten Hinweis auf die Menge der f\u00fcr die Pflanze verf\u00fcgbaren N\u00e4hrstoffe gibt. Ein (zu) niedriger EC-Wert bedeutet einen N\u00e4hrstoffmangel, der zu einem verz\u00f6gerten Pflanzenwachstum f\u00fchrt. Ein (zu) hoher EC-Wert bedeutet zu viele N\u00e4hrstoffe im Boden. Dies ist ebenfalls sch\u00e4dlich f\u00fcr die Pflanze. Wir haben eine Liste mit den idealen EC-Werten f\u00fcr die g\u00e4ngigsten Pflanzen und Bodenarten. Wir senden Ihnen diese Liste zu, sobald Sie das Messger\u00e4t bestellt haben. Weitere Informationen zur TDS-Messung finden Sie in der Beschreibung.<\/p>\n<ul>\n<li>3 in 1 Messger\u00e4t, misst EC, TDS und Bodentemperatur<\/li>\n<li>Bluetooth mit der APP Tuya<\/li>\n<li>Beleuchtetes und digitales Display<\/li>\n<li>Messsonde aus Aluminium gew\u00e4hrleistet genaue Ergebnisse<\/li>\n<li>Ben\u00f6tigt 4X LR44 Knopfzellenbatterien (nicht enthalten)<\/li>\n<li>Messbereich EC: 0-10000 \u03bcS\/cm = 0-10 mS\/cm. 1 Millisiemens (=mS) = 1000 Mikrosiemens (=\u03bcS)<\/li>\n<li>Messbereich TDS: 0-10000 ppm<\/li>\n<li>Messbereich Bodentemperatur: -50 Celcius bis +70 Celcius<\/li>\n<li>Automatische Temperaturkompensation<\/li>\n<li>Einfache Kalibrierung mit mitgeliefertem Schraubendreher<\/li>\n<li>Inklusive deutschem Benutzerhandbuch<\/li>\n<\/ul>\n","protected":false},"featured_media":17488,"comment_status":"open","ping_status":"closed","template":"","meta":{"_acf_changed":false},"product_brand":[],"product_cat":[112,116],"product_tag":[],"class_list":{"0":"post-17487","1":"product","2":"type-product","3":"status-publish","4":"has-post-thumbnail","6":"product_cat-duenger-messen","7":"product_cat-messgerate","9":"first","10":"instock","11":"taxable","12":"shipping-taxable","13":"purchasable","14":"product-type-simple"},"acf":[],"yoast_head":"<!-- This site is optimized with the Yoast SEO Premium plugin v26.1 (Yoast SEO v27.3) - https:\/\/yoast.com\/product\/yoast-seo-premium-wordpress\/ -->\n<title>EC-TDS-TEMPERATUR-Bodenmessger\u00e4t (Bluetooth) - Plant Care Tools<\/title>\n<meta name=\"description\" content=\"Dieses EC-TDS-TEMPERATUR-Bodenmessger\u00e4t misst u. a. den EC-Wert des Bodens. Bestellen Sie direkt bei PlantCareTools. Gro\u00dfe Auswahl, schnelle Lieferung\" \/>\n<meta name=\"robots\" content=\"index, follow, max-snippet:-1, max-image-preview:large, max-video-preview:-1\" \/>\n<link rel=\"canonical\" href=\"https:\/\/www.plantcaretools.com\/de\/produkt\/messgerate\/ec-tds-temperatur-bodenmessgeraet\/\" \/>\n<script type=\"application\/ld+json\" class=\"yoast-schema-graph\">{\"@context\":\"https:\\\/\\\/schema.org\",\"@graph\":[{\"@type\":\"BreadcrumbList\",\"@id\":\"https:\\\/\\\/www.plantcaretools.com\\\/de\\\/produkt\\\/messgerate\\\/ec-tds-temperatur-bodenmessgeraet\\\/#breadcrumb\",\"itemListElement\":[{\"@type\":\"ListItem\",\"position\":1,\"name\":\"Home\",\"item\":\"https:\\\/\\\/www.plantcaretools.com\\\/de\\\/\"},{\"@type\":\"ListItem\",\"position\":2,\"name\":\"Produkte\",\"item\":\"https:\\\/\\\/www.plantcaretools.com\\\/de\\\/produkte\\\/\"},{\"@type\":\"ListItem\",\"position\":3,\"name\":\"EC-TDS-TEMPERATUR-Bodenmessger\u00e4t (Bluetooth)\"}]}]}<\/script>\n<!-- \/ Yoast SEO Premium plugin. -->","yoast_head_json":{"title":"EC-TDS-TEMPERATUR-Bodenmessger\u00e4t (Bluetooth) - Plant Care Tools","description":"Dieses EC-TDS-TEMPERATUR-Bodenmessger\u00e4t misst u. a. den EC-Wert des Bodens. Bestellen Sie direkt bei PlantCareTools. Gro\u00dfe Auswahl, schnelle Lieferung","robots":{"index":"index","follow":"follow","max-snippet":"max-snippet:-1","max-image-preview":"max-image-preview:large","max-video-preview":"max-video-preview:-1"},"canonical":"https:\/\/www.plantcaretools.com\/de\/produkt\/messgerate\/ec-tds-temperatur-bodenmessgeraet\/","schema":{"@context":"https:\/\/schema.org","@graph":[{"@type":"BreadcrumbList","@id":"https:\/\/www.plantcaretools.com\/de\/produkt\/messgerate\/ec-tds-temperatur-bodenmessgeraet\/#breadcrumb","itemListElement":[{"@type":"ListItem","position":1,"name":"Home","item":"https:\/\/www.plantcaretools.com\/de\/"},{"@type":"ListItem","position":2,"name":"Produkte","item":"https:\/\/www.plantcaretools.com\/de\/produkte\/"},{"@type":"ListItem","position":3,"name":"EC-TDS-TEMPERATUR-Bodenmessger\u00e4t (Bluetooth)"}]}]}},"jetpack_sharing_enabled":true,"_links":{"self":[{"href":"https:\/\/www.plantcaretools.com\/de\/wp-json\/wp\/v2\/product\/17487","targetHints":{"allow":["GET"]}}],"collection":[{"href":"https:\/\/www.plantcaretools.com\/de\/wp-json\/wp\/v2\/product"}],"about":[{"href":"https:\/\/www.plantcaretools.com\/de\/wp-json\/wp\/v2\/types\/product"}],"replies":[{"embeddable":true,"href":"https:\/\/www.plantcaretools.com\/de\/wp-json\/wp\/v2\/comments?post=17487"}],"wp:featuredmedia":[{"embeddable":true,"href":"https:\/\/www.plantcaretools.com\/de\/wp-json\/wp\/v2\/media\/17488"}],"wp:attachment":[{"href":"https:\/\/www.plantcaretools.com\/de\/wp-json\/wp\/v2\/media?parent=17487"}],"wp:term":[{"taxonomy":"product_brand","embeddable":true,"href":"https:\/\/www.plantcaretools.com\/de\/wp-json\/wp\/v2\/product_brand?post=17487"},{"taxonomy":"product_cat","embeddable":true,"href":"https:\/\/www.plantcaretools.com\/de\/wp-json\/wp\/v2\/product_cat?post=17487"},{"taxonomy":"product_tag","embeddable":true,"href":"https:\/\/www.plantcaretools.com\/de\/wp-json\/wp\/v2\/product_tag?post=17487"}],"curies":[{"name":"wp","href":"https:\/\/api.w.org\/{rel}","templated":true}]}}