{"id":17534,"date":"2024-01-10T17:00:42","date_gmt":"2024-01-10T16:00:42","guid":{"rendered":"https:\/\/www.plantcaretools.com\/?post_type=product&#038;p=17534"},"modified":"2025-02-05T17:23:28","modified_gmt":"2025-02-05T16:23:28","slug":"seramis-feuchte-indikator-26cm-bundle-von-10-rabatt","status":"publish","type":"product","link":"https:\/\/www.plantcaretools.com\/de\/produkt\/messgerate\/seramis-feuchte-indikator-26cm-bundle-von-10-rabatt\/","title":{"rendered":"Seramis Feuchte-Indikator 26cm &#8211; Bundle von 10"},"content":{"rendered":"<h2>Der Seramis Feuchte-Indikator 26cm zeigt Ihnen an, wann Sie Ihre Pflanzen gie\u00dfen m\u00fcssen. Geeignet f\u00fcr den Innen- und Au\u00dfenbereich.<\/h2>\n<p>Pr\u00fcfen Sie ganz einfach, ob Ihre Pflanze gegossen werden muss, indem Sie die Farbe des Fensters am oberen Ende des Messger\u00e4ts von blau auf rot \u00e4ndern. Der Seramis Feuchte-Indikator 26cm ist auch mit einer L\u00e4nge von 16 cm erh\u00e4ltlich.<br \/>\nAuch erh\u00e4ltlich mit 2 St\u00fcck in einer Box 16 cm oder 2 St\u00fcck in einer Box 26 cm.<\/p>\n<h2>Seramis Tester mit Farbanzeige f\u00fcr Bodenfeuchtigkeit<\/h2>\n<p>Der Seramis-Tester warnt Sie, wenn Sie Ihre Pflanze gie\u00dfen m\u00fcssen. Bleibt permanent bei Ihrer Pflanze. Die Farbe der Anzeige wechselt von blau zu rot, wenn eine Bew\u00e4sserung erforderlich ist. Geeignet f\u00fcr den Innen- und Au\u00dfenbereich.<\/p>\n<p>Die Messger\u00e4te sind in zwei Gr\u00f6\u00dfen erh\u00e4ltlich. F\u00fcr T\u00f6pfe bis zu einer H\u00f6he von 25 cm reicht der Feuchtigkeitsmesser mit einer L\u00e4nge von 16 cm aus. Ist der Topf h\u00f6her als 25 cm, ben\u00f6tigen Sie den l\u00e4ngeren Feuchtigkeitsmesser mit 26 cm L\u00e4nge. Die Lebensdauer dieses Produkts betr\u00e4gt etwa ein Jahr.<\/p>\n<p>Diese Seramis-Feuchtigkeitsmesser sind auch mit 2 St\u00fcck pro Karton erh\u00e4ltlich, mit ausf\u00fchrlicher Beschreibung.<\/p>\n<p>Auf <a href=\"https:\/\/www.plantcaretools.com\/de\/bodenfeuchte-messen\/\">dieser Seite<\/a> finden Sie alle notwendigen Informationen \u00fcber die Messung des Feuchtigkeitsgehalts. Werfen Sie auch einen Blick auf die <a href=\"https:\/\/www.plantcaretools.com\/de\/pflanzen-wasser-geben-faq\/\">Seite<\/a> mit h\u00e4ufig gestellten Fragen \u00fcber den Feuchtigkeitsgehalt und die Bew\u00e4sserung von Pflanzen im Allgemeinen.<\/p>\n","protected":false},"excerpt":{"rendered":"<h2>Der Feuchtigkeitsmesser 26cm von Seramis zeigt Ihnen an, wann Sie Ihre Pflanzen gie\u00dfen m\u00fcssen. Geeignet f\u00fcr den Innen- und Au\u00dfenbereich.<\/h2>\n<p>Die Farbe des Fensters am oberen Rand des Messger\u00e4ts wechselt von blau zu rot und zeigt an, ob Ihre Pflanze gegossen werden muss.<\/p>\n<p>Bundle von 10 St\u00fcck mit Rabatt.<\/p>\n<p>Der Seramis Feuchtigkeitsmesser 26 cm ist auch mit einer L\u00e4nge von 16 cm erh\u00e4ltlich.<br \/>\nAuch erh\u00e4ltlich mit 2 St\u00fcck in einer Box 16 cm oder 2 St\u00fcck in einer Box 26 cm.<\/p>\n<p>&nbsp;<\/p>\n","protected":false},"featured_media":4416,"comment_status":"open","ping_status":"closed","template":"","meta":{"_acf_changed":false},"product_brand":[],"product_cat":[128,116],"product_tag":[309],"class_list":{"0":"post-17534","1":"product","2":"type-product","3":"status-publish","4":"has-post-thumbnail","6":"product_cat-feuchtigkeitsgehalt-messen","7":"product_cat-messgerate","8":"product_tag-seramis-de","10":"first","11":"instock","12":"sale","13":"taxable","14":"shipping-taxable","15":"purchasable","16":"product-type-simple"},"acf":[],"yoast_head":"<!-- This site is optimized with the Yoast SEO Premium plugin v26.1 (Yoast SEO v27.3) - https:\/\/yoast.com\/product\/yoast-seo-premium-wordpress\/ -->\n<title>Seramis Feuchte-Indikator 26cm - Plant Care Tools<\/title>\n<meta name=\"description\" content=\"Seramis Feuchte-Indikator 26cm * Bundle von 10 * Rabatt. Bestellen Sie direkt bei PlantCareTools. Gro\u00dfe Auswahl, schnelle Lieferung!\" \/>\n<meta name=\"robots\" content=\"index, follow, max-snippet:-1, max-image-preview:large, max-video-preview:-1\" \/>\n<link rel=\"canonical\" href=\"https:\/\/www.plantcaretools.com\/de\/produkt\/messgerate\/seramis-feuchte-indikator-26cm-bundle-von-10-rabatt\/\" \/>\n<script type=\"application\/ld+json\" class=\"yoast-schema-graph\">{\"@context\":\"https:\\\/\\\/schema.org\",\"@graph\":[{\"@type\":\"BreadcrumbList\",\"@id\":\"https:\\\/\\\/www.plantcaretools.com\\\/de\\\/produkt\\\/messgerate\\\/seramis-feuchte-indikator-26cm-bundle-von-10-rabatt\\\/#breadcrumb\",\"itemListElement\":[{\"@type\":\"ListItem\",\"position\":1,\"name\":\"Home\",\"item\":\"https:\\\/\\\/www.plantcaretools.com\\\/de\\\/\"},{\"@type\":\"ListItem\",\"position\":2,\"name\":\"Produkte\",\"item\":\"https:\\\/\\\/www.plantcaretools.com\\\/de\\\/produkte\\\/\"},{\"@type\":\"ListItem\",\"position\":3,\"name\":\"Seramis Feuchte-Indikator 26cm &#8211; Bundle von 10\"}]}]}<\/script>\n<!-- \/ Yoast SEO Premium plugin. -->","yoast_head_json":{"title":"Seramis Feuchte-Indikator 26cm - Plant Care Tools","description":"Seramis Feuchte-Indikator 26cm * Bundle von 10 * Rabatt. Bestellen Sie direkt bei PlantCareTools. Gro\u00dfe Auswahl, schnelle Lieferung!","robots":{"index":"index","follow":"follow","max-snippet":"max-snippet:-1","max-image-preview":"max-image-preview:large","max-video-preview":"max-video-preview:-1"},"canonical":"https:\/\/www.plantcaretools.com\/de\/produkt\/messgerate\/seramis-feuchte-indikator-26cm-bundle-von-10-rabatt\/","schema":{"@context":"https:\/\/schema.org","@graph":[{"@type":"BreadcrumbList","@id":"https:\/\/www.plantcaretools.com\/de\/produkt\/messgerate\/seramis-feuchte-indikator-26cm-bundle-von-10-rabatt\/#breadcrumb","itemListElement":[{"@type":"ListItem","position":1,"name":"Home","item":"https:\/\/www.plantcaretools.com\/de\/"},{"@type":"ListItem","position":2,"name":"Produkte","item":"https:\/\/www.plantcaretools.com\/de\/produkte\/"},{"@type":"ListItem","position":3,"name":"Seramis Feuchte-Indikator 26cm &#8211; Bundle von 10"}]}]}},"jetpack_sharing_enabled":true,"_links":{"self":[{"href":"https:\/\/www.plantcaretools.com\/de\/wp-json\/wp\/v2\/product\/17534","targetHints":{"allow":["GET"]}}],"collection":[{"href":"https:\/\/www.plantcaretools.com\/de\/wp-json\/wp\/v2\/product"}],"about":[{"href":"https:\/\/www.plantcaretools.com\/de\/wp-json\/wp\/v2\/types\/product"}],"replies":[{"embeddable":true,"href":"https:\/\/www.plantcaretools.com\/de\/wp-json\/wp\/v2\/comments?post=17534"}],"wp:featuredmedia":[{"embeddable":true,"href":"https:\/\/www.plantcaretools.com\/de\/wp-json\/wp\/v2\/media\/4416"}],"wp:attachment":[{"href":"https:\/\/www.plantcaretools.com\/de\/wp-json\/wp\/v2\/media?parent=17534"}],"wp:term":[{"taxonomy":"product_brand","embeddable":true,"href":"https:\/\/www.plantcaretools.com\/de\/wp-json\/wp\/v2\/product_brand?post=17534"},{"taxonomy":"product_cat","embeddable":true,"href":"https:\/\/www.plantcaretools.com\/de\/wp-json\/wp\/v2\/product_cat?post=17534"},{"taxonomy":"product_tag","embeddable":true,"href":"https:\/\/www.plantcaretools.com\/de\/wp-json\/wp\/v2\/product_tag?post=17534"}],"curies":[{"name":"wp","href":"https:\/\/api.w.org\/{rel}","templated":true}]}}