{"id":17926,"date":"2024-02-23T15:24:04","date_gmt":"2024-02-23T14:24:04","guid":{"rendered":"https:\/\/www.plantcaretools.com\/?post_type=product&#038;p=17926"},"modified":"2025-03-08T13:04:55","modified_gmt":"2025-03-08T12:04:55","slug":"wachstumslampe-mit-164-x-led","status":"publish","type":"product","link":"https:\/\/www.plantcaretools.com\/de\/produkt\/wachstumplampen-fur-pflanzen-und-wifi-lampen\/wachstumslampe-mit-164-x-led\/","title":{"rendered":"Wachstumslampe mit 164 X LED"},"content":{"rendered":"<h2>Wachstumslampe mit 164 X LED<\/h2>\n<p>Pflanzen ben\u00f6tigen ausreichend Licht f\u00fcr eine optimale Photosynthese. Dieser Wachstumslampe mit 164 X LED sorgt f\u00fcr zus\u00e4tzliches Licht, wenn die Pflanze zu dunkel ist oder sorgen f\u00fcr ein schnelleres Wachstum w\u00e4hrend der Keimung und Kultivierung sowie in der Wachstums- und Bl\u00fctephase. Die Lampen werden oft in Gew\u00e4chsh\u00e4usern oder im hydroponischen Anbau verwendet. Sie eignen sich auch, um Zimmerpflanzen ausreichend Licht zu spenden, wenn sie sich an einem zu dunklen Ort befinden, oder um ihnen einen zus\u00e4tzlichen Schub zu geben.<\/p>\n<p>&#8211; Blaues und rotes Licht stimulieren das Wachstum und die Bl\u00fcte von Pflanzen<br \/>\n&#8211; Geringer Energieverbrauch durch LED-Technologie (40 Watt)<br \/>\n&#8211; Plug &amp; Play dank praktischem Aufh\u00e4nge System<br \/>\n&#8211; Externes Netzteil (230V) im Lieferumfang enthalten<br \/>\n&#8211; Macht keine Ger\u00e4usche, da keine K\u00fchlung erforderlich ist<br \/>\n&#8211; Die Lichtintensit\u00e4t bleibt langfristig hoch, die Lebensdauer betr\u00e4gt 50.000 Brennstunden.<br \/>\n&#8211; Durch die Verwendung von Aluminium wird die Lampe nicht hei\u00df<br \/>\n&#8211; Geeignet sowohl f\u00fcr S\u00e4mlinge als auch f\u00fcr ausgewachsene Pflanzen<br \/>\n&#8211; Dimensionen: 25cm X 25cm X 2cm<br \/>\n&#8211; EG- und RoHs-Zertifizierung<\/p>\n<p><strong>Ab 2 Lampen 10% Rabatt (\u20ac 35,90) und ab 4 Lampen 15% Rabatt (\u20ac 33,90).<\/strong><\/p>\n<p>Um maximale Ergebnisse zu erzielen, k\u00f6nnen Sie die Lampe durchgehend eingeschaltet lassen, insbesondere wenn die Pflanze wenig oder gar kein Tageslicht erh\u00e4lt. Wenn die Pflanze jedoch Tageslicht bekommt, ist es eine Option, die Lampe 8-10 Stunden in der Nacht zu verwenden. Die Installation ist sehr einfach. H\u00e4ngen Sie die Lampe mit dem mitgelieferten Aufh\u00e4ngesystem auf und schlie\u00dfen Sie den Strom an. Die Lampe wird standardm\u00e4\u00dfig mit einem europ\u00e4ischen Stecker geliefert.<\/p>\n<p>Die Lampe verwendet 164 LED-Chips in zwei Farben. Blaues Licht zur Stimulierung der Photosynthese. Das f\u00f6rdert das Wachstum enorm und auch blaues Licht sorgt f\u00fcr eine starke Pflanze. Das rote Licht regt die Pflanzen zur Produktion von Bl\u00fcten und Fr\u00fcchten an. Die 2 Farben zusammen erzeugen violettes Licht.<\/p>\n","protected":false},"excerpt":{"rendered":"<p>Um maximale Ergebnisse zu erzielen, k\u00f6nnen Sie die Lampe durchgehend eingeschaltet lassen, insbesondere wenn die Pflanze wenig oder gar kein Tageslicht erh\u00e4lt. Wenn die Pflanze jedoch Tageslicht bekommt, ist es eine Option, die Lampe 8-10 Stunden in der Nacht zu verwenden. Die Installation ist sehr einfach. H\u00e4ngen Sie die Lampe mit dem mitgelieferten Aufh\u00e4ngesystem auf und schlie\u00dfen Sie den Strom an. Die Lampe wird standardm\u00e4\u00dfig mit einem europ\u00e4ischen Stecker geliefert.<\/p>\n<p>Die Lampe verwendet 164 LED-Chips in zwei Farben. Blaues Licht zur Stimulierung der Photosynthese. Das f\u00f6rdert das Wachstum enorm und auch blaues Licht sorgt f\u00fcr eine starke Pflanze. Das rote Licht regt die Pflanzen zur Produktion von Bl\u00fcten und Fr\u00fcchten an. Die 2 Farben zusammen erzeugen violettes Licht.<\/p>\n<p><strong>Wir liefern ein komplettes System: 1X die Wachstumslampe mit 164 LEDS, 1X ein Sammelsystem und 1X externes Netzteil. Ab 2 Lampen 10% Rabatt (\u20ac 35,90) und ab 4 Lampen 15% Rabatt (\u20ac 33,90).<\/strong><\/p>\n","protected":false},"featured_media":17936,"comment_status":"open","ping_status":"closed","template":"","meta":{"_acf_changed":false},"product_brand":[],"product_cat":[144],"product_tag":[],"class_list":{"0":"post-17926","1":"product","2":"type-product","3":"status-publish","4":"has-post-thumbnail","6":"product_cat-wachstumplampen-fur-pflanzen-und-wifi-lampen","8":"first","9":"instock","10":"taxable","11":"shipping-taxable","12":"purchasable","13":"product-type-simple"},"acf":[],"yoast_head":"<!-- This site is optimized with the Yoast SEO Premium plugin v26.1 (Yoast SEO v27.3) - https:\/\/yoast.com\/product\/yoast-seo-premium-wordpress\/ -->\n<title>Wachstumslampe mit 164 X LED - Plant Care Tools<\/title>\n<meta name=\"description\" content=\"Bestellen Sie die Wachstumslampe mit 164 X LED direkt bei PlantCareTools. Breites Produktsortiment, ausgezeichneter Service und schnelle Lieferung!\" \/>\n<meta name=\"robots\" content=\"index, follow, max-snippet:-1, max-image-preview:large, max-video-preview:-1\" \/>\n<link rel=\"canonical\" href=\"https:\/\/www.plantcaretools.com\/de\/produkt\/wachstumplampen-fur-pflanzen-und-wifi-lampen\/wachstumslampe-mit-164-x-led\/\" \/>\n<script type=\"application\/ld+json\" class=\"yoast-schema-graph\">{\"@context\":\"https:\\\/\\\/schema.org\",\"@graph\":[{\"@type\":\"BreadcrumbList\",\"@id\":\"https:\\\/\\\/www.plantcaretools.com\\\/de\\\/produkt\\\/wachstumplampen-fur-pflanzen-und-wifi-lampen\\\/wachstumslampe-mit-164-x-led\\\/#breadcrumb\",\"itemListElement\":[{\"@type\":\"ListItem\",\"position\":1,\"name\":\"Home\",\"item\":\"https:\\\/\\\/www.plantcaretools.com\\\/de\\\/\"},{\"@type\":\"ListItem\",\"position\":2,\"name\":\"Produkte\",\"item\":\"https:\\\/\\\/www.plantcaretools.com\\\/de\\\/produkte\\\/\"},{\"@type\":\"ListItem\",\"position\":3,\"name\":\"Wachstumslampe mit 164 X LED\"}]}]}<\/script>\n<!-- \/ Yoast SEO Premium plugin. -->","yoast_head_json":{"title":"Wachstumslampe mit 164 X LED - Plant Care Tools","description":"Bestellen Sie die Wachstumslampe mit 164 X LED direkt bei PlantCareTools. Breites Produktsortiment, ausgezeichneter Service und schnelle Lieferung!","robots":{"index":"index","follow":"follow","max-snippet":"max-snippet:-1","max-image-preview":"max-image-preview:large","max-video-preview":"max-video-preview:-1"},"canonical":"https:\/\/www.plantcaretools.com\/de\/produkt\/wachstumplampen-fur-pflanzen-und-wifi-lampen\/wachstumslampe-mit-164-x-led\/","schema":{"@context":"https:\/\/schema.org","@graph":[{"@type":"BreadcrumbList","@id":"https:\/\/www.plantcaretools.com\/de\/produkt\/wachstumplampen-fur-pflanzen-und-wifi-lampen\/wachstumslampe-mit-164-x-led\/#breadcrumb","itemListElement":[{"@type":"ListItem","position":1,"name":"Home","item":"https:\/\/www.plantcaretools.com\/de\/"},{"@type":"ListItem","position":2,"name":"Produkte","item":"https:\/\/www.plantcaretools.com\/de\/produkte\/"},{"@type":"ListItem","position":3,"name":"Wachstumslampe mit 164 X LED"}]}]}},"jetpack_sharing_enabled":true,"_links":{"self":[{"href":"https:\/\/www.plantcaretools.com\/de\/wp-json\/wp\/v2\/product\/17926","targetHints":{"allow":["GET"]}}],"collection":[{"href":"https:\/\/www.plantcaretools.com\/de\/wp-json\/wp\/v2\/product"}],"about":[{"href":"https:\/\/www.plantcaretools.com\/de\/wp-json\/wp\/v2\/types\/product"}],"replies":[{"embeddable":true,"href":"https:\/\/www.plantcaretools.com\/de\/wp-json\/wp\/v2\/comments?post=17926"}],"wp:featuredmedia":[{"embeddable":true,"href":"https:\/\/www.plantcaretools.com\/de\/wp-json\/wp\/v2\/media\/17936"}],"wp:attachment":[{"href":"https:\/\/www.plantcaretools.com\/de\/wp-json\/wp\/v2\/media?parent=17926"}],"wp:term":[{"taxonomy":"product_brand","embeddable":true,"href":"https:\/\/www.plantcaretools.com\/de\/wp-json\/wp\/v2\/product_brand?post=17926"},{"taxonomy":"product_cat","embeddable":true,"href":"https:\/\/www.plantcaretools.com\/de\/wp-json\/wp\/v2\/product_cat?post=17926"},{"taxonomy":"product_tag","embeddable":true,"href":"https:\/\/www.plantcaretools.com\/de\/wp-json\/wp\/v2\/product_tag?post=17926"}],"curies":[{"name":"wp","href":"https:\/\/api.w.org\/{rel}","templated":true}]}}