{"id":17996,"date":"2024-02-23T16:01:56","date_gmt":"2024-02-23T15:01:56","guid":{"rendered":"https:\/\/www.plantcaretools.com\/?post_type=product&#038;p=17996"},"modified":"2024-11-20T21:00:26","modified_gmt":"2024-11-20T20:00:26","slug":"wasserdichtes-180-x-led-streifen-wachstumslicht-3-meter-usb-5v","status":"publish","type":"product","link":"https:\/\/www.plantcaretools.com\/de\/produkt\/wachstumplampen-fur-pflanzen-und-wifi-lampen\/wasserdichtes-180-x-led-streifen-wachstumslicht-3-meter-usb-5v\/","title":{"rendered":"Wasserdichtes 180 X LED-Streifen &#8211; Wachstumslicht 3 Meter &#8211; USB &#8211; 5V"},"content":{"rendered":"<h2>Wasserdichtes 180 X LED-Streifen &#8211; Wachstumslicht 3 Meter &#8211; USB &#8211; 5V<\/h2>\n<p>Pflanzen ben\u00f6tigen ausreichend Licht f\u00fcr eine optimale Photosynthese. Dieser Wasserdichtes 180 X LED-Streifen sorgt f\u00fcr zus\u00e4tzliches Licht, wenn die Pflanze zu dunkel ist oder sorgen f\u00fcr ein schnelleres Wachstum w\u00e4hrend der Keimung und Kultivierung sowie in der Wachstums- und Bl\u00fctephase. Die Lampen werden oft in Gew\u00e4chsh\u00e4usern oder im hydroponischen Anbau verwendet. Sie eignen sich auch, um Zimmerpflanzen ausreichend Licht zu spenden, wenn sie sich an einem zu dunklen Ort befinden, oder um ihnen einen zus\u00e4tzlichen Schub zu geben. Mit diesem LED-Streifen mit Kleberand k\u00f6nnen Sie Ihren eigenen &#8220;Wachstumsplatz&#8221; schaffen, um das Wachstum und die Bl\u00fcte Ihrer Pflanzen zu f\u00f6rdern.<\/p>\n<p>&#8211; Blaues und rotes Licht stimulieren das Wachstum und die Bl\u00fcte von Pflanzen<br \/>\n&#8211; Geeignet sowohl f\u00fcr S\u00e4mlinge als auch f\u00fcr ausgewachsene Pflanzen<br \/>\n&#8211; Der Streifen ist komplett wasserdicht (IP67)<br \/>\n&#8211; Die L\u00e4nge betr\u00e4gt 3 Meter<br \/>\n&#8211; USB-Anschluss (5V). Anschluss an Bunker auch m\u00f6glich<br \/>\n&#8211; Selbstklebend (alle 5 cm einen zus\u00e4tzlichen Tropfen Sekundenkleber verwenden)<br \/>\n&#8211; Hohe Lichtintensit\u00e4t<br \/>\n&#8211; N\u00fctzlich, um Deinen eigenen Anbauplatz zu schaffen<br \/>\n&#8211; Der Streifen kann an den Markierungspunkten geschnitten werden<br \/>\n&#8211; Insgesamt 180 x LED<\/p>\n<p><strong>Ab 2 St\u00fcck 10% Rabatt (\u20ac 13,40) und ab 4 St\u00fcck 20% Rabatt (\u20ac 11,90)<\/strong><\/p>\n<p>Um maximale Ergebnisse zu erzielen, k\u00f6nnen Sie den Streifen durchgehend einwirken lassen, insbesondere wenn die Pflanze wenig oder gar kein Tageslicht erh\u00e4lt. Wenn die Pflanze jedoch Tageslicht bekommt, ist es eine Option, den Streifen 8-10 Stunden in der Nacht zu verwenden. Die Installation ist sehr einfach. Kleben Sie den Streifen mit dem Klebestreifen an die gew\u00fcnschte Stelle. Um auf Nummer sicher zu gehen, trage alle 5 cm einen zus\u00e4tzlichen Tropfen Sekundenkleber auf.<\/p>\n<p>Der Streifen verwendet 180 LED-Chips in zwei Farben. Blaues Licht zur Stimulierung der Photosynthese. Das f\u00f6rdert das Wachstum enorm und auch blaues Licht sorgt f\u00fcr eine starke Pflanze. Das rote Licht regt die Pflanzen zur Produktion von Bl\u00fcten und Fr\u00fcchten an. Die 2 Farben zusammen erzeugen violettes Licht. Ab 2 St\u00fcck 10% Rabatt (\u20ac 13,40) und ab 4 St\u00fcck 20% Rabatt (\u20ac 11,90).<\/p>\n","protected":false},"excerpt":{"rendered":"<p>Um maximale Ergebnisse zu erzielen, k\u00f6nnen Sie den Streifen durchgehend einwirken lassen, insbesondere wenn die Pflanze wenig oder gar kein Tageslicht erh\u00e4lt. Wenn die Pflanze jedoch Tageslicht bekommt, ist es eine Option, den Streifen 8-10 Stunden in der Nacht zu verwenden. Die Installation ist sehr einfach. Kleben Sie den Streifen mit dem Klebestreifen an die gew\u00fcnschte Stelle. Um auf Nummer sicher zu gehen, trage alle 5 cm einen zus\u00e4tzlichen Tropfen Sekundenkleber auf.<\/p>\n<p>Der Streifen verwendet 180 LED-Chips in zwei Farben. Blaues Licht zur Stimulierung der Photosynthese. Das f\u00f6rdert das Wachstum enorm und auch blaues Licht sorgt f\u00fcr eine starke Pflanze. Das rote Licht regt die Pflanzen zur Produktion von Bl\u00fcten und Fr\u00fcchten an. Die 2 Farben zusammen erzeugen violettes Licht. Ab 2 St\u00fcck 10% Rabatt (\u20ac 13,40) und ab 4 St\u00fcck 20% Rabatt (\u20ac 11,90).<\/p>\n","protected":false},"featured_media":17999,"comment_status":"open","ping_status":"closed","template":"","meta":{"_acf_changed":false},"product_brand":[],"product_cat":[144],"product_tag":[],"class_list":{"0":"post-17996","1":"product","2":"type-product","3":"status-publish","4":"has-post-thumbnail","6":"product_cat-wachstumplampen-fur-pflanzen-und-wifi-lampen","8":"first","9":"instock","10":"taxable","11":"shipping-taxable","12":"purchasable","13":"product-type-simple"},"acf":[],"yoast_head":"<!-- This site is optimized with the Yoast SEO Premium plugin v26.1 (Yoast SEO v27.3) - https:\/\/yoast.com\/product\/yoast-seo-premium-wordpress\/ -->\n<title>Wasserdichtes 180 X LED-Streifen - PlantCareTools<\/title>\n<meta name=\"description\" content=\"Bestellen Sie den Wasserdichtes 180 X LED-Streifen direkt bei PlantCareTools. Breites Produktsortiment, ausgezeichneter Service und schnelle Lieferung!\" \/>\n<meta name=\"robots\" content=\"index, follow, max-snippet:-1, max-image-preview:large, max-video-preview:-1\" \/>\n<link rel=\"canonical\" href=\"https:\/\/www.plantcaretools.com\/de\/produkt\/wachstumplampen-fur-pflanzen-und-wifi-lampen\/wasserdichtes-180-x-led-streifen-wachstumslicht-3-meter-usb-5v\/\" \/>\n<script type=\"application\/ld+json\" class=\"yoast-schema-graph\">{\"@context\":\"https:\\\/\\\/schema.org\",\"@graph\":[{\"@type\":\"BreadcrumbList\",\"@id\":\"https:\\\/\\\/www.plantcaretools.com\\\/de\\\/produkt\\\/wachstumplampen-fur-pflanzen-und-wifi-lampen\\\/wasserdichtes-180-x-led-streifen-wachstumslicht-3-meter-usb-5v\\\/#breadcrumb\",\"itemListElement\":[{\"@type\":\"ListItem\",\"position\":1,\"name\":\"Home\",\"item\":\"https:\\\/\\\/www.plantcaretools.com\\\/de\\\/\"},{\"@type\":\"ListItem\",\"position\":2,\"name\":\"Produkte\",\"item\":\"https:\\\/\\\/www.plantcaretools.com\\\/de\\\/produkte\\\/\"},{\"@type\":\"ListItem\",\"position\":3,\"name\":\"Wasserdichtes 180 X LED-Streifen &#8211; Wachstumslicht 3 Meter &#8211; USB &#8211; 5V\"}]}]}<\/script>\n<!-- \/ Yoast SEO Premium plugin. -->","yoast_head_json":{"title":"Wasserdichtes 180 X LED-Streifen - PlantCareTools","description":"Bestellen Sie den Wasserdichtes 180 X LED-Streifen direkt bei PlantCareTools. Breites Produktsortiment, ausgezeichneter Service und schnelle Lieferung!","robots":{"index":"index","follow":"follow","max-snippet":"max-snippet:-1","max-image-preview":"max-image-preview:large","max-video-preview":"max-video-preview:-1"},"canonical":"https:\/\/www.plantcaretools.com\/de\/produkt\/wachstumplampen-fur-pflanzen-und-wifi-lampen\/wasserdichtes-180-x-led-streifen-wachstumslicht-3-meter-usb-5v\/","schema":{"@context":"https:\/\/schema.org","@graph":[{"@type":"BreadcrumbList","@id":"https:\/\/www.plantcaretools.com\/de\/produkt\/wachstumplampen-fur-pflanzen-und-wifi-lampen\/wasserdichtes-180-x-led-streifen-wachstumslicht-3-meter-usb-5v\/#breadcrumb","itemListElement":[{"@type":"ListItem","position":1,"name":"Home","item":"https:\/\/www.plantcaretools.com\/de\/"},{"@type":"ListItem","position":2,"name":"Produkte","item":"https:\/\/www.plantcaretools.com\/de\/produkte\/"},{"@type":"ListItem","position":3,"name":"Wasserdichtes 180 X LED-Streifen &#8211; Wachstumslicht 3 Meter &#8211; USB &#8211; 5V"}]}]}},"jetpack_sharing_enabled":true,"_links":{"self":[{"href":"https:\/\/www.plantcaretools.com\/de\/wp-json\/wp\/v2\/product\/17996","targetHints":{"allow":["GET"]}}],"collection":[{"href":"https:\/\/www.plantcaretools.com\/de\/wp-json\/wp\/v2\/product"}],"about":[{"href":"https:\/\/www.plantcaretools.com\/de\/wp-json\/wp\/v2\/types\/product"}],"replies":[{"embeddable":true,"href":"https:\/\/www.plantcaretools.com\/de\/wp-json\/wp\/v2\/comments?post=17996"}],"wp:featuredmedia":[{"embeddable":true,"href":"https:\/\/www.plantcaretools.com\/de\/wp-json\/wp\/v2\/media\/17999"}],"wp:attachment":[{"href":"https:\/\/www.plantcaretools.com\/de\/wp-json\/wp\/v2\/media?parent=17996"}],"wp:term":[{"taxonomy":"product_brand","embeddable":true,"href":"https:\/\/www.plantcaretools.com\/de\/wp-json\/wp\/v2\/product_brand?post=17996"},{"taxonomy":"product_cat","embeddable":true,"href":"https:\/\/www.plantcaretools.com\/de\/wp-json\/wp\/v2\/product_cat?post=17996"},{"taxonomy":"product_tag","embeddable":true,"href":"https:\/\/www.plantcaretools.com\/de\/wp-json\/wp\/v2\/product_tag?post=17996"}],"curies":[{"name":"wp","href":"https:\/\/api.w.org\/{rel}","templated":true}]}}