{"id":18058,"date":"2024-02-26T12:18:17","date_gmt":"2024-02-26T11:18:17","guid":{"rendered":"https:\/\/www.plantcaretools.com\/?post_type=product&#038;p=18058"},"modified":"2025-05-02T15:39:52","modified_gmt":"2025-05-02T13:39:52","slug":"flexibles-wachstumslicht-vollspektrum-30w-mit-starker-klemme","status":"publish","type":"product","link":"https:\/\/www.plantcaretools.com\/de\/produkt\/wachstumplampen-fur-pflanzen-und-wifi-lampen\/flexibles-wachstumslicht-vollspektrum-30w-mit-starker-klemme\/","title":{"rendered":"Flexibles Wachstumslicht Vollspektrum &#8211; 30W mit starker Klemme"},"content":{"rendered":"<h2>Flexibles Wachstumslicht Vollspektrum &#8211; 30W mit starker Klemme<\/h2>\n<p>Pflanzen ben\u00f6tigen ausreichend Licht f\u00fcr eine optimale Photosynthese.<\/p>\n<p>Dieser Flexibles Wachstumslicht Vollspektrum sorgt f\u00fcr zus\u00e4tzliches Licht, wenn die Pflanze zu dunkel ist oder sorgen f\u00fcr ein schnelleres Wachstum w\u00e4hrend der Keimung und Kultivierung sowie in der Wachstums- und Bl\u00fctephase.<\/p>\n<p>Die Lampen werden oft in Gew\u00e4chsh\u00e4usern oder im hydroponischen Anbau verwendet. Sie eignen sich auch, um Zimmerpflanzen ausreichend Licht zu spenden, wenn sie sich an einem zu dunklen Ort befinden, oder um ihnen einen zus\u00e4tzlichen Schub zu geben.<\/p>\n<ul>\n<li>Blaues und rotes Licht stimulieren das Wachstum und die Bl\u00fcte von Pflanzen<\/li>\n<li>Geringer Energieverbrauch durch LED-Technologie (30 Watt)<\/li>\n<li>\u00dcberall einsetzbar durch enorme Flexibilit\u00e4t und starke Klemmung<\/li>\n<li>Eingebaute Timer-Option f\u00fcr 3, 9 oder 12 Stunden<\/li>\n<li>Dimmbar<\/li>\n<li>Die Lichtintensit\u00e4t bleibt langfristig hoch, die Lebensdauer betr\u00e4gt 50.000 Brennstunden.<\/li>\n<li>Nur rotes Licht, nur blaues Licht oder Kombination aus blauem und rotem Licht<\/li>\n<li>USB-Anschluss (5V)<\/li>\n<li>Geeignet sowohl f\u00fcr S\u00e4mlinge als auch f\u00fcr ausgewachsene Pflanzen<\/li>\n<li>EG-Zertifizierung<\/li>\n<\/ul>\n<p>Um maximale Ergebnisse zu erzielen, k\u00f6nnen Sie die Lampe durchgehend eingeschaltet lassen, insbesondere wenn die Pflanze wenig oder gar kein Tageslicht erh\u00e4lt. Wenn die Pflanze jedoch Tageslicht bekommt, ist es eine Option, die Lampe zu verwenden<\/p>\n<p>Kann 8 -10 Stunden nachts verwendet werden. Die Installation ist sehr einfach. Finde einen Gegenstand in der N\u00e4he der Pflanze, um den Sockel der Lampe festzuklemmen. Richten Sie die 3 R\u00f6hren mit den Lichtern auf die Pflanze(n), indem Sie die 360-Grad-Flexibilit\u00e4t nutzen. Verbinden Sie den USB-Stecker mit einem USB-Adapter und stecken Sie den USB-Adapter in die Steckdose.<\/p>\n<p>Die Lampe verwendet 51 LED-Chips in zwei Farben. Blaues Licht zur Stimulierung der Photosynthese. Das f\u00f6rdert das Wachstum enorm und auch blaues Licht sorgt f\u00fcr eine starke Pflanze. Das rote Licht regt die Pflanzen zur Produktion von Bl\u00fcten und Fr\u00fcchten an. Die 2 Farben zusammen erzeugen violettes Licht. Sie k\u00f6nnen zwischen nur blauem Licht, nur rotem Licht oder einer Kombination aus blauem und rotem Licht w\u00e4hlen.<\/p>\n","protected":false},"excerpt":{"rendered":"<h2>Um maximale Ergebnisse zu erzielen, k\u00f6nnen Sie die Lampe durchgehend eingeschaltet lassen, insbesondere wenn die Pflanze wenig oder gar kein Tageslicht erh\u00e4lt. Wenn die Pflanze jedoch Tageslicht bekommt, ist es eine Option, die Lampe zu verwenden.<\/h2>\n<p>Kann 8 -10 Stunden nachts verwendet werden. Die Installation ist sehr einfach. Finde einen Gegenstand in der N\u00e4he der Pflanze, um den Sockel der Lampe festzuklemmen. Richten Sie die 3 R\u00f6hren mit den Lichtern auf die Pflanze(n), indem Sie die 360-Grad-Flexibilit\u00e4t nutzen. Verbinden Sie den USB-Stecker mit einem USB-Adapter und stecken Sie den USB-Adapter in die Steckdose.<\/p>\n<p>Die Lampe verwendet 51 LED-Chips in zwei Farben. Blaues Licht zur Stimulierung der Photosynthese. Das f\u00f6rdert das Wachstum enorm und auch blaues Licht sorgt f\u00fcr eine starke Pflanze. Das rote Licht regt die Pflanzen zur Produktion von Bl\u00fcten und Fr\u00fcchten an. Die 2 Farben zusammen erzeugen violettes Licht. Sie k\u00f6nnen zwischen nur blauem Licht, nur rotem Licht oder einer Kombination aus blauem und rotem Licht w\u00e4hlen.<\/p>\n","protected":false},"featured_media":18067,"comment_status":"open","ping_status":"closed","template":"","meta":{"_acf_changed":false},"product_brand":[],"product_cat":[144],"product_tag":[],"class_list":{"0":"post-18058","1":"product","2":"type-product","3":"status-publish","4":"has-post-thumbnail","6":"product_cat-wachstumplampen-fur-pflanzen-und-wifi-lampen","8":"first","9":"instock","10":"taxable","11":"shipping-taxable","12":"purchasable","13":"product-type-simple"},"acf":[],"yoast_head":"<!-- This site is optimized with the Yoast SEO Premium plugin v26.1 (Yoast SEO v27.3) - https:\/\/yoast.com\/product\/yoast-seo-premium-wordpress\/ -->\n<title>Flexibles Wachstumslicht Vollspektrum - 30W mit starker Klemme - Plant Care Tools<\/title>\n<meta name=\"description\" content=\"Bestellen Sie das Flexibles Wachstumslicht Vollspektrum direkt bei PlantCareTools. Breites Produktsortiment, ausgezeichneter Service und schnelle Lieferung!\" \/>\n<meta name=\"robots\" content=\"index, follow, max-snippet:-1, max-image-preview:large, max-video-preview:-1\" \/>\n<link rel=\"canonical\" href=\"https:\/\/www.plantcaretools.com\/de\/produkt\/wachstumplampen-fur-pflanzen-und-wifi-lampen\/flexibles-wachstumslicht-vollspektrum-30w-mit-starker-klemme\/\" \/>\n<script type=\"application\/ld+json\" class=\"yoast-schema-graph\">{\"@context\":\"https:\\\/\\\/schema.org\",\"@graph\":[{\"@type\":\"BreadcrumbList\",\"@id\":\"https:\\\/\\\/www.plantcaretools.com\\\/de\\\/produkt\\\/wachstumplampen-fur-pflanzen-und-wifi-lampen\\\/flexibles-wachstumslicht-vollspektrum-30w-mit-starker-klemme\\\/#breadcrumb\",\"itemListElement\":[{\"@type\":\"ListItem\",\"position\":1,\"name\":\"Home\",\"item\":\"https:\\\/\\\/www.plantcaretools.com\\\/de\\\/\"},{\"@type\":\"ListItem\",\"position\":2,\"name\":\"Produkte\",\"item\":\"https:\\\/\\\/www.plantcaretools.com\\\/de\\\/produkte\\\/\"},{\"@type\":\"ListItem\",\"position\":3,\"name\":\"Flexibles Wachstumslicht Vollspektrum &#8211; 30W mit starker Klemme\"}]}]}<\/script>\n<!-- \/ Yoast SEO Premium plugin. -->","yoast_head_json":{"title":"Flexibles Wachstumslicht Vollspektrum - 30W mit starker Klemme - Plant Care Tools","description":"Bestellen Sie das Flexibles Wachstumslicht Vollspektrum direkt bei PlantCareTools. Breites Produktsortiment, ausgezeichneter Service und schnelle Lieferung!","robots":{"index":"index","follow":"follow","max-snippet":"max-snippet:-1","max-image-preview":"max-image-preview:large","max-video-preview":"max-video-preview:-1"},"canonical":"https:\/\/www.plantcaretools.com\/de\/produkt\/wachstumplampen-fur-pflanzen-und-wifi-lampen\/flexibles-wachstumslicht-vollspektrum-30w-mit-starker-klemme\/","schema":{"@context":"https:\/\/schema.org","@graph":[{"@type":"BreadcrumbList","@id":"https:\/\/www.plantcaretools.com\/de\/produkt\/wachstumplampen-fur-pflanzen-und-wifi-lampen\/flexibles-wachstumslicht-vollspektrum-30w-mit-starker-klemme\/#breadcrumb","itemListElement":[{"@type":"ListItem","position":1,"name":"Home","item":"https:\/\/www.plantcaretools.com\/de\/"},{"@type":"ListItem","position":2,"name":"Produkte","item":"https:\/\/www.plantcaretools.com\/de\/produkte\/"},{"@type":"ListItem","position":3,"name":"Flexibles Wachstumslicht Vollspektrum &#8211; 30W mit starker Klemme"}]}]}},"jetpack_sharing_enabled":true,"_links":{"self":[{"href":"https:\/\/www.plantcaretools.com\/de\/wp-json\/wp\/v2\/product\/18058","targetHints":{"allow":["GET"]}}],"collection":[{"href":"https:\/\/www.plantcaretools.com\/de\/wp-json\/wp\/v2\/product"}],"about":[{"href":"https:\/\/www.plantcaretools.com\/de\/wp-json\/wp\/v2\/types\/product"}],"replies":[{"embeddable":true,"href":"https:\/\/www.plantcaretools.com\/de\/wp-json\/wp\/v2\/comments?post=18058"}],"wp:featuredmedia":[{"embeddable":true,"href":"https:\/\/www.plantcaretools.com\/de\/wp-json\/wp\/v2\/media\/18067"}],"wp:attachment":[{"href":"https:\/\/www.plantcaretools.com\/de\/wp-json\/wp\/v2\/media?parent=18058"}],"wp:term":[{"taxonomy":"product_brand","embeddable":true,"href":"https:\/\/www.plantcaretools.com\/de\/wp-json\/wp\/v2\/product_brand?post=18058"},{"taxonomy":"product_cat","embeddable":true,"href":"https:\/\/www.plantcaretools.com\/de\/wp-json\/wp\/v2\/product_cat?post=18058"},{"taxonomy":"product_tag","embeddable":true,"href":"https:\/\/www.plantcaretools.com\/de\/wp-json\/wp\/v2\/product_tag?post=18058"}],"curies":[{"name":"wp","href":"https:\/\/api.w.org\/{rel}","templated":true}]}}