{"id":18612,"date":"2024-04-19T15:21:16","date_gmt":"2024-04-19T13:21:16","guid":{"rendered":"https:\/\/www.plantcaretools.com\/?post_type=product&#038;p=18612"},"modified":"2024-04-19T15:28:21","modified_gmt":"2024-04-19T13:28:21","slug":"plantgrowbag-18-liter-inhalt-schwarz-grau","status":"publish","type":"product","link":"https:\/\/www.plantcaretools.com\/de\/produkt\/pflanztaschen-de\/plantgrowbag-18-liter-inhalt-schwarz-grau\/","title":{"rendered":"PlantGrowBag &#8211; 18 Liter Inhalt &#8211; schwarz\/grau"},"content":{"rendered":"<h4>Geben Sie Ihren Pflanzen Raum und Luft mit dem PlantGrowBag &#8211; 18 Liter Inhalt!<\/h4>\n<p>Unsere Pflanztaschen sind aus recyceltem, atmungsaktivem Material hergestellt. Dies bietet der Pflanze eine optimale Wachstumsumgebung. Indem wir besonders auf die Verarbeitung geachtet haben, haben wir einen Pflanztasch entwickelt, der nicht nur den Wachstumsprozess der Pflanzen f\u00f6rdert, sondern auch angenehm zu handhaben ist und gut aussieht.<\/p>\n<p>Die Anzuchttaschen eignen sich f\u00fcr die Anpflanzung von Obst, Kr\u00e4utern, Blumen und Gem\u00fcse wie Kartoffeln, Tomaten, Paprika, Auberginen, M\u00f6hren, Radieschen, Zwiebeln usw. Auf dem Balkon, der Terrasse oder im Garten.<\/p>\n<h4>Unsere Anzuchttaschen sind aus haltbarem und atmungsaktivem R-PET-Filz hergestellt. Dieser Filz wird aus recycelten Textilien und recyceltem Polyester hergestellt, haupts\u00e4chlich aus gebrauchten und gesammelten PET-Flaschen. Diese Materialien sorgen f\u00fcr eine gute Luftzirkulation, leiten \u00fcbersch\u00fcssiges Wasser ab und verhindern das Ersticken der Wurzeln. Daher sind unsere Pflanztaschen auch nachhaltig und vollst\u00e4ndig biologisch abbaubar.<\/h4>\n<p>Das atmungsaktive Material der Growbags sorgt f\u00fcr eine gute Luftzirkulation um die Wurzeln der Pflanzen. Dies verhindert die Ansammlung von \u00fcberm\u00e4\u00dfiger Feuchtigkeit und f\u00f6rdert eine gesunde Wurzelentwicklung. Da das Material wasserdurchl\u00e4ssig ist, kann \u00fcbersch\u00fcssiges Wasser an den Seiten und am Boden abflie\u00dfen. Dies verhindert Staun\u00e4sse und Wurzelf\u00e4ule.<\/p>\n<p>Growbags sind ideal f\u00fcr die Gartenarbeit auf engem Raum, z. B. auf Balkonen oder in kleinen G\u00e4rten. Da die Beutel aus leichtem Material bestehen, sind sie leicht zu transportieren und eignen sich f\u00fcr die saisonale Bepflanzung oder wenn Sie Ihren Garten umgestalten m\u00f6chten. Unsere Pflanztaschen sind waschbar und wiederverwendbar.<\/p>\n<h4>Die Anzuchttasche ist auch eine unterhaltsame Art, Kinder an den Anbau eigener Lebensmittel heranzuf\u00fchren. Karotten und Erdbeeren beim Wachsen zuzusehen und sie dann zu essen, macht nicht nur die Gartenarbeit, sondern auch den Verzehr von Obst und Gem\u00fcse lustiger und schmackhafter.<\/h4>\n<h4>Die Vorteile eines Anzuchtbeutels auf einen Blick:<\/h4>\n<ul>\n<li>Verbessert das Pflanzenwachstum und den Ertrag<\/li>\n<li>Das Gewebe l\u00e4sst die Wurzeln atmen<\/li>\n<li>Verhindert die Vermehrung von Bakterien<\/li>\n<li>H\u00e4lt die Pflanzen im Winter w\u00e4rmer und im Sommer k\u00fchler<\/li>\n<li>Leicht zu transportieren<\/li>\n<li>Optimal entw\u00e4sserter Boden<\/li>\n<\/ul>\n<h4>Merkmale unseres PlantGrowBag &#8211; 18 Liter Inhalt:<\/h4>\n<ul>\n<li>100% recycelter RPET-Filz ohne giftige Inhaltsstoffe<\/li>\n<li>2 MM dickes atmungsaktives Gewebe<\/li>\n<li>Vollst\u00e4ndig biologisch abbaubar<\/li>\n<li>Verst\u00e4rkte vertikale Griffe<\/li>\n<li>Verst\u00e4rkte Kanten und N\u00e4hte<\/li>\n<li>Verst\u00e4rkter Boden<\/li>\n<li>Besondere Aufmerksamkeit f\u00fcr Farbe und Design<\/li>\n<\/ul>\n","protected":false},"excerpt":{"rendered":"<p>Unsere Growbags sind aus 100% recyceltem und atmungsaktivem RPET-Filz hergestellt. Dies bietet der Pflanze ein optimales Wachstumsumfeld. Durch besondere Sorgfalt bei der Verarbeitung haben wir einen Anzuchtbeutel entwickelt, der nicht nur den Wachstumsprozess der Pflanzen f\u00f6rdert, sondern auch angenehm zu handhaben ist und gut aussieht.<\/p>\n<p style=\"font-weight: 400;\">Die Beutel sind waschbar und zur Wiederverwendung geeignet.<\/p>\n<h4>Dieser Anzuchtbeutel eignet sich hervorragend f\u00fcr den Anbau von Gem\u00fcse, Obst, Kr\u00e4utern, Stauden und einj\u00e4hrigen Pflanzen.<\/h4>\n<ul>\n<li>H\u00f6he 25 cm<\/li>\n<li>Fassungsverm\u00f6gen 18 Liter<\/li>\n<li>Durchmesser 30 cm<\/li>\n<\/ul>\n","protected":false},"featured_media":18615,"comment_status":"open","ping_status":"closed","template":"","meta":{"_acf_changed":false},"product_brand":[],"product_cat":[143],"product_tag":[],"class_list":{"0":"post-18612","1":"product","2":"type-product","3":"status-publish","4":"has-post-thumbnail","6":"product_cat-pflanztaschen-de","8":"first","9":"instock","10":"taxable","11":"shipping-taxable","12":"purchasable","13":"product-type-simple"},"acf":[],"yoast_head":"<!-- This site is optimized with the Yoast SEO Premium plugin v26.1 (Yoast SEO v27.3) - https:\/\/yoast.com\/product\/yoast-seo-premium-wordpress\/ -->\n<title>PlantGrowBag - 18 Liter Inhalt - schwarz\/grau - Plant Care Tools<\/title>\n<meta name=\"description\" content=\"Der PlantGrowBag - 18 Liter Inhalt eignet sich f\u00fcr die Anpflanzung von Obst, Blumen und Gem\u00fcse wie Kartoffeln, Tomaten, Paprika, Radieschen, etc.\" \/>\n<meta name=\"robots\" content=\"index, follow, max-snippet:-1, max-image-preview:large, max-video-preview:-1\" \/>\n<link rel=\"canonical\" href=\"https:\/\/www.plantcaretools.com\/de\/produkt\/pflanztaschen-de\/plantgrowbag-18-liter-inhalt-schwarz-grau\/\" \/>\n<script type=\"application\/ld+json\" class=\"yoast-schema-graph\">{\"@context\":\"https:\\\/\\\/schema.org\",\"@graph\":[{\"@type\":\"BreadcrumbList\",\"@id\":\"https:\\\/\\\/www.plantcaretools.com\\\/de\\\/produkt\\\/pflanztaschen-de\\\/plantgrowbag-18-liter-inhalt-schwarz-grau\\\/#breadcrumb\",\"itemListElement\":[{\"@type\":\"ListItem\",\"position\":1,\"name\":\"Home\",\"item\":\"https:\\\/\\\/www.plantcaretools.com\\\/de\\\/\"},{\"@type\":\"ListItem\",\"position\":2,\"name\":\"Produkte\",\"item\":\"https:\\\/\\\/www.plantcaretools.com\\\/de\\\/produkte\\\/\"},{\"@type\":\"ListItem\",\"position\":3,\"name\":\"PlantGrowBag &#8211; 18 Liter Inhalt &#8211; schwarz\\\/grau\"}]}]}<\/script>\n<!-- \/ Yoast SEO Premium plugin. -->","yoast_head_json":{"title":"PlantGrowBag - 18 Liter Inhalt - schwarz\/grau - Plant Care Tools","description":"Der PlantGrowBag - 18 Liter Inhalt eignet sich f\u00fcr die Anpflanzung von Obst, Blumen und Gem\u00fcse wie Kartoffeln, Tomaten, Paprika, Radieschen, etc.","robots":{"index":"index","follow":"follow","max-snippet":"max-snippet:-1","max-image-preview":"max-image-preview:large","max-video-preview":"max-video-preview:-1"},"canonical":"https:\/\/www.plantcaretools.com\/de\/produkt\/pflanztaschen-de\/plantgrowbag-18-liter-inhalt-schwarz-grau\/","schema":{"@context":"https:\/\/schema.org","@graph":[{"@type":"BreadcrumbList","@id":"https:\/\/www.plantcaretools.com\/de\/produkt\/pflanztaschen-de\/plantgrowbag-18-liter-inhalt-schwarz-grau\/#breadcrumb","itemListElement":[{"@type":"ListItem","position":1,"name":"Home","item":"https:\/\/www.plantcaretools.com\/de\/"},{"@type":"ListItem","position":2,"name":"Produkte","item":"https:\/\/www.plantcaretools.com\/de\/produkte\/"},{"@type":"ListItem","position":3,"name":"PlantGrowBag &#8211; 18 Liter Inhalt &#8211; schwarz\/grau"}]}]}},"jetpack_sharing_enabled":true,"_links":{"self":[{"href":"https:\/\/www.plantcaretools.com\/de\/wp-json\/wp\/v2\/product\/18612","targetHints":{"allow":["GET"]}}],"collection":[{"href":"https:\/\/www.plantcaretools.com\/de\/wp-json\/wp\/v2\/product"}],"about":[{"href":"https:\/\/www.plantcaretools.com\/de\/wp-json\/wp\/v2\/types\/product"}],"replies":[{"embeddable":true,"href":"https:\/\/www.plantcaretools.com\/de\/wp-json\/wp\/v2\/comments?post=18612"}],"wp:featuredmedia":[{"embeddable":true,"href":"https:\/\/www.plantcaretools.com\/de\/wp-json\/wp\/v2\/media\/18615"}],"wp:attachment":[{"href":"https:\/\/www.plantcaretools.com\/de\/wp-json\/wp\/v2\/media?parent=18612"}],"wp:term":[{"taxonomy":"product_brand","embeddable":true,"href":"https:\/\/www.plantcaretools.com\/de\/wp-json\/wp\/v2\/product_brand?post=18612"},{"taxonomy":"product_cat","embeddable":true,"href":"https:\/\/www.plantcaretools.com\/de\/wp-json\/wp\/v2\/product_cat?post=18612"},{"taxonomy":"product_tag","embeddable":true,"href":"https:\/\/www.plantcaretools.com\/de\/wp-json\/wp\/v2\/product_tag?post=18612"}],"curies":[{"name":"wp","href":"https:\/\/api.w.org\/{rel}","templated":true}]}}