{"id":19240,"date":"2024-05-08T15:43:35","date_gmt":"2024-05-08T13:43:35","guid":{"rendered":"https:\/\/www.plantcaretools.com\/?post_type=product&#038;p=19240"},"modified":"2024-05-08T17:59:37","modified_gmt":"2024-05-08T15:59:37","slug":"drahtloses-4-g-messsystem","status":"publish","type":"product","link":"https:\/\/www.plantcaretools.com\/de\/produkt\/professionelle-anwender\/drahtloses-4-g-messsystem\/","title":{"rendered":"Drahtloses 4G-Messsystem"},"content":{"rendered":"<h2>Geeignet f\u00fcr wassersparende landwirtschaftliche Bew\u00e4sserung, Gew\u00e4chsh\u00e4user, Blumen und Gem\u00fcse, Gr\u00fcnland, schnelle Bodentests, Pflanzenanbau, wissenschaftliche Experimente usw.<\/h2>\n<h2>Was brauchen Sie?<\/h2>\n<ul>\n<li>Einen oder mehrere Sensoren, die \u00fcber ein Kabel mit der DTU verbunden sind<\/li>\n<li>Eine 4G DTU (geliefert in einer wasserdichten Kunststoffbox f\u00fcr den Au\u00dfeneinsatz)<\/li>\n<li>Vorzugsweise eine feste Stromversorgung f\u00fcr die DTU (es geht auch ohne)<\/li>\n<li>Ein 4G-Netzwerk vor Ort<\/li>\n<li>Ein g\u00fcnstiges SIM-only\/Data-only-Abonnement (ca. 5 \u20ac pro Monat)<\/li>\n<li>Ein PC\/Laptop\/Tablet\/Mobiltelefon, mit dem die Daten jederzeit und \u00fcberall online ausgelesen werden k\u00f6nnen<\/li>\n<\/ul>\n<h2>Wie funktioniert die Installation? Einfacher k\u00f6nnen wir es nicht machen.<\/h2>\n<ul>\n<li>Wir programmieren die DTU f\u00fcr das 4G-Netz vor<\/li>\n<li>Wir stellen einen Login in der mitgelieferten Software zur Verf\u00fcgung, um die Daten einzusehen und zu speichern<\/li>\n<li>Sie platzieren den Sensor und die DTU selbst an der gew\u00fcnschten Stelle<\/li>\n<li>Legen Sie die SIM-Karte in die DTU ein<\/li>\n<li>Verbinden Sie die DTU mit der Stromversorgung (meist Steckdose) und schalten Sie sie ein<\/li>\n<li>Sie loggen sich in das von uns f\u00fcr Sie angelegte Konto ein und sehen sofort alle Daten online<\/li>\n<\/ul>\n<p>Nat\u00fcrlich k\u00f6nnen Sie das Passwort dann selbst \u00e4ndern.<\/p>\n<p>Wir bieten auch andere drahtlose L\u00f6sungen wie WIFI und Lorawan an. Schicken Sie uns Ihr Projekt und wir werden die beste und g\u00fcnstigste L\u00f6sung f\u00fcr Sie finden.<\/p>\n","protected":false},"excerpt":{"rendered":"<p>Wenn Sie den Co2-Gehalt, die Luftfeuchtigkeit, die Windrichtung, die Windgeschwindigkeit, den Niederschlag, die Temperatur, die Lichtintensit\u00e4t, die Bodenfeuchte, die Bodentemperatur, den pH-Wert, den EC-Wert oder den NPK-Wert des Bodens aus einer (gro\u00dfen) Entfernung messen m\u00f6chten, ist dies mit einem Sensor, der an eine 4G DTU (= Data Transmitter Unit) angeschlossen ist, problemlos m\u00f6glich. Die Messung einer Kombination ist ebenfalls m\u00f6glich, und es gibt auch Multisensoren, die verschiedene Werte messen.<\/p>\n<p>Dies ist ein &#8220;ma\u00dfgeschneidertes Produkt&#8221;. Der angegebene Preis ist ein Startpreis. Schicken Sie uns Ihr Projekt und wir senden Ihnen umgehend ein Angebot zu.<\/p>\n","protected":false},"featured_media":19262,"comment_status":"open","ping_status":"closed","template":"","meta":{"_acf_changed":false},"product_brand":[],"product_cat":[148],"product_tag":[],"class_list":{"0":"post-19240","1":"product","2":"type-product","3":"status-publish","4":"has-post-thumbnail","6":"product_cat-professionelle-anwender","8":"first","9":"onbackorder","10":"taxable","11":"shipping-taxable","12":"purchasable","13":"product-type-simple"},"acf":[],"yoast_head":"<!-- This site is optimized with the Yoast SEO Premium plugin v26.1 (Yoast SEO v27.4) - https:\/\/yoast.com\/product\/yoast-seo-premium-wordpress\/ -->\n<title>Drahtloses 4G-Messsystem \u2013 Plant Care Tools<\/title>\n<meta name=\"description\" content=\"4G Messsystem Co2, Feuchtigkeit, Windgeschwindigkeit, Niederschlag, Temperatur, Lichtintensit\u00e4t, Bodenfeuchte, Bodentemperatur, pH-Wert, EC, NPK.\" \/>\n<meta name=\"robots\" content=\"index, follow, max-snippet:-1, max-image-preview:large, max-video-preview:-1\" \/>\n<link rel=\"canonical\" href=\"https:\/\/www.plantcaretools.com\/de\/produkt\/professionelle-anwender\/drahtloses-4-g-messsystem\/\" \/>\n<script type=\"application\/ld+json\" class=\"yoast-schema-graph\">{\"@context\":\"https:\\\/\\\/schema.org\",\"@graph\":[{\"@type\":\"BreadcrumbList\",\"@id\":\"https:\\\/\\\/www.plantcaretools.com\\\/de\\\/produkt\\\/professionelle-anwender\\\/drahtloses-4-g-messsystem\\\/#breadcrumb\",\"itemListElement\":[{\"@type\":\"ListItem\",\"position\":1,\"name\":\"Home\",\"item\":\"https:\\\/\\\/www.plantcaretools.com\\\/de\\\/\"},{\"@type\":\"ListItem\",\"position\":2,\"name\":\"Produkte\",\"item\":\"https:\\\/\\\/www.plantcaretools.com\\\/de\\\/produkte\\\/\"},{\"@type\":\"ListItem\",\"position\":3,\"name\":\"Drahtloses 4G-Messsystem\"}]}]}<\/script>\n<!-- \/ Yoast SEO Premium plugin. -->","yoast_head_json":{"title":"Drahtloses 4G-Messsystem \u2013 Plant Care Tools","description":"4G Messsystem Co2, Feuchtigkeit, Windgeschwindigkeit, Niederschlag, Temperatur, Lichtintensit\u00e4t, Bodenfeuchte, Bodentemperatur, pH-Wert, EC, NPK.","robots":{"index":"index","follow":"follow","max-snippet":"max-snippet:-1","max-image-preview":"max-image-preview:large","max-video-preview":"max-video-preview:-1"},"canonical":"https:\/\/www.plantcaretools.com\/de\/produkt\/professionelle-anwender\/drahtloses-4-g-messsystem\/","schema":{"@context":"https:\/\/schema.org","@graph":[{"@type":"BreadcrumbList","@id":"https:\/\/www.plantcaretools.com\/de\/produkt\/professionelle-anwender\/drahtloses-4-g-messsystem\/#breadcrumb","itemListElement":[{"@type":"ListItem","position":1,"name":"Home","item":"https:\/\/www.plantcaretools.com\/de\/"},{"@type":"ListItem","position":2,"name":"Produkte","item":"https:\/\/www.plantcaretools.com\/de\/produkte\/"},{"@type":"ListItem","position":3,"name":"Drahtloses 4G-Messsystem"}]}]}},"jetpack_sharing_enabled":true,"_links":{"self":[{"href":"https:\/\/www.plantcaretools.com\/de\/wp-json\/wp\/v2\/product\/19240","targetHints":{"allow":["GET"]}}],"collection":[{"href":"https:\/\/www.plantcaretools.com\/de\/wp-json\/wp\/v2\/product"}],"about":[{"href":"https:\/\/www.plantcaretools.com\/de\/wp-json\/wp\/v2\/types\/product"}],"replies":[{"embeddable":true,"href":"https:\/\/www.plantcaretools.com\/de\/wp-json\/wp\/v2\/comments?post=19240"}],"wp:featuredmedia":[{"embeddable":true,"href":"https:\/\/www.plantcaretools.com\/de\/wp-json\/wp\/v2\/media\/19262"}],"wp:attachment":[{"href":"https:\/\/www.plantcaretools.com\/de\/wp-json\/wp\/v2\/media?parent=19240"}],"wp:term":[{"taxonomy":"product_brand","embeddable":true,"href":"https:\/\/www.plantcaretools.com\/de\/wp-json\/wp\/v2\/product_brand?post=19240"},{"taxonomy":"product_cat","embeddable":true,"href":"https:\/\/www.plantcaretools.com\/de\/wp-json\/wp\/v2\/product_cat?post=19240"},{"taxonomy":"product_tag","embeddable":true,"href":"https:\/\/www.plantcaretools.com\/de\/wp-json\/wp\/v2\/product_tag?post=19240"}],"curies":[{"name":"wp","href":"https:\/\/api.w.org\/{rel}","templated":true}]}}