{"id":19336,"date":"2024-05-12T14:07:31","date_gmt":"2024-05-12T12:07:31","guid":{"rendered":"https:\/\/www.plantcaretools.com\/?post_type=product&#038;p=19336"},"modified":"2024-07-02T20:55:20","modified_gmt":"2024-07-02T18:55:20","slug":"handgeflochtenes-hibiskusgras-vogelhaus","status":"publish","type":"product","link":"https:\/\/www.plantcaretools.com\/de\/produkt\/sonstige-produkte\/handgeflochtenes-hibiskusgras-vogelhaus\/","title":{"rendered":"Handgeflochtenes Hibiskusgras-Vogelhaus"},"content":{"rendered":"<p>Vogelhaus aus handgewebtem Hibiskusgras<\/p>\n<p>Die Gr\u00f6\u00dfe des Hauses ist 18 cm hoch und 10 cm breit.<\/p>\n<p>Die \u00d6ffnung ist etwa 5 x 5 cm gro\u00df.<\/p>\n<p>Die raue Oberfl\u00e4che erleichtert den V\u00f6geln das Ein- und Ausfliegen und sorgt f\u00fcr eine nat\u00fcrliche Drainage und Bel\u00fcftung. Die Tropfenform l\u00e4sst das Vogelhaus sch\u00f6n aussehen und hat somit auch eine gro\u00dfe dekorative Funktion.<\/p>\n","protected":false},"excerpt":{"rendered":"<h2>Diese handgeflochtenen Vogelh\u00e4uschen sind aus nat\u00fcrlichem Hibiskusgras hergestellt.<\/h2>\n<p>Sie sind getrocknet und haltbar. Jedes ist ein Unikat.<\/p>\n<p>Ruhe- oder Futterplatz f\u00fcr V\u00f6gel. Auch sch\u00f6n mit einer kleinen H\u00e4ngepflanze.<\/p>\n<p>Geeignet f\u00fcr den Innen- und Au\u00dfenbereich.<\/p>\n","protected":false},"featured_media":19341,"comment_status":"open","ping_status":"closed","template":"","meta":{"_acf_changed":false},"product_brand":[],"product_cat":[145],"product_tag":[],"class_list":{"0":"post-19336","1":"product","2":"type-product","3":"status-publish","4":"has-post-thumbnail","6":"product_cat-sonstige-produkte","8":"first","9":"instock","10":"taxable","11":"shipping-taxable","12":"purchasable","13":"product-type-simple"},"acf":[],"yoast_head":"<!-- This site is optimized with the Yoast SEO Premium plugin v26.1 (Yoast SEO v27.3) - https:\/\/yoast.com\/product\/yoast-seo-premium-wordpress\/ -->\n<title>Handgeflochtenes Hibiskusgras-Vogelhaus - Plant Care Tools<\/title>\n<meta name=\"description\" content=\"Handgeflochtenes Hibiskusgras-Vogelhaus. Sie sind getrocknet und haltbar. Ruhe- oder Futterplatz f\u00fcr V\u00f6gel. Auch sch\u00f6n mit einer kleinen H\u00e4ngepflanze. Geeignet f\u00fcr den Innen- und Au\u00dfenbereich.\" \/>\n<meta name=\"robots\" content=\"index, follow, max-snippet:-1, max-image-preview:large, max-video-preview:-1\" \/>\n<link rel=\"canonical\" href=\"https:\/\/www.plantcaretools.com\/de\/produkt\/sonstige-produkte\/handgeflochtenes-hibiskusgras-vogelhaus\/\" \/>\n<script type=\"application\/ld+json\" class=\"yoast-schema-graph\">{\"@context\":\"https:\\\/\\\/schema.org\",\"@graph\":[{\"@type\":\"BreadcrumbList\",\"@id\":\"https:\\\/\\\/www.plantcaretools.com\\\/de\\\/produkt\\\/sonstige-produkte\\\/handgeflochtenes-hibiskusgras-vogelhaus\\\/#breadcrumb\",\"itemListElement\":[{\"@type\":\"ListItem\",\"position\":1,\"name\":\"Home\",\"item\":\"https:\\\/\\\/www.plantcaretools.com\\\/de\\\/\"},{\"@type\":\"ListItem\",\"position\":2,\"name\":\"Produkte\",\"item\":\"https:\\\/\\\/www.plantcaretools.com\\\/de\\\/produkte\\\/\"},{\"@type\":\"ListItem\",\"position\":3,\"name\":\"Handgeflochtenes Hibiskusgras-Vogelhaus\"}]}]}<\/script>\n<!-- \/ Yoast SEO Premium plugin. -->","yoast_head_json":{"title":"Handgeflochtenes Hibiskusgras-Vogelhaus - Plant Care Tools","description":"Handgeflochtenes Hibiskusgras-Vogelhaus. Sie sind getrocknet und haltbar. Ruhe- oder Futterplatz f\u00fcr V\u00f6gel. Auch sch\u00f6n mit einer kleinen H\u00e4ngepflanze. Geeignet f\u00fcr den Innen- und Au\u00dfenbereich.","robots":{"index":"index","follow":"follow","max-snippet":"max-snippet:-1","max-image-preview":"max-image-preview:large","max-video-preview":"max-video-preview:-1"},"canonical":"https:\/\/www.plantcaretools.com\/de\/produkt\/sonstige-produkte\/handgeflochtenes-hibiskusgras-vogelhaus\/","schema":{"@context":"https:\/\/schema.org","@graph":[{"@type":"BreadcrumbList","@id":"https:\/\/www.plantcaretools.com\/de\/produkt\/sonstige-produkte\/handgeflochtenes-hibiskusgras-vogelhaus\/#breadcrumb","itemListElement":[{"@type":"ListItem","position":1,"name":"Home","item":"https:\/\/www.plantcaretools.com\/de\/"},{"@type":"ListItem","position":2,"name":"Produkte","item":"https:\/\/www.plantcaretools.com\/de\/produkte\/"},{"@type":"ListItem","position":3,"name":"Handgeflochtenes Hibiskusgras-Vogelhaus"}]}]}},"jetpack_sharing_enabled":true,"_links":{"self":[{"href":"https:\/\/www.plantcaretools.com\/de\/wp-json\/wp\/v2\/product\/19336","targetHints":{"allow":["GET"]}}],"collection":[{"href":"https:\/\/www.plantcaretools.com\/de\/wp-json\/wp\/v2\/product"}],"about":[{"href":"https:\/\/www.plantcaretools.com\/de\/wp-json\/wp\/v2\/types\/product"}],"replies":[{"embeddable":true,"href":"https:\/\/www.plantcaretools.com\/de\/wp-json\/wp\/v2\/comments?post=19336"}],"wp:featuredmedia":[{"embeddable":true,"href":"https:\/\/www.plantcaretools.com\/de\/wp-json\/wp\/v2\/media\/19341"}],"wp:attachment":[{"href":"https:\/\/www.plantcaretools.com\/de\/wp-json\/wp\/v2\/media?parent=19336"}],"wp:term":[{"taxonomy":"product_brand","embeddable":true,"href":"https:\/\/www.plantcaretools.com\/de\/wp-json\/wp\/v2\/product_brand?post=19336"},{"taxonomy":"product_cat","embeddable":true,"href":"https:\/\/www.plantcaretools.com\/de\/wp-json\/wp\/v2\/product_cat?post=19336"},{"taxonomy":"product_tag","embeddable":true,"href":"https:\/\/www.plantcaretools.com\/de\/wp-json\/wp\/v2\/product_tag?post=19336"}],"curies":[{"name":"wp","href":"https:\/\/api.w.org\/{rel}","templated":true}]}}