{"id":19393,"date":"2024-05-14T17:41:29","date_gmt":"2024-05-14T15:41:29","guid":{"rendered":"https:\/\/www.plantcaretools.com\/?post_type=product&#038;p=19393"},"modified":"2024-10-30T22:13:51","modified_gmt":"2024-10-30T21:13:51","slug":"handgeflochtenes-gras-vogelhaus-mit-reetdach","status":"publish","type":"product","link":"https:\/\/www.plantcaretools.com\/de\/produkt\/sonstige-produkte\/handgeflochtenes-gras-vogelhaus-mit-reetdach\/","title":{"rendered":"Handgeflochtenes Gras-Vogelhaus mit Reetdach"},"content":{"rendered":"<p>Vogelhaus aus handgewebtem Gras.<\/p>\n<p>Die Gr\u00f6\u00dfe des Hauses ist 18 cm hoch und 13 cm breit.<\/p>\n<p>Die \u00d6ffnung ist etwa 5 x 5 cm gro\u00df.<\/p>\n<p>Die raue Oberfl\u00e4che erleichtert den V\u00f6geln das Ein- und Ausfliegen und sorgt f\u00fcr eine nat\u00fcrliche Drainage und Bel\u00fcftung. Durch die Verwendung nat\u00fcrlicher Materialien sieht das Vogelh\u00e4uschen sch\u00f6n aus und hat somit auch eine gro\u00dfe dekorative Funktion.<\/p>\n","protected":false},"excerpt":{"rendered":"<h2>Diese handgeflochtenen Vogelh\u00e4uschen werden aus Gras hergestellt.<\/h2>\n<p>Sie sind getrocknet und haltbar.<br \/>\nJedes ist ein Unikat. Ruhe- oder Futterplatz f\u00fcr V\u00f6gel. Auch sch\u00f6n mit einer kleinen H\u00e4ngepflanze.<\/p>\n<p>Geeignet f\u00fcr den Innen- und Au\u00dfenbereich.<\/p>\n","protected":false},"featured_media":19409,"comment_status":"open","ping_status":"closed","template":"","meta":{"_acf_changed":false},"product_brand":[],"product_cat":[145],"product_tag":[],"class_list":{"0":"post-19393","1":"product","2":"type-product","3":"status-publish","4":"has-post-thumbnail","6":"product_cat-sonstige-produkte","8":"first","9":"outofstock","10":"taxable","11":"shipping-taxable","12":"purchasable","13":"product-type-simple"},"acf":[],"yoast_head":"<!-- This site is optimized with the Yoast SEO Premium plugin v26.1 (Yoast SEO v27.3) - https:\/\/yoast.com\/product\/yoast-seo-premium-wordpress\/ -->\n<title>Handgeflochtenes Gras-Vogelhaus mit Reetdach - Plant Care Tools<\/title>\n<meta name=\"description\" content=\"Handgeflochtenes Gras-Vogelhaus mit Reetdach. Sie sind getrocknet und haltbar. Ruhe- oder Futterplatz f\u00fcr V\u00f6gel. Auch sch\u00f6n mit einer kleinen H\u00e4ngepflanze. Geeignet f\u00fcr den Innen- und Au\u00dfenbereich.\" \/>\n<meta name=\"robots\" content=\"index, follow, max-snippet:-1, max-image-preview:large, max-video-preview:-1\" \/>\n<link rel=\"canonical\" href=\"https:\/\/www.plantcaretools.com\/de\/produkt\/sonstige-produkte\/handgeflochtenes-gras-vogelhaus-mit-reetdach\/\" \/>\n<script type=\"application\/ld+json\" class=\"yoast-schema-graph\">{\"@context\":\"https:\\\/\\\/schema.org\",\"@graph\":[{\"@type\":\"BreadcrumbList\",\"@id\":\"https:\\\/\\\/www.plantcaretools.com\\\/de\\\/produkt\\\/sonstige-produkte\\\/handgeflochtenes-gras-vogelhaus-mit-reetdach\\\/#breadcrumb\",\"itemListElement\":[{\"@type\":\"ListItem\",\"position\":1,\"name\":\"Home\",\"item\":\"https:\\\/\\\/www.plantcaretools.com\\\/de\\\/\"},{\"@type\":\"ListItem\",\"position\":2,\"name\":\"Produkte\",\"item\":\"https:\\\/\\\/www.plantcaretools.com\\\/de\\\/produkte\\\/\"},{\"@type\":\"ListItem\",\"position\":3,\"name\":\"Handgeflochtenes Gras-Vogelhaus mit Reetdach\"}]}]}<\/script>\n<!-- \/ Yoast SEO Premium plugin. -->","yoast_head_json":{"title":"Handgeflochtenes Gras-Vogelhaus mit Reetdach - Plant Care Tools","description":"Handgeflochtenes Gras-Vogelhaus mit Reetdach. Sie sind getrocknet und haltbar. Ruhe- oder Futterplatz f\u00fcr V\u00f6gel. Auch sch\u00f6n mit einer kleinen H\u00e4ngepflanze. Geeignet f\u00fcr den Innen- und Au\u00dfenbereich.","robots":{"index":"index","follow":"follow","max-snippet":"max-snippet:-1","max-image-preview":"max-image-preview:large","max-video-preview":"max-video-preview:-1"},"canonical":"https:\/\/www.plantcaretools.com\/de\/produkt\/sonstige-produkte\/handgeflochtenes-gras-vogelhaus-mit-reetdach\/","schema":{"@context":"https:\/\/schema.org","@graph":[{"@type":"BreadcrumbList","@id":"https:\/\/www.plantcaretools.com\/de\/produkt\/sonstige-produkte\/handgeflochtenes-gras-vogelhaus-mit-reetdach\/#breadcrumb","itemListElement":[{"@type":"ListItem","position":1,"name":"Home","item":"https:\/\/www.plantcaretools.com\/de\/"},{"@type":"ListItem","position":2,"name":"Produkte","item":"https:\/\/www.plantcaretools.com\/de\/produkte\/"},{"@type":"ListItem","position":3,"name":"Handgeflochtenes Gras-Vogelhaus mit Reetdach"}]}]}},"jetpack_sharing_enabled":true,"_links":{"self":[{"href":"https:\/\/www.plantcaretools.com\/de\/wp-json\/wp\/v2\/product\/19393","targetHints":{"allow":["GET"]}}],"collection":[{"href":"https:\/\/www.plantcaretools.com\/de\/wp-json\/wp\/v2\/product"}],"about":[{"href":"https:\/\/www.plantcaretools.com\/de\/wp-json\/wp\/v2\/types\/product"}],"replies":[{"embeddable":true,"href":"https:\/\/www.plantcaretools.com\/de\/wp-json\/wp\/v2\/comments?post=19393"}],"wp:featuredmedia":[{"embeddable":true,"href":"https:\/\/www.plantcaretools.com\/de\/wp-json\/wp\/v2\/media\/19409"}],"wp:attachment":[{"href":"https:\/\/www.plantcaretools.com\/de\/wp-json\/wp\/v2\/media?parent=19393"}],"wp:term":[{"taxonomy":"product_brand","embeddable":true,"href":"https:\/\/www.plantcaretools.com\/de\/wp-json\/wp\/v2\/product_brand?post=19393"},{"taxonomy":"product_cat","embeddable":true,"href":"https:\/\/www.plantcaretools.com\/de\/wp-json\/wp\/v2\/product_cat?post=19393"},{"taxonomy":"product_tag","embeddable":true,"href":"https:\/\/www.plantcaretools.com\/de\/wp-json\/wp\/v2\/product_tag?post=19393"}],"curies":[{"name":"wp","href":"https:\/\/api.w.org\/{rel}","templated":true}]}}