{"id":19575,"date":"2023-12-19T18:05:13","date_gmt":"2023-12-19T17:05:13","guid":{"rendered":"https:\/\/www.plantcaretools.com\/?post_type=product&#038;p=19575"},"modified":"2024-05-23T18:48:33","modified_gmt":"2024-05-23T16:48:33","slug":"professionelle-drahtlose-systeme-und-sensoren-u-a-fuer-gaertner-garten-und-landschaftsbau-und-den-agrarsektor","status":"publish","type":"product","link":"https:\/\/www.plantcaretools.com\/de\/produkt\/professionelle-anwender\/professionelle-drahtlose-systeme-und-sensoren-u-a-fuer-gaertner-garten-und-landschaftsbau-und-den-agrarsektor\/","title":{"rendered":"Professionelle Funksysteme u.a. f\u00fcr G\u00e4rtner, Garten- und Landschaftsbau und den Agrarsektor"},"content":{"rendered":"<h2>Professionelle Funksysteme. Wir bieten erschwingliche, ma\u00dfgeschneiderte L\u00f6sungen f\u00fcr Fachleute, die Sie in unserem Standardsortiment nicht finden werden. Automatisierung auf intelligente Weise.<\/h2>\n<p>Zum Beispiel eine automatische Bew\u00e4sserung, wenn der Boden zu trocken ist, oder das Einschalten des Ventilators, wenn die Temperatur zu hoch wird. Diese M\u00f6glichkeiten sind praktisch grenzenlos. Wir liefern auch ein drahtloses Relais, mit dem Sie ein Ger\u00e4t aus der Ferne ein- und ausschalten k\u00f6nnen.<\/p>\n<p>Wir liefern ein komplettes System mit der gesamten Hardware und Software, die Sie ben\u00f6tigen. Es wird ein drahtloses System gew\u00e4hlt, das am besten zu Ihrem Projekt passt. Das ist in der Regel die \u00dcbertragung \u00fcber Funksignale, vorzugsweise Lora bis zu einer Entfernung von 5 KM. F\u00fcr gr\u00f6\u00dfere Entfernungen w\u00e4hlen wir in der Regel 4G.<\/p>\n<ul>\n<li>\n<h5>Sie verf\u00fcgen \u00fcber Ihr eigenes, autonom arbeitendes System und sind f\u00fcr dessen Betrieb nicht von Dritten abh\u00e4ngig, mit Ausnahme der 4G-L\u00f6sung (ein Mobilfunkvertrag f\u00fcr ca. 50 \u20ac pro Jahr).<\/h5>\n<\/li>\n<li>\n<h5>Sie zahlen keine Geb\u00fchren oder Abonnements, Plattform, Cloud-Speicher und Software sind kostenlos, mit der einzigen Ausnahme, dass Sie sich f\u00fcr die Daten\u00fcbertragung \u00fcber das 4G-Netz entscheiden.<\/h5>\n<\/li>\n<li>\n<h5>Sie nutzen bereits Ihre eigene Plattform? Wir k\u00fcmmern uns um die Integration der Daten in Ihre eigene Plattform.<\/h5>\n<\/li>\n<li>\n<h5>Ihr System wird werkseitig installiert.<\/h5>\n<\/li>\n<li>\n<h5>Die Sensoren werden mit Batterien geliefert, die eine Lebensdauer von 5 Jahren haben. Diese Batterien sind preiswert und austauschbar. Sie k\u00f6nnen den Status der Batterien \u00fcberwachen.<\/h5>\n<\/li>\n<li>\n<h5>Einfache Erweiterung mit zus\u00e4tzlichen Sensoren bis zu 100 St\u00fcck<\/h5>\n<\/li>\n<li>\n<h5>F\u00fcr Bestellungen ab 1.000 \u20ac bieten wir 1 Stunde kostenlose Online-Videohilfe f\u00fcr die<\/h5>\n<\/li>\n<li>\n<h5>Installation durch einen Spezialisten. Er spricht Englisch, Deutsch, Franz\u00f6sisch und Niederl\u00e4ndisch.<\/h5>\n<\/li>\n<li>\n<h5>Unbegrenzter kostenloser Telefon- und E-Mail-Support f\u00fcr alle Kunden.<\/h5>\n<\/li>\n<li>\n<h5>Die Lieferzeit betr\u00e4gt ca. 2 Wochen nach Zahlungseingang.<\/h5>\n<\/li>\n<li>\n<h5>Benutzerhandb\u00fccher sind in Deutsch, Englisch, Franz\u00f6sisch und Niederl\u00e4ndisch erh\u00e4ltlich.<\/h5>\n<\/li>\n<\/ul>\n<p>Ihr Projekt ist unsere Herausforderung. Fragen Sie nach unserem speziellen Inventarformular, um eine Anfrage f\u00fcr Ihr Projekt zu stellen, indem Sie eine E-Mail an sales@plantcaretools.com senden. PlantCareTools denkt gerne mit Ihnen \u00fcber L\u00f6sungen f\u00fcr professionelle Funksysteme im Gartenbau nach.<\/p>\n<p>Wir erstellen Ihnen innerhalb weniger Tage ein kostenloses, unverbindliches und individuelles Angebot.<\/p>\n<p>Die Preise verstehen sich inklusive Mehrwertsteuer und Versandkosten. Kunden mit Sitz innerhalb der EU (au\u00dfer Frankreich), die eine Umsatzsteuer-Identifikationsnummer haben, wird der Preis ohne Umsatzsteuer in Rechnung gestellt.<\/p>\n<p>Um Ihnen einen guten Eindruck zu vermitteln, sehen Sie sich bitte die beigef\u00fcgten Fotos an.<\/p>\n","protected":false},"excerpt":{"rendered":"<p>Sind Sie G\u00e4rtner, Landwirt, Freiland- oder Gew\u00e4chshausg\u00e4rtner? Oder verwalten Sie einen Golfplatz, einen gro\u00dfen Garten, Sportpl\u00e4tze oder einen Park?<\/p>\n<p>Wir bieten Ihnen Wissen, Erfahrung und eine erschwingliche L\u00f6sung.<\/p>\n<p>Messen Sie drahtlos Bodenfeuchtigkeit, Co2, Licht, Windgeschwindigkeit, Niederschlag, Temperatur, EC, pH-Wert und Feuchtigkeit. Problemlose Datenerfassung aus der Ferne. Dies kann \u00fcber eine Entfernung von 1-5 Kilometern oder \u00fcber eine (viel) gr\u00f6\u00dfere Entfernung erfolgen.<\/p>\n<p>Mit diesem System k\u00f6nnen Sie au\u00dferdem alle Daten jederzeit und \u00fcberall online \u00fcber den Computer und\/oder die APP auf Ihrem Handy ablesen und bei \u00dcberschreitung der voreingestellten Werte Warnungen erhalten.<\/p>\n<p>Wir bieten erschwingliche L\u00f6sungen f\u00fcr ma\u00dfgeschneiderte Fachleute, die Sie in unserem Standardsortiment nicht finden werden.<\/p>\n<p>Lassen Sie Ihr Projekt zu unserer Herausforderung werden und fordern Sie unser spezielles Inventarformular an, um eine Anfrage f\u00fcr Ihr Projekt zu stellen, indem Sie eine E-Mail an sales@plantcaretools.com senden. Wir werden Ihnen innerhalb weniger Tage ein kostenloses und unverbindliches Angebot unterbreiten.<\/p>\n<p>Unsere Preise verstehen sich inklusive Mehrwertsteuer und Versandkosten. Kunden mit Sitz innerhalb der EU (au\u00dfer Frankreich), die eine Umsatzsteuer-Identifikationsnummer haben, berechnen wir ohne Umsatzsteuer.<\/p>\n<p>Um Ihnen einen guten Eindruck von den M\u00f6glichkeiten zu geben, sehen Sie sich bitte die beigef\u00fcgten Fotos an.<\/p>\n","protected":false},"featured_media":17353,"comment_status":"open","ping_status":"closed","template":"","meta":{"_acf_changed":false},"product_brand":[],"product_cat":[148],"product_tag":[],"class_list":{"0":"post-19575","1":"product","2":"type-product","3":"status-publish","4":"has-post-thumbnail","6":"product_cat-professionelle-anwender","8":"first","9":"instock","10":"taxable","11":"shipping-taxable","12":"product-type-grouped"},"acf":[],"yoast_head":"<!-- This site is optimized with the Yoast SEO Premium plugin v26.1 (Yoast SEO v27.3) - https:\/\/yoast.com\/product\/yoast-seo-premium-wordpress\/ -->\n<title>Professionelle Funksysteme u.a. f\u00fcr G\u00e4rtner, Garten- und Landschaftsbau und den Agrarsektor - Plant Care Tools<\/title>\n<meta name=\"description\" content=\"Professionelle Funksysteme. Wir bieten erschwingliche, ma\u00dfgeschneiderte L\u00f6sungen f\u00fcr Fachleute, die Sie in unserem Standardsortiment nicht finden werden. Automatisierung auf intelligente Weise.\" \/>\n<meta name=\"robots\" content=\"index, follow, max-snippet:-1, max-image-preview:large, max-video-preview:-1\" \/>\n<link rel=\"canonical\" href=\"https:\/\/www.plantcaretools.com\/de\/produkt\/professionelle-anwender\/professionelle-drahtlose-systeme-und-sensoren-u-a-fuer-gaertner-garten-und-landschaftsbau-und-den-agrarsektor\/\" \/>\n<script type=\"application\/ld+json\" class=\"yoast-schema-graph\">{\"@context\":\"https:\\\/\\\/schema.org\",\"@graph\":[{\"@type\":\"BreadcrumbList\",\"@id\":\"https:\\\/\\\/www.plantcaretools.com\\\/de\\\/produkt\\\/professionelle-anwender\\\/professionelle-drahtlose-systeme-und-sensoren-u-a-fuer-gaertner-garten-und-landschaftsbau-und-den-agrarsektor\\\/#breadcrumb\",\"itemListElement\":[{\"@type\":\"ListItem\",\"position\":1,\"name\":\"Home\",\"item\":\"https:\\\/\\\/www.plantcaretools.com\\\/de\\\/\"},{\"@type\":\"ListItem\",\"position\":2,\"name\":\"Produkte\",\"item\":\"https:\\\/\\\/www.plantcaretools.com\\\/de\\\/produkte\\\/\"},{\"@type\":\"ListItem\",\"position\":3,\"name\":\"Professionelle Funksysteme u.a. f\u00fcr G\u00e4rtner, Garten- und Landschaftsbau und den Agrarsektor\"}]}]}<\/script>\n<!-- \/ Yoast SEO Premium plugin. -->","yoast_head_json":{"title":"Professionelle Funksysteme u.a. f\u00fcr G\u00e4rtner, Garten- und Landschaftsbau und den Agrarsektor - Plant Care Tools","description":"Professionelle Funksysteme. Wir bieten erschwingliche, ma\u00dfgeschneiderte L\u00f6sungen f\u00fcr Fachleute, die Sie in unserem Standardsortiment nicht finden werden. Automatisierung auf intelligente Weise.","robots":{"index":"index","follow":"follow","max-snippet":"max-snippet:-1","max-image-preview":"max-image-preview:large","max-video-preview":"max-video-preview:-1"},"canonical":"https:\/\/www.plantcaretools.com\/de\/produkt\/professionelle-anwender\/professionelle-drahtlose-systeme-und-sensoren-u-a-fuer-gaertner-garten-und-landschaftsbau-und-den-agrarsektor\/","schema":{"@context":"https:\/\/schema.org","@graph":[{"@type":"BreadcrumbList","@id":"https:\/\/www.plantcaretools.com\/de\/produkt\/professionelle-anwender\/professionelle-drahtlose-systeme-und-sensoren-u-a-fuer-gaertner-garten-und-landschaftsbau-und-den-agrarsektor\/#breadcrumb","itemListElement":[{"@type":"ListItem","position":1,"name":"Home","item":"https:\/\/www.plantcaretools.com\/de\/"},{"@type":"ListItem","position":2,"name":"Produkte","item":"https:\/\/www.plantcaretools.com\/de\/produkte\/"},{"@type":"ListItem","position":3,"name":"Professionelle Funksysteme u.a. f\u00fcr G\u00e4rtner, Garten- und Landschaftsbau und den Agrarsektor"}]}]}},"jetpack_sharing_enabled":true,"_links":{"self":[{"href":"https:\/\/www.plantcaretools.com\/de\/wp-json\/wp\/v2\/product\/19575","targetHints":{"allow":["GET"]}}],"collection":[{"href":"https:\/\/www.plantcaretools.com\/de\/wp-json\/wp\/v2\/product"}],"about":[{"href":"https:\/\/www.plantcaretools.com\/de\/wp-json\/wp\/v2\/types\/product"}],"replies":[{"embeddable":true,"href":"https:\/\/www.plantcaretools.com\/de\/wp-json\/wp\/v2\/comments?post=19575"}],"wp:featuredmedia":[{"embeddable":true,"href":"https:\/\/www.plantcaretools.com\/de\/wp-json\/wp\/v2\/media\/17353"}],"wp:attachment":[{"href":"https:\/\/www.plantcaretools.com\/de\/wp-json\/wp\/v2\/media?parent=19575"}],"wp:term":[{"taxonomy":"product_brand","embeddable":true,"href":"https:\/\/www.plantcaretools.com\/de\/wp-json\/wp\/v2\/product_brand?post=19575"},{"taxonomy":"product_cat","embeddable":true,"href":"https:\/\/www.plantcaretools.com\/de\/wp-json\/wp\/v2\/product_cat?post=19575"},{"taxonomy":"product_tag","embeddable":true,"href":"https:\/\/www.plantcaretools.com\/de\/wp-json\/wp\/v2\/product_tag?post=19575"}],"curies":[{"name":"wp","href":"https:\/\/api.w.org\/{rel}","templated":true}]}}