{"id":19728,"date":"2024-06-07T13:02:24","date_gmt":"2024-06-07T11:02:24","guid":{"rendered":"https:\/\/www.plantcaretools.com\/?post_type=product&#038;p=19728"},"modified":"2024-06-07T14:48:05","modified_gmt":"2024-06-07T12:48:05","slug":"digitale-zeitschaltuhr-fuer-die-bewaesserung-rainpoint","status":"publish","type":"product","link":"https:\/\/www.plantcaretools.com\/de\/produkt\/bewasserungssysteme\/digitale-zeitschaltuhr-fuer-die-bewaesserung-rainpoint\/","title":{"rendered":"Digitale Zeitschaltuhr f\u00fcr die Bew\u00e4sserung &#8211; Rainpoint"},"content":{"rendered":"<h2>Sie k\u00f6nnen verschiedene Bew\u00e4sserungsprogramme einstellen. Jedes Bew\u00e4sserungsprogramm hat seine eigene Startzeit und Dauer. Mit unserer Zeitschaltuhr k\u00f6nnen Sie genau einstellen, wie lange Sie bew\u00e4ssern m\u00f6chten, mit einer unabh\u00e4ngigen Start- und Endzeit.<\/h2>\n<p>Mit dem flexiblen Zeitplan k\u00f6nnen Sie ganz einfach ausw\u00e4hlen, an welchen Tagen Sie bew\u00e4ssern m\u00f6chten.<br \/>\nWenn Ihre Gemeinde zum Beispiel vorschreibt, dass Sie Ihren Garten, Rasen oder Gem\u00fcsegarten nur mittwochs und sonntags bew\u00e4ssern d\u00fcrfen, k\u00f6nnen Sie mit dieser intelligenten Bew\u00e4sserungszeitschaltuhr die Programme so ausf\u00fchren, wie Sie sie eingestellt haben.<\/p>\n<p>Auch praktisch, wenn Sie auf Reisen sind. Auf diese Weise m\u00fcssen Sie sich keine Sorgen machen, dass der Garten am festgelegten Tag nicht bew\u00e4ssert wird.<\/p>\n<h2>Extra manuelle Bew\u00e4sserung: Mit dieser Funktion k\u00f6nnen Sie bew\u00e4ssern, ohne Ihren eingestellten Bew\u00e4sserungszeitplan zu unterbrechen.<\/h2>\n<p>Hinweis: Die Standarddauer der manuellen Bew\u00e4sserung betr\u00e4gt 10 Minuten und kann nicht ge\u00e4ndert werden.<\/p>\n","protected":false},"excerpt":{"rendered":"<h2>Ein Muss f\u00fcr die moderne und umweltbewusste Gartenbew\u00e4sserung.<br \/>\nAufgrund eines hektischen Lebensstils kann die Bew\u00e4sserung des Gartens vergessen werden. Au\u00dferdem sind wir uns heutzutage der Wassermenge, die f\u00fcr die Gartenbew\u00e4sserung verbraucht wird, st\u00e4rker bewusst. \u00dcbersch\u00fcssiges Wasser ist unn\u00f6tig und wird oft als Verschwendung angesehen.<\/h2>\n<p>Ein Bew\u00e4sserungstimer f\u00fchrt automatisch den von Ihnen festgelegten Bew\u00e4sserungszeitplan aus. So sparen Sie mehr Zeit und verhindern dank der hochpr\u00e4zisen Bew\u00e4sserungstechnologie eine \u00dcberbew\u00e4sserung oder D\u00fcrre.<\/p>\n<p>Das ist auch praktisch, wenn Sie auf Reisen sind. So m\u00fcssen Sie sich keine Sorgen machen, dass der Garten am angegebenen Tag nicht bew\u00e4ssert wird.<\/p>\n<ul>\n<li><strong>Leicht zu lesen<\/strong><br \/>\nAuf dem 2,5-Zoll-Display sind die Informationen zu den Bew\u00e4sserungsprogrammen auf einen Blick zu erkennen.<\/li>\n<li><strong>Einfaches Programmieren<\/strong><br \/>\nDrehen Sie den Drehknopf gegen den Uhrzeigersinn und stellen Sie Uhrzeit, Startzeit, Dauer und H\u00e4ufigkeit der Bew\u00e4sserung ein. Die Programmierung war noch nie so einfach.<\/li>\n<li><strong>Lange Lebensdauer der Batterie<\/strong><br \/>\nDer innere Gummiring um das Batteriefach ist wasserdicht nach IP54 und sch\u00fctzt die Batterie vor Korrosion. 2 AA-Batterien halten etwa 1 Jahr lang. Die Batterien sind nicht im Lieferumfang enthalten.<\/li>\n<li><strong>Anti-Blockierung, Anti-Leckage<\/strong><br \/>\nDer Wasserzulauffilter aus Edelstahl verhindert wirksam Leckagen durch blockierende Ventile. Die Wasserzeitschaltuhr ITV101P h\u00e4lt einem Wasserdruck von bis zu 116 PSI stand.<\/li>\n<\/ul>\n","protected":false},"featured_media":19738,"comment_status":"open","ping_status":"closed","template":"","meta":{"_acf_changed":false},"product_brand":[],"product_cat":[107],"product_tag":[218,220,221,219],"class_list":{"0":"post-19728","1":"product","2":"type-product","3":"status-publish","4":"has-post-thumbnail","6":"product_cat-bewasserungssysteme","7":"product_tag-bewaesserung","8":"product_tag-irrigation-de","9":"product_tag-rainpoint-de","10":"product_tag-zeitschaltuhr","12":"first","13":"instock","14":"taxable","15":"shipping-taxable","16":"purchasable","17":"product-type-simple"},"acf":[],"yoast_head":"<!-- This site is optimized with the Yoast SEO Premium plugin v26.1 (Yoast SEO v27.3) - https:\/\/yoast.com\/product\/yoast-seo-premium-wordpress\/ -->\n<title>Digitale Zeitschaltuhr f\u00fcr die Bew\u00e4sserung - Rainpoint - Plant Care Tools<\/title>\n<meta name=\"description\" content=\"Digitale Bew\u00e4sserungsuhr - Rainpoint - PlantCareTools - Ein Muss f\u00fcr die moderne und umweltbewusste Gartenbew\u00e4sserung. Mit automatischen Bew\u00e4sserungspl\u00e4nen. Praktisch auch f\u00fcr unterwegs.\" \/>\n<meta name=\"robots\" content=\"index, follow, max-snippet:-1, max-image-preview:large, max-video-preview:-1\" \/>\n<link rel=\"canonical\" href=\"https:\/\/www.plantcaretools.com\/de\/produkt\/bewasserungssysteme\/digitale-zeitschaltuhr-fuer-die-bewaesserung-rainpoint\/\" \/>\n<script type=\"application\/ld+json\" class=\"yoast-schema-graph\">{\"@context\":\"https:\\\/\\\/schema.org\",\"@graph\":[{\"@type\":\"BreadcrumbList\",\"@id\":\"https:\\\/\\\/www.plantcaretools.com\\\/de\\\/produkt\\\/bewasserungssysteme\\\/digitale-zeitschaltuhr-fuer-die-bewaesserung-rainpoint\\\/#breadcrumb\",\"itemListElement\":[{\"@type\":\"ListItem\",\"position\":1,\"name\":\"Home\",\"item\":\"https:\\\/\\\/www.plantcaretools.com\\\/de\\\/\"},{\"@type\":\"ListItem\",\"position\":2,\"name\":\"Produkte\",\"item\":\"https:\\\/\\\/www.plantcaretools.com\\\/de\\\/produkte\\\/\"},{\"@type\":\"ListItem\",\"position\":3,\"name\":\"Digitale Zeitschaltuhr f\u00fcr die Bew\u00e4sserung &#8211; Rainpoint\"}]}]}<\/script>\n<!-- \/ Yoast SEO Premium plugin. -->","yoast_head_json":{"title":"Digitale Zeitschaltuhr f\u00fcr die Bew\u00e4sserung - Rainpoint - Plant Care Tools","description":"Digitale Bew\u00e4sserungsuhr - Rainpoint - PlantCareTools - Ein Muss f\u00fcr die moderne und umweltbewusste Gartenbew\u00e4sserung. Mit automatischen Bew\u00e4sserungspl\u00e4nen. Praktisch auch f\u00fcr unterwegs.","robots":{"index":"index","follow":"follow","max-snippet":"max-snippet:-1","max-image-preview":"max-image-preview:large","max-video-preview":"max-video-preview:-1"},"canonical":"https:\/\/www.plantcaretools.com\/de\/produkt\/bewasserungssysteme\/digitale-zeitschaltuhr-fuer-die-bewaesserung-rainpoint\/","schema":{"@context":"https:\/\/schema.org","@graph":[{"@type":"BreadcrumbList","@id":"https:\/\/www.plantcaretools.com\/de\/produkt\/bewasserungssysteme\/digitale-zeitschaltuhr-fuer-die-bewaesserung-rainpoint\/#breadcrumb","itemListElement":[{"@type":"ListItem","position":1,"name":"Home","item":"https:\/\/www.plantcaretools.com\/de\/"},{"@type":"ListItem","position":2,"name":"Produkte","item":"https:\/\/www.plantcaretools.com\/de\/produkte\/"},{"@type":"ListItem","position":3,"name":"Digitale Zeitschaltuhr f\u00fcr die Bew\u00e4sserung &#8211; Rainpoint"}]}]}},"jetpack_sharing_enabled":true,"_links":{"self":[{"href":"https:\/\/www.plantcaretools.com\/de\/wp-json\/wp\/v2\/product\/19728","targetHints":{"allow":["GET"]}}],"collection":[{"href":"https:\/\/www.plantcaretools.com\/de\/wp-json\/wp\/v2\/product"}],"about":[{"href":"https:\/\/www.plantcaretools.com\/de\/wp-json\/wp\/v2\/types\/product"}],"replies":[{"embeddable":true,"href":"https:\/\/www.plantcaretools.com\/de\/wp-json\/wp\/v2\/comments?post=19728"}],"wp:featuredmedia":[{"embeddable":true,"href":"https:\/\/www.plantcaretools.com\/de\/wp-json\/wp\/v2\/media\/19738"}],"wp:attachment":[{"href":"https:\/\/www.plantcaretools.com\/de\/wp-json\/wp\/v2\/media?parent=19728"}],"wp:term":[{"taxonomy":"product_brand","embeddable":true,"href":"https:\/\/www.plantcaretools.com\/de\/wp-json\/wp\/v2\/product_brand?post=19728"},{"taxonomy":"product_cat","embeddable":true,"href":"https:\/\/www.plantcaretools.com\/de\/wp-json\/wp\/v2\/product_cat?post=19728"},{"taxonomy":"product_tag","embeddable":true,"href":"https:\/\/www.plantcaretools.com\/de\/wp-json\/wp\/v2\/product_tag?post=19728"}],"curies":[{"name":"wp","href":"https:\/\/api.w.org\/{rel}","templated":true}]}}