{"id":19941,"date":"2024-06-09T17:03:19","date_gmt":"2024-06-09T15:03:19","guid":{"rendered":"https:\/\/www.plantcaretools.com\/?post_type=product&#038;p=19941"},"modified":"2024-06-13T19:51:27","modified_gmt":"2024-06-13T17:51:27","slug":"solarbetriebenes-bewasserungssystem-fur-30-topfpflanzen","status":"publish","type":"product","link":"https:\/\/www.plantcaretools.com\/de\/produkt\/bewasserungssysteme\/solarbetriebenes-bewasserungssystem-fur-30-topfpflanzen\/","title":{"rendered":"Automatisches solarbetriebenes Bew\u00e4sserungssystem f\u00fcr 30 Topfpflanzen"},"content":{"rendered":"<h2>Automatisches solarbetriebenes Bew\u00e4sserungssystem f\u00fcr 30 Topfpflanzen<\/h2>\n<h2>Spezifikationen:<\/h2>\n<ul>\n<li>Sonnenkollektor 10W<\/li>\n<li>Spezifikationen Akku: 3.7V, 2200mAh<\/li>\n<li>Verbrauch Pumpe: 5W<\/li>\n<li>Wasserleistung: 2L\/min.<\/li>\n<li>Maximale Anzahl von T\u00f6pfen: 30<\/li>\n<li>Akustischer Alarm im Falle von Wassermangel<\/li>\n<li>15-20 Tagen Bew\u00e4sserung mit 1 vollen Ladung<\/li>\n<\/ul>\n<h2>Packungsinhalt:<\/h2>\n<ul>\n<li>Gebrauchsanweisung in Deutsch, Englisch und Franz\u00f6sisch<\/li>\n<li>1 H\u00fclse f\u00fcr die Befestigung im Boden<\/li>\n<li>1 Muffe f\u00fcr die vertikale Befestigung<\/li>\n<li>2 Schrauben und 2 D\u00fcbel f\u00fcr die vertikale (Wand-)Befestigung<\/li>\n<li>L\u00e4nge des mitgelieferten Mikro-Bew\u00e4sserungsschlauchs 4mm\/3mm: 30 Meter<\/li>\n<li>30 Tropfk\u00f6pfe<\/li>\n<li>30 T-Verbindungsst\u00fccke<\/li>\n<\/ul>\n<p>&nbsp;<\/p>\n","protected":false},"excerpt":{"rendered":"<h2>Solarbetriebenes automatisches Bew\u00e4sserungssystem f\u00fcr 30 Topfpflanzen<\/h2>\n<p>Entdecken Sie unser automatisches Bew\u00e4sserungssystem f\u00fcr Topfpflanzen, das mit Solarenergie betrieben wird. Dieses innovative System besteht aus einem Steuerger\u00e4t mit Solarpanel, einer 2200mAh-Batterie, einer 5W-Pumpe und einer Zeitschaltuhr. Der mitgelieferte Bew\u00e4sserungsschlauch und die Tropfer sorgen daf\u00fcr, dass jede Pflanze die richtige Menge an Wasser erh\u00e4lt. Dank der Solarenergie brauchen Sie kein Stromkabel anzuschlie\u00dfen, solange der Spot gen\u00fcgend Sonnenlicht zum Aufladen erh\u00e4lt.<\/p>\n<h2>Die Vorteile:<\/h2>\n<ul>\n<li><strong>Autark:<\/strong> Das System bezieht das Wasser direkt aus Beh\u00e4ltern wie Eimern oder Wassertanks, ohne dass ein Wasserhahn ben\u00f6tigt wird.<\/li>\n<li><strong>Flexibler Einsatz:<\/strong> Ideal f\u00fcr G\u00e4rten, Terrassen und Balkone, wo kein Wasserhahn und kein Stromanschluss zur Verf\u00fcgung stehen.<\/li>\n<li><strong>Einfache Bedienung:<\/strong> \u00c4ndern Sie die Bew\u00e4sserungsfrequenz mit der MODE-Taste. Die blaue Kontrollleuchte zeigt die gew\u00e4hlte Frequenz an: 5 min \/ 15 min \/ 20 min alle 12 Stunden oder 5 min \/ 15 min \/ 20 min alle 24 Stunden.<\/li>\n<li><strong>Wasserabgabe:<\/strong> Die Wasserabgabe betr\u00e4gt ca. 2L pro Minute.<\/li>\n<li><strong>Wasserdichtes Design:<\/strong> Der Regler sollte dort platziert werden, wo das Solarpanel direktes Sonnenlicht erh\u00e4lt. Legen Sie die Seite mit dem Schaltknopf nach unten, damit die Batterie optimal funktionieren kann.<\/li>\n<li><strong>Batterielebensdauer:<\/strong> Die eingebaute Batterie hat genug Energie, um nach einer vollen Ladung 15-20 Tagen lang ununterbrochen zu arbeiten, damit das System auch an bew\u00f6lkten Tagen funktioniert.<\/li>\n<li><strong>W\u00e4hlbare Bew\u00e4sserungszeitpl\u00e4ne:<\/strong> 3 Perioden von 5, 15 oder 20 Minuten in einem Rhythmus von 12 oder 24 Stunden. Ideal f\u00fcr Topfpflanzen w\u00e4hrend der Ferien, bei vollem Terminkalender oder wechselnden Wetterbedingungen.<\/li>\n<\/ul>\n<p><strong>Garantie: 3 Jahre Garantie auf das System.<\/strong><\/p>\n<h2>Zusammenfassung: Mit unserem automatischen Bew\u00e4sserungssystem k\u00f6nnen Sie Ihre Pflanzen sorgenfrei bew\u00e4ssern, ohne auf Strom oder einen Wasserhahn angewiesen zu sein. Dieses solarbetriebene System ist perfekt f\u00fcr alle, die Komfort und Effizienz mit Umweltfreundlichkeit verbinden m\u00f6chten.<\/h2>\n","protected":false},"featured_media":19982,"comment_status":"open","ping_status":"closed","template":"","meta":{"_acf_changed":false},"product_brand":[],"product_cat":[107],"product_tag":[],"class_list":{"0":"post-19941","1":"product","2":"type-product","3":"status-publish","4":"has-post-thumbnail","6":"product_cat-bewasserungssysteme","8":"first","9":"outofstock","10":"taxable","11":"shipping-taxable","12":"purchasable","13":"product-type-simple"},"acf":[],"yoast_head":"<!-- This site is optimized with the Yoast SEO Premium plugin v26.1 (Yoast SEO v27.3) - https:\/\/yoast.com\/product\/yoast-seo-premium-wordpress\/ -->\n<title>Automatisches solarbetriebenes Bew\u00e4sserungssystem f\u00fcr 30 Topfpflanzen - Plant Care Tools<\/title>\n<meta name=\"description\" content=\"Automatisches solarbetriebenes Bew\u00e4sserungssystem f\u00fcr 30 Topfpflanzen, ohne Strom oder Wasserhahn. Effizient und umweltfreundlich.\" \/>\n<meta name=\"robots\" content=\"index, follow, max-snippet:-1, max-image-preview:large, max-video-preview:-1\" \/>\n<link rel=\"canonical\" href=\"https:\/\/www.plantcaretools.com\/de\/produkt\/bewasserungssysteme\/solarbetriebenes-bewasserungssystem-fur-30-topfpflanzen\/\" \/>\n<script type=\"application\/ld+json\" class=\"yoast-schema-graph\">{\"@context\":\"https:\\\/\\\/schema.org\",\"@graph\":[{\"@type\":\"BreadcrumbList\",\"@id\":\"https:\\\/\\\/www.plantcaretools.com\\\/de\\\/produkt\\\/bewasserungssysteme\\\/solarbetriebenes-bewasserungssystem-fur-30-topfpflanzen\\\/#breadcrumb\",\"itemListElement\":[{\"@type\":\"ListItem\",\"position\":1,\"name\":\"Home\",\"item\":\"https:\\\/\\\/www.plantcaretools.com\\\/de\\\/\"},{\"@type\":\"ListItem\",\"position\":2,\"name\":\"Produkte\",\"item\":\"https:\\\/\\\/www.plantcaretools.com\\\/de\\\/produkte\\\/\"},{\"@type\":\"ListItem\",\"position\":3,\"name\":\"Automatisches solarbetriebenes Bew\u00e4sserungssystem f\u00fcr 30 Topfpflanzen\"}]}]}<\/script>\n<!-- \/ Yoast SEO Premium plugin. -->","yoast_head_json":{"title":"Automatisches solarbetriebenes Bew\u00e4sserungssystem f\u00fcr 30 Topfpflanzen - Plant Care Tools","description":"Automatisches solarbetriebenes Bew\u00e4sserungssystem f\u00fcr 30 Topfpflanzen, ohne Strom oder Wasserhahn. Effizient und umweltfreundlich.","robots":{"index":"index","follow":"follow","max-snippet":"max-snippet:-1","max-image-preview":"max-image-preview:large","max-video-preview":"max-video-preview:-1"},"canonical":"https:\/\/www.plantcaretools.com\/de\/produkt\/bewasserungssysteme\/solarbetriebenes-bewasserungssystem-fur-30-topfpflanzen\/","schema":{"@context":"https:\/\/schema.org","@graph":[{"@type":"BreadcrumbList","@id":"https:\/\/www.plantcaretools.com\/de\/produkt\/bewasserungssysteme\/solarbetriebenes-bewasserungssystem-fur-30-topfpflanzen\/#breadcrumb","itemListElement":[{"@type":"ListItem","position":1,"name":"Home","item":"https:\/\/www.plantcaretools.com\/de\/"},{"@type":"ListItem","position":2,"name":"Produkte","item":"https:\/\/www.plantcaretools.com\/de\/produkte\/"},{"@type":"ListItem","position":3,"name":"Automatisches solarbetriebenes Bew\u00e4sserungssystem f\u00fcr 30 Topfpflanzen"}]}]}},"jetpack_sharing_enabled":true,"_links":{"self":[{"href":"https:\/\/www.plantcaretools.com\/de\/wp-json\/wp\/v2\/product\/19941","targetHints":{"allow":["GET"]}}],"collection":[{"href":"https:\/\/www.plantcaretools.com\/de\/wp-json\/wp\/v2\/product"}],"about":[{"href":"https:\/\/www.plantcaretools.com\/de\/wp-json\/wp\/v2\/types\/product"}],"replies":[{"embeddable":true,"href":"https:\/\/www.plantcaretools.com\/de\/wp-json\/wp\/v2\/comments?post=19941"}],"wp:featuredmedia":[{"embeddable":true,"href":"https:\/\/www.plantcaretools.com\/de\/wp-json\/wp\/v2\/media\/19982"}],"wp:attachment":[{"href":"https:\/\/www.plantcaretools.com\/de\/wp-json\/wp\/v2\/media?parent=19941"}],"wp:term":[{"taxonomy":"product_brand","embeddable":true,"href":"https:\/\/www.plantcaretools.com\/de\/wp-json\/wp\/v2\/product_brand?post=19941"},{"taxonomy":"product_cat","embeddable":true,"href":"https:\/\/www.plantcaretools.com\/de\/wp-json\/wp\/v2\/product_cat?post=19941"},{"taxonomy":"product_tag","embeddable":true,"href":"https:\/\/www.plantcaretools.com\/de\/wp-json\/wp\/v2\/product_tag?post=19941"}],"curies":[{"name":"wp","href":"https:\/\/api.w.org\/{rel}","templated":true}]}}