{"id":20077,"date":"2024-06-17T14:29:54","date_gmt":"2024-06-17T12:29:54","guid":{"rendered":"https:\/\/www.plantcaretools.com\/?post_type=product&#038;p=20077"},"modified":"2024-06-18T14:13:46","modified_gmt":"2024-06-18T12:13:46","slug":"ph-messgerat-flussigkeiten-kopie","status":"publish","type":"product","link":"https:\/\/www.plantcaretools.com\/de\/produkt\/messgerate\/ph-messgerat-flussigkeiten-kopie\/","title":{"rendered":"pH &#8211; S\u00e4uremesser f\u00fcr Fl\u00fcssigkeiten mit Bluetooth"},"content":{"rendered":"<h2>Dieses pH-Meter ist ideal f\u00fcr die Messung der Wasserqualit\u00e4t<\/h2>\n<p><strong>pH-Meter &#8211; zur Messung des pH-Werts von Fl\u00fcssigkeiten.<\/strong><\/p>\n<p>Dieses pH-Meter wird zur Messung des pH-Wertes in Fl\u00fcssigkeiten verwendet. Es kann wichtig sein, den pH-Wert von z. B. Leitungswasser, Poolwasser, Flusswasser oder Abwasser zu messen.<\/p>\n<p><strong>Kontrolle der Wasserreinheit, Abwasser, Hydrokultur, Gartenbau, Aquarium, Schwimmbad, usw.<\/strong><\/p>\n<p>Dieses handliche Messger\u00e4t ist ideal f\u00fcr die Pr\u00fcfung der Wasserqualit\u00e4t im Allgemeinen. Dar\u00fcber hinaus kann das Messger\u00e4t f\u00fcr die Kontrolle der Wasserreinheit, die \u00dcberwachung von Abwasser, Hydroponik (Hydrokultur), hydroponische Anwendungen, den Einsatz im Labor und f\u00fcr wissenschaftliche Zwecke, die Pr\u00fcfung des Wassers in einem Schwimmbad, Spa und Aquarium, Messungen im Zusammenhang mit \u00f6kologischen Anwendungen, Wasseraufbereitung, etc. verwendet werden. Mit der APP Yinmik und mit Bluetooth k\u00f6nnen Sie alle Daten auf Ihrem Telefon sehen und sie als Excel-Tabelle speichern. Es ist auch m\u00f6glich, die Daten zu exportieren, zu drucken und zu teilen.<\/p>\n<h3>Siehe auch unser Sonderangebot in Kombination mit dem EC-Meter.<\/h3>\n<h2>Merkmale:<\/h2>\n<p><strong>Ph-Meter mit Bluetooth<\/strong><\/p>\n<ul>\n<li>Funktioniert in Kombination mit der mobilen App Yinmik und misst pH, RH und Temp. Geeignet f\u00fcr Trinkwasser im Haushalt, Hydrokultur, Labor, Aquarium usw.<\/li>\n<\/ul>\n<p><strong>Cloud-basiertes Datenverwaltungssystem<\/strong><\/p>\n<ul>\n<li>Pr\u00e4zise Bluetooth-Daten\u00fcbertragung in Echtzeit. So wird der Messwert sofort deutlich angezeigt. Sie k\u00f6nnen Ihre Messdaten speichern, verwalten, drucken und weitergeben und m\u00fcssen sich keine Sorgen \u00fcber Datenverluste machen.<\/li>\n<\/ul>\n<p><strong>Automatischer pH-Kalibrator<\/strong><\/p>\n<ul>\n<li>Die hochempfindliche Glasmesssonde bietet Ihnen einen vollen Messbereich von pH 0-14. Das Messger\u00e4t verf\u00fcgt \u00fcber eine 5-Punkt-Kalibriermethode, Kalibrierpulver pH 4,00, pH 6,86, pH 9,18 und pH 7,00, pH 10,01 sind im Lieferumfang enthalten. Die Kalibrierung ist einfach und gelegentlich notwendig, um die Genauigkeit Ihrer Messwerte zu gew\u00e4hrleisten.<\/li>\n<\/ul>\n<p><strong>Automatische Temperaturkompensation<\/strong><\/p>\n<ul>\n<li>Die Temperatur beeinflusst das Messergebnis. Die automatische Temperaturkompensation (ATC) sorgt daf\u00fcr, dass das Messergebnis unabh\u00e4ngig von der Temperatur immer genau bleibt.<\/li>\n<\/ul>\n<p><strong>Hochpr\u00e4zise Wasserpr\u00fcfung<\/strong><\/p>\n<ul>\n<li>Der Algorithmus-Chip und die Elektrode gew\u00e4hrleisten eine genaue und schnelle Reaktion. Die gr\u00fcn beleuchtete LCD-Anzeige sorgt daf\u00fcr, dass Sie die Messergebnisse unter allen Bedingungen leicht ablesen k\u00f6nnen.<\/li>\n<\/ul>\n<h3>Siehe auch unser Sonderangebot in Kombination mit dem EC-Meter.<\/h3>\n<p>Lesen Sie alles \u00fcber die Messung des S\u00e4uregehalts in Fl\u00fcssigkeiten auf <a href=\"https:\/\/www.plantcaretools.com\/de\/ph-wert-messen-wasser\/\">dieser Seite.<\/a><\/p>\n","protected":false},"excerpt":{"rendered":"<h2>Bluetooth pH-Meter &#8211; Messung des pH-Werts von Fl\u00fcssigkeiten.<br \/>\nZur \u00dcberpr\u00fcfung des pH-Werts von Leitungswasser, Abwasser, Hydrokultur, Gartenbau, Aquarium, Schwimmbad, etc. u.a.<\/h2>\n<p>Dieses pH-Meter wird vor allem bei der Messung des pH-Wertes von Wasser und anderen Fl\u00fcssigkeiten wie Brunnenwasser, Flusswasser usw. verwendet.<\/p>\n<h3>Siehe auch unser Sonderangebot in Kombination mit dem EC-Meter.<\/h3>\n<p>Lesen Sie alles \u00fcber die Messung des S\u00e4uregehalts in Fl\u00fcssigkeiten auf <a href=\"https:\/\/www.plantcaretools.com\/de\/ph-wert-messen-wasser\/\">dieser Seite.<\/a><\/p>\n<p>&nbsp;<\/p>\n","protected":false},"featured_media":20188,"comment_status":"open","ping_status":"closed","template":"","meta":{"_acf_changed":false},"product_brand":[],"product_cat":[116,124],"product_tag":[461,368],"class_list":{"0":"post-20077","1":"product","2":"type-product","3":"status-publish","4":"has-post-thumbnail","6":"product_cat-messgerate","7":"product_cat-plantcaretools-produkte","8":"product_tag-bluetooth-de","9":"product_tag-ph-de","11":"first","12":"instock","13":"taxable","14":"shipping-taxable","15":"purchasable","16":"product-type-simple"},"acf":[],"yoast_head":"<!-- This site is optimized with the Yoast SEO Premium plugin v26.1 (Yoast SEO v27.3) - https:\/\/yoast.com\/product\/yoast-seo-premium-wordpress\/ -->\n<title>pH Messger\u00e4t mit Bluetooth - ideal zum Testen der Wasserqualit\u00e4t<\/title>\n<meta name=\"description\" content=\"Dieses pH Messger\u00e4t mit Bluetooth wird benutzt zum Messen von Abflusswasser, Wasser von Schwimmb\u00e4dern oder Aquarien, Hydrokultur, Hortikultur, usw.\" \/>\n<meta name=\"robots\" content=\"index, follow, max-snippet:-1, max-image-preview:large, max-video-preview:-1\" \/>\n<link rel=\"canonical\" href=\"https:\/\/www.plantcaretools.com\/de\/produkt\/messgerate\/ph-messgerat-flussigkeiten-kopie\/\" \/>\n<script type=\"application\/ld+json\" class=\"yoast-schema-graph\">{\"@context\":\"https:\\\/\\\/schema.org\",\"@graph\":[{\"@type\":\"BreadcrumbList\",\"@id\":\"https:\\\/\\\/www.plantcaretools.com\\\/de\\\/produkt\\\/messgerate\\\/ph-messgerat-flussigkeiten-kopie\\\/#breadcrumb\",\"itemListElement\":[{\"@type\":\"ListItem\",\"position\":1,\"name\":\"Home\",\"item\":\"https:\\\/\\\/www.plantcaretools.com\\\/de\\\/\"},{\"@type\":\"ListItem\",\"position\":2,\"name\":\"Produkte\",\"item\":\"https:\\\/\\\/www.plantcaretools.com\\\/de\\\/produkte\\\/\"},{\"@type\":\"ListItem\",\"position\":3,\"name\":\"pH &#8211; S\u00e4uremesser f\u00fcr Fl\u00fcssigkeiten mit Bluetooth\"}]}]}<\/script>\n<!-- \/ Yoast SEO Premium plugin. -->","yoast_head_json":{"title":"pH Messger\u00e4t mit Bluetooth - ideal zum Testen der Wasserqualit\u00e4t","description":"Dieses pH Messger\u00e4t mit Bluetooth wird benutzt zum Messen von Abflusswasser, Wasser von Schwimmb\u00e4dern oder Aquarien, Hydrokultur, Hortikultur, usw.","robots":{"index":"index","follow":"follow","max-snippet":"max-snippet:-1","max-image-preview":"max-image-preview:large","max-video-preview":"max-video-preview:-1"},"canonical":"https:\/\/www.plantcaretools.com\/de\/produkt\/messgerate\/ph-messgerat-flussigkeiten-kopie\/","schema":{"@context":"https:\/\/schema.org","@graph":[{"@type":"BreadcrumbList","@id":"https:\/\/www.plantcaretools.com\/de\/produkt\/messgerate\/ph-messgerat-flussigkeiten-kopie\/#breadcrumb","itemListElement":[{"@type":"ListItem","position":1,"name":"Home","item":"https:\/\/www.plantcaretools.com\/de\/"},{"@type":"ListItem","position":2,"name":"Produkte","item":"https:\/\/www.plantcaretools.com\/de\/produkte\/"},{"@type":"ListItem","position":3,"name":"pH &#8211; S\u00e4uremesser f\u00fcr Fl\u00fcssigkeiten mit Bluetooth"}]}]}},"jetpack_sharing_enabled":true,"_links":{"self":[{"href":"https:\/\/www.plantcaretools.com\/de\/wp-json\/wp\/v2\/product\/20077","targetHints":{"allow":["GET"]}}],"collection":[{"href":"https:\/\/www.plantcaretools.com\/de\/wp-json\/wp\/v2\/product"}],"about":[{"href":"https:\/\/www.plantcaretools.com\/de\/wp-json\/wp\/v2\/types\/product"}],"replies":[{"embeddable":true,"href":"https:\/\/www.plantcaretools.com\/de\/wp-json\/wp\/v2\/comments?post=20077"}],"wp:featuredmedia":[{"embeddable":true,"href":"https:\/\/www.plantcaretools.com\/de\/wp-json\/wp\/v2\/media\/20188"}],"wp:attachment":[{"href":"https:\/\/www.plantcaretools.com\/de\/wp-json\/wp\/v2\/media?parent=20077"}],"wp:term":[{"taxonomy":"product_brand","embeddable":true,"href":"https:\/\/www.plantcaretools.com\/de\/wp-json\/wp\/v2\/product_brand?post=20077"},{"taxonomy":"product_cat","embeddable":true,"href":"https:\/\/www.plantcaretools.com\/de\/wp-json\/wp\/v2\/product_cat?post=20077"},{"taxonomy":"product_tag","embeddable":true,"href":"https:\/\/www.plantcaretools.com\/de\/wp-json\/wp\/v2\/product_tag?post=20077"}],"curies":[{"name":"wp","href":"https:\/\/api.w.org\/{rel}","templated":true}]}}