{"id":20088,"date":"2024-06-17T15:29:22","date_gmt":"2024-06-17T13:29:22","guid":{"rendered":"https:\/\/www.plantcaretools.com\/?post_type=product&#038;p=20088"},"modified":"2024-06-18T13:15:50","modified_gmt":"2024-06-18T11:15:50","slug":"ec-messgerat-flussigkeiten-kopie","status":"publish","type":"product","link":"https:\/\/www.plantcaretools.com\/de\/produkt\/messgerate\/ec-messgerat-flussigkeiten-kopie\/","title":{"rendered":"EC &#8211; Leitf\u00e4higkeitsmessger\u00e4t f\u00fcr Fl\u00fcssigkeiten mit Bluetooth"},"content":{"rendered":"<h2>EC-Meter mit Bluetooth zur \u00dcberwachung der Wasserqualit\u00e4t<\/h2>\n<p><strong>Misst die Gesamtmenge an N\u00e4hrsalzen in Fl\u00fcssigkeiten<\/strong><br \/>\nDieses EC-Messger\u00e4t misst die elektrische Leitf\u00e4higkeit von Fl\u00fcssigkeiten und wird zur Messung der Menge an N\u00e4hrsalzen in Fl\u00fcssigkeiten verwendet. Wenn Pflanzen mit Fl\u00fcssigd\u00fcnger in Wasser ged\u00fcngt werden, ist es wichtig, die Menge des ausgebrachten D\u00fcngers zu kennen. Mit diesem EC-Messger\u00e4t ist dies leicht zu messen. \u00dcber die APP Yinmik und Bluetooth k\u00f6nnen Sie alle Daten auf Ihrem Handy sehen und als Excel-Tabelle speichern. Es ist auch m\u00f6glich, die Daten zu exportieren und zu drucken.<\/p>\n<h2>Angewandt in der Wasseraufbereitung, Hydroponik, f\u00fcr \u00f6kologische Zwecke, Abwasserkontrolle usw.<\/h2>\n<p>Dieses handliche Messger\u00e4t ist ideal f\u00fcr die Pr\u00fcfung der Wasserqualit\u00e4t im Allgemeinen, die Kontrolle der Reinheit des Wassers, die Kontrolle des Abwassers, die Hydroponik (Hydrokultur), f\u00fcr hydroponische Anwendungen, den Laborgebrauch und die Verwendung f\u00fcr wissenschaftliche Zwecke, die Messung im Zusammenhang mit \u00f6kologischen Anwendungen, die Wasseraufbereitung usw.<\/p>\n<p>Das Messger\u00e4t verf\u00fcgt \u00fcber ein hintergrundbeleuchtetes Display, eine Hold-Messfunktion, eine automatische Abschaltung bei Inaktivit\u00e4t und eine Anzeige f\u00fcr schwache Batterien. Dar\u00fcber hinaus verf\u00fcgt das Messger\u00e4t \u00fcber sechs verschiedene Messeinheiten (\u00b5S, mS, ppm, ppt, \u00b0C, \u00b0F) und eine 3-Punkt-Kalibrierung. Pufferfl\u00fcssigkeiten f\u00fcr die Kalibrierung sind im Lieferumfang enthalten. Bei normalem Gebrauch ist eine Kalibrierung einmal im Jahr ausreichend.<\/p>\n<h3>Siehe auch unser Sonderangebot in Kombination mit dem Bluetooth-pH-Meter.<\/h3>\n<p><strong>Das Paket enth\u00e4lt:<\/strong><\/p>\n<ul>\n<li>Das EC-Messger\u00e4t<\/li>\n<li>Vier 1,5-V-Batterien (LR44)<\/li>\n<li>Eine ausf\u00fchrliche Bedienungsanleitung ist im Lieferumfang enthalten. Die Bedienungsanleitung f\u00fcr dieses Messger\u00e4t finden Sie auch auf unserer Website.<\/li>\n<li>Testfl\u00fcssigkeit und Kalibrierfl\u00fcssigkeiten<\/li>\n<\/ul>\n<p><strong>Bereich:<\/strong><\/p>\n<ul>\n<li>TDS: 0~9999ppm<\/li>\n<li>EC:0~9990uS\/cm,10.01~20.00mS\/cm<\/li>\n<li>TEMPERATUR: 0.1-60.0\u00b0C; 32.0-140.0\u2109<\/li>\n<li>RH:1-99%RH<\/li>\n<\/ul>\n<p><strong>Aufl\u00f6sung:<\/strong><\/p>\n<ul>\n<li>TDS: 1ppm<\/li>\n<li>EC: 1uS\/cm oder 0,01mS\/cm<\/li>\n<li>TEMPERATUR: 0.1\u00b0C;0.1\u2109<\/li>\n<li>RH: 1%RH<\/li>\n<\/ul>\n<p><strong>Messgenauigkeit:<\/strong><\/p>\n<ul>\n<li>TDS\/EC: \u00b12%F.S<\/li>\n<li>TEMP: \u00b10,5\u2103<\/li>\n<li>\u22642%RH<\/li>\n<\/ul>\n<p>Auf <a href=\"https:\/\/www.plantcaretools.com\/de\/ec-messen-wasser\/\">dieser Seite<\/a> erfahren Sie alles \u00fcber die Messung von Fl\u00fcssigd\u00fcnger.<\/p>\n","protected":false},"excerpt":{"rendered":"<h2>EC-Messger\u00e4t mit Bluetooth zur \u00dcberwachung der Wasserqualit\u00e4t. Misst die Gesamtmenge der N\u00e4hrsalze (Fl\u00fcssigd\u00fcnger) im Wasser.<\/h2>\n<p>Dieses EC-Messger\u00e4t misst die elektrische Leitf\u00e4higkeit von Fl\u00fcssigkeiten. Zur Messung der Menge an Fl\u00fcssigd\u00fcnger im Wasser oder des EC-Wertes der Fl\u00fcssigkeit.<\/p>\n<p>Die Daten des EC-Messger\u00e4ts werden mit der mobilen APP Yinmik synchronisiert. Mehrere Daten k\u00f6nnen gleichzeitig angezeigt werden. Bequem und schnell. So m\u00fcssen Sie das EC-Messger\u00e4t nicht st\u00e4ndig bedienen, um die Daten zu sehen.<\/p>\n<h3>Siehe auch unser Sonderangebot in Kombination mit dem Bluetooth-pH-Meter.<\/h3>\n<p>&nbsp;<\/p>\n","protected":false},"featured_media":20128,"comment_status":"open","ping_status":"closed","template":"","meta":{"_acf_changed":false},"product_brand":[],"product_cat":[116,124,148],"product_tag":[461,460],"class_list":{"0":"post-20088","1":"product","2":"type-product","3":"status-publish","4":"has-post-thumbnail","6":"product_cat-messgerate","7":"product_cat-plantcaretools-produkte","8":"product_cat-professionelle-anwender","9":"product_tag-bluetooth-de","10":"product_tag-ec-de","12":"first","13":"instock","14":"taxable","15":"shipping-taxable","16":"purchasable","17":"product-type-simple"},"acf":[],"yoast_head":"<!-- This site is optimized with the Yoast SEO Premium plugin v26.1 (Yoast SEO v27.3) - https:\/\/yoast.com\/product\/yoast-seo-premium-wordpress\/ -->\n<title>EC Messger\u00e4t - EC Fl\u00fcssigd\u00fcnger - Plant Care Tools<\/title>\n<meta name=\"description\" content=\"EC-Messger\u00e4t mit Bluetooth zur \u00dcberwachung der Wasserqualit\u00e4t. Misst die Gesamtmenge der N\u00e4hrsalze (Fl\u00fcssigd\u00fcnger) im Wasser.\" \/>\n<meta name=\"robots\" content=\"index, follow, max-snippet:-1, max-image-preview:large, max-video-preview:-1\" \/>\n<link rel=\"canonical\" href=\"https:\/\/www.plantcaretools.com\/de\/produkt\/messgerate\/ec-messgerat-flussigkeiten-kopie\/\" \/>\n<script type=\"application\/ld+json\" class=\"yoast-schema-graph\">{\"@context\":\"https:\\\/\\\/schema.org\",\"@graph\":[{\"@type\":\"BreadcrumbList\",\"@id\":\"https:\\\/\\\/www.plantcaretools.com\\\/de\\\/produkt\\\/messgerate\\\/ec-messgerat-flussigkeiten-kopie\\\/#breadcrumb\",\"itemListElement\":[{\"@type\":\"ListItem\",\"position\":1,\"name\":\"Home\",\"item\":\"https:\\\/\\\/www.plantcaretools.com\\\/de\\\/\"},{\"@type\":\"ListItem\",\"position\":2,\"name\":\"Produkte\",\"item\":\"https:\\\/\\\/www.plantcaretools.com\\\/de\\\/produkte\\\/\"},{\"@type\":\"ListItem\",\"position\":3,\"name\":\"EC &#8211; Leitf\u00e4higkeitsmessger\u00e4t f\u00fcr Fl\u00fcssigkeiten mit Bluetooth\"}]}]}<\/script>\n<!-- \/ Yoast SEO Premium plugin. -->","yoast_head_json":{"title":"EC Messger\u00e4t - EC Fl\u00fcssigd\u00fcnger - Plant Care Tools","description":"EC-Messger\u00e4t mit Bluetooth zur \u00dcberwachung der Wasserqualit\u00e4t. Misst die Gesamtmenge der N\u00e4hrsalze (Fl\u00fcssigd\u00fcnger) im Wasser.","robots":{"index":"index","follow":"follow","max-snippet":"max-snippet:-1","max-image-preview":"max-image-preview:large","max-video-preview":"max-video-preview:-1"},"canonical":"https:\/\/www.plantcaretools.com\/de\/produkt\/messgerate\/ec-messgerat-flussigkeiten-kopie\/","schema":{"@context":"https:\/\/schema.org","@graph":[{"@type":"BreadcrumbList","@id":"https:\/\/www.plantcaretools.com\/de\/produkt\/messgerate\/ec-messgerat-flussigkeiten-kopie\/#breadcrumb","itemListElement":[{"@type":"ListItem","position":1,"name":"Home","item":"https:\/\/www.plantcaretools.com\/de\/"},{"@type":"ListItem","position":2,"name":"Produkte","item":"https:\/\/www.plantcaretools.com\/de\/produkte\/"},{"@type":"ListItem","position":3,"name":"EC &#8211; Leitf\u00e4higkeitsmessger\u00e4t f\u00fcr Fl\u00fcssigkeiten mit Bluetooth"}]}]}},"jetpack_sharing_enabled":true,"_links":{"self":[{"href":"https:\/\/www.plantcaretools.com\/de\/wp-json\/wp\/v2\/product\/20088","targetHints":{"allow":["GET"]}}],"collection":[{"href":"https:\/\/www.plantcaretools.com\/de\/wp-json\/wp\/v2\/product"}],"about":[{"href":"https:\/\/www.plantcaretools.com\/de\/wp-json\/wp\/v2\/types\/product"}],"replies":[{"embeddable":true,"href":"https:\/\/www.plantcaretools.com\/de\/wp-json\/wp\/v2\/comments?post=20088"}],"wp:featuredmedia":[{"embeddable":true,"href":"https:\/\/www.plantcaretools.com\/de\/wp-json\/wp\/v2\/media\/20128"}],"wp:attachment":[{"href":"https:\/\/www.plantcaretools.com\/de\/wp-json\/wp\/v2\/media?parent=20088"}],"wp:term":[{"taxonomy":"product_brand","embeddable":true,"href":"https:\/\/www.plantcaretools.com\/de\/wp-json\/wp\/v2\/product_brand?post=20088"},{"taxonomy":"product_cat","embeddable":true,"href":"https:\/\/www.plantcaretools.com\/de\/wp-json\/wp\/v2\/product_cat?post=20088"},{"taxonomy":"product_tag","embeddable":true,"href":"https:\/\/www.plantcaretools.com\/de\/wp-json\/wp\/v2\/product_tag?post=20088"}],"curies":[{"name":"wp","href":"https:\/\/api.w.org\/{rel}","templated":true}]}}