{"id":20174,"date":"2024-06-18T14:26:27","date_gmt":"2024-06-18T12:26:27","guid":{"rendered":"https:\/\/www.plantcaretools.com\/?post_type=product&#038;p=20174"},"modified":"2025-08-30T19:09:53","modified_gmt":"2025-08-30T17:09:53","slug":"ec-und-ph-meter-fluessigkeiten-mit-bluetooth","status":"publish","type":"product","link":"https:\/\/www.plantcaretools.com\/de\/produkt\/messgerate\/ec-und-ph-meter-fluessigkeiten-mit-bluetooth\/","title":{"rendered":"EC- und pH-Meter Fl\u00fcssigkeiten mit Bluetooth"},"content":{"rendered":"<h2>SET mit 2 Messger\u00e4ten:<\/h2>\n<p><strong>1x EC-Messger\u00e4t mit Bluetooth zur \u00dcberwachung der Wasserqualit\u00e4t<\/strong><\/p>\n<p>UND<\/p>\n<p><strong>1x pH-Messger\u00e4t mit Bluetooth f\u00fcr Fl\u00fcssigkeiten<\/strong><\/p>\n<ul>\n<li>Das EC-Messger\u00e4t misst die elektrische Leitf\u00e4higkeit von Fl\u00fcssigkeiten. Es wird verwendet, um die Menge des Fl\u00fcssigd\u00fcngers im Wasser zu messen. Dieses handliche Messger\u00e4t ist ideal f\u00fcr die Kontrolle der Reinheit von Wasser, die Kontrolle von Abwasser, die Hydrokultur (Hydrokultur), f\u00fcr hydroponische Anwendungen, den Laborgebrauch und die Verwendung f\u00fcr wissenschaftliche Zwecke, die Messung im Zusammenhang mit \u00f6kologischen Anwendungen, die Wasseraufbereitung, usw.<\/li>\n<li>Das pH-Meter wird zur Messung des pH-Wertes in Fl\u00fcssigkeiten verwendet. Es kann wichtig sein, den pH-Wert von z. B. Leitungswasser, Schwimmbadwasser, Flusswasser oder Abwasser zu messen. Kontrolle der Wasserreinheit, Abwasser, Hydrokultur, Gartenbau, Aquarium, Schwimmbad, usw.<\/li>\n<\/ul>\n<h3>F\u00fcr die Spezifikationen der beiden Messger\u00e4te besuchen Sie die folgenden 2 Seiten:<\/h3>\n<ul>\n<li><a href=\"https:\/\/www.plantcaretools.com\/de\/produkt\/messgerate\/ph-messgerat-flussigkeiten-kopie\/\">pH-Meter<\/a><\/li>\n<li><a href=\"https:\/\/www.plantcaretools.com\/de\/produkt\/messgerate\/ec-messgerat-flussigkeiten-kopie\/\">EC-Meter<\/a><\/li>\n<\/ul>\n<p>Auf <a href=\"https:\/\/www.plantcaretools.com\/de\/ec-messen-wasser\/\">dieser Seite<\/a> erfahren Sie alles \u00fcber die Messung von Fl\u00fcssigd\u00fcnger.<\/p>\n<p>Auf <a href=\"https:\/\/www.plantcaretools.com\/de\/ph-wert-messen-wasser\/\">dieser Seite<\/a> erfahren Sie alles \u00fcber die Messung von den pH-Wert in Wasser.<\/p>\n","protected":false},"excerpt":{"rendered":"<h2>SET mit 2 Messger\u00e4ten:<\/h2>\n<ul>\n<li><strong>1x EC-Messger\u00e4t mit Bluetooth zur \u00dcberwachung der Wasserqualit\u00e4t<\/strong><\/li>\n<\/ul>\n<h3>UND<\/h3>\n<ul>\n<li><strong>1x pH-Messger\u00e4t mit Bluetooth f\u00fcr Fl\u00fcssigkeiten<\/strong><\/li>\n<\/ul>\n<h3>F\u00fcr die Spezifikationen der beiden Messger\u00e4te besuchen Sie die folgenden 2 Seiten:<\/h3>\n<ul>\n<li><a href=\"https:\/\/www.plantcaretools.com\/de\/produkt\/messgerate\/ph-messgerat-flussigkeiten-kopie\/\">pH-Meter<\/a><\/li>\n<li><a href=\"https:\/\/www.plantcaretools.com\/de\/produkt\/messgerate\/ec-messgerat-flussigkeiten-kopie\/\">EC-Meter<\/a><\/li>\n<\/ul>\n<p>Auf <a href=\"https:\/\/www.plantcaretools.com\/de\/ec-messen-wasser\/\">dieser Seite<\/a> erfahren Sie alles \u00fcber die Messung von Fl\u00fcssigd\u00fcnger.<\/p>\n<p>Auf <a href=\"https:\/\/www.plantcaretools.com\/de\/ph-wert-messen-wasser\/\">dieser Seite<\/a> erfahren Sie alles \u00fcber die Messung von den pH-Wert in Wasser.<\/p>\n","protected":false},"featured_media":21376,"comment_status":"open","ping_status":"closed","template":"","meta":{"_acf_changed":false},"product_brand":[],"product_cat":[116,124,148,104],"product_tag":[461,460,368],"class_list":{"0":"post-20174","1":"product","2":"type-product","3":"status-publish","4":"has-post-thumbnail","6":"product_cat-messgerate","7":"product_cat-plantcaretools-produkte","8":"product_cat-professionelle-anwender","9":"product_cat-sonderangebote","10":"product_tag-bluetooth-de","11":"product_tag-ec-de","12":"product_tag-ph-de","14":"first","15":"instock","16":"sale","17":"featured","18":"taxable","19":"shipping-taxable","20":"purchasable","21":"product-type-simple"},"acf":[],"yoast_head":"<!-- This site is optimized with the Yoast SEO Premium plugin v26.1 (Yoast SEO v27.3) - https:\/\/yoast.com\/product\/yoast-seo-premium-wordpress\/ -->\n<title>EC und pH Messger\u00e4t - Plant Care Tools<\/title>\n<meta name=\"description\" content=\"EC-Messger\u00e4t mit Bluetooth zur \u00dcberwachung der Wasserqualit\u00e4t. Misst die Gesamtmenge der N\u00e4hrsalze (Fl\u00fcssigd\u00fcnger) im Wasser.\" \/>\n<meta name=\"robots\" content=\"index, follow, max-snippet:-1, max-image-preview:large, max-video-preview:-1\" \/>\n<link rel=\"canonical\" href=\"https:\/\/www.plantcaretools.com\/de\/produkt\/messgerate\/ec-und-ph-meter-fluessigkeiten-mit-bluetooth\/\" \/>\n<script type=\"application\/ld+json\" class=\"yoast-schema-graph\">{\"@context\":\"https:\\\/\\\/schema.org\",\"@graph\":[{\"@type\":\"BreadcrumbList\",\"@id\":\"https:\\\/\\\/www.plantcaretools.com\\\/de\\\/produkt\\\/messgerate\\\/ec-und-ph-meter-fluessigkeiten-mit-bluetooth\\\/#breadcrumb\",\"itemListElement\":[{\"@type\":\"ListItem\",\"position\":1,\"name\":\"Home\",\"item\":\"https:\\\/\\\/www.plantcaretools.com\\\/de\\\/\"},{\"@type\":\"ListItem\",\"position\":2,\"name\":\"Produkte\",\"item\":\"https:\\\/\\\/www.plantcaretools.com\\\/de\\\/produkte\\\/\"},{\"@type\":\"ListItem\",\"position\":3,\"name\":\"EC- und pH-Meter Fl\u00fcssigkeiten mit Bluetooth\"}]}]}<\/script>\n<!-- \/ Yoast SEO Premium plugin. -->","yoast_head_json":{"title":"EC und pH Messger\u00e4t - Plant Care Tools","description":"EC-Messger\u00e4t mit Bluetooth zur \u00dcberwachung der Wasserqualit\u00e4t. Misst die Gesamtmenge der N\u00e4hrsalze (Fl\u00fcssigd\u00fcnger) im Wasser.","robots":{"index":"index","follow":"follow","max-snippet":"max-snippet:-1","max-image-preview":"max-image-preview:large","max-video-preview":"max-video-preview:-1"},"canonical":"https:\/\/www.plantcaretools.com\/de\/produkt\/messgerate\/ec-und-ph-meter-fluessigkeiten-mit-bluetooth\/","schema":{"@context":"https:\/\/schema.org","@graph":[{"@type":"BreadcrumbList","@id":"https:\/\/www.plantcaretools.com\/de\/produkt\/messgerate\/ec-und-ph-meter-fluessigkeiten-mit-bluetooth\/#breadcrumb","itemListElement":[{"@type":"ListItem","position":1,"name":"Home","item":"https:\/\/www.plantcaretools.com\/de\/"},{"@type":"ListItem","position":2,"name":"Produkte","item":"https:\/\/www.plantcaretools.com\/de\/produkte\/"},{"@type":"ListItem","position":3,"name":"EC- und pH-Meter Fl\u00fcssigkeiten mit Bluetooth"}]}]}},"jetpack_sharing_enabled":true,"_links":{"self":[{"href":"https:\/\/www.plantcaretools.com\/de\/wp-json\/wp\/v2\/product\/20174","targetHints":{"allow":["GET"]}}],"collection":[{"href":"https:\/\/www.plantcaretools.com\/de\/wp-json\/wp\/v2\/product"}],"about":[{"href":"https:\/\/www.plantcaretools.com\/de\/wp-json\/wp\/v2\/types\/product"}],"replies":[{"embeddable":true,"href":"https:\/\/www.plantcaretools.com\/de\/wp-json\/wp\/v2\/comments?post=20174"}],"wp:featuredmedia":[{"embeddable":true,"href":"https:\/\/www.plantcaretools.com\/de\/wp-json\/wp\/v2\/media\/21376"}],"wp:attachment":[{"href":"https:\/\/www.plantcaretools.com\/de\/wp-json\/wp\/v2\/media?parent=20174"}],"wp:term":[{"taxonomy":"product_brand","embeddable":true,"href":"https:\/\/www.plantcaretools.com\/de\/wp-json\/wp\/v2\/product_brand?post=20174"},{"taxonomy":"product_cat","embeddable":true,"href":"https:\/\/www.plantcaretools.com\/de\/wp-json\/wp\/v2\/product_cat?post=20174"},{"taxonomy":"product_tag","embeddable":true,"href":"https:\/\/www.plantcaretools.com\/de\/wp-json\/wp\/v2\/product_tag?post=20174"}],"curies":[{"name":"wp","href":"https:\/\/api.w.org\/{rel}","templated":true}]}}