{"id":20226,"date":"2024-06-17T13:56:00","date_gmt":"2024-06-17T11:56:00","guid":{"rendered":"https:\/\/www.plantcaretools.com\/?post_type=product&#038;p=20226"},"modified":"2025-05-11T19:00:52","modified_gmt":"2025-05-11T17:00:52","slug":"bodenfeuchtesensor-aufladbar-bei-sonnenlicht-und-kunstlicht","status":"publish","type":"product","link":"https:\/\/www.plantcaretools.com\/de\/produkt\/messgerate\/bodenfeuchtesensor-aufladbar-bei-sonnenlicht-und-kunstlicht\/","title":{"rendered":"Bodenfeuchtesensor: Aufladbar bei Sonnenlicht und Kunstlicht"},"content":{"rendered":"<h2>Bodenfeuchtesensor mit Solarzelle: aufladbar mit Sonnen- und Kunstlicht<\/h2>\n<h2>Technische Daten:<\/h2>\n<ul>\n<li>Batterie wird durch Sonnenlicht UND k\u00fcnstliches Licht aufgeladen (ohne Batterien)<\/li>\n<li>Warnt durch blinkendes rotes Licht, sobald der Boden zu trocken ist<\/li>\n<li>Programmierbar (MCU-gesteuert), dadurch kann das Lichtsignal z.B. in der Nacht abgeschaltet werden<\/li>\n<li>Nettogewicht: 20 g<\/li>\n<li>Abmessungen: 32 x 40 x 224 mm<\/li>\n<li>Farbe: Grau<\/li>\n<li>Material: PCB &amp; ABS<\/li>\n<li>Zertifizierung: CE, FCC<\/li>\n<li>ISO 2859<\/li>\n<\/ul>\n","protected":false},"excerpt":{"rendered":"<h2>Feuchtigkeitssensor Pflanze mit Solarzelle: aufladbar mit Sonnen- und Kunstlicht<br \/>\nEin intelligenter, solarbetriebener Bodenfeuchtemesser in schlichtem Design. Stecken Sie ihn in jeden Bodentyp Ihrer Pflanze und lassen Sie sich von ihm daran erinnern, wann Sie gie\u00dfen m\u00fcssen!<\/h2>\n<p>Dieser Bodenfeuchtesensor mit Lichtalarm ist ein &#8220;Bew\u00e4sserungsalarm&#8221; f\u00fcr Pflanzen. Der Sensor wird in der N\u00e4he der Pflanze in den Boden gesteckt und gibt ein Lichtsignal ab, wenn der Boden trocken ist, um Sie daran zu erinnern, die Pflanze zu gie\u00dfen. Der Sensor gibt kein Signal ab, wenn es dunkel ist, um Irritationen in der Nacht zu vermeiden.<\/p>\n<p><strong>Das Messger\u00e4t kann sowohl in Innenr\u00e4umen als auch im Freien verwendet werden. Er wird nicht nur bei direktem Sonnenlicht, sondern auch bei k\u00fcnstlichem Licht betrieben.<\/strong><\/p>\n<h2>Merkmale:<\/h2>\n<ul>\n<li>MCU-gesteuert, so dass das Lichtsignal in der Nacht durch Programmierung ausgeschaltet werden kann<\/li>\n<li>Ultraleichtes Gewicht<\/li>\n<li>Die Tiefe wird auf der Sonde angezeigt.<\/li>\n<li>Kann in jeder Art von Erde (Blumenerde) verwendet werden.<\/li>\n<li>Funktioniert mit Solarpanel (innen und au\u00dfen) und ohne Batterien<\/li>\n<li>Verwendung im Innen- und Au\u00dfenbereich (das Panel wird durch Sonnenlicht <strong>UND<\/strong> Kunstlicht aufgeladen)<\/li>\n<li>Wenn das rote Licht blinkt, sofort gie\u00dfen<\/li>\n<\/ul>\n[video width=\"1080\" height=\"1080\" mp4=\"https:\/\/www.plantcaretools.com\/wp-content\/uploads\/2024\/06\/Solar_powered_soil_moisture_sensor_BR239_Plantcaretools14.mp4\"][\/video]\n<p>&nbsp;<\/p>\n","protected":false},"featured_media":20229,"comment_status":"open","ping_status":"closed","template":"","meta":{"_acf_changed":false},"product_brand":[],"product_cat":[116,124],"product_tag":[474,378,472,473,471,365,335,263,470,469],"class_list":{"0":"post-20226","1":"product","2":"type-product","3":"status-publish","4":"has-post-thumbnail","6":"product_cat-messgerate","7":"product_cat-plantcaretools-produkte","8":"product_tag-aufladbar","9":"product_tag-boden","10":"product_tag-feucht","11":"product_tag-feuchtesensor","12":"product_tag-kunstlicht","13":"product_tag-licht","14":"product_tag-sensor","15":"product_tag-solar","16":"product_tag-sonne","17":"product_tag-sonnenlicht","19":"first","20":"instock","21":"taxable","22":"shipping-taxable","23":"purchasable","24":"product-type-simple"},"acf":[],"yoast_head":"<!-- This site is optimized with the Yoast SEO Premium plugin v26.1 (Yoast SEO v27.3) - https:\/\/yoast.com\/product\/yoast-seo-premium-wordpress\/ -->\n<title>Bodenfeuchtesensor: Aufladbar bei Sonnenlicht und Kunstlicht - Plant Care Tools<\/title>\n<meta name=\"description\" content=\"Ein solarbetriebener Bodenfeuchtigkeitsmesser im eleganten Design. Erinnert Sie daran, wann Sie Ihre Pflanzen gie\u00dfen m\u00fcssen! Geeignet f\u00fcr den Einsatz im Innen- und Au\u00dfenbereich.\" \/>\n<meta name=\"robots\" content=\"index, follow, max-snippet:-1, max-image-preview:large, max-video-preview:-1\" \/>\n<link rel=\"canonical\" href=\"https:\/\/www.plantcaretools.com\/de\/produkt\/messgerate\/bodenfeuchtesensor-aufladbar-bei-sonnenlicht-und-kunstlicht\/\" \/>\n<script type=\"application\/ld+json\" class=\"yoast-schema-graph\">{\"@context\":\"https:\\\/\\\/schema.org\",\"@graph\":[{\"@type\":\"BreadcrumbList\",\"@id\":\"https:\\\/\\\/www.plantcaretools.com\\\/de\\\/produkt\\\/messgerate\\\/bodenfeuchtesensor-aufladbar-bei-sonnenlicht-und-kunstlicht\\\/#breadcrumb\",\"itemListElement\":[{\"@type\":\"ListItem\",\"position\":1,\"name\":\"Home\",\"item\":\"https:\\\/\\\/www.plantcaretools.com\\\/de\\\/\"},{\"@type\":\"ListItem\",\"position\":2,\"name\":\"Produkte\",\"item\":\"https:\\\/\\\/www.plantcaretools.com\\\/de\\\/produkte\\\/\"},{\"@type\":\"ListItem\",\"position\":3,\"name\":\"Bodenfeuchtesensor: Aufladbar bei Sonnenlicht und Kunstlicht\"}]}]}<\/script>\n<!-- \/ Yoast SEO Premium plugin. -->","yoast_head_json":{"title":"Bodenfeuchtesensor: Aufladbar bei Sonnenlicht und Kunstlicht - Plant Care Tools","description":"Ein solarbetriebener Bodenfeuchtigkeitsmesser im eleganten Design. Erinnert Sie daran, wann Sie Ihre Pflanzen gie\u00dfen m\u00fcssen! Geeignet f\u00fcr den Einsatz im Innen- und Au\u00dfenbereich.","robots":{"index":"index","follow":"follow","max-snippet":"max-snippet:-1","max-image-preview":"max-image-preview:large","max-video-preview":"max-video-preview:-1"},"canonical":"https:\/\/www.plantcaretools.com\/de\/produkt\/messgerate\/bodenfeuchtesensor-aufladbar-bei-sonnenlicht-und-kunstlicht\/","schema":{"@context":"https:\/\/schema.org","@graph":[{"@type":"BreadcrumbList","@id":"https:\/\/www.plantcaretools.com\/de\/produkt\/messgerate\/bodenfeuchtesensor-aufladbar-bei-sonnenlicht-und-kunstlicht\/#breadcrumb","itemListElement":[{"@type":"ListItem","position":1,"name":"Home","item":"https:\/\/www.plantcaretools.com\/de\/"},{"@type":"ListItem","position":2,"name":"Produkte","item":"https:\/\/www.plantcaretools.com\/de\/produkte\/"},{"@type":"ListItem","position":3,"name":"Bodenfeuchtesensor: Aufladbar bei Sonnenlicht und Kunstlicht"}]}]}},"jetpack_sharing_enabled":true,"_links":{"self":[{"href":"https:\/\/www.plantcaretools.com\/de\/wp-json\/wp\/v2\/product\/20226","targetHints":{"allow":["GET"]}}],"collection":[{"href":"https:\/\/www.plantcaretools.com\/de\/wp-json\/wp\/v2\/product"}],"about":[{"href":"https:\/\/www.plantcaretools.com\/de\/wp-json\/wp\/v2\/types\/product"}],"replies":[{"embeddable":true,"href":"https:\/\/www.plantcaretools.com\/de\/wp-json\/wp\/v2\/comments?post=20226"}],"wp:featuredmedia":[{"embeddable":true,"href":"https:\/\/www.plantcaretools.com\/de\/wp-json\/wp\/v2\/media\/20229"}],"wp:attachment":[{"href":"https:\/\/www.plantcaretools.com\/de\/wp-json\/wp\/v2\/media?parent=20226"}],"wp:term":[{"taxonomy":"product_brand","embeddable":true,"href":"https:\/\/www.plantcaretools.com\/de\/wp-json\/wp\/v2\/product_brand?post=20226"},{"taxonomy":"product_cat","embeddable":true,"href":"https:\/\/www.plantcaretools.com\/de\/wp-json\/wp\/v2\/product_cat?post=20226"},{"taxonomy":"product_tag","embeddable":true,"href":"https:\/\/www.plantcaretools.com\/de\/wp-json\/wp\/v2\/product_tag?post=20226"}],"curies":[{"name":"wp","href":"https:\/\/api.w.org\/{rel}","templated":true}]}}