{"id":20265,"date":"2024-05-01T17:56:11","date_gmt":"2024-05-01T15:56:11","guid":{"rendered":"https:\/\/www.plantcaretools.com\/?post_type=product&#038;p=20265"},"modified":"2024-06-21T12:26:25","modified_gmt":"2024-06-21T10:26:25","slug":"4-in-1-professionelles-bodenmessgeraet-misst-feuchtigkeit-temperatur-salzgehalt-und-elektrische-leitfaehigkeit-ec","status":"publish","type":"product","link":"https:\/\/www.plantcaretools.com\/de\/produkt\/professionelle-anwender\/4-in-1-professionelles-bodenmessgeraet-misst-feuchtigkeit-temperatur-salzgehalt-und-elektrische-leitfaehigkeit-ec\/","title":{"rendered":"4 in 1 Professionelles Bodenmessger\u00e4t, misst Feuchtigkeit, Temperatur, Salzgehalt und elektrische Leitf\u00e4higkeit (EC)"},"content":{"rendered":"<h2>Mit diesem 4-in-1-Bodenmessger\u00e4t k\u00f6nnen Sie sich schnell einen guten Eindruck von der Bodenqualit\u00e4t verschaffen.<\/h2>\n<p>Das Messger\u00e4t ist sehr kompakt und verwendet nur einen Sensor, um alle Daten zu sammeln. Sie ben\u00f6tigen 3 AAA-Batterien, die eine lange Lebensdauer haben (nicht im Lieferumfang enthalten). Der Sensor ist vollst\u00e4ndig wasserdicht. Ein moderner Chip sorgt f\u00fcr schnelle (innerhalb von 2 Sekunden) und genaue Messergebnisse. Die maximale Standardabweichung entnehmen Sie bitte dem beigef\u00fcgten Foto.<\/p>\n<p><strong>Die Bedienung ist benutzerfreundlich:<\/strong><\/p>\n<ol>\n<li>Sie schalten das Messger\u00e4t ein, indem Sie die Taste mit dem Symbol f\u00fcr Ein und Aus dr\u00fccken. Mit dieser Taste k\u00f6nnen Sie auch die Hintergrundbeleuchtung des Displays aktivieren.<\/li>\n<li>Mit der &#8220;Mode&#8221;-Taste w\u00e4hlen Sie zwischen 2 Bildschirmen. Bildschirm 1 zeigt Bodenfeuchtigkeit und Bodentemperatur an. Bildschirm 2 zeigt den Salzgehalt des Bodens und den EC-Wert an.<\/li>\n<li>Sie platzieren den Sensor im Boden.<\/li>\n<li>Sie dr\u00fccken die Taste &#8220;OK&#8221; und die Messergebnisse sind innerhalb von 2 Sekunden sichtbar. Sie k\u00f6nnen nun auch mit der &#8220;Mode&#8221;-Taste auf den anderen Bildschirm wechseln, um diese Daten direkt abzulesen.<\/li>\n<li>Schalten Sie nun das Messger\u00e4t aus, indem Sie die Ein\/Aus-Taste 2 Sekunden lang dr\u00fccken, bevor Sie die n\u00e4chste Messung durchf\u00fchren.<\/li>\n<\/ol>\n<p>Es gibt eine separate Taste, um zwischen der Temperatur in Celsius und in Fahrenheit zu w\u00e4hlen. Sie zeigt auch an, wann die Batterien ausgewechselt werden sollten. Wenn das Messger\u00e4t 10 Minuten lang nicht benutzt wird, schaltet es sich selbst ab.<\/p>\n<p>Wird in einer praktischen Tragetasche geliefert, die gen\u00fcgend Stauraum f\u00fcr das Messger\u00e4t und den Sensor bietet. Inklusive niederl\u00e4ndischer Gebrauchsanweisung.<\/p>\n<p>Nicht ab Lager lieferbar, aber auf Bestellung. Die Lieferzeit betr\u00e4gt 2-3 Wochen.<\/p>\n<p>Wenn Sie eine MWST-Nummer haben, k\u00f6nnen Sie diese w\u00e4hrend des Bestellvorgangs angeben, und Sie erhalten eine Rechnung ohne Umsatzsteuer.<\/p>\n","protected":false},"excerpt":{"rendered":"<h2>Mit diesem 4-in-1-Bodenmessger\u00e4t k\u00f6nnen Sie sich schnell einen guten Eindruck von der Bodenqualit\u00e4t verschaffen. Messen Sie den Feuchtigkeitsgehalt, die Temperatur, den Salzgehalt und die elektrische Leitf\u00e4higkeit (EC) des Bodens. Das Messger\u00e4t ist sehr kompakt und verwendet nur einen Sensor, um alle Daten zu erfassen. Sie ben\u00f6tigen 3 AAA-Batterien mit langer Lebensdauer (nicht im Lieferumfang enthalten). Der Sensor ist vollst\u00e4ndig wasserdicht. Ein moderner Chip sorgt f\u00fcr schnelle (innerhalb von 2 Sekunden) und genaue Messergebnisse. Die maximale Standardabweichung entnehmen Sie bitte dem beigef\u00fcgten Foto. Die Bedienung ist benutzerfreundlich.<\/h2>\n<ul>\n<li>Misst Feuchtigkeit, Temperatur, Salzgehalt und EC-Wert des Bodens<\/li>\n<li>Verf\u00fcgt \u00fcber einen modernen Chip f\u00fcr schnelle und genaue Messergebnisse<\/li>\n<li>Nur 1 Sensor, der alle Daten aufzeichnet. Der Sensor ist vollst\u00e4ndig wasserdicht und aus rostfreiem Stahl gefertigt<\/li>\n<li>Langes Sensorkabel von 2 Metern<\/li>\n<li>Kompaktes Messger\u00e4t (nur 150 mm x 52 mm x 30 mm). Das Gewicht ohne Sensor betr\u00e4gt nur 125 g.<\/li>\n<li>Besonders benutzerfreundlich. Vollst\u00e4ndig bedienbar mit nur 5 Tasten.<\/li>\n<li>Anwendbar in allen Situationen, in denen es wichtig ist, diese 4 Eigenschaften des Bodens zu messen<\/li>\n<li>Ben\u00f6tigt 3 X AAA-Batterien (nicht enthalten)<\/li>\n<li>Mit Hintergrundbeleuchtung zum einfachen Ablesen des Bildschirms<\/li>\n<li>Kommt mit praktischer Tragetasche. Es gibt gen\u00fcgend Platz f\u00fcr das Messger\u00e4t und den Sensor<\/li>\n<li>Inklusive niederl\u00e4ndischem Benutzerhandbuch<\/li>\n<li>Nur auf Bestellung erh\u00e4ltlich, Lieferzeit 2-3 Wochen<\/li>\n<li>Nach Eingabe Ihrer Umsatzsteuer-Identifikationsnummer stellen wir die Rechnung ohne Umsatzsteuer aus.<\/li>\n<\/ul>\n<p>&nbsp;<\/p>\n","protected":false},"featured_media":20266,"comment_status":"open","ping_status":"closed","template":"","meta":{"_acf_changed":false},"product_brand":[],"product_cat":[112,128,116,148],"product_tag":[460],"class_list":{"0":"post-20265","1":"product","2":"type-product","3":"status-publish","4":"has-post-thumbnail","6":"product_cat-duenger-messen","7":"product_cat-feuchtigkeitsgehalt-messen","8":"product_cat-messgerate","9":"product_cat-professionelle-anwender","10":"product_tag-ec-de","12":"first","13":"outofstock","14":"taxable","15":"shipping-taxable","16":"purchasable","17":"product-type-simple"},"acf":[],"yoast_head":"<!-- This site is optimized with the Yoast SEO Premium plugin v26.1 (Yoast SEO v27.3) - https:\/\/yoast.com\/product\/yoast-seo-premium-wordpress\/ -->\n<title>4 in 1 Professionelles Bodenmessger\u00e4t, misst Feuchtigkeit, Temperatur, Salzgehalt und elektrische Leitf\u00e4higkeit (EC) - Plant Care Tools<\/title>\n<meta name=\"description\" content=\"4 in 1 Professionelles Bodenmessger\u00e4t, misst Feuchtigkeit, Temperatur, Salzgehalt und elektrische Leitf\u00e4higkeit (EC)\" \/>\n<meta name=\"robots\" content=\"index, follow, max-snippet:-1, max-image-preview:large, max-video-preview:-1\" \/>\n<link rel=\"canonical\" href=\"https:\/\/www.plantcaretools.com\/de\/produkt\/professionelle-anwender\/4-in-1-professionelles-bodenmessgeraet-misst-feuchtigkeit-temperatur-salzgehalt-und-elektrische-leitfaehigkeit-ec\/\" \/>\n<script type=\"application\/ld+json\" class=\"yoast-schema-graph\">{\"@context\":\"https:\\\/\\\/schema.org\",\"@graph\":[{\"@type\":\"BreadcrumbList\",\"@id\":\"https:\\\/\\\/www.plantcaretools.com\\\/de\\\/produkt\\\/professionelle-anwender\\\/4-in-1-professionelles-bodenmessgeraet-misst-feuchtigkeit-temperatur-salzgehalt-und-elektrische-leitfaehigkeit-ec\\\/#breadcrumb\",\"itemListElement\":[{\"@type\":\"ListItem\",\"position\":1,\"name\":\"Home\",\"item\":\"https:\\\/\\\/www.plantcaretools.com\\\/de\\\/\"},{\"@type\":\"ListItem\",\"position\":2,\"name\":\"Produkte\",\"item\":\"https:\\\/\\\/www.plantcaretools.com\\\/de\\\/produkte\\\/\"},{\"@type\":\"ListItem\",\"position\":3,\"name\":\"4 in 1 Professionelles Bodenmessger\u00e4t, misst Feuchtigkeit, Temperatur, Salzgehalt und elektrische Leitf\u00e4higkeit (EC)\"}]}]}<\/script>\n<!-- \/ Yoast SEO Premium plugin. -->","yoast_head_json":{"title":"4 in 1 Professionelles Bodenmessger\u00e4t, misst Feuchtigkeit, Temperatur, Salzgehalt und elektrische Leitf\u00e4higkeit (EC) - Plant Care Tools","description":"4 in 1 Professionelles Bodenmessger\u00e4t, misst Feuchtigkeit, Temperatur, Salzgehalt und elektrische Leitf\u00e4higkeit (EC)","robots":{"index":"index","follow":"follow","max-snippet":"max-snippet:-1","max-image-preview":"max-image-preview:large","max-video-preview":"max-video-preview:-1"},"canonical":"https:\/\/www.plantcaretools.com\/de\/produkt\/professionelle-anwender\/4-in-1-professionelles-bodenmessgeraet-misst-feuchtigkeit-temperatur-salzgehalt-und-elektrische-leitfaehigkeit-ec\/","schema":{"@context":"https:\/\/schema.org","@graph":[{"@type":"BreadcrumbList","@id":"https:\/\/www.plantcaretools.com\/de\/produkt\/professionelle-anwender\/4-in-1-professionelles-bodenmessgeraet-misst-feuchtigkeit-temperatur-salzgehalt-und-elektrische-leitfaehigkeit-ec\/#breadcrumb","itemListElement":[{"@type":"ListItem","position":1,"name":"Home","item":"https:\/\/www.plantcaretools.com\/de\/"},{"@type":"ListItem","position":2,"name":"Produkte","item":"https:\/\/www.plantcaretools.com\/de\/produkte\/"},{"@type":"ListItem","position":3,"name":"4 in 1 Professionelles Bodenmessger\u00e4t, misst Feuchtigkeit, Temperatur, Salzgehalt und elektrische Leitf\u00e4higkeit (EC)"}]}]}},"jetpack_sharing_enabled":true,"_links":{"self":[{"href":"https:\/\/www.plantcaretools.com\/de\/wp-json\/wp\/v2\/product\/20265","targetHints":{"allow":["GET"]}}],"collection":[{"href":"https:\/\/www.plantcaretools.com\/de\/wp-json\/wp\/v2\/product"}],"about":[{"href":"https:\/\/www.plantcaretools.com\/de\/wp-json\/wp\/v2\/types\/product"}],"replies":[{"embeddable":true,"href":"https:\/\/www.plantcaretools.com\/de\/wp-json\/wp\/v2\/comments?post=20265"}],"wp:featuredmedia":[{"embeddable":true,"href":"https:\/\/www.plantcaretools.com\/de\/wp-json\/wp\/v2\/media\/20266"}],"wp:attachment":[{"href":"https:\/\/www.plantcaretools.com\/de\/wp-json\/wp\/v2\/media?parent=20265"}],"wp:term":[{"taxonomy":"product_brand","embeddable":true,"href":"https:\/\/www.plantcaretools.com\/de\/wp-json\/wp\/v2\/product_brand?post=20265"},{"taxonomy":"product_cat","embeddable":true,"href":"https:\/\/www.plantcaretools.com\/de\/wp-json\/wp\/v2\/product_cat?post=20265"},{"taxonomy":"product_tag","embeddable":true,"href":"https:\/\/www.plantcaretools.com\/de\/wp-json\/wp\/v2\/product_tag?post=20265"}],"curies":[{"name":"wp","href":"https:\/\/api.w.org\/{rel}","templated":true}]}}