{"id":20563,"date":"2024-07-11T13:42:42","date_gmt":"2024-07-11T11:42:42","guid":{"rendered":"https:\/\/www.plantcaretools.com\/?post_type=product&#038;p=20563"},"modified":"2025-11-19T17:14:51","modified_gmt":"2025-11-19T16:14:51","slug":"ph-teststreifen-fuer-alle-fluessigkeiten-geeignet","status":"publish","type":"product","link":"https:\/\/www.plantcaretools.com\/de\/produkt\/messgerate\/ph-teststreifen-fuer-alle-fluessigkeiten-geeignet\/","title":{"rendered":"pH-Teststreifen &#8211; f\u00fcr alle Fl\u00fcssigkeiten geeignet"},"content":{"rendered":"<h2>pH-Teststreifen &#8211; f\u00fcr alle Fl\u00fcssigkeiten geeignet<\/h2>\n<p>Der pH-Wert ist ein Ma\u00df f\u00fcr den S\u00e4uregrad einer w\u00e4ssrigen L\u00f6sung. Mit anderen Worten: Der pH-Wert misst die Menge der H+-Ionen in einer w\u00e4ssrigen L\u00f6sung. Jede w\u00e4ssrige L\u00f6sung kann gemessen werden, um ihren pH-Wert zu bestimmen. Dieser Wert reicht von 0 bis 14.<\/p>\n<p>Der pH-Wert von reinem Wasser betr\u00e4gt 7,0. Fl\u00fcssigkeiten mit einer h\u00f6heren Wasserstoffionenkonzentration als reines Wasser sind sauer und haben einen pH-Wert unter 7. Fl\u00fcssigkeiten mit einer geringeren Wasserstoffionenkonzentration sind basisch und haben einen pH-Wert \u00fcber 7.<\/p>\n","protected":false},"excerpt":{"rendered":"<h2>Dieser pH-Teststreifen ist ein Kunststoffstreifen mit 4 Testfl\u00e4chen, mit dem Sie den pH-Wert ALLER Arten von Fl\u00fcssigkeiten messen k\u00f6nnen. Dieses System funktioniert bequemer und genauer als Lackmuspapier. Der Inhalt der Packung betr\u00e4gt 150 Streifen.<\/h2>\n<p>Messen Sie vorzugsweise bei einer Temperatur zwischen 20 und 30 Grad Celsius. Tauchen Sie den pH-Teststreifen einfach f\u00fcr 1 Sekunde in die Fl\u00fcssigkeit ein. Es sollten alle 4 Testfl\u00e4chen eingetaucht werden. Durch kr\u00e4ftiges Sch\u00fctteln des Streifens wird nun die \u00fcbersch\u00fcssige Fl\u00fcssigkeit vom Streifen entfernt. Vergleichen Sie nun die Farben auf dem Teststreifen mit den 14 auf der Verpackung aufgedruckten Farbkombinationen (pH 0 &#8211; pH 14) und suchen Sie die Farbkombination, die der Farbkombination auf dem Streifen am n\u00e4chsten kommt. Die pH-Zahl auf der Verpackung dieser Farbkombination ist der pH-Wert der von Ihnen gemessenen Fl\u00fcssigkeit. Ein vollst\u00e4ndiger Test dauert nur 5 Sekunden.<\/p>\n<h2>F\u00fcr welche Anwendungen geeignet?<\/h2>\n<ul>\n<li>Messung von Wasser in einem Teich und anderen nat\u00fcrlichen Gew\u00e4ssern: um zu \u00fcberwachen, ob das Mikroleben gut ist<\/li>\n<li>Messung von Trinkwasser, um zu pr\u00fcfen, ob das Trinkwasser der pH-Norm entspricht<\/li>\n<li>Messung in einem Schwimmbad und Spa-Jacuzzi: der pH-Wert ist wichtig f\u00fcr die Wasserqualit\u00e4t und Sie vermeiden die Zugabe von zu wenig oder zu vielen Chemikalien<\/li>\n<li>Messung im Wasser, das Sie f\u00fcr Pflanzen verwenden: Wenn das Wasser, das Sie zum Gie\u00dfen der Pflanzen verwenden, einen zu hohen oder zu niedrigen pH-Wert hat, k\u00f6nnen die Pflanzen die N\u00e4hrstoffe nur schwer oder gar nicht aufnehmen.<\/li>\n<li>Wenn Sie ein pH-Messger\u00e4t verwenden, ist es sinnvoll, von Zeit zu Zeit auch mit dem Teststreifen zu messen. Dies ist im Grunde eine zweite Kontrolle des vom Messger\u00e4t angezeigten pH-Wertes. Wenn die Abweichung relativ gro\u00df ist, kann dies ein Hinweis darauf sein, dass das Messger\u00e4t kalibriert oder die Messsonde ausgetauscht werden muss.<\/li>\n<\/ul>\n<p>&nbsp;<\/p>\n","protected":false},"featured_media":20567,"comment_status":"open","ping_status":"closed","template":"","meta":{"_acf_changed":false},"product_brand":[],"product_cat":[116,122,110,145],"product_tag":[587],"class_list":{"0":"post-20563","1":"product","2":"type-product","3":"status-publish","4":"has-post-thumbnail","6":"product_cat-messgerate","7":"product_cat-neue-produkte","8":"product_cat-nicht-kategorisiert","9":"product_cat-sonstige-produkte","10":"product_tag-test-de","12":"first","13":"instock","14":"taxable","15":"shipping-taxable","16":"purchasable","17":"product-type-simple"},"acf":[],"yoast_head":"<!-- This site is optimized with the Yoast SEO Premium plugin v26.1 (Yoast SEO v27.4) - https:\/\/yoast.com\/product\/yoast-seo-premium-wordpress\/ -->\n<title>pH-Teststreifen - f\u00fcr alle Fl\u00fcssigkeiten geeignet - Plant Care Tools<\/title>\n<meta name=\"description\" content=\"Dieser pH-Teststreifen ist ein Kunststoffstreifen mit 4 Testfl\u00e4chen, mit dem Sie den pH-Wert ALLER Arten von Fl\u00fcssigkeiten messen k\u00f6nnen. Dieses System funktioniert bequemer und genauer als Lackmuspapier. Der Inhalt der Packung betr\u00e4gt 150 Streifen.\" \/>\n<meta name=\"robots\" content=\"index, follow, max-snippet:-1, max-image-preview:large, max-video-preview:-1\" \/>\n<link rel=\"canonical\" href=\"https:\/\/www.plantcaretools.com\/de\/produkt\/messgerate\/ph-teststreifen-fuer-alle-fluessigkeiten-geeignet\/\" \/>\n<script type=\"application\/ld+json\" class=\"yoast-schema-graph\">{\"@context\":\"https:\\\/\\\/schema.org\",\"@graph\":[{\"@type\":\"BreadcrumbList\",\"@id\":\"https:\\\/\\\/www.plantcaretools.com\\\/de\\\/produkt\\\/messgerate\\\/ph-teststreifen-fuer-alle-fluessigkeiten-geeignet\\\/#breadcrumb\",\"itemListElement\":[{\"@type\":\"ListItem\",\"position\":1,\"name\":\"Home\",\"item\":\"https:\\\/\\\/www.plantcaretools.com\\\/de\\\/\"},{\"@type\":\"ListItem\",\"position\":2,\"name\":\"Produkte\",\"item\":\"https:\\\/\\\/www.plantcaretools.com\\\/de\\\/produkte\\\/\"},{\"@type\":\"ListItem\",\"position\":3,\"name\":\"pH-Teststreifen &#8211; f\u00fcr alle Fl\u00fcssigkeiten geeignet\"}]}]}<\/script>\n<!-- \/ Yoast SEO Premium plugin. -->","yoast_head_json":{"title":"pH-Teststreifen - f\u00fcr alle Fl\u00fcssigkeiten geeignet - Plant Care Tools","description":"Dieser pH-Teststreifen ist ein Kunststoffstreifen mit 4 Testfl\u00e4chen, mit dem Sie den pH-Wert ALLER Arten von Fl\u00fcssigkeiten messen k\u00f6nnen. Dieses System funktioniert bequemer und genauer als Lackmuspapier. Der Inhalt der Packung betr\u00e4gt 150 Streifen.","robots":{"index":"index","follow":"follow","max-snippet":"max-snippet:-1","max-image-preview":"max-image-preview:large","max-video-preview":"max-video-preview:-1"},"canonical":"https:\/\/www.plantcaretools.com\/de\/produkt\/messgerate\/ph-teststreifen-fuer-alle-fluessigkeiten-geeignet\/","schema":{"@context":"https:\/\/schema.org","@graph":[{"@type":"BreadcrumbList","@id":"https:\/\/www.plantcaretools.com\/de\/produkt\/messgerate\/ph-teststreifen-fuer-alle-fluessigkeiten-geeignet\/#breadcrumb","itemListElement":[{"@type":"ListItem","position":1,"name":"Home","item":"https:\/\/www.plantcaretools.com\/de\/"},{"@type":"ListItem","position":2,"name":"Produkte","item":"https:\/\/www.plantcaretools.com\/de\/produkte\/"},{"@type":"ListItem","position":3,"name":"pH-Teststreifen &#8211; f\u00fcr alle Fl\u00fcssigkeiten geeignet"}]}]}},"jetpack_sharing_enabled":true,"_links":{"self":[{"href":"https:\/\/www.plantcaretools.com\/de\/wp-json\/wp\/v2\/product\/20563","targetHints":{"allow":["GET"]}}],"collection":[{"href":"https:\/\/www.plantcaretools.com\/de\/wp-json\/wp\/v2\/product"}],"about":[{"href":"https:\/\/www.plantcaretools.com\/de\/wp-json\/wp\/v2\/types\/product"}],"replies":[{"embeddable":true,"href":"https:\/\/www.plantcaretools.com\/de\/wp-json\/wp\/v2\/comments?post=20563"}],"wp:featuredmedia":[{"embeddable":true,"href":"https:\/\/www.plantcaretools.com\/de\/wp-json\/wp\/v2\/media\/20567"}],"wp:attachment":[{"href":"https:\/\/www.plantcaretools.com\/de\/wp-json\/wp\/v2\/media?parent=20563"}],"wp:term":[{"taxonomy":"product_brand","embeddable":true,"href":"https:\/\/www.plantcaretools.com\/de\/wp-json\/wp\/v2\/product_brand?post=20563"},{"taxonomy":"product_cat","embeddable":true,"href":"https:\/\/www.plantcaretools.com\/de\/wp-json\/wp\/v2\/product_cat?post=20563"},{"taxonomy":"product_tag","embeddable":true,"href":"https:\/\/www.plantcaretools.com\/de\/wp-json\/wp\/v2\/product_tag?post=20563"}],"curies":[{"name":"wp","href":"https:\/\/api.w.org\/{rel}","templated":true}]}}