{"id":20813,"date":"2024-08-15T16:42:04","date_gmt":"2024-08-15T14:42:04","guid":{"rendered":"https:\/\/www.plantcaretools.com\/?post_type=product&#038;p=20813"},"modified":"2025-11-17T08:46:59","modified_gmt":"2025-11-17T07:46:59","slug":"wifi-sensor-temperatur-und-luftfeuchtigkeit-mit-tuya-smart-life-app","status":"publish","type":"product","link":"https:\/\/www.plantcaretools.com\/de\/produkt\/messgerate\/wifi-sensor-temperatur-und-luftfeuchtigkeit-mit-tuya-smart-life-app\/","title":{"rendered":"WiFi-Sensor Temperatur und Luftfeuchtigkeit mit Tuya Smart Life APP"},"content":{"rendered":"<h2>WiFi-Sensor Temperatur und Luftfeuchtigkeit mit Tuya Smart Life APP<\/h2>\n<h2>Beschreibung<\/h2>\n<p>Sensor f\u00fcr den Innenbereich zur Messung von Temperatur und Luftfeuchtigkeit. Mit der Tuya APP k\u00f6nnen Sie die aktuellen Daten von \u00fcberall auf Ihrem Smartphone ablesen. Auch geeignet f\u00fcr <strong>Amazon Alexa Sprachassistent<\/strong>, <strong>Google Assistant<\/strong> und <strong>Smart Link<\/strong> Anwendungen.<\/p>\n<h2>Installation<\/h2>\n<ul>\n<li>Dr\u00fccken Sie die Batterieabdeckung auf der R\u00fcckseite mit dem Daumen nach unten und legen Sie 3 x AAA-Batterien guter Qualit\u00e4t ein. Verwenden Sie keine wiederaufladbaren Batterien.<\/li>\n<li>Ziehen Sie die Schutzfolie vom Bildschirm ab.<\/li>\n<li>Installieren Sie die Tuya Smart Life APP auf Ihrem Handy.<\/li>\n<li>\u00d6ffnen Sie die APP und dr\u00fccken Sie die Taste auf der Oberseite des Sensors 5 Sekunden lang. Das WiFi-Symbol blinkt nun auf dem Bildschirm.<\/li>\n<li>Stellen Sie sicher, dass Ihr WiFi-Router, Ihr Smartphone und der Sensor nahe beieinander liegen. Die APP wird den Sensor und Ihr passwortgesch\u00fctztes WiFi-Netzwerk normalerweise sofort finden.<\/li>\n<li>Best\u00e4tigen Sie das WiFi-Netzwerk, und die Installation des Sensors wird automatisch durchgef\u00fchrt.<\/li>\n<li>Wenn die APP den Sensor nicht sofort findet, dr\u00fccken Sie das \u201e+\u201c-Symbol oben rechts in der APP und w\u00e4hlen Sie \u201eGer\u00e4t hinzuf\u00fcgen\u201c. In der Regel wird die APP den Sensor nun doch automatisch finden. Falls nicht, k\u00f6nnen Sie den Sensor manuell ausw\u00e4hlen und aktivieren.<\/li>\n<\/ul>\n<p>&nbsp;<\/p>\n","protected":false},"excerpt":{"rendered":"<h2>Innenraumsensor zur Messung von Temperatur und Luftfeuchtigkeit. Einfach in Ihrem WiFi-Netzwerk zu installieren.<\/h2>\n<p>Mit der <strong>Tuya APP<\/strong> k\u00f6nnen Sie aktuelle Daten von \u00fcberall auf Ihrem Smartphone ablesen.<\/p>\n<p>Auch geeignet f\u00fcr <strong>Amazon Alexa Sprachassistent<\/strong>, <strong>Google Assistant<\/strong> und <strong>Smart Link<\/strong> Anwendungen.<\/p>\n<ul>\n<li>Verwendet WiFi 2,4 GHz, 802.11b\/g\/n<\/li>\n<li>Luftfeuchtigkeitsbereich: 0 &#8211; 99,9% relative Luftfeuchtigkeit<\/li>\n<li>Temperaturbereich: -10 Celsius bis +55 Celsius<\/li>\n<li>Zeigt auch Uhrzeit, Datum, WiFi-Signal und Batteriestatus im Display an<\/li>\n<li>Mit Taste zur Aktivierung der Hintergrundbeleuchtung<\/li>\n<li>Mit Schraubloch zum Aufh\u00e4ngen oder Abstellen mit mitgeliefertem Clip<\/li>\n<li>Einstellbarer akustischer Alarm in der APP bei \u00dcberschreitung der eingestellten Werte f\u00fcr Temperatur und Luftfeuchtigkeit<\/li>\n<li>Warnt vor schwacher Batterie<\/li>\n<li>Automatische Installation mit der APP in Ihrem WiFi, dauert nur 3 Min.<\/li>\n<li>Ben\u00f6tigt 3X AAA-Batterien (nicht enthalten)<\/li>\n<li>Intelligente Verbindungen (Smart Link) m\u00f6glich. Z.B. automatisches Einschalten der Klimaanlage bei \u00dcberschreitung der eingestellten Temperatur<\/li>\n<li>Einfach mit anderen Familienmitgliedern zu teilen<\/li>\n<li>Statistik in der APP pro Tag, pro Monat und pro Jahr<\/li>\n<li>Abmessungen: L\u00e4nge 5,5 cm x Breite 2,5 cm x H\u00f6he 5,5 cm<\/li>\n<\/ul>\n<p>&nbsp;<\/p>\n","protected":false},"featured_media":20822,"comment_status":"open","ping_status":"closed","template":"","meta":{"_acf_changed":false},"product_brand":[],"product_cat":[128,116],"product_tag":[],"class_list":{"0":"post-20813","1":"product","2":"type-product","3":"status-publish","4":"has-post-thumbnail","6":"product_cat-feuchtigkeitsgehalt-messen","7":"product_cat-messgerate","9":"first","10":"instock","11":"taxable","12":"shipping-taxable","13":"purchasable","14":"product-type-simple"},"acf":[],"yoast_head":"<!-- This site is optimized with the Yoast SEO Premium plugin v26.1 (Yoast SEO v27.3) - https:\/\/yoast.com\/product\/yoast-seo-premium-wordpress\/ -->\n<title>WiFi-Sensor Temperatur und Luftfeuchtigkeit mit Tuya Smart Life APP - Plant Care Tools<\/title>\n<meta name=\"description\" content=\"Innenraumsensor zur Messung von Temperatur und Luftfeuchtigkeit. Einfach in Ihrem WiFi-Netzwerk zu installieren. Mit der Tuya APP k\u00f6nnen Sie aktuelle Daten von \u00fcberall auf Ihrem Smartphone ablesen. Auch geeignet f\u00fcr Amazon Alexa Sprachassistent, Google Assistant und Smart Link Anwendungen.\" \/>\n<meta name=\"robots\" content=\"index, follow, max-snippet:-1, max-image-preview:large, max-video-preview:-1\" \/>\n<link rel=\"canonical\" href=\"https:\/\/www.plantcaretools.com\/de\/produkt\/messgerate\/wifi-sensor-temperatur-und-luftfeuchtigkeit-mit-tuya-smart-life-app\/\" \/>\n<script type=\"application\/ld+json\" class=\"yoast-schema-graph\">{\"@context\":\"https:\\\/\\\/schema.org\",\"@graph\":[{\"@type\":\"BreadcrumbList\",\"@id\":\"https:\\\/\\\/www.plantcaretools.com\\\/de\\\/produkt\\\/messgerate\\\/wifi-sensor-temperatur-und-luftfeuchtigkeit-mit-tuya-smart-life-app\\\/#breadcrumb\",\"itemListElement\":[{\"@type\":\"ListItem\",\"position\":1,\"name\":\"Home\",\"item\":\"https:\\\/\\\/www.plantcaretools.com\\\/de\\\/\"},{\"@type\":\"ListItem\",\"position\":2,\"name\":\"Produkte\",\"item\":\"https:\\\/\\\/www.plantcaretools.com\\\/de\\\/produkte\\\/\"},{\"@type\":\"ListItem\",\"position\":3,\"name\":\"WiFi-Sensor Temperatur und Luftfeuchtigkeit mit Tuya Smart Life APP\"}]}]}<\/script>\n<!-- \/ Yoast SEO Premium plugin. -->","yoast_head_json":{"title":"WiFi-Sensor Temperatur und Luftfeuchtigkeit mit Tuya Smart Life APP - Plant Care Tools","description":"Innenraumsensor zur Messung von Temperatur und Luftfeuchtigkeit. Einfach in Ihrem WiFi-Netzwerk zu installieren. Mit der Tuya APP k\u00f6nnen Sie aktuelle Daten von \u00fcberall auf Ihrem Smartphone ablesen. Auch geeignet f\u00fcr Amazon Alexa Sprachassistent, Google Assistant und Smart Link Anwendungen.","robots":{"index":"index","follow":"follow","max-snippet":"max-snippet:-1","max-image-preview":"max-image-preview:large","max-video-preview":"max-video-preview:-1"},"canonical":"https:\/\/www.plantcaretools.com\/de\/produkt\/messgerate\/wifi-sensor-temperatur-und-luftfeuchtigkeit-mit-tuya-smart-life-app\/","schema":{"@context":"https:\/\/schema.org","@graph":[{"@type":"BreadcrumbList","@id":"https:\/\/www.plantcaretools.com\/de\/produkt\/messgerate\/wifi-sensor-temperatur-und-luftfeuchtigkeit-mit-tuya-smart-life-app\/#breadcrumb","itemListElement":[{"@type":"ListItem","position":1,"name":"Home","item":"https:\/\/www.plantcaretools.com\/de\/"},{"@type":"ListItem","position":2,"name":"Produkte","item":"https:\/\/www.plantcaretools.com\/de\/produkte\/"},{"@type":"ListItem","position":3,"name":"WiFi-Sensor Temperatur und Luftfeuchtigkeit mit Tuya Smart Life APP"}]}]}},"jetpack_sharing_enabled":true,"_links":{"self":[{"href":"https:\/\/www.plantcaretools.com\/de\/wp-json\/wp\/v2\/product\/20813","targetHints":{"allow":["GET"]}}],"collection":[{"href":"https:\/\/www.plantcaretools.com\/de\/wp-json\/wp\/v2\/product"}],"about":[{"href":"https:\/\/www.plantcaretools.com\/de\/wp-json\/wp\/v2\/types\/product"}],"replies":[{"embeddable":true,"href":"https:\/\/www.plantcaretools.com\/de\/wp-json\/wp\/v2\/comments?post=20813"}],"wp:featuredmedia":[{"embeddable":true,"href":"https:\/\/www.plantcaretools.com\/de\/wp-json\/wp\/v2\/media\/20822"}],"wp:attachment":[{"href":"https:\/\/www.plantcaretools.com\/de\/wp-json\/wp\/v2\/media?parent=20813"}],"wp:term":[{"taxonomy":"product_brand","embeddable":true,"href":"https:\/\/www.plantcaretools.com\/de\/wp-json\/wp\/v2\/product_brand?post=20813"},{"taxonomy":"product_cat","embeddable":true,"href":"https:\/\/www.plantcaretools.com\/de\/wp-json\/wp\/v2\/product_cat?post=20813"},{"taxonomy":"product_tag","embeddable":true,"href":"https:\/\/www.plantcaretools.com\/de\/wp-json\/wp\/v2\/product_tag?post=20813"}],"curies":[{"name":"wp","href":"https:\/\/api.w.org\/{rel}","templated":true}]}}