{"id":20863,"date":"2024-08-16T16:07:56","date_gmt":"2024-08-16T14:07:56","guid":{"rendered":"https:\/\/www.plantcaretools.com\/?post_type=product&#038;p=20863"},"modified":"2025-05-18T20:48:34","modified_gmt":"2025-05-18T18:48:34","slug":"bluetooth-messgeraet-und-datenlogger-fuer-ph-wert-und-temperatur-im-boden","status":"publish","type":"product","link":"https:\/\/www.plantcaretools.com\/de\/produkt\/messgerate\/bluetooth-messgeraet-und-datenlogger-fuer-ph-wert-und-temperatur-im-boden\/","title":{"rendered":"Bluetooth-Messger\u00e4t und Datenlogger f\u00fcr pH-Wert und Temperatur im Boden"},"content":{"rendered":"<h2>Bluetooth-Messger\u00e4t und Datenlogger f\u00fcr den pH-Wert und die Temperatur des Bodens<\/h2>\n<ul>\n<li>Das Messger\u00e4t hat eine Sonde (L\u00e4nge 13 cm) mit der neuesten Technologie.<\/li>\n<li>Die Verwendung einer Schutzkappe aus rostfreiem Stahl erm\u00f6glicht die Messung auch in harten B\u00f6den.<\/li>\n<li>Sollte die Sonde kaputt gehen, ist sie separat erh\u00e4ltlich. Dar\u00fcber hinaus verf\u00fcgt das Messger\u00e4t \u00fcber ein hintergrundbeleuchtetes LCD-Display. Alle Daten k\u00f6nnen mit der APP Yinmik \u00fcber Bluetooth ausgelesen, gespeichert, exportiert, geteilt und gedruckt werden.<\/li>\n<li>Aufgrund seines gro\u00dfen Speichers (1000 Datens\u00e4tze) ist das Messger\u00e4t auch als Datenlogger verwendbar und f\u00fcr die Speicherung vieler Langzeitdaten geeignet.<\/li>\n<li>Die maximale Abweichung betr\u00e4gt 0,1 pH innerhalb des Bereichs 0,00 pH -14,0 pH. Standardm\u00e4\u00dfig mit automatischer Temperaturkompensation ausgestattet.<\/li>\n<li>Sie ben\u00f6tigen 4 LR44-Batterien (im Lieferumfang enthalten).<\/li>\n<li>Dank der pr\u00e4zisen und Echtzeit-Bluetooth-Daten\u00fcbertragung k\u00f6nnen Sie Testdaten einfach speichern, verwalten und weitergeben.<\/li>\n<\/ul>\n<h2>Wie stellt man den pH-Wert des Bodens ein?<\/h2>\n<p>Ein pH-Wert von etwa 6,5 ist f\u00fcr fast alle G\u00e4rten geeignet, da die meisten Pflanzen in einem Bereich von pH 6,0 bis pH 7,0 (leicht sauer bis neutral) wachsen. Sobald Sie den pH-Wert des Bodens bestimmt haben, verwenden Sie einen speziellen Bodenverbesserer, um den pH-Wert des Bodens auf den idealen pH-Bereich der Pflanze einzustellen.<\/p>\n<h2>Kalibrierung<\/h2>\n<p>Die Kalibrierung ist sehr einfach und schnell durchzuf\u00fchren. Bereiten Sie 3 Tassen mit 25 cl destilliertem Wasser vor. L\u00f6sen Sie dann 3 verschiedene Beutel mit Pufferpulver (7.00, 4.00 und 10.01) in den 3 Bechern auf. Tauchen Sie die Spitze des Messstiftes in die Pufferl\u00f6sung 7.00 ein. Warten Sie nun, bis sich das Messergebnis wenig oder gar nicht ver\u00e4ndert und dr\u00fccken Sie dann 5 Sekunden lang die Taste \u201eCAL\u201c. In der Anzeige erscheint ebenfalls \u201eCAL\u201c. Lassen Sie nun die Taste los und warten Sie, bis der Wert 7.0 dreimal im Display blinkt. Wiederholen Sie diesen Vorgang in der Tasse mit Pufferl\u00f6sung 4.00 (am Ende blinkt der Wert 4.0 dreimal im Display) und f\u00fchren Sie den gleichen Vorgang noch einmal in Pufferl\u00f6sung 10.01 durch (am Ende blinkt der Wert 10.00 dreimal im Display). <strong>Alle Kalibrierdaten werden automatisch gespeichert und gesichert.<\/strong><\/p>\n","protected":false},"excerpt":{"rendered":"<h2>Dieses digitale Bodenmessger\u00e4t kann Temperatur und pH-Wert (sauer oder alkalisch) in B\u00f6den und anderen Substraten messen.<\/h2>\n<p>Au\u00dferdem hat das Messger\u00e4t ein einzigartiges Design mit einer Schutzkappe aus Edelstahl. Dies macht es m\u00f6glich, in harten B\u00f6den, sandigen B\u00f6den und anderen Substraten zu messen. Der Anwendungsbereich ist breit gef\u00e4chert: Gartenarbeit, Rasen, Gem\u00fcsegarten, Landwirtschaft und Anbau in Gew\u00e4chsh\u00e4usern. <strong>Innen- und Au\u00dfenanwendung.<\/strong><\/p>\n<h2>Einstellung<\/h2>\n<p>Stellen Sie sicher, dass Bluetooth auf dem Telefon aktiviert ist und installieren Sie die APP Yinmik auf dem Telefon. \u00d6ffnen Sie die APP. Verbinden Sie nun das Messger\u00e4t \u00fcber Bluetooth mit der APP Yinmik, indem Sie die \u201eON\/OFF\u201c-Taste f\u00fcr 3-5 Sekunden dr\u00fccken. Das Bluetooth-Symbol erscheint auf dem Display. Das Messger\u00e4t verbindet sich automatisch mit der APP und das Modell des Messger\u00e4ts erscheint oben auf dem Bildschirm der APP (BLE &#8211; YY1033).<\/p>\n<h2>Messung<\/h2>\n<p>Um mit der Messung zu beginnen, entfernen Sie zun\u00e4chst die Kunststoffschutzkappe von der Spitze, indem Sie die Kappe abdrehen. St\u00fclpen Sie nun die Edelstahl-Schutzkappe \u00fcber die Spitze der Sonde. <strong>Nicht vergessen, sonst wird die elektronische Sonde besch\u00e4digt!<\/strong> Dr\u00fccken Sie nun die Sonde senkrecht in den Boden und <strong>achten Sie darauf, dass der Boden gut angefeuchtet ist<\/strong>. Die Messergebnisse werden schnell auf dem LCD-Bildschirm und in der APP angezeigt. Sie k\u00f6nnen im Voraus einen Minimal- und einen Maximalwert einstellen. Sobald diese \u00fcberschritten werden, f\u00e4rbt sich das Messergebnis in der APP rot. Sp\u00fclen Sie die Spitze nach dem Gebrauch gut mit destilliertem Wasser ab und trocknen Sie sie anschlie\u00dfend mit einem weichen Tuch. Bringen Sie die Kunststoffschutzkappe wieder an.<\/p>\n[video width=\"1280\" height=\"720\" mp4=\"https:\/\/www.plantcaretools.com\/wp-content\/uploads\/2024\/08\/1100132552074-3.mp4\"][\/video]\n","protected":false},"featured_media":21211,"comment_status":"open","ping_status":"closed","template":"","meta":{"_acf_changed":false},"product_brand":[],"product_cat":[116,122,124],"product_tag":[461],"class_list":{"0":"post-20863","1":"product","2":"type-product","3":"status-publish","4":"has-post-thumbnail","6":"product_cat-messgerate","7":"product_cat-neue-produkte","8":"product_cat-plantcaretools-produkte","9":"product_tag-bluetooth-de","11":"first","12":"outofstock","13":"taxable","14":"shipping-taxable","15":"purchasable","16":"product-type-simple"},"acf":[],"yoast_head":"<!-- This site is optimized with the Yoast SEO Premium plugin v26.1 (Yoast SEO v27.3) - https:\/\/yoast.com\/product\/yoast-seo-premium-wordpress\/ -->\n<title>Bluetooth-Messger\u00e4t und Datenlogger f\u00fcr pH-Wert und Temperatur im Boden - Plant Care Tools<\/title>\n<meta name=\"description\" content=\"Bluetooth-Messger\u00e4t und Datenlogger f\u00fcr pH-Wert und Temperatur im Boden. Dieses digitale Bodenmessger\u00e4t kann Temperatur und pH-Wert (sauer oder alkalisch) in B\u00f6den und anderen Substraten messen.\" \/>\n<meta name=\"robots\" content=\"index, follow, max-snippet:-1, max-image-preview:large, max-video-preview:-1\" \/>\n<link rel=\"canonical\" href=\"https:\/\/www.plantcaretools.com\/de\/produkt\/messgerate\/bluetooth-messgeraet-und-datenlogger-fuer-ph-wert-und-temperatur-im-boden\/\" \/>\n<script type=\"application\/ld+json\" class=\"yoast-schema-graph\">{\"@context\":\"https:\\\/\\\/schema.org\",\"@graph\":[{\"@type\":\"BreadcrumbList\",\"@id\":\"https:\\\/\\\/www.plantcaretools.com\\\/de\\\/produkt\\\/messgerate\\\/bluetooth-messgeraet-und-datenlogger-fuer-ph-wert-und-temperatur-im-boden\\\/#breadcrumb\",\"itemListElement\":[{\"@type\":\"ListItem\",\"position\":1,\"name\":\"Home\",\"item\":\"https:\\\/\\\/www.plantcaretools.com\\\/de\\\/\"},{\"@type\":\"ListItem\",\"position\":2,\"name\":\"Produkte\",\"item\":\"https:\\\/\\\/www.plantcaretools.com\\\/de\\\/produkte\\\/\"},{\"@type\":\"ListItem\",\"position\":3,\"name\":\"Bluetooth-Messger\u00e4t und Datenlogger f\u00fcr pH-Wert und Temperatur im Boden\"}]}]}<\/script>\n<!-- \/ Yoast SEO Premium plugin. -->","yoast_head_json":{"title":"Bluetooth-Messger\u00e4t und Datenlogger f\u00fcr pH-Wert und Temperatur im Boden - Plant Care Tools","description":"Bluetooth-Messger\u00e4t und Datenlogger f\u00fcr pH-Wert und Temperatur im Boden. Dieses digitale Bodenmessger\u00e4t kann Temperatur und pH-Wert (sauer oder alkalisch) in B\u00f6den und anderen Substraten messen.","robots":{"index":"index","follow":"follow","max-snippet":"max-snippet:-1","max-image-preview":"max-image-preview:large","max-video-preview":"max-video-preview:-1"},"canonical":"https:\/\/www.plantcaretools.com\/de\/produkt\/messgerate\/bluetooth-messgeraet-und-datenlogger-fuer-ph-wert-und-temperatur-im-boden\/","schema":{"@context":"https:\/\/schema.org","@graph":[{"@type":"BreadcrumbList","@id":"https:\/\/www.plantcaretools.com\/de\/produkt\/messgerate\/bluetooth-messgeraet-und-datenlogger-fuer-ph-wert-und-temperatur-im-boden\/#breadcrumb","itemListElement":[{"@type":"ListItem","position":1,"name":"Home","item":"https:\/\/www.plantcaretools.com\/de\/"},{"@type":"ListItem","position":2,"name":"Produkte","item":"https:\/\/www.plantcaretools.com\/de\/produkte\/"},{"@type":"ListItem","position":3,"name":"Bluetooth-Messger\u00e4t und Datenlogger f\u00fcr pH-Wert und Temperatur im Boden"}]}]}},"jetpack_sharing_enabled":true,"_links":{"self":[{"href":"https:\/\/www.plantcaretools.com\/de\/wp-json\/wp\/v2\/product\/20863","targetHints":{"allow":["GET"]}}],"collection":[{"href":"https:\/\/www.plantcaretools.com\/de\/wp-json\/wp\/v2\/product"}],"about":[{"href":"https:\/\/www.plantcaretools.com\/de\/wp-json\/wp\/v2\/types\/product"}],"replies":[{"embeddable":true,"href":"https:\/\/www.plantcaretools.com\/de\/wp-json\/wp\/v2\/comments?post=20863"}],"wp:featuredmedia":[{"embeddable":true,"href":"https:\/\/www.plantcaretools.com\/de\/wp-json\/wp\/v2\/media\/21211"}],"wp:attachment":[{"href":"https:\/\/www.plantcaretools.com\/de\/wp-json\/wp\/v2\/media?parent=20863"}],"wp:term":[{"taxonomy":"product_brand","embeddable":true,"href":"https:\/\/www.plantcaretools.com\/de\/wp-json\/wp\/v2\/product_brand?post=20863"},{"taxonomy":"product_cat","embeddable":true,"href":"https:\/\/www.plantcaretools.com\/de\/wp-json\/wp\/v2\/product_cat?post=20863"},{"taxonomy":"product_tag","embeddable":true,"href":"https:\/\/www.plantcaretools.com\/de\/wp-json\/wp\/v2\/product_tag?post=20863"}],"curies":[{"name":"wp","href":"https:\/\/api.w.org\/{rel}","templated":true}]}}