{"id":21001,"date":"2024-09-04T16:29:10","date_gmt":"2024-09-04T14:29:10","guid":{"rendered":"https:\/\/www.plantcaretools.com\/?post_type=product&#038;p=21001"},"modified":"2025-11-27T13:56:18","modified_gmt":"2025-11-27T12:56:18","slug":"6-in-1-digitales-testgeraet-fuer-boden-und-fluessigkeiten-ph-ec-licht-feuchtigkeit-duengung-und-temperatur","status":"publish","type":"product","link":"https:\/\/www.plantcaretools.com\/de\/produkt\/feuchtigkeitsgehalt-messen\/6-in-1-digitales-testgeraet-fuer-boden-und-fluessigkeiten-ph-ec-licht-feuchtigkeit-duengung-und-temperatur\/","title":{"rendered":"6-in-1 Digitales Testger\u00e4t f\u00fcr Boden und Fl\u00fcssigkeiten &#8211; pH, EC, Licht, Feuchtigkeit, D\u00fcngung und Temperatur"},"content":{"rendered":"<h2>Eigenschaften:<\/h2>\n<ul>\n<li>Der 6-in-1-Tester kann im Boden, aber auch in Fl\u00fcssigkeiten messen! Dieses multifunktionale Messger\u00e4t kann den pH-Wert, den EC-Wert (Leitf\u00e4higkeit), den Feuchtigkeitsgehalt, den D\u00fcngergehalt, die Lichtintensit\u00e4t (nur Sonnenlicht) und die Temperatur messen. So erhalten Sie einen umfassenden Einblick in die Wachstumsbedingungen Ihrer Pflanzen. Alle Faktoren, die f\u00fcr eine Pflanze wichtig sind, sind in einem Messger\u00e4t vereint. Einfacher k\u00f6nnen wir es nicht machen.<\/li>\n<li>Dank des gro\u00dfen, hintergrundbeleuchteten Displays sind die Messungen unabh\u00e4ngig von den Lichtverh\u00e4ltnissen gut ablesbar. Das Display kann um 45 Grad geneigt werden, was das Ablesen aus verschiedenen Winkeln erleichtert und den Bedienungskomfort erh\u00f6ht.<\/li>\n<li>Das tragbare und robuste Design dieses Bodenmessger\u00e4ts mit einer speziell verdickten 13-mm-Elektrode (ihre L\u00e4nge betr\u00e4gt 20 cm) aus Verbundmaterial bietet nicht nur eine hohe Genauigkeit, sondern ist auch sehr robust und bruchfest. Dies macht das Messger\u00e4t ideal f\u00fcr den Einsatz unter verschiedenen Bedingungen. Das Messger\u00e4t wird mit vier AAA-Batterien (1,5 V) betrieben (im Lieferumfang enthalten), die eine lange Lebensdauer haben.<\/li>\n<li>Dar\u00fcber hinaus eignet sich das Messger\u00e4t zum Beispiel f\u00fcr die Messung von N\u00e4hrstoffen (EC) und pH in der Hydrokultur. Aber es gibt noch viele weitere Anwendungen wie Trinkwasser, Brunnenwasser, Regenwasser, Quellwasser und nat\u00fcrliches Wasser wie Gr\u00e4ben, Teiche und Fl\u00fcsse.<\/li>\n<li>Mit den mitgelieferten pH-Kalibrierungspulvern und der EC-Kalibrierungsfl\u00fcssigkeit k\u00f6nnen Sie die Messgenauigkeit aufrechterhalten, indem Sie von Zeit zu Zeit eine Kalibrierung vornehmen. Die Kalibrierung ist sehr benutzerfreundlich.<\/li>\n<\/ul>\n<h2>Verwendung des Messger\u00e4ts und einige Tipps:<\/h2>\n<ul>\n<li>Schalten Sie das Messger\u00e4t ein und stecken Sie es senkrecht mindestens 8 cm tief in den Boden oder die Fl\u00fcssigkeit. Sie k\u00f6nnen nun alle einzelnen Parameter auf einmal ablesen. F\u00fchren Sie mindestens 2 Messungen kurz hintereinander durch, um zu sehen, ob beide Messungen ungef\u00e4hr das gleiche Ergebnis zeigen. Ist dies nicht der Fall, f\u00fchren Sie eine weitere Messung an ungef\u00e4hr der gleichen Stelle durch.<\/li>\n<li>Um den pH-Wert und den D\u00fcngergehalt zuverl\u00e4ssig zu messen, muss der Boden gut feucht sein. Messen Sie im Freien, vorzugsweise nach einem Regenschauer, und gie\u00dfen Sie die Topfpflanzen zuerst reichlich und beginnen Sie dann nach 15-30 Minuten mit der Messung.<\/li>\n<li>Messen Sie immer in freier Erde ohne Hindernisse wie Zweige, Wurzeln, Steine usw. und dr\u00fccken oder ziehen Sie das Messger\u00e4t nie mit gro\u00dfer Kraft in die Erde. Wenn der Boden sehr fest ist, lockern Sie ihn vor der Messung mit einer Schaufel auf.<\/li>\n<li>Wenn Sie die Messwerte (vor\u00fcbergehend) speichern m\u00f6chten, dr\u00fccken Sie die Taste \u201eHold\u201c.<\/li>\n<li>Sp\u00fclen Sie das Messger\u00e4t nach dem Gebrauch unter dem Wasserhahn ab und trocknen Sie die Sonde mit dem mitgelieferten Tuch.<\/li>\n<\/ul>\n<h2>Spezifikationen:<\/h2>\n<ul>\n<li><strong>Messfunktionen:<\/strong><br \/>\n&#8211; <strong>Im Boden:<\/strong> pH, EC (=Leitf\u00e4higkeit), Bodenfeuchtigkeit, D\u00fcngergehalt, Temperatur, Lichtintensit\u00e4t (nur Sonnenlicht)<br \/>\n&#8211; <strong>In Fl\u00fcssigkeiten:<\/strong> pH und EC<\/li>\n<li><strong>PH-Bereich:<\/strong> 0,00 ~ 14,00 pH<\/li>\n<li><strong>Genauigkeit pH:<\/strong> \u00b1 0,1pH<\/li>\n<li><strong>EC-Bereich:<\/strong> 0,01-10,00 mS\/cm;<\/li>\n<li><strong>Genauigkeit EC:<\/strong> \u00b1 2% F.S.<\/li>\n<li><strong>Temperaturbereich:<\/strong> 0,0 \u00b0C-80,0 \u00b0C; 32,0 \u00b0F-176,0 \u00b0F<\/li>\n<li><strong>Temperaturgenauigkeit:<\/strong> \u00b1 0,5 \u00b0C<\/li>\n<li><strong>Befruchtungsrate:<\/strong> 0% ~ 99%<\/li>\n<li><strong>Genauigkeit der Befruchtungsrate:<\/strong> \u00b1 2% v.E.<\/li>\n<li><strong>Sonnenlicht:<\/strong> 9 Abstufungen von schwach bis stark. Das Messger\u00e4t kann nur Sonnenlicht, nicht aber Kunstlicht messen.<\/li>\n<li><strong>Feuchtigkeitsgehalt:<\/strong> 10 Abstufungen von 1 &#8211; 10. 1 = trocken und 10 = sehr feucht<\/li>\n<\/ul>\n<h2>Kalibrierung:<\/h2>\n<p>Das Messger\u00e4t ist bereits werkseitig kalibriert und sofort einsatzbereit. In der Verpackung finden Sie zu kalibrieren:<\/p>\n<ul>\n<li>PH-Pufferpulver: pH 7,00\/pH4,00\/pH10,01<\/li>\n<li>EC-Pufferfl\u00fcssigkeit: 1413 s\/cm Kalibrierl\u00f6sung<\/li>\n<\/ul>\n<p>Bei normalem Gebrauch empfehlen wir eine EC-Kalibrierung einmal im Jahr und eine pH-Kalibrierung ebenfalls einmal im Jahr. Die Kalibrierverfahren sind in der Bedienungsanleitung einfach und klar beschrieben.<\/p>\n<p><strong>Abmessungen:<\/strong> 278 x 65 x 30mm<\/p>\n<p><strong>Anzeige:<\/strong> LCD mit Hintergrundbeleuchtung<\/p>\n<p><strong>Batterie:<\/strong> 4 * AAA-Batterien, im Lieferumfang enthalten<\/p>\n<p><strong>Automatische Abschaltung:<\/strong> nach 5 Minuten<\/p>\n","protected":false},"excerpt":{"rendered":"<h2>Das 6-in-1-Messger\u00e4t eignet sich sowohl f\u00fcr den Innen- als auch f\u00fcr den Au\u00dfenbereich und ist ideal f\u00fcr Gartenpflanzen, Gew\u00e4chshauspflanzen, Obstb\u00e4ume, Topfpflanzen, Gem\u00fcse, Rasen und mehr.<\/h2>\n<p>Egal, ob Sie ein Hobbyg\u00e4rtner oder ein professioneller G\u00e4rtner sind, dieser Bodentester hilft Ihnen, alle wichtigen Faktoren, die f\u00fcr das Wachstum und Gedeihen Ihrer Pflanze wichtig sind, in einem Schritt zu messen. Das macht das 6-in-1-Messger\u00e4t zu einem unentbehrlichen Werkzeug f\u00fcr jeden, der gesunde und produktive Pflanzen anstrebt. Die Handhabung ist einfach und in der Gebrauchsanweisung klar beschrieben.<\/p>\n[video width=\"1280\" height=\"720\" mp4=\"https:\/\/www.plantcaretools.com\/wp-content\/uploads\/2024\/09\/5000135334414.mp4\"][\/video]\n","protected":false},"featured_media":21068,"comment_status":"open","ping_status":"closed","template":"","meta":{"_acf_changed":false},"product_brand":[],"product_cat":[112,128,116,122,110,124],"product_tag":[460],"class_list":{"0":"post-21001","1":"product","2":"type-product","3":"status-publish","4":"has-post-thumbnail","6":"product_cat-duenger-messen","7":"product_cat-feuchtigkeitsgehalt-messen","8":"product_cat-messgerate","9":"product_cat-neue-produkte","10":"product_cat-nicht-kategorisiert","11":"product_cat-plantcaretools-produkte","12":"product_tag-ec-de","14":"first","15":"instock","16":"taxable","17":"shipping-taxable","18":"purchasable","19":"product-type-simple"},"acf":[],"yoast_head":"<!-- This site is optimized with the Yoast SEO Premium plugin v26.1 (Yoast SEO v27.3) - https:\/\/yoast.com\/product\/yoast-seo-premium-wordpress\/ -->\n<title>6-in-1 Digitales Testger\u00e4t f\u00fcr Boden und Fl\u00fcssigkeiten - pH, EC, Licht, Feuchtigkeit, D\u00fcngung und Temperatur - Plant Care Tools<\/title>\n<meta name=\"description\" content=\"6-in-1 Digitales Testger\u00e4t f\u00fcr Boden und Fl\u00fcssigkeiten - pH, EC, Licht, Feuchtigkeit, D\u00fcngung und Temperatur. Das Messger\u00e4t eignet sich sowohl f\u00fcr den Innen- als auch f\u00fcr den Au\u00dfenbereich und ist ideal f\u00fcr Gartenpflanzen, Gew\u00e4chshauspflanzen, Obstb\u00e4ume, Topfpflanzen, Gem\u00fcse, Rasen und mehr.\" \/>\n<meta name=\"robots\" content=\"index, follow, max-snippet:-1, max-image-preview:large, max-video-preview:-1\" \/>\n<link rel=\"canonical\" href=\"https:\/\/www.plantcaretools.com\/de\/produkt\/feuchtigkeitsgehalt-messen\/6-in-1-digitales-testgeraet-fuer-boden-und-fluessigkeiten-ph-ec-licht-feuchtigkeit-duengung-und-temperatur\/\" \/>\n<script type=\"application\/ld+json\" class=\"yoast-schema-graph\">{\"@context\":\"https:\\\/\\\/schema.org\",\"@graph\":[{\"@type\":\"BreadcrumbList\",\"@id\":\"https:\\\/\\\/www.plantcaretools.com\\\/de\\\/produkt\\\/feuchtigkeitsgehalt-messen\\\/6-in-1-digitales-testgeraet-fuer-boden-und-fluessigkeiten-ph-ec-licht-feuchtigkeit-duengung-und-temperatur\\\/#breadcrumb\",\"itemListElement\":[{\"@type\":\"ListItem\",\"position\":1,\"name\":\"Home\",\"item\":\"https:\\\/\\\/www.plantcaretools.com\\\/de\\\/\"},{\"@type\":\"ListItem\",\"position\":2,\"name\":\"Produkte\",\"item\":\"https:\\\/\\\/www.plantcaretools.com\\\/de\\\/produkte\\\/\"},{\"@type\":\"ListItem\",\"position\":3,\"name\":\"6-in-1 Digitales Testger\u00e4t f\u00fcr Boden und Fl\u00fcssigkeiten &#8211; pH, EC, Licht, Feuchtigkeit, D\u00fcngung und Temperatur\"}]}]}<\/script>\n<!-- \/ Yoast SEO Premium plugin. -->","yoast_head_json":{"title":"6-in-1 Digitales Testger\u00e4t f\u00fcr Boden und Fl\u00fcssigkeiten - pH, EC, Licht, Feuchtigkeit, D\u00fcngung und Temperatur - Plant Care Tools","description":"6-in-1 Digitales Testger\u00e4t f\u00fcr Boden und Fl\u00fcssigkeiten - pH, EC, Licht, Feuchtigkeit, D\u00fcngung und Temperatur. Das Messger\u00e4t eignet sich sowohl f\u00fcr den Innen- als auch f\u00fcr den Au\u00dfenbereich und ist ideal f\u00fcr Gartenpflanzen, Gew\u00e4chshauspflanzen, Obstb\u00e4ume, Topfpflanzen, Gem\u00fcse, Rasen und mehr.","robots":{"index":"index","follow":"follow","max-snippet":"max-snippet:-1","max-image-preview":"max-image-preview:large","max-video-preview":"max-video-preview:-1"},"canonical":"https:\/\/www.plantcaretools.com\/de\/produkt\/feuchtigkeitsgehalt-messen\/6-in-1-digitales-testgeraet-fuer-boden-und-fluessigkeiten-ph-ec-licht-feuchtigkeit-duengung-und-temperatur\/","schema":{"@context":"https:\/\/schema.org","@graph":[{"@type":"BreadcrumbList","@id":"https:\/\/www.plantcaretools.com\/de\/produkt\/feuchtigkeitsgehalt-messen\/6-in-1-digitales-testgeraet-fuer-boden-und-fluessigkeiten-ph-ec-licht-feuchtigkeit-duengung-und-temperatur\/#breadcrumb","itemListElement":[{"@type":"ListItem","position":1,"name":"Home","item":"https:\/\/www.plantcaretools.com\/de\/"},{"@type":"ListItem","position":2,"name":"Produkte","item":"https:\/\/www.plantcaretools.com\/de\/produkte\/"},{"@type":"ListItem","position":3,"name":"6-in-1 Digitales Testger\u00e4t f\u00fcr Boden und Fl\u00fcssigkeiten &#8211; pH, EC, Licht, Feuchtigkeit, D\u00fcngung und Temperatur"}]}]}},"jetpack_sharing_enabled":true,"_links":{"self":[{"href":"https:\/\/www.plantcaretools.com\/de\/wp-json\/wp\/v2\/product\/21001","targetHints":{"allow":["GET"]}}],"collection":[{"href":"https:\/\/www.plantcaretools.com\/de\/wp-json\/wp\/v2\/product"}],"about":[{"href":"https:\/\/www.plantcaretools.com\/de\/wp-json\/wp\/v2\/types\/product"}],"replies":[{"embeddable":true,"href":"https:\/\/www.plantcaretools.com\/de\/wp-json\/wp\/v2\/comments?post=21001"}],"wp:featuredmedia":[{"embeddable":true,"href":"https:\/\/www.plantcaretools.com\/de\/wp-json\/wp\/v2\/media\/21068"}],"wp:attachment":[{"href":"https:\/\/www.plantcaretools.com\/de\/wp-json\/wp\/v2\/media?parent=21001"}],"wp:term":[{"taxonomy":"product_brand","embeddable":true,"href":"https:\/\/www.plantcaretools.com\/de\/wp-json\/wp\/v2\/product_brand?post=21001"},{"taxonomy":"product_cat","embeddable":true,"href":"https:\/\/www.plantcaretools.com\/de\/wp-json\/wp\/v2\/product_cat?post=21001"},{"taxonomy":"product_tag","embeddable":true,"href":"https:\/\/www.plantcaretools.com\/de\/wp-json\/wp\/v2\/product_tag?post=21001"}],"curies":[{"name":"wp","href":"https:\/\/api.w.org\/{rel}","templated":true}]}}