{"id":21369,"date":"2024-11-01T15:57:02","date_gmt":"2024-11-01T14:57:02","guid":{"rendered":"https:\/\/www.plantcaretools.com\/?post_type=product&#038;p=21369"},"modified":"2025-02-11T17:56:11","modified_gmt":"2025-02-11T16:56:11","slug":"digitales-n-p-k-ph-bodentestkit","status":"publish","type":"product","link":"https:\/\/www.plantcaretools.com\/de\/produkt\/messgerate\/digitales-n-p-k-ph-bodentestkit\/","title":{"rendered":"Digitales N, P, K, pH BodenTestKit"},"content":{"rendered":"<h3>Elektronisches Bodentestset oder chemisches Bodentestset?<\/h3>\n<p><strong>F\u00fcr eine ordnungsgem\u00e4\u00dfe Bodenanalyse m\u00fcssen N (Stickstoff), P (Phosphor), K (Kalium) und der pH-Wert (S\u00e4uregehalt) des Bodens gemessen werden k\u00f6nnen. Dies kann mit einem Bodentestkit erfolgen, das Bodenproben entnimmt, die mit Chemikalien behandelt werden, um ein Messergebnis zu erhalten. Dieses elektronische Set tut dasselbe, ist aber viel benutzerfreundlicher, da die Messger\u00e4te das Ergebnis sofort anzeigen, nachdem sie in den Boden gesteckt und der Knopf gedr\u00fcckt wurde. Klicken Sie hier, um mehr \u00fcber das elektronische NPK-Messger\u00e4t zu erfahren, und hier, um mehr \u00fcber das elektronische pH-Messger\u00e4t zu erfahren.<\/strong><\/p>\n<h3>Unterschied zwischen organischem D\u00fcnger und Kunstd\u00fcnger<\/h3>\n<p>Es gibt gro\u00dfe Unterschiede zwischen einem organischen D\u00fcnger und einem Kunstd\u00fcnger. Organische D\u00fcngemittel haben eine weniger direkte Wirkung als Kunstd\u00fcnger. Organische D\u00fcnger geben die Stoffe allm\u00e4hlich an den Boden ab und haben daher eine l\u00e4ngere Wirkung. Au\u00dferdem f\u00fcllt ein organischer D\u00fcnger den Boden mit allen m\u00f6glichen Spurenelementen und wichtigen N\u00e4hrstoffen auf. Organischer D\u00fcnger wird aus organischem Material hergestellt und enth\u00e4lt immer Stickstoff, Phosphor, Kalium (NPK) und oft auch Mikroorganismen und Enzyme. K\u00fcnstliche D\u00fcngemittel enthalten ebenfalls immer Stickstoff, Phosphor und Kalium (NPK).<\/p>\n<h3>Welche Bedeutung haben N, P, K und pH?<\/h3>\n<p>Die Bedeutung von NPK ist Stickstoff (N), Phosphor (P) und Kalium (K). Diese 3 N\u00e4hrstoffe bilden eine notwendige Grundlage f\u00fcr die Pflege aller Pflanzen, sowohl im Haus als auch im Freiland. Neben Sauerstoff, Wasser und Kohlenstoff braucht eine Pflanze NPK, um zu leben, zu wachsen und zu bl\u00fchen. Kurz gesagt, unverzichtbar f\u00fcr das Wohlbefinden einer Pflanze. Die Funktion dieser 3 Elemente ist jedoch unterschiedlich. Ein guter pH-Wert sorgt daf\u00fcr, dass die Pflanzen die N\u00e4hrstoffe aufnehmen k\u00f6nnen.<\/p>\n<h3>Stickstoff (N)<\/h3>\n<p>Stickstoff f\u00f6rdert das Pflanzenwachstum und ist das wichtigste Element. Denn ohne Stickstoff gibt es kein Wachstum. Stickstoff regt auch die Photosynthese an. Wenn eine Pflanze zu wenig Stickstoff hat, werden ihre Bl\u00e4tter gelb und sie verliert viele Bl\u00e4tter.<\/p>\n<h3>Phosphor (P)<\/h3>\n<p>Phosphor tr\u00e4gt zur allgemeinen Entwicklung der Pflanzen bei und sorgt vor allem f\u00fcr eine gute Entwicklung des Wurzelsystems. Pflanzen mit einem gut ausgebildeten Wurzelsystem k\u00f6nnen N\u00e4hrstoffe schneller und besser aufnehmen. Ein Mangel an Phosphor f\u00fchrt zu einem verminderten Wachstum.<\/p>\n<h3>Kalium (K)<\/h3>\n<p>Kalium ist wichtig f\u00fcr den Wasserhaushalt der Pflanzen. Die Zellw\u00e4nde der Pflanzen werden durch Kalium verst\u00e4rkt, was einen besseren Transport von Wasser und Kohlenhydraten erm\u00f6glicht. Kalium erh\u00f6ht somit die Widerstandsf\u00e4higkeit der Pflanzen. Die Pflanzen sind widerstandsf\u00e4higer gegen Krankheiten, Hitze, Pilze und generell gegen alles, was Stress verursacht. Ein Kaliummangel macht sich durch verf\u00e4rbte Blattr\u00e4nder bemerkbar, schlie\u00dflich sterben die Bl\u00e4tter ab.<\/p>\n<h3>S\u00e4uregehalt (pH)<\/h3>\n<p>Ein guter pH-Wert ist wichtig, damit eine Pflanze wichtige N\u00e4hrstoffe aufnehmen kann. Dies gilt f\u00fcr Topfpflanzen, aber auch f\u00fcr alle Pflanzen im Freiland, im Gem\u00fcsegarten und auf dem Rasen. Die meisten Pflanzen wachsen optimal bei einem S\u00e4uregrad (pH-Wert) zwischen 5,5 und 6,5. F\u00fcr den Rasen ist 7,0 der ideale Wert. Ohne die F\u00e4higkeit, D\u00fcngemittel zu absorbieren, kann eine Pflanze oder der Rasen also nicht richtig wachsen und ein gesundes Leben f\u00fchren. Dar\u00fcber hinaus ist der richtige pH-Wert indirekt auch f\u00fcr die Mikroben im Boden wichtig.<\/p>\n<h3>Wie stellt man den pH-Wert des Bodens ein?<\/h3>\n<p>Ein pH-Wert von etwa 6,5 ist f\u00fcr fast alle G\u00e4rten geeignet, da die meisten Pflanzen in einem Bereich von pH 6,0 bis pH 7,0 (leicht sauer bis neutral) wachsen. Sobald Sie den pH-Wert des Bodens bestimmt haben, verwenden Sie einen speziellen Bodenverbesserer, um den pH-Wert des Bodens auf den idealen pH-Bereich der Pflanze einzustellen.<\/p>\n<h3>Stickstoffmangel oder -\u00fcberschuss<\/h3>\n<p>Wie Sie gerade gelesen haben, ist Stickstoff gleichbedeutend mit Wachstum. Wenn Sie dem Boden zu viel Stickstoff zuf\u00fchren, werden Sie mit Wucherungen zu k\u00e4mpfen haben. Sie werden dann sehen, wie alles zu wuchern beginnt. Ein Mangel an Stickstoff bedeutet das Gegenteil. Die Pflanzen bleiben viel zu klein und sind sehr anf\u00e4llig f\u00fcr Pilze und Krankheiten. Sie werden auch sehen, dass die Bl\u00e4tter gelb werden.<\/p>\n<h3>Mangel oder \u00dcberschuss an Phosphor<\/h3>\n<p>Zu viel Phosphor st\u00f6rt den Wasserhaushalt. Au\u00dferdem reichert sich der Phosphor im Boden an und wird schlie\u00dflich ausgewaschen. Wenn Sie jedoch einen Mangel an Phosphor haben, zeigt sich dies durch einen blau-violetten Schimmer auf den Pflanzen. Die Wurzeln entwickeln sich dann nicht so gut und k\u00f6nnen weniger N\u00e4hrstoffe aufnehmen.<\/p>\n<h3>Kaliummangel oder -\u00fcberschu\u00df<\/h3>\n<p>Ein \u00dcberschuss an Kalium f\u00fchrt zu einer verringerten Aufnahme von Kalzium, Magnesium und Bor und f\u00f6rdert eine \u00fcberm\u00e4\u00dfige Aufnahme von Eisen und Mangan. Es besteht also kein Gleichgewicht mehr. Ein Mangel f\u00fchrt zu kahlem Gras und verf\u00e4rbten Bl\u00e4ttern.<\/p>\n","protected":false},"excerpt":{"rendered":"<h2>Bodentester: Stickstoff, Phosphor, Kalium (NPK) und Temperatur<\/h2>\n<h2>und<\/h2>\n<h2>Bluetooth-Messger\u00e4t und Datenlogger f\u00fcr pH-Wert und Temperatur des Bodens<\/h2>\n<p><strong>Die wichtigsten Elemente f\u00fcr die Bodenfruchtbarkeit sind Stickstoff (N), Phosphor (P) und Kalium (K), auch kurz als NPK bezeichnet. Um einen guten Eindruck vom D\u00fcngungsgrad des Bodens zu bekommen, muss man also in der Lage sein, diese 3 Elemente zu messen. Au\u00dferdem ist die Messung des pH-Werts wichtig, um zu wissen, ob die Pflanzen die N\u00e4hrstoffe aufnehmen k\u00f6nnen.<\/strong><\/p>\n<p><strong>Das digitale NPK-Messger\u00e4t<\/strong> (misst Stickstoff, Phosphor und Kalium) mit gro\u00dfem LCD-Display misst N, P und K sowie die Temperatur. Es handelt sich um ein neu entwickeltes digitales Messger\u00e4t mit einer 17 cm langen Doppelsonde aus Metall. Die Messung erfolgt mit hoher Genauigkeit. F\u00fchren Sie das Messger\u00e4t mindestens 10 cm tief in den Boden ein, um ein gutes Ergebnis f\u00fcr die Mengen an Stickstoff (N), Phosphor (P) und Kalium (K) zu erhalten. Alle 3 werden einzeln innerhalb eines Bereichs von 0 &#8211; 1999 mg\/kg gemessen. Machen Sie es sich einfach, anstatt mit einem Bodentest-Kit eine Bodenprobe zu nehmen und dann ein zeitaufw\u00e4ndiges Verfahren zu befolgen. Au\u00dferdem ist das Ergebnis eines Bodentestkits keine konkrete Zahl, wie bei diesem Messger\u00e4t, sondern nur ein Anhaltspunkt, der auf einem Farbvergleich beruht. <a href=\"https:\/\/www.plantcaretools.com\/de\/produkt\/messgerate\/bodemtester-stikstof-fosfor-kalium-npk-en-temperatuur\/\">F\u00fcr weitere Informationen<\/a><\/p>\n<h3>Spezifikationen:<\/h3>\n<ul>\n<li>NPK-Bereich: 0-1999 mg\/kg<\/li>\n<li>Temperaturbereich: -10\u00b0C-80\u00b0C; 14\u00b0F-176\u00b0F<\/li>\n<li>Stromversorgung: 3 AAA-Batterien (Batterien nicht enthalten)<\/li>\n<li>LCD-Display mit Hintergrundbeleuchtung<\/li>\n<li>Automatische Abschaltung nach 30 Sekunden ohne Bedienung<\/li>\n<li>Gewicht: 158 g (einschlie\u00dflich Verpackung)<\/li>\n<li>Geeignet f\u00fcr Topfpflanzen, Ackerland, Gew\u00e4chsh\u00e4user, Zierg\u00e4rten, Rasenfl\u00e4chen, den Gem\u00fcsegarten, Obstg\u00e4rten, usw.<\/li>\n<\/ul>\n<hr \/>\n<p><strong>Das pH-Meter<\/strong> hat ein einzigartiges Design mit einer Schutzkappe aus Edelstahl. Dadurch ist es m\u00f6glich, in harten B\u00f6den, sandigen B\u00f6den und anderen Substraten zu messen. Es gibt eine breite Palette von Anwendungen: Gartenarbeit, Rasen, Gem\u00fcsegarten, Landwirtschaft und Anbau in Gew\u00e4chsh\u00e4usern. Innen- und Au\u00dfenanwendung. <a href=\"https:\/\/www.plantcaretools.com\/de\/produkt\/messgerate\/bluetooth-messgeraet-und-datenlogger-fuer-ph-wert-und-temperatur-im-boden\/\">F\u00fcr weitere Informationen<\/a><\/p>\n<h3>Spezifikationen:<\/h3>\n<ul>\n<li>Das Messger\u00e4t hat eine Sonde (L\u00e4nge 13 cm) mit der neuesten Technologie.<\/li>\n<li>Die Verwendung einer Schutzkappe aus rostfreiem Stahl erm\u00f6glicht die Messung auch in hartem Boden.<\/li>\n<li>Sollte die Sonde kaputt gehen, ist sie separat erh\u00e4ltlich. Dar\u00fcber hinaus verf\u00fcgt das Messger\u00e4t \u00fcber ein hintergrundbeleuchtetes LCD-Display. Alle Daten k\u00f6nnen mit der APP Yinmik \u00fcber Bluetooth ausgelesen, gespeichert, exportiert, geteilt und gedruckt werden.<\/li>\n<li>Aufgrund seines gro\u00dfen Speichers (1000 Datens\u00e4tze) ist das Messger\u00e4t auch als Datenlogger verwendbar und f\u00fcr die Speicherung vieler Langzeitdaten geeignet.<\/li>\n<li>Die maximale Abweichung betr\u00e4gt 0,1 pH innerhalb des Bereichs 0,00 pH -14,0 pH. Standardm\u00e4\u00dfig mit automatischer Temperaturkompensation ausgestattet.<\/li>\n<li>Sie ben\u00f6tigen 4 LR44-Batterien (im Lieferumfang enthalten).<\/li>\n<li>Dank der pr\u00e4zisen und Echtzeit-Bluetooth-Daten\u00fcbertragung k\u00f6nnen Sie Testdaten einfach speichern, verwalten und weitergeben.<\/li>\n<\/ul>\n<hr \/>\n[video width=\"1280\" height=\"720\" mp4=\"https:\/\/www.plantcaretools.com\/wp-content\/uploads\/2024\/09\/Bodemtester_Stikstof_Fosfor_Kalium_Temperatuur_PlantCareTools_video-1.mp4\"][\/video]\n[video width=\"1280\" height=\"720\" mp4=\"https:\/\/www.plantcaretools.com\/wp-content\/uploads\/2024\/08\/1100132552074-3.mp4\"][\/video]\n","protected":false},"featured_media":21370,"comment_status":"open","ping_status":"closed","template":"","meta":{"_acf_changed":false},"product_brand":[],"product_cat":[112,116,124,104],"product_tag":[],"class_list":{"0":"post-21369","1":"product","2":"type-product","3":"status-publish","4":"has-post-thumbnail","6":"product_cat-duenger-messen","7":"product_cat-messgerate","8":"product_cat-plantcaretools-produkte","9":"product_cat-sonderangebote","11":"first","12":"outofstock","13":"sale","14":"taxable","15":"shipping-taxable","16":"purchasable","17":"product-type-simple"},"acf":[],"yoast_head":"<!-- This site is optimized with the Yoast SEO Premium plugin v26.1 (Yoast SEO v27.3) - https:\/\/yoast.com\/product\/yoast-seo-premium-wordpress\/ -->\n<title>Digitales N, P, K, pH BodenTestKit - Plant Care Tools<\/title>\n<meta name=\"description\" content=\"Digitales Bodentest-Kit: Stickstoff, Phosphor, Kalium, (NPK), Temperatur und pH, einfach und genau messen - PlantCareTools\" \/>\n<meta name=\"robots\" content=\"index, follow, max-snippet:-1, max-image-preview:large, max-video-preview:-1\" \/>\n<link rel=\"canonical\" href=\"https:\/\/www.plantcaretools.com\/de\/produkt\/messgerate\/digitales-n-p-k-ph-bodentestkit\/\" \/>\n<script type=\"application\/ld+json\" class=\"yoast-schema-graph\">{\"@context\":\"https:\\\/\\\/schema.org\",\"@graph\":[{\"@type\":\"BreadcrumbList\",\"@id\":\"https:\\\/\\\/www.plantcaretools.com\\\/de\\\/produkt\\\/messgerate\\\/digitales-n-p-k-ph-bodentestkit\\\/#breadcrumb\",\"itemListElement\":[{\"@type\":\"ListItem\",\"position\":1,\"name\":\"Home\",\"item\":\"https:\\\/\\\/www.plantcaretools.com\\\/de\\\/\"},{\"@type\":\"ListItem\",\"position\":2,\"name\":\"Produkte\",\"item\":\"https:\\\/\\\/www.plantcaretools.com\\\/de\\\/produkte\\\/\"},{\"@type\":\"ListItem\",\"position\":3,\"name\":\"Digitales N, P, K, pH BodenTestKit\"}]}]}<\/script>\n<!-- \/ Yoast SEO Premium plugin. -->","yoast_head_json":{"title":"Digitales N, P, K, pH BodenTestKit - Plant Care Tools","description":"Digitales Bodentest-Kit: Stickstoff, Phosphor, Kalium, (NPK), Temperatur und pH, einfach und genau messen - PlantCareTools","robots":{"index":"index","follow":"follow","max-snippet":"max-snippet:-1","max-image-preview":"max-image-preview:large","max-video-preview":"max-video-preview:-1"},"canonical":"https:\/\/www.plantcaretools.com\/de\/produkt\/messgerate\/digitales-n-p-k-ph-bodentestkit\/","schema":{"@context":"https:\/\/schema.org","@graph":[{"@type":"BreadcrumbList","@id":"https:\/\/www.plantcaretools.com\/de\/produkt\/messgerate\/digitales-n-p-k-ph-bodentestkit\/#breadcrumb","itemListElement":[{"@type":"ListItem","position":1,"name":"Home","item":"https:\/\/www.plantcaretools.com\/de\/"},{"@type":"ListItem","position":2,"name":"Produkte","item":"https:\/\/www.plantcaretools.com\/de\/produkte\/"},{"@type":"ListItem","position":3,"name":"Digitales N, P, K, pH BodenTestKit"}]}]}},"jetpack_sharing_enabled":true,"_links":{"self":[{"href":"https:\/\/www.plantcaretools.com\/de\/wp-json\/wp\/v2\/product\/21369","targetHints":{"allow":["GET"]}}],"collection":[{"href":"https:\/\/www.plantcaretools.com\/de\/wp-json\/wp\/v2\/product"}],"about":[{"href":"https:\/\/www.plantcaretools.com\/de\/wp-json\/wp\/v2\/types\/product"}],"replies":[{"embeddable":true,"href":"https:\/\/www.plantcaretools.com\/de\/wp-json\/wp\/v2\/comments?post=21369"}],"wp:featuredmedia":[{"embeddable":true,"href":"https:\/\/www.plantcaretools.com\/de\/wp-json\/wp\/v2\/media\/21370"}],"wp:attachment":[{"href":"https:\/\/www.plantcaretools.com\/de\/wp-json\/wp\/v2\/media?parent=21369"}],"wp:term":[{"taxonomy":"product_brand","embeddable":true,"href":"https:\/\/www.plantcaretools.com\/de\/wp-json\/wp\/v2\/product_brand?post=21369"},{"taxonomy":"product_cat","embeddable":true,"href":"https:\/\/www.plantcaretools.com\/de\/wp-json\/wp\/v2\/product_cat?post=21369"},{"taxonomy":"product_tag","embeddable":true,"href":"https:\/\/www.plantcaretools.com\/de\/wp-json\/wp\/v2\/product_tag?post=21369"}],"curies":[{"name":"wp","href":"https:\/\/api.w.org\/{rel}","templated":true}]}}