{"id":21836,"date":"2025-02-06T16:17:08","date_gmt":"2025-02-06T15:17:08","guid":{"rendered":"https:\/\/www.plantcaretools.com\/?post_type=product&#038;p=21836"},"modified":"2025-05-29T19:36:32","modified_gmt":"2025-05-29T17:36:32","slug":"3-in-1-bodentester-bodenfeuchtigkeit-lichtintensitaet-temperatur","status":"publish","type":"product","link":"https:\/\/www.plantcaretools.com\/de\/produkt\/messgerate\/3-in-1-bodentester-bodenfeuchtigkeit-lichtintensitaet-temperatur\/","title":{"rendered":"3-in-1 Digitaler Bodentester, Monitor mit 1 Sensor &#8211; Misst Bodenfeuchtigkeit, Lichtintensit\u00e4t und Umgebungstemperatur"},"content":{"rendered":"<h2>Digitaler 3-in-1-Bodentester: Misst Bodenfeuchtigkeit &#8211; Lichtintensit\u00e4t &#8211; Umgebungstemperatur<\/h2>\n<h2>Der Monitor zeigt kontinuierlich die folgenden Daten f\u00fcr jeden Sensor an:<\/h2>\n<ul>\n<li><strong>Messung der Bodenfeuchtigkeit<\/strong> &#8211; Zeigt die Menge der Bodenfeuchtigkeit mit einem digitalen Blumentopf und die prozentuale Bodenfeuchtigkeit an. Der ideale Prozentsatz der Bodenfeuchtigkeit f\u00fcr fast alle Pflanzen betr\u00e4gt 25%.<\/li>\n<li><strong>Temperaturmessung<\/strong> &#8211; Zeigt die Umgebungstemperatur in \u00b0C oder \u00b0F an.<\/li>\n<li><strong>Lichtintensit\u00e4t<\/strong> &#8211; Misst die Intensit\u00e4t des (Sonnen-)Lichts am Standort der Pflanze.<\/li>\n<li><strong>Zeit<\/strong><\/li>\n<li><strong>Die Nummer des Sensors, dessen Daten angezeigt werden.<\/strong><\/li>\n<li><strong>Zustand der Batterien von Monitor und Sensor(en).<\/strong><\/li>\n<\/ul>\n<h2>Verwendung:<\/h2>\n<ul>\n<li>Legen Sie die Batterien in den Monitor und den\/die Sensor(en) ein<\/li>\n<li>Stecken Sie den Bodentester etwa 10 cm tief in den Boden<\/li>\n<li>Lesen Sie die Werte direkt auf dem Bildschirm des Monitors ab.<\/li>\n<li>Wechseln Sie den Sensor durch Dr\u00fccken von 1 Taste auf dem Monitor<\/li>\n<li>Verwenden Sie die mitgelieferten Aufkleber, um die betreffende Pflanze schnell zu identifizieren<\/li>\n<\/ul>\n<p>Sie m\u00f6chten mehr \u00fcber die Bodenfeuchtigkeit erfahren? Dann gehen Sie auf <a href=\"https:\/\/www.plantcaretools.com\/de\/bodenfeuchte-messen\/\">diese Seite<\/a>.<\/p>\n","protected":false},"excerpt":{"rendered":"<h1>Digitaler 3-in-1-Bodentester: Misst Bodenfeuchtigkeit &#8211; Lichtintensit\u00e4t &#8211; Umgebungstemperatur<\/h1>\n<h2>Dieses Produkt besteht aus einem Monitor und 1 Sensor. Auf dem Monitor k\u00f6nnen Sie permanent die Daten des Sensors ablesen (Bodenfeuchtigkeit, Lichtintensit\u00e4t und Umgebungstemperatur).<\/h2>\n<p><strong>Das System arbeitet mit einem Funksignal.<\/strong> Die maximale Entfernung zwischen dem Monitor und den Sensoren betr\u00e4gt etwa 100 Meter.<\/p>\n<p><strong>Die Sensoren k\u00f6nnen sowohl in Innenr\u00e4umen als auch im Freien verwendet werden.<\/strong> Insgesamt k\u00f6nnen Sie <strong>bis zu 12 Sensoren<\/strong> verfolgen.<\/p>\n<p><strong>Zus\u00e4tzliche Sensoren sind auch in unserem Webshop in einer 2er-Packung erh\u00e4ltlich.<\/strong> Mit einem Knopfdruck auf dem Monitor k\u00f6nnen Sie zwischen den Messdaten der verschiedenen Sensoren umschalten.<\/p>\n<p><strong>Im Lieferumfang sind Aufkleber enthalten, an denen Sie leicht erkennen k\u00f6nnen, um welchen Sensor und welche Pflanze es sich handelt.<\/strong><\/p>\n<p>Sie wollen ges\u00fcndere Pflanzen und einen bl\u00fchenden Garten? Mit diesem <strong>3-in-1-Bodentester<\/strong> wissen Sie genau, was Ihre Pflanzen brauchen! Ideal f\u00fcr <strong>Zimmerpflanzen, Gem\u00fcseg\u00e4rten, Rasenfl\u00e4chen und Blumenbeete<\/strong>! \ud83c\udf31\u2600\ufe0f<\/p>\n<p>Warum ist dieser Bodentester unverzichtbar?<\/p>\n<p>\u2705 <strong>Nie wieder zu viel oder zu wenig gie\u00dfen<\/strong> &#8211; Wurzelf\u00e4ule oder Austrocknung verhindern!<\/p>\n<p>\u2705 <strong>Optimale Temperaturmessun<\/strong>g &#8211; Stellen Sie sicher, dass Ihre Pflanzen nicht in einer zu kalten oder zu hei\u00dfen Umgebung stehen<\/p>\n<p>\u2705 <strong>(Sonnen-)Lichtanalyse<\/strong> &#8211; Bestimmen Sie, ob Ihre Pflanzen an ihrem aktuellen Standort gen\u00fcgend Licht bekommen.<\/p>\n<p>\u2705 <strong>Einfach zu bedienen<\/strong> &#8211; Plug &amp; Play. Legen Sie Batterien ein und stecken Sie den Sensor in den Boden, um sofort Ergebnisse zu erhalten.<\/p>\n<p>\u2705 <strong>Ausbauf\u00e4higes System<\/strong> &#8211; Verfolgen Sie bis zu 12 Sensoren mit einem Monitor!<\/p>\n<p>Mit diesem intelligenten Bodentester werden Sie genau wissen, was Ihre Pflanzen brauchen.<\/p>\n[video width=\"1920\" height=\"1080\" mp4=\"https:\/\/www.plantcaretools.com\/wp-content\/uploads\/2025\/02\/4-in-1-Digital-Soil-Tester-Measure-Moisture-Sunlight-pH-Temperature_PlantCareTools_video.mp4\"][\/video]\n","protected":false},"featured_media":21853,"comment_status":"open","ping_status":"closed","template":"","meta":{"_acf_changed":false},"product_brand":[],"product_cat":[128,116,122,124],"product_tag":[],"class_list":{"0":"post-21836","1":"product","2":"type-product","3":"status-publish","4":"has-post-thumbnail","6":"product_cat-feuchtigkeitsgehalt-messen","7":"product_cat-messgerate","8":"product_cat-neue-produkte","9":"product_cat-plantcaretools-produkte","11":"first","12":"outofstock","13":"taxable","14":"shipping-taxable","15":"purchasable","16":"product-type-simple"},"acf":[],"yoast_head":"<!-- This site is optimized with the Yoast SEO Premium plugin v26.1 (Yoast SEO v27.3) - https:\/\/yoast.com\/product\/yoast-seo-premium-wordpress\/ -->\n<title>3-in-1-Bodentester: Bodenfeuchtigkeit - Lichtintensit\u00e4t - Temperatur<\/title>\n<meta name=\"description\" content=\"Digitaler 3-in-1-Bodentester: misst Bodenfeuchtigkeit, Lichtintensit\u00e4t und Umgebungstemperatur. So wissen Sie genau, was Ihre Pflanzen brauchen! Perfekt f\u00fcr Zimmerpflanzen, Gem\u00fcseg\u00e4rten, Rasenfl\u00e4chen und Blumenbeete gleicherma\u00dfen!\" \/>\n<meta name=\"robots\" content=\"index, follow, max-snippet:-1, max-image-preview:large, max-video-preview:-1\" \/>\n<link rel=\"canonical\" href=\"https:\/\/www.plantcaretools.com\/de\/produkt\/messgerate\/3-in-1-bodentester-bodenfeuchtigkeit-lichtintensitaet-temperatur\/\" \/>\n<script type=\"application\/ld+json\" class=\"yoast-schema-graph\">{\"@context\":\"https:\\\/\\\/schema.org\",\"@graph\":[{\"@type\":\"BreadcrumbList\",\"@id\":\"https:\\\/\\\/www.plantcaretools.com\\\/de\\\/produkt\\\/messgerate\\\/3-in-1-bodentester-bodenfeuchtigkeit-lichtintensitaet-temperatur\\\/#breadcrumb\",\"itemListElement\":[{\"@type\":\"ListItem\",\"position\":1,\"name\":\"Home\",\"item\":\"https:\\\/\\\/www.plantcaretools.com\\\/de\\\/\"},{\"@type\":\"ListItem\",\"position\":2,\"name\":\"Produkte\",\"item\":\"https:\\\/\\\/www.plantcaretools.com\\\/de\\\/produkte\\\/\"},{\"@type\":\"ListItem\",\"position\":3,\"name\":\"3-in-1 Digitaler Bodentester, Monitor mit 1 Sensor &#8211; Misst Bodenfeuchtigkeit, Lichtintensit\u00e4t und Umgebungstemperatur\"}]}]}<\/script>\n<!-- \/ Yoast SEO Premium plugin. -->","yoast_head_json":{"title":"3-in-1-Bodentester: Bodenfeuchtigkeit - Lichtintensit\u00e4t - Temperatur","description":"Digitaler 3-in-1-Bodentester: misst Bodenfeuchtigkeit, Lichtintensit\u00e4t und Umgebungstemperatur. So wissen Sie genau, was Ihre Pflanzen brauchen! Perfekt f\u00fcr Zimmerpflanzen, Gem\u00fcseg\u00e4rten, Rasenfl\u00e4chen und Blumenbeete gleicherma\u00dfen!","robots":{"index":"index","follow":"follow","max-snippet":"max-snippet:-1","max-image-preview":"max-image-preview:large","max-video-preview":"max-video-preview:-1"},"canonical":"https:\/\/www.plantcaretools.com\/de\/produkt\/messgerate\/3-in-1-bodentester-bodenfeuchtigkeit-lichtintensitaet-temperatur\/","schema":{"@context":"https:\/\/schema.org","@graph":[{"@type":"BreadcrumbList","@id":"https:\/\/www.plantcaretools.com\/de\/produkt\/messgerate\/3-in-1-bodentester-bodenfeuchtigkeit-lichtintensitaet-temperatur\/#breadcrumb","itemListElement":[{"@type":"ListItem","position":1,"name":"Home","item":"https:\/\/www.plantcaretools.com\/de\/"},{"@type":"ListItem","position":2,"name":"Produkte","item":"https:\/\/www.plantcaretools.com\/de\/produkte\/"},{"@type":"ListItem","position":3,"name":"3-in-1 Digitaler Bodentester, Monitor mit 1 Sensor &#8211; Misst Bodenfeuchtigkeit, Lichtintensit\u00e4t und Umgebungstemperatur"}]}]}},"jetpack_sharing_enabled":true,"_links":{"self":[{"href":"https:\/\/www.plantcaretools.com\/de\/wp-json\/wp\/v2\/product\/21836","targetHints":{"allow":["GET"]}}],"collection":[{"href":"https:\/\/www.plantcaretools.com\/de\/wp-json\/wp\/v2\/product"}],"about":[{"href":"https:\/\/www.plantcaretools.com\/de\/wp-json\/wp\/v2\/types\/product"}],"replies":[{"embeddable":true,"href":"https:\/\/www.plantcaretools.com\/de\/wp-json\/wp\/v2\/comments?post=21836"}],"wp:featuredmedia":[{"embeddable":true,"href":"https:\/\/www.plantcaretools.com\/de\/wp-json\/wp\/v2\/media\/21853"}],"wp:attachment":[{"href":"https:\/\/www.plantcaretools.com\/de\/wp-json\/wp\/v2\/media?parent=21836"}],"wp:term":[{"taxonomy":"product_brand","embeddable":true,"href":"https:\/\/www.plantcaretools.com\/de\/wp-json\/wp\/v2\/product_brand?post=21836"},{"taxonomy":"product_cat","embeddable":true,"href":"https:\/\/www.plantcaretools.com\/de\/wp-json\/wp\/v2\/product_cat?post=21836"},{"taxonomy":"product_tag","embeddable":true,"href":"https:\/\/www.plantcaretools.com\/de\/wp-json\/wp\/v2\/product_tag?post=21836"}],"curies":[{"name":"wp","href":"https:\/\/api.w.org\/{rel}","templated":true}]}}