{"id":21903,"date":"2025-02-04T16:35:32","date_gmt":"2025-02-04T15:35:32","guid":{"rendered":"https:\/\/www.plantcaretools.com\/?post_type=product&#038;p=21903"},"modified":"2025-05-29T19:36:32","modified_gmt":"2025-05-29T17:36:32","slug":"zwei-zusaetzliche-sensoren-fuer-den-3-in-1-digitalen-bodentester-misst-bodenfeuchtigkeit-lichtintensitaet-temperatur","status":"publish","type":"product","link":"https:\/\/www.plantcaretools.com\/de\/produkt\/messgerate\/zwei-zusaetzliche-sensoren-fuer-den-3-in-1-digitalen-bodentester-misst-bodenfeuchtigkeit-lichtintensitaet-temperatur\/","title":{"rendered":"Zwei zus\u00e4tzliche Sensoren f\u00fcr den 3-in-1 Digitalen Bodentester &#8211; Misst Bodenfeuchtigkeit &#8211; Lichtintensit\u00e4t &#8211; Temperatur"},"content":{"rendered":"<h2>Zwei zus\u00e4tzliche Sensoren f\u00fcr den 3-in-1 Digitalen Bodentester &#8211; Misst Bodenfeuchtigkeit &#8211; Lichtintensit\u00e4t &#8211; Temperatur<\/h2>\n<h2>Verwendung:<\/h2>\n<ul>\n<li>Dies sind <strong>zus\u00e4tzliche<\/strong> Sensoren, Sie m\u00fcssen zuerst den Monitor mit 1 Sensor kaufen<\/li>\n<li>1 Monitor kann insgesamt bis zu 12 Sensoren \u00fcberwachen<\/li>\n<li>Legen Sie die Batterien in die Sensoren ein<\/li>\n<li>Stecken Sie den Bodentester etwa 10 cm tief in den Boden<\/li>\n<li>Lesen Sie die Werte direkt auf dem Bildschirm des Monitors ab<\/li>\n<li>Wechseln Sie die Sensoren durch Dr\u00fccken von 1 Taste auf dem Monitor<\/li>\n<li>Verwenden Sie die mitgelieferten Aufkleber, um die betreffende Pflanze schnell zu identifizieren<\/li>\n<\/ul>\n<p>Sie m\u00f6chten mehr \u00fcber die Bodenfeuchtigkeit erfahren? <a href=\"https:\/\/www.plantcaretools.com\/de\/bodenfeuchte-messen\/\">Dann gehen Sie auf diese Seite.<\/a><\/p>\n","protected":false},"excerpt":{"rendered":"<h2>Zwei zus\u00e4tzliche Sensoren f\u00fcr den 3-in-1 Digitalen Bodentester<\/h2>\n<h2>Es handelt sich nicht um ein eigenst\u00e4ndiges Produkt. Sie ben\u00f6tigen den 3-in-1 Digital Monitor mit Sensor. Auch in unserem Webshop erh\u00e4ltlich.<\/h2>\n<h2>Misst Bodenfeuchtigkeit, Lichtintensit\u00e4t und Umgebungstemperatur.<\/h2>\n<ul>\n<li>Das System arbeitet mit einem Funksignal. Die maximale Entfernung zwischen dem Monitor und den Sensoren betr\u00e4gt etwa 100 Meter.<\/li>\n<li>Die Sensoren k\u00f6nnen sowohl in Innenr\u00e4umen als auch im Freien verwendet werden. Insgesamt k\u00f6nnen Sie <strong>bis zu 12 Sensoren<\/strong> verfolgen.<\/li>\n<li>Zus\u00e4tzliche Sensoren sind im 2er-Pack erh\u00e4ltlich. Durch Dr\u00fccken einer Taste auf dem Monitor k\u00f6nnen Sie zwischen den Messdaten der verschiedenen Sensoren umschalten.<\/li>\n<li>Im Lieferumfang sind Aufkleber enthalten, an denen Sie leicht erkennen k\u00f6nnen, um welchen Sensor und welche Pflanze es sich handelt.<\/li>\n<\/ul>\n<p>Mit diesem <strong>3-in-1-Bodentester<\/strong> wissen Sie genau, was Ihre Pflanzen brauchen! Ideal f\u00fcr <strong>Zimmerpflanzen, Gem\u00fcseg\u00e4rten, Rasenfl\u00e4chen und Blumenbeete<\/strong>! \ud83c\udf31\u2600\ufe0f<\/p>\n[video width=\"1920\" height=\"1080\" mp4=\"https:\/\/www.plantcaretools.com\/wp-content\/uploads\/2025\/02\/4-in-1-Digital-Soil-Tester-Measure-Moisture-Sunlight-pH-Temperature_PlantCareTools_video.mp4\"][\/video]\n<p>&nbsp;<\/p>\n","protected":false},"featured_media":21905,"comment_status":"open","ping_status":"closed","template":"","meta":{"_acf_changed":false},"product_brand":[],"product_cat":[128,116,122,124],"product_tag":[],"class_list":{"0":"post-21903","1":"product","2":"type-product","3":"status-publish","4":"has-post-thumbnail","6":"product_cat-feuchtigkeitsgehalt-messen","7":"product_cat-messgerate","8":"product_cat-neue-produkte","9":"product_cat-plantcaretools-produkte","11":"first","12":"instock","13":"taxable","14":"shipping-taxable","15":"purchasable","16":"product-type-simple"},"acf":[],"yoast_head":"<!-- This site is optimized with the Yoast SEO Premium plugin v26.1 (Yoast SEO v27.3) - https:\/\/yoast.com\/product\/yoast-seo-premium-wordpress\/ -->\n<title>Zwei zus\u00e4tzliche Sensoren f\u00fcr 3-in-1-Digital-Bodentester - Bodenfeuchtigkeit - Lichtintensit\u00e4t - Temperatur<\/title>\n<meta name=\"description\" content=\"Zwei zus\u00e4tzliche Sensoren f\u00fcr den 3-in-1 Digitalen Bodentester - Misst Bodenfeuchtigkeit - Lichtintensit\u00e4t - Temperatur. So wissen Sie genau, was Ihre Pflanzen brauchen! Perfekt f\u00fcr Zimmerpflanzen, Gem\u00fcseg\u00e4rten, Rasenfl\u00e4chen und Blumenbeete gleicherma\u00dfen!\" \/>\n<meta name=\"robots\" content=\"index, follow, max-snippet:-1, max-image-preview:large, max-video-preview:-1\" \/>\n<link rel=\"canonical\" href=\"https:\/\/www.plantcaretools.com\/de\/produkt\/messgerate\/zwei-zusaetzliche-sensoren-fuer-den-3-in-1-digitalen-bodentester-misst-bodenfeuchtigkeit-lichtintensitaet-temperatur\/\" \/>\n<script type=\"application\/ld+json\" class=\"yoast-schema-graph\">{\"@context\":\"https:\\\/\\\/schema.org\",\"@graph\":[{\"@type\":\"BreadcrumbList\",\"@id\":\"https:\\\/\\\/www.plantcaretools.com\\\/de\\\/produkt\\\/messgerate\\\/zwei-zusaetzliche-sensoren-fuer-den-3-in-1-digitalen-bodentester-misst-bodenfeuchtigkeit-lichtintensitaet-temperatur\\\/#breadcrumb\",\"itemListElement\":[{\"@type\":\"ListItem\",\"position\":1,\"name\":\"Home\",\"item\":\"https:\\\/\\\/www.plantcaretools.com\\\/de\\\/\"},{\"@type\":\"ListItem\",\"position\":2,\"name\":\"Produkte\",\"item\":\"https:\\\/\\\/www.plantcaretools.com\\\/de\\\/produkte\\\/\"},{\"@type\":\"ListItem\",\"position\":3,\"name\":\"Zwei zus\u00e4tzliche Sensoren f\u00fcr den 3-in-1 Digitalen Bodentester &#8211; Misst Bodenfeuchtigkeit &#8211; Lichtintensit\u00e4t &#8211; Temperatur\"}]}]}<\/script>\n<!-- \/ Yoast SEO Premium plugin. -->","yoast_head_json":{"title":"Zwei zus\u00e4tzliche Sensoren f\u00fcr 3-in-1-Digital-Bodentester - Bodenfeuchtigkeit - Lichtintensit\u00e4t - Temperatur","description":"Zwei zus\u00e4tzliche Sensoren f\u00fcr den 3-in-1 Digitalen Bodentester - Misst Bodenfeuchtigkeit - Lichtintensit\u00e4t - Temperatur. So wissen Sie genau, was Ihre Pflanzen brauchen! Perfekt f\u00fcr Zimmerpflanzen, Gem\u00fcseg\u00e4rten, Rasenfl\u00e4chen und Blumenbeete gleicherma\u00dfen!","robots":{"index":"index","follow":"follow","max-snippet":"max-snippet:-1","max-image-preview":"max-image-preview:large","max-video-preview":"max-video-preview:-1"},"canonical":"https:\/\/www.plantcaretools.com\/de\/produkt\/messgerate\/zwei-zusaetzliche-sensoren-fuer-den-3-in-1-digitalen-bodentester-misst-bodenfeuchtigkeit-lichtintensitaet-temperatur\/","schema":{"@context":"https:\/\/schema.org","@graph":[{"@type":"BreadcrumbList","@id":"https:\/\/www.plantcaretools.com\/de\/produkt\/messgerate\/zwei-zusaetzliche-sensoren-fuer-den-3-in-1-digitalen-bodentester-misst-bodenfeuchtigkeit-lichtintensitaet-temperatur\/#breadcrumb","itemListElement":[{"@type":"ListItem","position":1,"name":"Home","item":"https:\/\/www.plantcaretools.com\/de\/"},{"@type":"ListItem","position":2,"name":"Produkte","item":"https:\/\/www.plantcaretools.com\/de\/produkte\/"},{"@type":"ListItem","position":3,"name":"Zwei zus\u00e4tzliche Sensoren f\u00fcr den 3-in-1 Digitalen Bodentester &#8211; Misst Bodenfeuchtigkeit &#8211; Lichtintensit\u00e4t &#8211; Temperatur"}]}]}},"jetpack_sharing_enabled":true,"_links":{"self":[{"href":"https:\/\/www.plantcaretools.com\/de\/wp-json\/wp\/v2\/product\/21903","targetHints":{"allow":["GET"]}}],"collection":[{"href":"https:\/\/www.plantcaretools.com\/de\/wp-json\/wp\/v2\/product"}],"about":[{"href":"https:\/\/www.plantcaretools.com\/de\/wp-json\/wp\/v2\/types\/product"}],"replies":[{"embeddable":true,"href":"https:\/\/www.plantcaretools.com\/de\/wp-json\/wp\/v2\/comments?post=21903"}],"wp:featuredmedia":[{"embeddable":true,"href":"https:\/\/www.plantcaretools.com\/de\/wp-json\/wp\/v2\/media\/21905"}],"wp:attachment":[{"href":"https:\/\/www.plantcaretools.com\/de\/wp-json\/wp\/v2\/media?parent=21903"}],"wp:term":[{"taxonomy":"product_brand","embeddable":true,"href":"https:\/\/www.plantcaretools.com\/de\/wp-json\/wp\/v2\/product_brand?post=21903"},{"taxonomy":"product_cat","embeddable":true,"href":"https:\/\/www.plantcaretools.com\/de\/wp-json\/wp\/v2\/product_cat?post=21903"},{"taxonomy":"product_tag","embeddable":true,"href":"https:\/\/www.plantcaretools.com\/de\/wp-json\/wp\/v2\/product_tag?post=21903"}],"curies":[{"name":"wp","href":"https:\/\/api.w.org\/{rel}","templated":true}]}}