{"id":22553,"date":"2024-09-12T16:31:09","date_gmt":"2024-09-12T14:31:09","guid":{"rendered":"https:\/\/www.plantcaretools.com\/?post_type=product&#038;p=22553"},"modified":"2026-04-02T13:27:48","modified_gmt":"2026-04-02T11:27:48","slug":"bodentester-stickstoff-phosphor-kalium-npk-und-temperatur","status":"publish","type":"product","link":"https:\/\/www.plantcaretools.com\/de\/produkt\/messgerate\/bodentester-stickstoff-phosphor-kalium-npk-und-temperatur\/","title":{"rendered":"Bodentester: Stickstoff, Phosphor, Kalium, (NPK) und Temperatur"},"content":{"rendered":"<h3>Bodentester: Stickstoff, Phosphor, Kalium, (NPK) und Temperatur. Einfache und genaue Messung.<\/h3>\n<h2>Was ist NPK-D\u00fcnger?<\/h2>\n<p>Wenn Sie auf der Suche nach einem guten D\u00fcnger f\u00fcr Pflanzen sind, kommen Sie an den Buchstaben \u201eNPK\u201c nicht vorbei. Hier erkl\u00e4ren wir Ihnen alles \u00fcber die Bedeutung von NPK. Seine Bedeutung, seine Funktionsweise und die Unterschiede zwischen diesen D\u00fcngemitteln.<\/p>\n<h2>Unterschied zwischen organischen und k\u00fcnstlichen D\u00fcngemitteln<\/h2>\n<p>Es gibt gro\u00dfe Unterschiede zwischen einem organischen D\u00fcnger und einem Kunstd\u00fcnger. Organische D\u00fcngemittel haben eine weniger direkte Wirkung als Kunstd\u00fcnger. Organische D\u00fcnger geben die Stoffe allm\u00e4hlich an den Boden ab und haben daher eine l\u00e4ngere Wirkung. Au\u00dferdem f\u00fcllt ein organischer D\u00fcnger den Boden mit allen m\u00f6glichen Spurenelementen und wichtigen N\u00e4hrstoffen auf. Organischer D\u00fcnger wird aus organischem Material hergestellt und enth\u00e4lt immer Stickstoff, Phosphor, Kalium (NPK) und oft auch Mikroorganismen und Enzyme. Auch Kunstd\u00fcnger enth\u00e4lt immer Stickstoff, Phosphor und Kalium (NPK).<\/p>\n<h2>Was ist die Bedeutung von NPK?<\/h2>\n<p>Die Bedeutung von NPK ist Stickstoff (N), Phosphor (P) und Kalium (K). Diese 3 N\u00e4hrstoffe sind eine notwendige Grundlage f\u00fcr die Pflege aller Pflanzen, sowohl im Innen- als auch im Au\u00dfenbereich. Neben Sauerstoff, Wasser und Kohlenstoff braucht eine Pflanze NPK, um zu leben, zu wachsen und zu bl\u00fchen. Die Funktion dieser 3 Elemente ist jedoch unterschiedlich.<\/p>\n<h2>Stickstoff (N)<\/h2>\n<p>Stickstoff f\u00f6rdert das Pflanzenwachstum und ist das wichtigste Element. Denn ohne Stickstoff gibt es kein Wachstum. Stickstoff regt auch die Photosynthese an. Wenn eine Pflanze einen Stickstoffmangel hat, werden ihre Bl\u00e4tter gelb und sie verliert auch viele Bl\u00e4tter.<\/p>\n<h2>Phosphor (P)<\/h2>\n<p>Phosphor tr\u00e4gt zur allgemeinen Entwicklung der Pflanzen bei und sorgt vor allem f\u00fcr eine gute Entwicklung des Wurzelsystems. Pflanzen mit einem gut entwickelten Wurzelsystem k\u00f6nnen N\u00e4hrstoffe schneller und besser aufnehmen. Ein Mangel an Phosphor f\u00fchrt zu einem verminderten Wachstum.<\/p>\n<h2>Kalium (K)<\/h2>\n<p>Kalium ist wichtig f\u00fcr den Wasserhaushalt der Pflanzen. Die Zellw\u00e4nde der Pflanzen werden durch Kalium gest\u00e4rkt, was einen besseren Transport von Wasser und Kohlenhydraten erm\u00f6glicht. Kalium erh\u00f6ht somit die Widerstandsf\u00e4higkeit der Pflanzen. Die Pflanzen sind widerstandsf\u00e4higer gegen Krankheiten, Hitze, Pilze und generell gegen alles, was Stress verursacht. Ein Kaliummangel macht sich durch verf\u00e4rbte Blattr\u00e4nder bemerkbar, schlie\u00dflich sterben die Bl\u00e4tter ab.<\/p>\n<h2>Warum ist NPK-D\u00fcnger wichtig?<\/h2>\n<p>Pflanzen und Rasen kommen ohne Stickstoff (N), Phosphor (P) und Kalium (K) nicht aus. Ein guter NPK-D\u00fcnger versorgt die Pflanzen mit guten N\u00e4hrstoffen und sorgt daf\u00fcr, dass sie gut gen\u00e4hrt sind und widerstandsf\u00e4higer gegen alle \u00e4u\u00dferen Stressfaktoren werden. Das Ergebnis eines guten NPK-D\u00fcngers wird sich also auf jeden Fall bemerkbar machen. Einen gr\u00fcnen, strahlenden Rasen, eine bl\u00fchende Rabatte und einen Gem\u00fcsegarten mit viel gesundem Gem\u00fcse und Obst.<\/p>\n<h2>Zu wenig oder zu viel NPK-D\u00fcnger im Rasen<\/h2>\n<p>Seien Sie vorsichtig, denn die Menge des NPK-D\u00fcngers, die Sie Ihren Pflanzen anbieten, birgt Risiken. Ein Mangel an NPK-D\u00fcnger macht sich bemerkbar, aber auch ein \u00dcberma\u00df an NPK-D\u00fcnger kann sch\u00e4dlich sein. Die Pflanzen und Ihr Rasen zeigen an, wo sie Mangel oder \u00dcberfluss haben. Achten Sie also genau darauf, was in Ihrem Garten geschieht, er wird Ihnen selbst sagen, was er braucht.<\/p>\n<h2>Stickstoffmangel oder -\u00fcberschuss<\/h2>\n<p>Wie Sie gerade gelesen haben, ist Stickstoff gleichbedeutend mit Wachstum. Wenn Sie dem Boden zu viel Stickstoff zuf\u00fchren, kann es sein, dass Sie mit Wucherungen zu k\u00e4mpfen haben. Sie werden dann sehen, wie alles zu wuchern beginnt. Ein Mangel an Stickstoff bedeutet das Gegenteil. Die Pflanzen bleiben viel zu klein und sind sehr anf\u00e4llig f\u00fcr Pilze und Krankheiten. Au\u00dferdem werden die Bl\u00e4tter gelb.<\/p>\n<h2>Mangel oder \u00dcberschuss an Phosphor<\/h2>\n<p>Zu viel Phosphor st\u00f6rt den Wasserhaushalt. Au\u00dferdem beginnt sich Phosphor im Boden anzusammeln und wird schlie\u00dflich ausgewaschen. Liegt jedoch ein Phosphormangel vor, zeigt sich dies durch einen blau-violetten Schimmer auf den Pflanzen. Die Wurzeln entwickeln sich nicht so gut und k\u00f6nnen weniger N\u00e4hrstoffe aufnehmen.<\/p>\n<h2>Kaliummangel oder -\u00fcberschu\u00df<\/h2>\n<p>Ein \u00dcberschuss an Kalium f\u00fchrt zu einer verminderten Aufnahme von Kalzium, Magnesium und Bor und f\u00f6rdert eine \u00fcberm\u00e4\u00dfige Aufnahme von Eisen und Mangan. Es besteht also kein Gleichgewicht mehr. Ein Mangel f\u00fchrt zu kahlem Gras und verf\u00e4rbten Bl\u00e4ttern.<\/p>\n<h2>Zusammensetzung der NPK-D\u00fcnger<\/h2>\n<p>Die Zusammensetzung von NPK-D\u00fcngern ist also sehr wichtig. Was brauchen Ihre Pflanzen und was brauchen sie nicht? Das k\u00f6nnen Sie nur feststellen, wenn Sie sich Ihre Pflanzen genau ansehen oder ein NPK-Messger\u00e4t verwenden. Au\u00dferdem m\u00fcssen Sie die Jahreszeiten ber\u00fccksichtigen. Im Fr\u00fchjahr brauchen Sie einen anderen NPK-D\u00fcnger als im Herbst. Der Unterschied zwischen diesen D\u00fcngemitteln liegt in der Zusammensetzung des NPK.<\/p>\n<h2>NPK-D\u00fcnger kaufen<\/h2>\n<p>Der Kauf von NPK-D\u00fcnger ist einfach, sicher und schnell in einem Gartencenter oder online. Dort hat man auch das Wissen, um Sie bei der Wahl des richtigen D\u00fcngers zu beraten.<\/p>\n","protected":false},"excerpt":{"rendered":"<h2>Bodentester: Stickstoff, Phosphor, Kalium, (NPK) und Temperatur<\/h2>\n<h3>Die wichtigsten Elemente f\u00fcr die Bodenfruchtbarkeit sind Stickstoff (N), Phosphor (P) und Kalium (K), auch kurz als NPK bezeichnet. Um also einen guten Eindruck vom D\u00fcngungsgrad des Bodens zu bekommen, muss man diese 3 Elemente messen k\u00f6nnen.<\/h3>\n<p>Dieses digitale NPK (Stickstoff, Phosphor und Kalium)-Bodenmessger\u00e4t mit gro\u00dfem LCD-Display kann genau das und misst auch die Temperatur. Es handelt sich um ein neu entwickeltes digitales Messger\u00e4t mit einer 17 cm langen Doppelsonde aus Metall. Messen Sie die Ergebnisse mit hoher Genauigkeit.<\/p>\n<p>Stecken Sie das Messger\u00e4t mindestens 10 cm tief in den Boden, um ein gutes Ergebnis f\u00fcr die Mengen an Stickstoff (N), Phosphor (P) und Kalium (K) zu erhalten. Alle 3 werden einzeln innerhalb eines Bereichs von 0 \u2013 1999 mg\/kg gemessen.<\/p>\n<p>Machen Sie es sich einfach, anstatt mit einem Bodentest-Kit eine Bodenprobe zu nehmen und dann ein zeitaufw\u00e4ndiges Verfahren zu befolgen. Au\u00dferdem ist das Ergebnis eines Bodentestkits keine konkrete Zahl, wie bei diesem Messger\u00e4t, sondern nur ein Anhaltspunkt, der auf einem Farbvergleich beruht.<\/p>\n<p><strong>Siehe auch unser Sonderangebot im Webshop f\u00fcr die digitale NPK- und pH-Messung.<\/strong><\/p>\n<h3>Spezifikationen:<\/h3>\n<ul>\n<li>NPK-Bereich: 0-1999 mg\/kg<\/li>\n<li>Temperaturbereich: -10\u00b0C-80\u00b0C; 14\u00b0F-176\u00b0F<\/li>\n<li>Stromversorgung: 3 AAA-Batterien (Batterien nicht enthalten)<\/li>\n<li>LCD-Display mit Hintergrundbeleuchtung<\/li>\n<li>Automatische Abschaltung nach 30 Sekunden ohne Bedienung<\/li>\n<li>Gewicht: 158 g (einschlie\u00dflich Verpackung)<\/li>\n<li>Geeignet f\u00fcr Topfpflanzen, Ackerland, Gew\u00e4chsh\u00e4user, Zierg\u00e4rten, Rasenfl\u00e4chen, den Gem\u00fcsegarten, Obstg\u00e4rten usw.<\/li>\n<\/ul>\n[video width=\"1280\" height=\"720\" mp4=\"https:\/\/www.plantcaretools.com\/wp-content\/uploads\/2024\/09\/Bodemtester_Stikstof_Fosfor_Kalium_Temperatuur_PlantCareTools_video-1.mp4\"][\/video]\n","protected":false},"featured_media":21111,"comment_status":"open","ping_status":"closed","template":"","meta":{"_acf_changed":false},"product_brand":[],"product_cat":[112,116,122,124],"product_tag":[],"class_list":{"0":"post-22553","1":"product","2":"type-product","3":"status-publish","4":"has-post-thumbnail","6":"product_cat-duenger-messen","7":"product_cat-messgerate","8":"product_cat-neue-produkte","9":"product_cat-plantcaretools-produkte","11":"first","12":"outofstock","13":"taxable","14":"shipping-taxable","15":"purchasable","16":"product-type-simple"},"acf":[],"yoast_head":"<!-- This site is optimized with the Yoast SEO Premium plugin v26.1 (Yoast SEO v27.3) - https:\/\/yoast.com\/product\/yoast-seo-premium-wordpress\/ -->\n<title>Bodentester Stickstoff, Phosphor, Kalium, (NPK) &amp; Temperatur<\/title>\n<meta name=\"description\" content=\"Dieses digitale NPK Bodentester (Stickstoff, Phosphor und Kalium)-Bodenmessger\u00e4t mit gro\u00dfem LCD-Display kann genau das und misst auch die Temperatur.\" \/>\n<meta name=\"robots\" content=\"index, follow, max-snippet:-1, max-image-preview:large, max-video-preview:-1\" \/>\n<link rel=\"canonical\" href=\"https:\/\/www.plantcaretools.com\/de\/produkt\/messgerate\/bodentester-stickstoff-phosphor-kalium-npk-und-temperatur\/\" \/>\n<script type=\"application\/ld+json\" class=\"yoast-schema-graph\">{\"@context\":\"https:\\\/\\\/schema.org\",\"@graph\":[{\"@type\":\"BreadcrumbList\",\"@id\":\"https:\\\/\\\/www.plantcaretools.com\\\/de\\\/produkt\\\/messgerate\\\/bodentester-stickstoff-phosphor-kalium-npk-und-temperatur\\\/#breadcrumb\",\"itemListElement\":[{\"@type\":\"ListItem\",\"position\":1,\"name\":\"Home\",\"item\":\"https:\\\/\\\/www.plantcaretools.com\\\/de\\\/\"},{\"@type\":\"ListItem\",\"position\":2,\"name\":\"Produkte\",\"item\":\"https:\\\/\\\/www.plantcaretools.com\\\/de\\\/produkte\\\/\"},{\"@type\":\"ListItem\",\"position\":3,\"name\":\"Bodentester: Stickstoff, Phosphor, Kalium, (NPK) und Temperatur\"}]}]}<\/script>\n<!-- \/ Yoast SEO Premium plugin. -->","yoast_head_json":{"title":"Bodentester Stickstoff, Phosphor, Kalium, (NPK) & Temperatur","description":"Dieses digitale NPK Bodentester (Stickstoff, Phosphor und Kalium)-Bodenmessger\u00e4t mit gro\u00dfem LCD-Display kann genau das und misst auch die Temperatur.","robots":{"index":"index","follow":"follow","max-snippet":"max-snippet:-1","max-image-preview":"max-image-preview:large","max-video-preview":"max-video-preview:-1"},"canonical":"https:\/\/www.plantcaretools.com\/de\/produkt\/messgerate\/bodentester-stickstoff-phosphor-kalium-npk-und-temperatur\/","schema":{"@context":"https:\/\/schema.org","@graph":[{"@type":"BreadcrumbList","@id":"https:\/\/www.plantcaretools.com\/de\/produkt\/messgerate\/bodentester-stickstoff-phosphor-kalium-npk-und-temperatur\/#breadcrumb","itemListElement":[{"@type":"ListItem","position":1,"name":"Home","item":"https:\/\/www.plantcaretools.com\/de\/"},{"@type":"ListItem","position":2,"name":"Produkte","item":"https:\/\/www.plantcaretools.com\/de\/produkte\/"},{"@type":"ListItem","position":3,"name":"Bodentester: Stickstoff, Phosphor, Kalium, (NPK) und Temperatur"}]}]}},"jetpack_sharing_enabled":true,"_links":{"self":[{"href":"https:\/\/www.plantcaretools.com\/de\/wp-json\/wp\/v2\/product\/22553","targetHints":{"allow":["GET"]}}],"collection":[{"href":"https:\/\/www.plantcaretools.com\/de\/wp-json\/wp\/v2\/product"}],"about":[{"href":"https:\/\/www.plantcaretools.com\/de\/wp-json\/wp\/v2\/types\/product"}],"replies":[{"embeddable":true,"href":"https:\/\/www.plantcaretools.com\/de\/wp-json\/wp\/v2\/comments?post=22553"}],"wp:featuredmedia":[{"embeddable":true,"href":"https:\/\/www.plantcaretools.com\/de\/wp-json\/wp\/v2\/media\/21111"}],"wp:attachment":[{"href":"https:\/\/www.plantcaretools.com\/de\/wp-json\/wp\/v2\/media?parent=22553"}],"wp:term":[{"taxonomy":"product_brand","embeddable":true,"href":"https:\/\/www.plantcaretools.com\/de\/wp-json\/wp\/v2\/product_brand?post=22553"},{"taxonomy":"product_cat","embeddable":true,"href":"https:\/\/www.plantcaretools.com\/de\/wp-json\/wp\/v2\/product_cat?post=22553"},{"taxonomy":"product_tag","embeddable":true,"href":"https:\/\/www.plantcaretools.com\/de\/wp-json\/wp\/v2\/product_tag?post=22553"}],"curies":[{"name":"wp","href":"https:\/\/api.w.org\/{rel}","templated":true}]}}