{"id":23382,"date":"2026-03-23T21:11:33","date_gmt":"2026-03-23T20:11:33","guid":{"rendered":"https:\/\/www.plantcaretools.com\/irrigatiekit-voor-tuin\/"},"modified":"2026-04-20T19:05:56","modified_gmt":"2026-04-20T17:05:56","slug":"bewaesserungsset-fuer-den-garten","status":"publish","type":"product","link":"https:\/\/www.plantcaretools.com\/de\/produkt\/bewasserungssysteme\/bewaesserungsset-fuer-den-garten\/","title":{"rendered":"Bew\u00e4sserungsset f\u00fcr den Garten"},"content":{"rendered":"<div class=\"flex flex-col text-sm pb-25\">\n<section class=\"text-token-text-primary w-full focus:outline-none [--shadow-height:45px] has-data-writing-block:pointer-events-none has-data-writing-block:-mt-(--shadow-height) has-data-writing-block:pt-(--shadow-height) [&amp;:has([data-writing-block])&gt;*]:pointer-events-auto scroll-mt-[calc(var(--header-height)+min(200px,max(70px,20svh)))]\" dir=\"auto\" data-turn-id=\"request-WEB:84a74f99-3ab6-4045-9390-7f4fcea78be2-82\" data-testid=\"conversation-turn-58\" data-scroll-anchor=\"true\" data-turn=\"assistant\">\n<div class=\"text-base my-auto mx-auto pb-10 [--thread-content-margin:var(--thread-content-margin-xs,calc(var(--spacing)*4))] @w-sm\/main:[--thread-content-margin:var(--thread-content-margin-sm,calc(var(--spacing)*6))] @w-lg\/main:[--thread-content-margin:var(--thread-content-margin-lg,calc(var(--spacing)*16))] px-(--thread-content-margin)\">\n<div class=\"[--thread-content-max-width:40rem] @w-lg\/main:[--thread-content-max-width:48rem] mx-auto max-w-(--thread-content-max-width) flex-1 group\/turn-messages focus-visible:outline-hidden relative flex w-full min-w-0 flex-col agent-turn\">\n<div class=\"flex max-w-full flex-col gap-4 grow\">\n<div class=\"min-h-8 text-message relative flex w-full flex-col items-end gap-2 text-start break-words whitespace-normal outline-none keyboard-focused:focus-ring [.text-message+&amp;]:mt-1\" dir=\"auto\" tabindex=\"0\" data-message-author-role=\"assistant\" data-message-id=\"899242f7-67ac-4425-a7b2-9403f9eeb9f0\" data-message-model-slug=\"gpt-5-3-mini\" data-turn-start-message=\"true\">\n<div class=\"flex w-full flex-col gap-1 empty:hidden\">\n<div class=\"markdown prose dark:prose-invert w-full wrap-break-word light markdown-new-styling\">\n<p data-start=\"0\" data-end=\"72\"><strong data-start=\"0\" data-end=\"72\">Bew\u00e4sserungsset f\u00fcr den Garten \u2013 effizientes Tropfbew\u00e4sserungssystem<\/strong><\/p>\n<p data-start=\"74\" data-end=\"258\">Mit diesem kompletten Bew\u00e4sserungsset f\u00fcr den Garten geben Sie Ihren Pflanzen immer genau die richtige Wassermenge. Ideal f\u00fcr Blumenbeete, Gem\u00fcseg\u00e4rten, Topfpflanzen und Gew\u00e4chsh\u00e4user.<\/p>\n<p data-start=\"260\" data-end=\"457\">Das Tropfbew\u00e4sserungssystem sorgt f\u00fcr eine gleichm\u00e4\u00dfige und effiziente Wasserverteilung direkt an den Wurzeln. Dadurch bleiben Ihre Pflanzen gesund, w\u00e4hrend Sie gleichzeitig Zeit und Wasser sparen.<\/p>\n<p data-start=\"459\" data-end=\"674\">Das Set ist einfach zu installieren und erfordert kein kompliziertes Werkzeug. Sie schlie\u00dfen das System einfach an einen Standard-Wasserhahn oder Gartenschlauch an und bestimmen selbst, wie das Wasser verteilt wird.<\/p>\n<p data-start=\"676\" data-end=\"868\">Dank des flexiblen Designs l\u00e4sst sich die Bew\u00e4sserung leicht an Ihre Gartengestaltung anpassen. So erstellen Sie ein vollautomatisches Bew\u00e4sserungssystem, das perfekt zu Ihrer Situation passt.<\/p>\n<p data-start=\"870\" data-end=\"903\"><strong data-start=\"870\" data-end=\"903\">Vorteile des Bew\u00e4sserungssets<\/strong><\/p>\n<p data-start=\"905\" data-end=\"1151\" data-is-last-node=\"\" data-is-only-node=\"\">\u2714 Spart Wasser durch gezielte Bew\u00e4sserung<br data-start=\"946\" data-end=\"949\" \/>\u2714 Einfach selbst zu installieren<br data-start=\"981\" data-end=\"984\" \/>\u2714 Geeignet f\u00fcr Garten, Gew\u00e4chshaus und Gem\u00fcsegarten<br data-start=\"1035\" data-end=\"1038\" \/>\u2714 Gleichm\u00e4\u00dfige Tropfbew\u00e4sserung<br data-start=\"1069\" data-end=\"1072\" \/>\u2714 Flexibles und erweiterbares System<br data-start=\"1108\" data-end=\"1111\" \/>\u2714 Ideal f\u00fcr Urlaub oder stressige Zeiten<\/p>\n<\/div>\n<\/div>\n<\/div>\n<\/div>\n<div class=\"z-0 flex min-h-[46px] justify-start\"><\/div>\n<div class=\"mt-3 w-full empty:hidden\">\n<div class=\"text-center\"><\/div>\n<\/div>\n<\/div>\n<\/div>\n<\/section>\n<\/div>\n<div class=\"pointer-events-none h-px w-px absolute bottom-0\" aria-hidden=\"true\" data-edge=\"true\"><\/div>\n<p><img loading=\"lazy\" decoding=\"async\" class=\"aligncenter size-medium wp-image-23185\" src=\"https:\/\/www.plantcaretools.com\/wp-content\/uploads\/2026\/03\/productfoto-1-300x300.jpg\" alt=\"\" width=\"300\" height=\"300\" data-wp-pid=\"23185\" srcset=\"https:\/\/www.plantcaretools.com\/wp-content\/uploads\/2026\/03\/productfoto-1-300x300.jpg 300w, https:\/\/www.plantcaretools.com\/wp-content\/uploads\/2026\/03\/productfoto-1-150x150.jpg 150w, https:\/\/www.plantcaretools.com\/wp-content\/uploads\/2026\/03\/productfoto-1-768x768.jpg 768w, https:\/\/www.plantcaretools.com\/wp-content\/uploads\/2026\/03\/productfoto-1-272x272.jpg 272w, https:\/\/www.plantcaretools.com\/wp-content\/uploads\/2026\/03\/productfoto-1-600x600.jpg 600w, https:\/\/www.plantcaretools.com\/wp-content\/uploads\/2026\/03\/productfoto-1-100x100.jpg 100w, https:\/\/www.plantcaretools.com\/wp-content\/uploads\/2026\/03\/productfoto-1.jpg 1000w\" sizes=\"auto, (max-width: 300px) 100vw, 300px\" \/> <img loading=\"lazy\" decoding=\"async\" class=\"aligncenter size-medium wp-image-23186\" src=\"https:\/\/www.plantcaretools.com\/wp-content\/uploads\/2026\/03\/productfoto-2-300x300.jpg\" alt=\"\" width=\"300\" height=\"300\" data-wp-pid=\"23186\" srcset=\"https:\/\/www.plantcaretools.com\/wp-content\/uploads\/2026\/03\/productfoto-2-300x300.jpg 300w, https:\/\/www.plantcaretools.com\/wp-content\/uploads\/2026\/03\/productfoto-2-150x150.jpg 150w, https:\/\/www.plantcaretools.com\/wp-content\/uploads\/2026\/03\/productfoto-2-768x768.jpg 768w, https:\/\/www.plantcaretools.com\/wp-content\/uploads\/2026\/03\/productfoto-2-272x272.jpg 272w, https:\/\/www.plantcaretools.com\/wp-content\/uploads\/2026\/03\/productfoto-2-600x600.jpg 600w, https:\/\/www.plantcaretools.com\/wp-content\/uploads\/2026\/03\/productfoto-2-100x100.jpg 100w, https:\/\/www.plantcaretools.com\/wp-content\/uploads\/2026\/03\/productfoto-2.jpg 1000w\" sizes=\"auto, (max-width: 300px) 100vw, 300px\" \/><\/p>\n","protected":false},"excerpt":{"rendered":"<p><strong>Kurze Produktbeschreibung:<\/strong><\/p>\n<p>Komplettes Bew\u00e4sserungsset f\u00fcr den Garten zur einfachen und automatischen Bew\u00e4sserung Ihrer Pflanzen. Effizientes Tropfsystem, das Wasser spart und f\u00fcr gesunde Pflanzen sorgt.<\/p>\n","protected":false},"featured_media":23383,"comment_status":"open","ping_status":"closed","template":"","meta":{"_acf_changed":false},"product_brand":[],"product_cat":[107,122,637],"product_tag":[638,639,640],"class_list":{"0":"post-23382","1":"product","2":"type-product","3":"status-publish","4":"has-post-thumbnail","6":"product_cat-bewasserungssysteme","7":"product_cat-neue-produkte","8":"product_cat-watergeefsysteem","9":"product_tag-irrigatie","10":"product_tag-irrigatiekit","11":"product_tag-water-geven","13":"first","14":"instock","15":"featured","16":"taxable","17":"shipping-taxable","18":"purchasable","19":"product-type-simple"},"acf":[],"yoast_head":"<!-- This site is optimized with the Yoast SEO Premium plugin v26.1 (Yoast SEO v27.4) - https:\/\/yoast.com\/product\/yoast-seo-premium-wordpress\/ -->\n<title>Bew\u00e4sserungsset f\u00fcr den Garten - Plant Care Tools<\/title>\n<meta name=\"description\" content=\"**Komplettes Bew\u00e4sserungsset f\u00fcr den Garten. Einfaches automatisches Bew\u00e4ssern Ihrer Pflanzen mit einem effizienten und wassersparenden Tropfsystem.**\" \/>\n<meta name=\"robots\" content=\"index, follow, max-snippet:-1, max-image-preview:large, max-video-preview:-1\" \/>\n<link rel=\"canonical\" href=\"https:\/\/www.plantcaretools.com\/de\/produkt\/bewasserungssysteme\/bewaesserungsset-fuer-den-garten\/\" \/>\n<script type=\"application\/ld+json\" class=\"yoast-schema-graph\">{\"@context\":\"https:\\\/\\\/schema.org\",\"@graph\":[{\"@type\":\"BreadcrumbList\",\"@id\":\"https:\\\/\\\/www.plantcaretools.com\\\/de\\\/produkt\\\/bewasserungssysteme\\\/bewaesserungsset-fuer-den-garten\\\/#breadcrumb\",\"itemListElement\":[{\"@type\":\"ListItem\",\"position\":1,\"name\":\"Home\",\"item\":\"https:\\\/\\\/www.plantcaretools.com\\\/de\\\/\"},{\"@type\":\"ListItem\",\"position\":2,\"name\":\"Produkte\",\"item\":\"https:\\\/\\\/www.plantcaretools.com\\\/de\\\/produkte\\\/\"},{\"@type\":\"ListItem\",\"position\":3,\"name\":\"Bew\u00e4sserungsset f\u00fcr den Garten\"}]}]}<\/script>\n<!-- \/ Yoast SEO Premium plugin. -->","yoast_head_json":{"title":"Bew\u00e4sserungsset f\u00fcr den Garten - Plant Care Tools","description":"**Komplettes Bew\u00e4sserungsset f\u00fcr den Garten. Einfaches automatisches Bew\u00e4ssern Ihrer Pflanzen mit einem effizienten und wassersparenden Tropfsystem.**","robots":{"index":"index","follow":"follow","max-snippet":"max-snippet:-1","max-image-preview":"max-image-preview:large","max-video-preview":"max-video-preview:-1"},"canonical":"https:\/\/www.plantcaretools.com\/de\/produkt\/bewasserungssysteme\/bewaesserungsset-fuer-den-garten\/","schema":{"@context":"https:\/\/schema.org","@graph":[{"@type":"BreadcrumbList","@id":"https:\/\/www.plantcaretools.com\/de\/produkt\/bewasserungssysteme\/bewaesserungsset-fuer-den-garten\/#breadcrumb","itemListElement":[{"@type":"ListItem","position":1,"name":"Home","item":"https:\/\/www.plantcaretools.com\/de\/"},{"@type":"ListItem","position":2,"name":"Produkte","item":"https:\/\/www.plantcaretools.com\/de\/produkte\/"},{"@type":"ListItem","position":3,"name":"Bew\u00e4sserungsset f\u00fcr den Garten"}]}]}},"jetpack_sharing_enabled":true,"_links":{"self":[{"href":"https:\/\/www.plantcaretools.com\/de\/wp-json\/wp\/v2\/product\/23382","targetHints":{"allow":["GET"]}}],"collection":[{"href":"https:\/\/www.plantcaretools.com\/de\/wp-json\/wp\/v2\/product"}],"about":[{"href":"https:\/\/www.plantcaretools.com\/de\/wp-json\/wp\/v2\/types\/product"}],"replies":[{"embeddable":true,"href":"https:\/\/www.plantcaretools.com\/de\/wp-json\/wp\/v2\/comments?post=23382"}],"wp:featuredmedia":[{"embeddable":true,"href":"https:\/\/www.plantcaretools.com\/de\/wp-json\/wp\/v2\/media\/23383"}],"wp:attachment":[{"href":"https:\/\/www.plantcaretools.com\/de\/wp-json\/wp\/v2\/media?parent=23382"}],"wp:term":[{"taxonomy":"product_brand","embeddable":true,"href":"https:\/\/www.plantcaretools.com\/de\/wp-json\/wp\/v2\/product_brand?post=23382"},{"taxonomy":"product_cat","embeddable":true,"href":"https:\/\/www.plantcaretools.com\/de\/wp-json\/wp\/v2\/product_cat?post=23382"},{"taxonomy":"product_tag","embeddable":true,"href":"https:\/\/www.plantcaretools.com\/de\/wp-json\/wp\/v2\/product_tag?post=23382"}],"curies":[{"name":"wp","href":"https:\/\/api.w.org\/{rel}","templated":true}]}}