{"id":7440,"date":"2017-08-07T16:52:18","date_gmt":"2017-08-07T14:52:18","guid":{"rendered":"https:\/\/www.plantcaretools.com\/unkategorisiert\/plantcarekit-de\/"},"modified":"2026-01-01T02:23:19","modified_gmt":"2026-01-01T01:23:19","slug":"plantcarekit-misst-ph-wert-temperatur-feuchtigkeit-licht-und-naehrstoffe","status":"publish","type":"product","link":"https:\/\/www.plantcaretools.com\/de\/produkt\/messgerate\/plantcarekit-misst-ph-wert-temperatur-feuchtigkeit-licht-und-naehrstoffe\/","title":{"rendered":"PlantCareKit misst pH-Wert, Temperatur, Feuchtigkeit, Licht und N\u00e4hrstoffe"},"content":{"rendered":"<h2><strong>PlantCareKit misst pH-Wert, Temperatur, Feuchtigkeit, Licht und N\u00e4hrstoffe<\/strong><\/h2>\n<h2><strong>Unser Plantcarekit Bodentester besteht aus dem 4 in 1 Bodentester + einem Fertometer<\/strong><\/h2>\n<p>Der 4 in 1 Plantcarekit Bodentester misst den pH des Bodens, die Temperatur und den Feuchtigkeitsgehalt des Bodens und die Lichtst\u00e4rke.<br \/>\nDer Fertometer misst die Menge N\u00e4hrstoffe (Salze) im Boden und gibt Ihnen einen D\u00fcngungsempfehlung.<\/p>\n<p>SONDERANGEBOT !! 10% Rabatt<br \/>\n\u20ac48,90 statt \u20ac53,80<\/p>\n<h2><strong>Das Plantcarekit eignet sich perfekt f\u00fcr Pflanzenliebhaber, die eine bessere Pflege ihrer Pflanzen suchen<\/strong><\/h2>\n<p>Mit diesem Plantcarekit haben Sie 2 Ger\u00e4te mit denen Sie direkt im Boden ihrer Pflanzen den pH und EC Wert messen k\u00f6nnen. Auch den Feuchtigkeitsgehalt und Temperatur des Bodens k\u00f6nnen Sie kontrollieren. Ansonsten k\u00f6nnen Sie sehen, ob Ihre Pflanzen ausreichend Licht haben. Sehr praktisch f\u00fcr eine Rundumpflege.<\/p>\n<h2><strong>Schnelle und einfache Messung von pH-Wert, N\u00e4hrstoffen, Licht, Bodenfeuchte und Temperatur.<\/strong><\/h2>\n<p>Mit nur zwei Metern, die sehr einfach zu bedienen sind, k\u00f6nnen Sie alle notwendigen Umst\u00e4nde f\u00fcr ein optimales Pflanzenwachstum messen. Bei Bedarf k\u00f6nnen Sie geeignete Ma\u00dfnahmen ergreifen, um das Pflanzenwachstum zu optimieren. Kein R\u00e4tselraten mehr!<\/p>\n<p>Mehr Informationen zum &#8220;<a href=\"https:\/\/www.plantcaretools.com\/de\/product\/4-in-1-bodentester\/\">4 in 1 Bodentester<\/a>&#8221; und zum &#8220;<a href=\"https:\/\/www.plantcaretools.com\/de\/product\/fertometer-duengemessgeraet\/\">Fertometer<\/a>&#8221; finden Sie hier.<\/p>\n<p>Auf diesen Seiten finden Sie alles, was Sie \u00fcber Bodenuntersuchungen wissen m\u00fcssen:<br \/>\n&#8211; <a href=\"https:\/\/www.plantcaretools.com\/de\/sauregrad-messen-boden\/\">pH- Messungen<\/a><br \/>\n&#8211; <a href=\"https:\/\/www.plantcaretools.com\/de\/nahrstoffe-messen-boden\/\">Messungen von N\u00e4hrstoffen im Boden<\/a><br \/>\n&#8211; <a href=\"https:\/\/www.plantcaretools.com\/de\/bodenfeuchte-messen\/\">Messungen der Bodenfeuchtigkeit<\/a><\/p>\n","protected":false},"excerpt":{"rendered":"<h2><strong>Der PlantCareKit: Misst den pH-Wert, die Temperatur, die Feuchtigkeit, die Lichtintensit\u00e4t und den N\u00e4hrstoffgehalt des Bodens und gibt Ratschl\u00e4ge.<\/strong><\/h2>\n<h2><strong>Unser Plantcarekit besteht aus dem 4 in 1 Bodentester + einem Fertometer.<\/strong><\/h2>\n<p>Der 4 in 1 Bodentester misst den pH des Bodens, die Temperatur und den Feuchtigkeitsgehalt des Bodens und die Lichtst\u00e4rke.<br \/>\nDer Fertometer misst die Menge N\u00e4hrstoffe (Salze) im Boden und gibt Ihnen einen D\u00fcngungsempfehlung.<\/p>\n<p>SONDERANGEBOT !! 10% Rabatt<br \/>\n\u20ac48,90 statt \u20ac53,80<\/p>\n","protected":false},"featured_media":20663,"comment_status":"open","ping_status":"closed","template":"","meta":{"_acf_changed":false},"product_brand":[],"product_cat":[116,104],"product_tag":[460,365,368],"class_list":{"0":"post-7440","1":"product","2":"type-product","3":"status-publish","4":"has-post-thumbnail","6":"product_cat-messgerate","7":"product_cat-sonderangebote","8":"product_tag-ec-de","9":"product_tag-licht","10":"product_tag-ph-de","12":"first","13":"instock","14":"featured","15":"taxable","16":"shipping-taxable","17":"purchasable","18":"product-type-simple"},"acf":[],"yoast_head":"<!-- This site is optimized with the Yoast SEO Premium plugin v26.1 (Yoast SEO v27.3) - https:\/\/yoast.com\/product\/yoast-seo-premium-wordpress\/ -->\n<title>Plantcarekit: pH-Wert, Temperatur, Feuchtigkeit, Licht, N\u00e4hrstoffe<\/title>\n<meta name=\"description\" content=\"Das Plantcarekit: Misst den pH-Wert, die Temperatur, die Feuchtigkeit, die Lichtintensit\u00e4t und den N\u00e4hrstoffgehalt des Bodens und gibt Ratschl\u00e4ge.\" \/>\n<meta name=\"robots\" content=\"index, follow, max-snippet:-1, max-image-preview:large, max-video-preview:-1\" \/>\n<link rel=\"canonical\" href=\"https:\/\/www.plantcaretools.com\/de\/produkt\/messgerate\/plantcarekit-misst-ph-wert-temperatur-feuchtigkeit-licht-und-naehrstoffe\/\" \/>\n<script type=\"application\/ld+json\" class=\"yoast-schema-graph\">{\"@context\":\"https:\\\/\\\/schema.org\",\"@graph\":[{\"@type\":\"BreadcrumbList\",\"@id\":\"https:\\\/\\\/www.plantcaretools.com\\\/de\\\/produkt\\\/messgerate\\\/plantcarekit-misst-ph-wert-temperatur-feuchtigkeit-licht-und-naehrstoffe\\\/#breadcrumb\",\"itemListElement\":[{\"@type\":\"ListItem\",\"position\":1,\"name\":\"Home\",\"item\":\"https:\\\/\\\/www.plantcaretools.com\\\/de\\\/\"},{\"@type\":\"ListItem\",\"position\":2,\"name\":\"Produkte\",\"item\":\"https:\\\/\\\/www.plantcaretools.com\\\/de\\\/produkte\\\/\"},{\"@type\":\"ListItem\",\"position\":3,\"name\":\"PlantCareKit misst pH-Wert, Temperatur, Feuchtigkeit, Licht und N\u00e4hrstoffe\"}]}]}<\/script>\n<!-- \/ Yoast SEO Premium plugin. -->","yoast_head_json":{"title":"Plantcarekit: pH-Wert, Temperatur, Feuchtigkeit, Licht, N\u00e4hrstoffe","description":"Das Plantcarekit: Misst den pH-Wert, die Temperatur, die Feuchtigkeit, die Lichtintensit\u00e4t und den N\u00e4hrstoffgehalt des Bodens und gibt Ratschl\u00e4ge.","robots":{"index":"index","follow":"follow","max-snippet":"max-snippet:-1","max-image-preview":"max-image-preview:large","max-video-preview":"max-video-preview:-1"},"canonical":"https:\/\/www.plantcaretools.com\/de\/produkt\/messgerate\/plantcarekit-misst-ph-wert-temperatur-feuchtigkeit-licht-und-naehrstoffe\/","schema":{"@context":"https:\/\/schema.org","@graph":[{"@type":"BreadcrumbList","@id":"https:\/\/www.plantcaretools.com\/de\/produkt\/messgerate\/plantcarekit-misst-ph-wert-temperatur-feuchtigkeit-licht-und-naehrstoffe\/#breadcrumb","itemListElement":[{"@type":"ListItem","position":1,"name":"Home","item":"https:\/\/www.plantcaretools.com\/de\/"},{"@type":"ListItem","position":2,"name":"Produkte","item":"https:\/\/www.plantcaretools.com\/de\/produkte\/"},{"@type":"ListItem","position":3,"name":"PlantCareKit misst pH-Wert, Temperatur, Feuchtigkeit, Licht und N\u00e4hrstoffe"}]}]}},"jetpack_sharing_enabled":true,"_links":{"self":[{"href":"https:\/\/www.plantcaretools.com\/de\/wp-json\/wp\/v2\/product\/7440","targetHints":{"allow":["GET"]}}],"collection":[{"href":"https:\/\/www.plantcaretools.com\/de\/wp-json\/wp\/v2\/product"}],"about":[{"href":"https:\/\/www.plantcaretools.com\/de\/wp-json\/wp\/v2\/types\/product"}],"replies":[{"embeddable":true,"href":"https:\/\/www.plantcaretools.com\/de\/wp-json\/wp\/v2\/comments?post=7440"}],"wp:featuredmedia":[{"embeddable":true,"href":"https:\/\/www.plantcaretools.com\/de\/wp-json\/wp\/v2\/media\/20663"}],"wp:attachment":[{"href":"https:\/\/www.plantcaretools.com\/de\/wp-json\/wp\/v2\/media?parent=7440"}],"wp:term":[{"taxonomy":"product_brand","embeddable":true,"href":"https:\/\/www.plantcaretools.com\/de\/wp-json\/wp\/v2\/product_brand?post=7440"},{"taxonomy":"product_cat","embeddable":true,"href":"https:\/\/www.plantcaretools.com\/de\/wp-json\/wp\/v2\/product_cat?post=7440"},{"taxonomy":"product_tag","embeddable":true,"href":"https:\/\/www.plantcaretools.com\/de\/wp-json\/wp\/v2\/product_tag?post=7440"}],"curies":[{"name":"wp","href":"https:\/\/api.w.org\/{rel}","templated":true}]}}