{"id":7465,"date":"2017-08-10T16:13:59","date_gmt":"2017-08-10T14:13:59","guid":{"rendered":"https:\/\/www.plantcaretools.com\/unkategorisiert\/fertometer-duengemessgeraet\/"},"modified":"2026-04-03T18:59:11","modified_gmt":"2026-04-03T16:59:11","slug":"fertometer-misst-die-duengung-und-gibt-ratschlaege","status":"publish","type":"product","link":"https:\/\/www.plantcaretools.com\/de\/produkt\/messgerate\/fertometer-misst-die-duengung-und-gibt-ratschlaege\/","title":{"rendered":"Fertometer: misst die D\u00fcngung und gibt Ratschl\u00e4ge"},"content":{"rendered":"<h2><strong>Der Fertometer \u2013 D\u00fcngemesser f\u00fcr Topfpflanzen, Garten und Rasen<\/strong><\/h2>\n<p><strong>\u00dcber D\u00fcngung von Topfpflanzen und Gem\u00fcsegarten<\/strong><br \/>\nW\u00e4hrend der Wachstumszeit aller Pflanzen, sowohl bei Topfpflanzen drau\u00dfen auf Balkon und Terrasse wie auch Zimmerpflanzen drinnen, kostet es ihrer Pflanze viel M\u00fche gut zu wachsen da die Wurzeln ihre Nahrung nur aus einer beschr\u00e4nkten Menge Erde im Topf holen k\u00f6nnen und auch die anwesenden D\u00fcngemittel in der Blumenerde schnell verbraucht werden. Es ist daher sehr wichtig zu wissen, wann man zud\u00fcngen muss um ein so gut m\u00f6gliches Wachstum und Bl\u00fcte Ihrer Topfpflanzen zu erreichen. Auch die Pflanzen in Ihrem Gem\u00fcsegarten verlangen die richtige D\u00fcngung f\u00fcr eine gute Ernte.<\/p>\n<p><strong>D\u00fcngemittelmesser f\u00fcr alle Topfpflanzen und Gem\u00fcsegarten<\/strong><br \/>\nDer Fertometer ist ein D\u00fcngemittelmesser der sehr genau die anwesenden D\u00fcngestoffe im Boden misst. Durch eine Lampe zeigt der Fertometer an, ob Sie zud\u00fcngen m\u00fcssen oder nicht. Der Fertometer gibt direkt eine D\u00fcngeempfehlung.<\/p>\n<p><strong>Elektrische Leitf\u00e4higkeit: die ideale L\u00f6sung die Menge N\u00e4hrstoffe genau messen zu k\u00f6nnen<\/strong><br \/>\nEigentlich misst der D\u00fcngemesser die elektrische Leitf\u00e4higkeit im Boden. Nachdem mehr D\u00fcngestoffe im Boden anwesend sind wird der Fertometer eine h\u00f6here elektrische Leitf\u00e4higkeit messen. Danach \u00fcbersetzt der Fertometer das Niveau der elektrischen Leitf\u00e4higkeit zu einer D\u00fcngeempfehlung durch ein L\u00e4mpchen. Ohne D\u00fcngemesser haben Sie keine Ahnung ob Ihre Pflanze \u00fcber ausreichend N\u00e4hrstoffe verf\u00fcgen kann. Sie sind jetzt in der Lage mit dem Messer f\u00fcr eine optimale D\u00fcngung aller Ihrer (Topf)Pflanzen zu sorgen.<\/p>\n","protected":false},"excerpt":{"rendered":"<h2><strong>Fertometer \u2013 D\u00fcngungsmessger\u00e4t f\u00fcr Topfpflanzen, Zimmerpflanzen, K\u00fcbelpflanzen, Garten und Rasen<\/strong><\/h2>\n<p>Der Fertometer is een EC-Messger\u00e4t das die Menge N\u00e4hrstoffe im Boden ihrer Pflanzen misst und ein D\u00fcngevorschlag gibt mittels drei L\u00e4mpchen.<\/p>\n","protected":false},"featured_media":20657,"comment_status":"open","ping_status":"closed","template":"","meta":{"_acf_changed":false},"product_brand":[],"product_cat":[116],"product_tag":[],"class_list":{"0":"post-7465","1":"product","2":"type-product","3":"status-publish","4":"has-post-thumbnail","6":"product_cat-messgerate","8":"first","9":"instock","10":"taxable","11":"shipping-taxable","12":"purchasable","13":"product-type-simple"},"acf":[],"yoast_head":"<!-- This site is optimized with the Yoast SEO Premium plugin v26.1 (Yoast SEO v27.3) - https:\/\/yoast.com\/product\/yoast-seo-premium-wordpress\/ -->\n<title>Fertometer: misst die D\u00fcngung und gibt Ratschl\u00e4ge-PlantCareTools<\/title>\n<meta name=\"description\" content=\"Der Fertometer ist ein D\u00fcngemessger\u00e4t, das die D\u00fcngermenge im Boden misst und eine D\u00fcngeempfehlung gibt, ob ged\u00fcngt werden muss - Plant Care Tools\" \/>\n<meta name=\"robots\" content=\"index, follow, max-snippet:-1, max-image-preview:large, max-video-preview:-1\" \/>\n<link rel=\"canonical\" href=\"https:\/\/www.plantcaretools.com\/de\/produkt\/messgerate\/fertometer-misst-die-duengung-und-gibt-ratschlaege\/\" \/>\n<script type=\"application\/ld+json\" class=\"yoast-schema-graph\">{\"@context\":\"https:\\\/\\\/schema.org\",\"@graph\":[{\"@type\":\"BreadcrumbList\",\"@id\":\"https:\\\/\\\/www.plantcaretools.com\\\/de\\\/produkt\\\/messgerate\\\/fertometer-misst-die-duengung-und-gibt-ratschlaege\\\/#breadcrumb\",\"itemListElement\":[{\"@type\":\"ListItem\",\"position\":1,\"name\":\"Home\",\"item\":\"https:\\\/\\\/www.plantcaretools.com\\\/de\\\/\"},{\"@type\":\"ListItem\",\"position\":2,\"name\":\"Produkte\",\"item\":\"https:\\\/\\\/www.plantcaretools.com\\\/de\\\/produkte\\\/\"},{\"@type\":\"ListItem\",\"position\":3,\"name\":\"Fertometer: misst die D\u00fcngung und gibt Ratschl\u00e4ge\"}]}]}<\/script>\n<!-- \/ Yoast SEO Premium plugin. -->","yoast_head_json":{"title":"Fertometer: misst die D\u00fcngung und gibt Ratschl\u00e4ge-PlantCareTools","description":"Der Fertometer ist ein D\u00fcngemessger\u00e4t, das die D\u00fcngermenge im Boden misst und eine D\u00fcngeempfehlung gibt, ob ged\u00fcngt werden muss - Plant Care Tools","robots":{"index":"index","follow":"follow","max-snippet":"max-snippet:-1","max-image-preview":"max-image-preview:large","max-video-preview":"max-video-preview:-1"},"canonical":"https:\/\/www.plantcaretools.com\/de\/produkt\/messgerate\/fertometer-misst-die-duengung-und-gibt-ratschlaege\/","schema":{"@context":"https:\/\/schema.org","@graph":[{"@type":"BreadcrumbList","@id":"https:\/\/www.plantcaretools.com\/de\/produkt\/messgerate\/fertometer-misst-die-duengung-und-gibt-ratschlaege\/#breadcrumb","itemListElement":[{"@type":"ListItem","position":1,"name":"Home","item":"https:\/\/www.plantcaretools.com\/de\/"},{"@type":"ListItem","position":2,"name":"Produkte","item":"https:\/\/www.plantcaretools.com\/de\/produkte\/"},{"@type":"ListItem","position":3,"name":"Fertometer: misst die D\u00fcngung und gibt Ratschl\u00e4ge"}]}]}},"jetpack_sharing_enabled":true,"_links":{"self":[{"href":"https:\/\/www.plantcaretools.com\/de\/wp-json\/wp\/v2\/product\/7465","targetHints":{"allow":["GET"]}}],"collection":[{"href":"https:\/\/www.plantcaretools.com\/de\/wp-json\/wp\/v2\/product"}],"about":[{"href":"https:\/\/www.plantcaretools.com\/de\/wp-json\/wp\/v2\/types\/product"}],"replies":[{"embeddable":true,"href":"https:\/\/www.plantcaretools.com\/de\/wp-json\/wp\/v2\/comments?post=7465"}],"wp:featuredmedia":[{"embeddable":true,"href":"https:\/\/www.plantcaretools.com\/de\/wp-json\/wp\/v2\/media\/20657"}],"wp:attachment":[{"href":"https:\/\/www.plantcaretools.com\/de\/wp-json\/wp\/v2\/media?parent=7465"}],"wp:term":[{"taxonomy":"product_brand","embeddable":true,"href":"https:\/\/www.plantcaretools.com\/de\/wp-json\/wp\/v2\/product_brand?post=7465"},{"taxonomy":"product_cat","embeddable":true,"href":"https:\/\/www.plantcaretools.com\/de\/wp-json\/wp\/v2\/product_cat?post=7465"},{"taxonomy":"product_tag","embeddable":true,"href":"https:\/\/www.plantcaretools.com\/de\/wp-json\/wp\/v2\/product_tag?post=7465"}],"curies":[{"name":"wp","href":"https:\/\/api.w.org\/{rel}","templated":true}]}}