{"id":7498,"date":"2017-08-13T10:39:57","date_gmt":"2017-08-13T08:39:57","guid":{"rendered":"https:\/\/www.plantcaretools.com\/unkategorisiert\/4-in-1-bodentester\/"},"modified":"2025-11-27T13:56:21","modified_gmt":"2025-11-27T12:56:21","slug":"4-in-1-pflanzen-bodentester-misst-ph-wert-feuchtigkeit-temperatur-und-lichtintensitaet","status":"publish","type":"product","link":"https:\/\/www.plantcaretools.com\/de\/produkt\/messgerate\/4-in-1-pflanzen-bodentester-misst-ph-wert-feuchtigkeit-temperatur-und-lichtintensitaet\/","title":{"rendered":"4-in-1 Pflanzen-Bodentester: misst pH-Wert, Feuchtigkeit, Temperatur und Lichtintensit\u00e4t"},"content":{"rendered":"<h2><strong>Dieses 4 in 1 Bodentester zeigt den pH, Feuchtigkeitsgehalt, Temperatur und Lichtst\u00e4rke an. <\/strong><strong>Kennen sie den pH-Wert Ihres Bodens? <\/strong><\/h2>\n<p>Geht es um einen sauren oder basischen Boden? Mit diesem 4 in 1 Bodentester k\u00f6nnen Sie herausfinden. Manche Pflanzen wachsen besser in einem leicht s\u00e4uerlichen Boden und andere wiederum in einer basischen Umgebung.<\/p>\n<h2><strong>Kontrollieren Sie die Feuchtigkeit, pH und Temperatur des Bodens und die Lichtst\u00e4rke<\/strong><\/h2>\n<p>Mit diesem 4 in 1 Bodentester k\u00f6nnen Sie einfach im Garten, Gem\u00fcsegarten, Topfpflanzen und der Rasenfl\u00e4che kontrollieren ob der S\u00e4uregrad des Bodens f\u00fcr eine bestimmte Pflanze geeignet ist.<br \/>\nDieses Messger\u00e4t verf\u00fcgt \u00fcber einen spezielle dicke Sonde (6 mm) und die neueste Elektronik. Dies macht das Messger\u00e4t stabiler und es misst genauer.<br \/>\nBenutzen Sie dieses Testger\u00e4t um den Wachstumszustand aller Pflanzen sowohl im Innen- als auch Au\u00dfenbereich zu messen. Neben dem pH Wert des Bodens kontrollieren Sie mit diesem Ger\u00e4t auch die Feuchtigkeit und Temperatur des Bodens und auch der Lichtst\u00e4rke.<\/p>\n<h2><strong>Messungen des pH-Wertes ist wichtig f\u00fcr das Wohlergehen von Pflanzen und Rasen<\/strong><\/h2>\n<p>Das Messger\u00e4t ist auch ausgezeichnet geeignet zur Rasenpflege wenn man an verschiedenen Stellen den Zustand des Bodens misst. Anhand dieser Ergebnisse kann man die richtige Grassaat und die richtige D\u00fcngung w\u00e4hlen. H\u00e4ssliche Stellen im Rasen k\u00f6nnen verursacht werden durch eine schlechte Abw\u00e4sserung (zu Nasser Boden, also testen Sie die Feuchtigkeit). Aber auch zu sauer oder zu basischer Grund (pH, testen Sie den S\u00e4uregrad) haben. Sowie nicht die richtige Menge Licht (testen Sie die Lichtst\u00e4rke und w\u00e4hlen eine geeignete Grassorte betreffend Sonne\/Schatten) vorhanden sein.<\/p>\n","protected":false},"excerpt":{"rendered":"<h2><strong>4 in 1 Bodentester \u2013 pH, Feuchtigkeitsgehalt, Temperatur und Lichtmessung f\u00fcr Topfpflanzen, Garten und Rasen<\/strong><\/h2>\n<p>Mit diesem 4 in 1 Bodentester k\u00f6nnen Sie einfach den S\u00e4uregrad im Boden kontrollieren vom Garten, Gem\u00fcsegarten, in Topfpflanzen und vom Rasen.<br \/>\nDieses Messger\u00e4t verf\u00fcgt \u00fcber einen spezielle dicke Sonde (6 mm) und die neueste Elektronik. Dies macht das Messger\u00e4t stabiler und es misst genauer.<\/p>\n","protected":false},"featured_media":20658,"comment_status":"open","ping_status":"closed","template":"","meta":{"_acf_changed":false},"product_brand":[],"product_cat":[116],"product_tag":[],"class_list":{"0":"post-7498","1":"product","2":"type-product","3":"status-publish","4":"has-post-thumbnail","6":"product_cat-messgerate","8":"first","9":"instock","10":"taxable","11":"shipping-taxable","12":"purchasable","13":"product-type-simple"},"acf":[],"yoast_head":"<!-- This site is optimized with the Yoast SEO Premium plugin v26.1 (Yoast SEO v27.3) - https:\/\/yoast.com\/product\/yoast-seo-premium-wordpress\/ -->\n<title>4 in 1 Bodenmessger\u00e4t f\u00fcr Pflanzen - Plant Care Tools<\/title>\n<meta name=\"description\" content=\"4-in-1 Pflanzen-Bodentester: misst pH-Wert, Feuchtigkeit, Temperatur und Lichtintensit\u00e4t - Plant Care Tools\" \/>\n<meta name=\"robots\" content=\"index, follow, max-snippet:-1, max-image-preview:large, max-video-preview:-1\" \/>\n<link rel=\"canonical\" href=\"https:\/\/www.plantcaretools.com\/de\/produkt\/messgerate\/4-in-1-pflanzen-bodentester-misst-ph-wert-feuchtigkeit-temperatur-und-lichtintensitaet\/\" \/>\n<script type=\"application\/ld+json\" class=\"yoast-schema-graph\">{\"@context\":\"https:\\\/\\\/schema.org\",\"@graph\":[{\"@type\":\"BreadcrumbList\",\"@id\":\"https:\\\/\\\/www.plantcaretools.com\\\/de\\\/produkt\\\/messgerate\\\/4-in-1-pflanzen-bodentester-misst-ph-wert-feuchtigkeit-temperatur-und-lichtintensitaet\\\/#breadcrumb\",\"itemListElement\":[{\"@type\":\"ListItem\",\"position\":1,\"name\":\"Home\",\"item\":\"https:\\\/\\\/www.plantcaretools.com\\\/de\\\/\"},{\"@type\":\"ListItem\",\"position\":2,\"name\":\"Produkte\",\"item\":\"https:\\\/\\\/www.plantcaretools.com\\\/de\\\/produkte\\\/\"},{\"@type\":\"ListItem\",\"position\":3,\"name\":\"4-in-1 Pflanzen-Bodentester: misst pH-Wert, Feuchtigkeit, Temperatur und Lichtintensit\u00e4t\"}]}]}<\/script>\n<!-- \/ Yoast SEO Premium plugin. -->","yoast_head_json":{"title":"4 in 1 Bodenmessger\u00e4t f\u00fcr Pflanzen - Plant Care Tools","description":"4-in-1 Pflanzen-Bodentester: misst pH-Wert, Feuchtigkeit, Temperatur und Lichtintensit\u00e4t - Plant Care Tools","robots":{"index":"index","follow":"follow","max-snippet":"max-snippet:-1","max-image-preview":"max-image-preview:large","max-video-preview":"max-video-preview:-1"},"canonical":"https:\/\/www.plantcaretools.com\/de\/produkt\/messgerate\/4-in-1-pflanzen-bodentester-misst-ph-wert-feuchtigkeit-temperatur-und-lichtintensitaet\/","schema":{"@context":"https:\/\/schema.org","@graph":[{"@type":"BreadcrumbList","@id":"https:\/\/www.plantcaretools.com\/de\/produkt\/messgerate\/4-in-1-pflanzen-bodentester-misst-ph-wert-feuchtigkeit-temperatur-und-lichtintensitaet\/#breadcrumb","itemListElement":[{"@type":"ListItem","position":1,"name":"Home","item":"https:\/\/www.plantcaretools.com\/de\/"},{"@type":"ListItem","position":2,"name":"Produkte","item":"https:\/\/www.plantcaretools.com\/de\/produkte\/"},{"@type":"ListItem","position":3,"name":"4-in-1 Pflanzen-Bodentester: misst pH-Wert, Feuchtigkeit, Temperatur und Lichtintensit\u00e4t"}]}]}},"jetpack_sharing_enabled":true,"_links":{"self":[{"href":"https:\/\/www.plantcaretools.com\/de\/wp-json\/wp\/v2\/product\/7498","targetHints":{"allow":["GET"]}}],"collection":[{"href":"https:\/\/www.plantcaretools.com\/de\/wp-json\/wp\/v2\/product"}],"about":[{"href":"https:\/\/www.plantcaretools.com\/de\/wp-json\/wp\/v2\/types\/product"}],"replies":[{"embeddable":true,"href":"https:\/\/www.plantcaretools.com\/de\/wp-json\/wp\/v2\/comments?post=7498"}],"wp:featuredmedia":[{"embeddable":true,"href":"https:\/\/www.plantcaretools.com\/de\/wp-json\/wp\/v2\/media\/20658"}],"wp:attachment":[{"href":"https:\/\/www.plantcaretools.com\/de\/wp-json\/wp\/v2\/media?parent=7498"}],"wp:term":[{"taxonomy":"product_brand","embeddable":true,"href":"https:\/\/www.plantcaretools.com\/de\/wp-json\/wp\/v2\/product_brand?post=7498"},{"taxonomy":"product_cat","embeddable":true,"href":"https:\/\/www.plantcaretools.com\/de\/wp-json\/wp\/v2\/product_cat?post=7498"},{"taxonomy":"product_tag","embeddable":true,"href":"https:\/\/www.plantcaretools.com\/de\/wp-json\/wp\/v2\/product_tag?post=7498"}],"curies":[{"name":"wp","href":"https:\/\/api.w.org\/{rel}","templated":true}]}}