{"id":7523,"date":"2017-08-13T14:42:49","date_gmt":"2017-08-13T12:42:49","guid":{"rendered":"https:\/\/www.plantcaretools.com\/unkategorisiert\/ec-messgerat-flussigkeiten\/"},"modified":"2024-06-18T14:58:48","modified_gmt":"2024-06-18T12:58:48","slug":"ec-messgerat-flussigkeiten","status":"publish","type":"product","link":"https:\/\/www.plantcaretools.com\/de\/produkt\/messgerate\/ec-messgerat-flussigkeiten\/","title":{"rendered":"EC Messger\u00e4t Fl\u00fcssigkeiten"},"content":{"rendered":"<h2><strong>EC Messger\u00e4t zur professionellen Kontrolle der Wasserqualit\u00e4t. <\/strong><strong>Messen Sie die gesamte Salzmenge in Wasser oder Fl\u00fcssigd\u00fcnger<\/strong><\/h2>\n<p>Das EC \/ TDS Messger\u00e4t ist ideal zum Testen der Wasserqualit\u00e4t, Abwasserkontrolle, Hydrokultur, Messungen zur Wasserreinigung und mehr. Dieses professionnelles EC Messger\u00e4t misst die elektrische Konduktivit\u00e4t von Fl\u00fcssigkeiten. Das Messger\u00e4t wird vor allem benutzt um den EC-Wert von Fl\u00fcssigd\u00fcnger oder Wasser zu messen.<\/p>\n<h2><strong>Angewandt in der Wasserreinigung, Hydrokultur, \u00f6kologischen Zwecken, Abwasserkontrolle und so weiter.<\/strong><\/h2>\n<p>Dieser leicht zu bedienende und professionelle EC \/ TDS Messer ist ideal zum Testen der Wasserqualit\u00e4t im Allgemeinen. Aber auch das Kontrollieren der Reinheit von Wasser, f\u00fcr Abwasserkontrolle, Wasserkultur (Hydrokultur), hydropischen Zwecken. Und zur Benutzung in Laboratorien und wissenschaftlichen Zwecken, zum Messen \u00f6kologischer Zwecke, Wasserbehandlung und so weiter.<\/p>\n<p>Das Messger\u00e4t verf\u00fcgt \u00fcber eine Funktion die Messergebnisse zu speichern, automatisches Ausschalten, Anzeiger der angibt das Batterien leer sind, sechs unterschiedliche Messeinheiten (\u00b5S, mS, ppm, ppt, \u00b0C, \u00b0F), 2-Punk-Kalibrierung, ein verstellbarer TDS Faktor, verstellbarer Temperatur Faktor, und ein Display mit doppelter Anzeige (Temperatur &amp; Leitf\u00e4higkeit)<\/p>\n<p><strong>Die Verpackung enth\u00e4lt:<\/strong><\/p>\n<ul>\n<li>das professionelle EC Messer,<\/li>\n<li>vier 1,5 V (LR 44) Batterien<\/li>\n<li>eine ausf\u00fchrliche Gebrauchsanweisung enthalten (Das Betriebsanleitung f\u00fcr dieses Messger\u00e4t finden Sie auch auf unserer Website.)<\/li>\n<\/ul>\n<p>Auf <a href=\"https:\/\/www.plantcaretools.com\/de\/ec-messen-wasser\/\">dieser Seite<\/a> erfahren Sie alles \u00fcber die Messung von Fl\u00fcssigd\u00fcnger.<\/p>\n","protected":false},"excerpt":{"rendered":"<h2><strong>Messen Sie die gesamte Salzmenge in Wasser oder Fl\u00fcssigd\u00fcnger<\/strong><\/h2>\n<p>Dieses EC Messger\u00e4t misst die elektrische Konduktivit\u00e4t von Fl\u00fcssigkeiten. Wird vorallem benutzt um den EC-Wert von Fl\u00fcssigd\u00fcnger oder Wasser zu messen.<\/p>\n","protected":false},"featured_media":4852,"comment_status":"open","ping_status":"closed","template":"","meta":{"_acf_changed":false},"product_brand":[],"product_cat":[116],"product_tag":[],"class_list":{"0":"post-7523","1":"product","2":"type-product","3":"status-publish","4":"has-post-thumbnail","6":"product_cat-messgerate","8":"first","9":"outofstock","10":"taxable","11":"shipping-taxable","12":"purchasable","13":"product-type-simple"},"acf":[],"yoast_head":"<!-- This site is optimized with the Yoast SEO Premium plugin v26.1 (Yoast SEO v27.3) - https:\/\/yoast.com\/product\/yoast-seo-premium-wordpress\/ -->\n<title>EC Messger\u00e4t - EC Fl\u00fcssigd\u00fcnger - Plant Care Tools<\/title>\n<meta name=\"description\" content=\"Dieses professionelle EC\/TDS Messger\u00e4t ist ideal zum Testen der Wasserqualit\u00e4t, Abwasserkontrolle, Hydrokultur, Messungen zur Wasserreinigung und mehr.\" \/>\n<meta name=\"robots\" content=\"index, follow, max-snippet:-1, max-image-preview:large, max-video-preview:-1\" \/>\n<link rel=\"canonical\" href=\"https:\/\/www.plantcaretools.com\/de\/produkt\/messgerate\/ec-messgerat-flussigkeiten\/\" \/>\n<script type=\"application\/ld+json\" class=\"yoast-schema-graph\">{\"@context\":\"https:\\\/\\\/schema.org\",\"@graph\":[{\"@type\":\"BreadcrumbList\",\"@id\":\"https:\\\/\\\/www.plantcaretools.com\\\/de\\\/produkt\\\/messgerate\\\/ec-messgerat-flussigkeiten\\\/#breadcrumb\",\"itemListElement\":[{\"@type\":\"ListItem\",\"position\":1,\"name\":\"Home\",\"item\":\"https:\\\/\\\/www.plantcaretools.com\\\/de\\\/\"},{\"@type\":\"ListItem\",\"position\":2,\"name\":\"Produkte\",\"item\":\"https:\\\/\\\/www.plantcaretools.com\\\/de\\\/produkte\\\/\"},{\"@type\":\"ListItem\",\"position\":3,\"name\":\"EC Messger\u00e4t Fl\u00fcssigkeiten\"}]}]}<\/script>\n<!-- \/ Yoast SEO Premium plugin. -->","yoast_head_json":{"title":"EC Messger\u00e4t - EC Fl\u00fcssigd\u00fcnger - Plant Care Tools","description":"Dieses professionelle EC\/TDS Messger\u00e4t ist ideal zum Testen der Wasserqualit\u00e4t, Abwasserkontrolle, Hydrokultur, Messungen zur Wasserreinigung und mehr.","robots":{"index":"index","follow":"follow","max-snippet":"max-snippet:-1","max-image-preview":"max-image-preview:large","max-video-preview":"max-video-preview:-1"},"canonical":"https:\/\/www.plantcaretools.com\/de\/produkt\/messgerate\/ec-messgerat-flussigkeiten\/","schema":{"@context":"https:\/\/schema.org","@graph":[{"@type":"BreadcrumbList","@id":"https:\/\/www.plantcaretools.com\/de\/produkt\/messgerate\/ec-messgerat-flussigkeiten\/#breadcrumb","itemListElement":[{"@type":"ListItem","position":1,"name":"Home","item":"https:\/\/www.plantcaretools.com\/de\/"},{"@type":"ListItem","position":2,"name":"Produkte","item":"https:\/\/www.plantcaretools.com\/de\/produkte\/"},{"@type":"ListItem","position":3,"name":"EC Messger\u00e4t Fl\u00fcssigkeiten"}]}]}},"jetpack_sharing_enabled":true,"_links":{"self":[{"href":"https:\/\/www.plantcaretools.com\/de\/wp-json\/wp\/v2\/product\/7523","targetHints":{"allow":["GET"]}}],"collection":[{"href":"https:\/\/www.plantcaretools.com\/de\/wp-json\/wp\/v2\/product"}],"about":[{"href":"https:\/\/www.plantcaretools.com\/de\/wp-json\/wp\/v2\/types\/product"}],"replies":[{"embeddable":true,"href":"https:\/\/www.plantcaretools.com\/de\/wp-json\/wp\/v2\/comments?post=7523"}],"wp:featuredmedia":[{"embeddable":true,"href":"https:\/\/www.plantcaretools.com\/de\/wp-json\/wp\/v2\/media\/4852"}],"wp:attachment":[{"href":"https:\/\/www.plantcaretools.com\/de\/wp-json\/wp\/v2\/media?parent=7523"}],"wp:term":[{"taxonomy":"product_brand","embeddable":true,"href":"https:\/\/www.plantcaretools.com\/de\/wp-json\/wp\/v2\/product_brand?post=7523"},{"taxonomy":"product_cat","embeddable":true,"href":"https:\/\/www.plantcaretools.com\/de\/wp-json\/wp\/v2\/product_cat?post=7523"},{"taxonomy":"product_tag","embeddable":true,"href":"https:\/\/www.plantcaretools.com\/de\/wp-json\/wp\/v2\/product_tag?post=7523"}],"curies":[{"name":"wp","href":"https:\/\/api.w.org\/{rel}","templated":true}]}}