{"id":7544,"date":"2017-08-13T16:49:58","date_gmt":"2017-08-13T14:49:58","guid":{"rendered":"https:\/\/www.plantcaretools.com\/unkategorisiert\/ph-messgerat-flussigkeiten\/"},"modified":"2024-08-12T19:58:23","modified_gmt":"2024-08-12T17:58:23","slug":"ph-messgerat-flussigkeiten","status":"publish","type":"product","link":"https:\/\/www.plantcaretools.com\/de\/produkt\/messgerate\/ph-messgerat-flussigkeiten\/","title":{"rendered":"pH Messger\u00e4t Fl\u00fcssigkeiten"},"content":{"rendered":"<h1><strong>Dieses pH Messger\u00e4t ist ideal zum Testen der Wasserqualit\u00e4t<\/strong><\/h1>\n<h2><strong>Kontrolle der Wasserreinheit, Abflusswasser, Hydrokultur, Gartenbau, Aquarien usw.<\/strong><\/h2>\n<p>Dieses benutzerfreundliche und professionelle pH Messger\u00e4t ist ideal zum Testen der Wasserqualit\u00e4t im Allgemeinen, dem Kontrollieren der Reinheit von Wasser, Kontrollieren von Abflusswasser, Wasserkultur (Hydrokultur), hydroponischen Anwendungen, Laboranwendungen und zur Nutzung von wissenschaftlichen Zwecken, das Testen von Wasser in einem Schwimmbad, Spa und Aquarium, das Messen bez\u00fcglich \u00f6kologischer Zwecke, Wasseraufbereitung usw.<\/p>\n<p>Das Messger\u00e4t wurde entwickelt um einen pH Wert von 0~14 messen zu k\u00f6nnen und verf\u00fcgt \u00fcber die folgenden erweiterten Funktionen: automatische Kalibration (pH4, pH7 und pH10), v\u00f6llig wasserfest, automatische Temperaturkompensation (ATC), doppelte Widergabe im Display (pH und Temp.) umschaltbar zwischen \u00b0C und \u00b0F, speichern von Messergebnissen, Anzeiger f\u00fcr schwache Batterien und automatisches Ausschalten.<\/p>\n<p>Die Verpackung beinhaltet das pH Messger\u00e4t, vier 1,5 V (LR44) Batterien, drei Pufferl\u00f6sungen (pH4, pH7 und pH10) und die Gebrauchsanleitung.<\/p>\n","protected":false},"excerpt":{"rendered":"<h2><strong>Misst der pH-Wert von Fl\u00fcssigkeiten wie Wasser und Fl\u00fcssigd\u00fcnger<\/strong><\/h2>\n<p>Dieses pH Messger\u00e4t wird meist zum messen des pH-Wertes von Fl\u00fcssigd\u00fcnger benutzt. Aber auch zum messen des pH-Wertes von Leitungs- oder Brunnenwasser.<\/p>\n","protected":false},"featured_media":4876,"comment_status":"open","ping_status":"closed","template":"","meta":{"_acf_changed":false},"product_brand":[],"product_cat":[116],"product_tag":[],"class_list":{"0":"post-7544","1":"product","2":"type-product","3":"status-publish","4":"has-post-thumbnail","6":"product_cat-messgerate","8":"first","9":"outofstock","10":"taxable","11":"shipping-taxable","12":"purchasable","13":"product-type-simple"},"acf":[],"yoast_head":"<!-- This site is optimized with the Yoast SEO Premium plugin v26.1 (Yoast SEO v27.4) - https:\/\/yoast.com\/product\/yoast-seo-premium-wordpress\/ -->\n<title>pH Messger\u00e4t - ideal zum Testen der Wasserqualit\u00e4t oder Fl\u00fcssigd\u00fcnger<\/title>\n<meta name=\"description\" content=\"Dieses praktische und zuverl\u00e4ssige pH Messger\u00e4t wird benutzt zum Messen von Abflusswasser, Wasser von Schwimmb\u00e4dern oder Aquarien, Hydrokultur, Hortikultur\" \/>\n<meta name=\"robots\" content=\"index, follow, max-snippet:-1, max-image-preview:large, max-video-preview:-1\" \/>\n<link rel=\"canonical\" href=\"https:\/\/www.plantcaretools.com\/de\/produkt\/messgerate\/ph-messgerat-flussigkeiten\/\" \/>\n<script type=\"application\/ld+json\" class=\"yoast-schema-graph\">{\"@context\":\"https:\\\/\\\/schema.org\",\"@graph\":[{\"@type\":\"BreadcrumbList\",\"@id\":\"https:\\\/\\\/www.plantcaretools.com\\\/de\\\/produkt\\\/messgerate\\\/ph-messgerat-flussigkeiten\\\/#breadcrumb\",\"itemListElement\":[{\"@type\":\"ListItem\",\"position\":1,\"name\":\"Home\",\"item\":\"https:\\\/\\\/www.plantcaretools.com\\\/de\\\/\"},{\"@type\":\"ListItem\",\"position\":2,\"name\":\"Produkte\",\"item\":\"https:\\\/\\\/www.plantcaretools.com\\\/de\\\/produkte\\\/\"},{\"@type\":\"ListItem\",\"position\":3,\"name\":\"pH Messger\u00e4t Fl\u00fcssigkeiten\"}]}]}<\/script>\n<!-- \/ Yoast SEO Premium plugin. -->","yoast_head_json":{"title":"pH Messger\u00e4t - ideal zum Testen der Wasserqualit\u00e4t oder Fl\u00fcssigd\u00fcnger","description":"Dieses praktische und zuverl\u00e4ssige pH Messger\u00e4t wird benutzt zum Messen von Abflusswasser, Wasser von Schwimmb\u00e4dern oder Aquarien, Hydrokultur, Hortikultur","robots":{"index":"index","follow":"follow","max-snippet":"max-snippet:-1","max-image-preview":"max-image-preview:large","max-video-preview":"max-video-preview:-1"},"canonical":"https:\/\/www.plantcaretools.com\/de\/produkt\/messgerate\/ph-messgerat-flussigkeiten\/","schema":{"@context":"https:\/\/schema.org","@graph":[{"@type":"BreadcrumbList","@id":"https:\/\/www.plantcaretools.com\/de\/produkt\/messgerate\/ph-messgerat-flussigkeiten\/#breadcrumb","itemListElement":[{"@type":"ListItem","position":1,"name":"Home","item":"https:\/\/www.plantcaretools.com\/de\/"},{"@type":"ListItem","position":2,"name":"Produkte","item":"https:\/\/www.plantcaretools.com\/de\/produkte\/"},{"@type":"ListItem","position":3,"name":"pH Messger\u00e4t Fl\u00fcssigkeiten"}]}]}},"jetpack_sharing_enabled":true,"_links":{"self":[{"href":"https:\/\/www.plantcaretools.com\/de\/wp-json\/wp\/v2\/product\/7544","targetHints":{"allow":["GET"]}}],"collection":[{"href":"https:\/\/www.plantcaretools.com\/de\/wp-json\/wp\/v2\/product"}],"about":[{"href":"https:\/\/www.plantcaretools.com\/de\/wp-json\/wp\/v2\/types\/product"}],"replies":[{"embeddable":true,"href":"https:\/\/www.plantcaretools.com\/de\/wp-json\/wp\/v2\/comments?post=7544"}],"wp:featuredmedia":[{"embeddable":true,"href":"https:\/\/www.plantcaretools.com\/de\/wp-json\/wp\/v2\/media\/4876"}],"wp:attachment":[{"href":"https:\/\/www.plantcaretools.com\/de\/wp-json\/wp\/v2\/media?parent=7544"}],"wp:term":[{"taxonomy":"product_brand","embeddable":true,"href":"https:\/\/www.plantcaretools.com\/de\/wp-json\/wp\/v2\/product_brand?post=7544"},{"taxonomy":"product_cat","embeddable":true,"href":"https:\/\/www.plantcaretools.com\/de\/wp-json\/wp\/v2\/product_cat?post=7544"},{"taxonomy":"product_tag","embeddable":true,"href":"https:\/\/www.plantcaretools.com\/de\/wp-json\/wp\/v2\/product_tag?post=7544"}],"curies":[{"name":"wp","href":"https:\/\/api.w.org\/{rel}","templated":true}]}}