{"id":7594,"date":"2017-08-16T17:16:42","date_gmt":"2017-08-16T15:16:42","guid":{"rendered":"https:\/\/www.plantcaretools.com\/unkategorisiert\/ph-bodenfeuchtemesser\/"},"modified":"2026-03-19T13:45:54","modified_gmt":"2026-03-19T12:45:54","slug":"ph-bodenfeuchtemesser","status":"publish","type":"product","link":"https:\/\/www.plantcaretools.com\/de\/produkt\/messgerate\/ph-bodenfeuchtemesser\/","title":{"rendered":"Prof. pH\/Feuchtemesser (Kurze Sonde)"},"content":{"rendered":"<h2><strong>Professionelle pH Bodenfeuchtemesser zur Messung von pH und Feuchte direkt im Boden Ihres Gartens oder Topfpflanze.<\/strong><\/h2>\n<p>Mit diesem Bodenmesser k\u00f6nnen Sie in Ihrem Garten, Gem\u00fcsegarten, Gew\u00e4chshaus, Rasen und Topfpflanzen pr\u00fcfen, ob der Boden f\u00fcr eine bestimmte Pflanze geeignet ist. Verwenden Sie dieses pH Bodenfeuchtemesser, um die Wachstumsbedingungen f\u00fcr alle Arten von Pflanzen im Innen- und Au\u00dfenbereich zu messen.<\/p>\n<h2>Allgemeine Informationen zu diesem professionellen pH Bodenfeuchtemesser.<\/h2>\n<p>Diese professionelle Messgerat zeigt den pH-Wert und die Bodenfeuchtigkeit. Kennen Sie den pH-Wert Ihres Bodens? Ist er sauer oder alkalisch?Einige Pflanzen wachsen besser in leicht saurem Boden, manche besser in alkalischen B\u00f6den. Es ist wichtig, den pH-Wert Ihres Bodens zu kennen. Ein falscher pH-Wert beeinflusst die F\u00e4higkeit der Pflanze, N\u00e4hrstoffe aufzunehmen.<\/p>\n<h2>\u00dcberpr\u00fcfen Sie die Bodenfeuchtigkeit und den pH-Wert<\/h2>\n<p>Mit diesem pH Bodenfeuchtemesser k\u00f6nnen Sie in Ihrem Garten, Gem\u00fcsegarten, Gew\u00e4chshaus, Rasen und Topfpflanzen pr\u00fcfen, ob der Boden f\u00fcr eine bestimmte Pflanze geeignet ist. Verwenden Sie das Ger\u00e4t, um die Wachstumsbedingungen f\u00fcr alle Arten von Pflanzen im Innen- und Au\u00dfenbereich zu messen.<\/p>\n<h2>Die pH-Messung ist wichtig f\u00fcr das Wohlbefinden aller Pflanzen und Ihres Rasens<\/h2>\n<p>Dieses pH Bodenfeuchtemesser kann besonders n\u00fctzlich sein bei der Rasenpflege, wenn es darum geht, die Bodenverh\u00e4ltnisse in verschiedenen Bereichen Ihres Gartens zu bestimmen. Sie k\u00f6nnen dann den richtigen Rasensamen und D\u00fcnger finden. Schlechte Stellen im Rasen k\u00f6nnen durch d\u00fcrftige Entw\u00e4sserung (feuchter Boden, Feuchtigkeitstest) oder zu viel oder zu wenig S\u00e4ure (Test des pH-Wertes) verursacht werden.<\/p>\n","protected":false},"excerpt":{"rendered":"<h2><strong>Professioneller Bodentester zur Messung von pH und Feuchte direkt im Boden Ihres Gartens oder Topfpflanze.<\/strong><\/h2>\n<p>Mit diesem Bodenmesser k\u00f6nnen Sie in Ihrem Garten, Gem\u00fcsegarten, Gew\u00e4chshaus, Rasen und Topfpflanzen pr\u00fcfen, ob der Boden f\u00fcr eine bestimmte Pflanze geeignet ist. Verwenden Sie dieses pH Bodenfeuchtemesser, um die Wachstumsbedingungen f\u00fcr alle Arten von Pflanzen im Innen- und Au\u00dfenbereich zu messen.<\/p>\n","protected":false},"featured_media":4604,"comment_status":"open","ping_status":"closed","template":"","meta":{"_acf_changed":false},"product_brand":[],"product_cat":[116,605,148],"product_tag":[625,631],"class_list":{"0":"post-7594","1":"product","2":"type-product","3":"status-publish","4":"has-post-thumbnail","6":"product_cat-messgerate","7":"product_cat-producten","8":"product_cat-professionelle-anwender","9":"product_tag-af-en-toe-meten","10":"product_tag-professioneel","12":"first","13":"instock","14":"taxable","15":"shipping-taxable","16":"purchasable","17":"product-type-simple"},"acf":[],"yoast_head":"<!-- This site is optimized with the Yoast SEO Premium plugin v26.1 (Yoast SEO v27.4) - https:\/\/yoast.com\/product\/yoast-seo-premium-wordpress\/ -->\n<title>pH Bodenfeuchtemesser \u2013 Kurze Sonde - Plant Care Tools<\/title>\n<meta name=\"description\" content=\"Die pH-Messung ist wichtig f\u00fcr das Wohlbefinden von Pflanzen und Ihres Rasens. Dieses pH Bodenfeuchtemesser kann besonders n\u00fctzlich bei der Rasenpflege sein\" \/>\n<meta name=\"robots\" content=\"index, follow, max-snippet:-1, max-image-preview:large, max-video-preview:-1\" \/>\n<link rel=\"canonical\" href=\"https:\/\/www.plantcaretools.com\/de\/produkt\/messgerate\/ph-bodenfeuchtemesser\/\" \/>\n<script type=\"application\/ld+json\" class=\"yoast-schema-graph\">{\"@context\":\"https:\\\/\\\/schema.org\",\"@graph\":[{\"@type\":\"BreadcrumbList\",\"@id\":\"https:\\\/\\\/www.plantcaretools.com\\\/de\\\/produkt\\\/messgerate\\\/ph-bodenfeuchtemesser\\\/#breadcrumb\",\"itemListElement\":[{\"@type\":\"ListItem\",\"position\":1,\"name\":\"Home\",\"item\":\"https:\\\/\\\/www.plantcaretools.com\\\/de\\\/\"},{\"@type\":\"ListItem\",\"position\":2,\"name\":\"Produkte\",\"item\":\"https:\\\/\\\/www.plantcaretools.com\\\/de\\\/produkte\\\/\"},{\"@type\":\"ListItem\",\"position\":3,\"name\":\"Prof. pH\\\/Feuchtemesser (Kurze Sonde)\"}]}]}<\/script>\n<!-- \/ Yoast SEO Premium plugin. -->","yoast_head_json":{"title":"pH Bodenfeuchtemesser \u2013 Kurze Sonde - Plant Care Tools","description":"Die pH-Messung ist wichtig f\u00fcr das Wohlbefinden von Pflanzen und Ihres Rasens. Dieses pH Bodenfeuchtemesser kann besonders n\u00fctzlich bei der Rasenpflege sein","robots":{"index":"index","follow":"follow","max-snippet":"max-snippet:-1","max-image-preview":"max-image-preview:large","max-video-preview":"max-video-preview:-1"},"canonical":"https:\/\/www.plantcaretools.com\/de\/produkt\/messgerate\/ph-bodenfeuchtemesser\/","schema":{"@context":"https:\/\/schema.org","@graph":[{"@type":"BreadcrumbList","@id":"https:\/\/www.plantcaretools.com\/de\/produkt\/messgerate\/ph-bodenfeuchtemesser\/#breadcrumb","itemListElement":[{"@type":"ListItem","position":1,"name":"Home","item":"https:\/\/www.plantcaretools.com\/de\/"},{"@type":"ListItem","position":2,"name":"Produkte","item":"https:\/\/www.plantcaretools.com\/de\/produkte\/"},{"@type":"ListItem","position":3,"name":"Prof. pH\/Feuchtemesser (Kurze Sonde)"}]}]}},"jetpack_sharing_enabled":true,"_links":{"self":[{"href":"https:\/\/www.plantcaretools.com\/de\/wp-json\/wp\/v2\/product\/7594","targetHints":{"allow":["GET"]}}],"collection":[{"href":"https:\/\/www.plantcaretools.com\/de\/wp-json\/wp\/v2\/product"}],"about":[{"href":"https:\/\/www.plantcaretools.com\/de\/wp-json\/wp\/v2\/types\/product"}],"replies":[{"embeddable":true,"href":"https:\/\/www.plantcaretools.com\/de\/wp-json\/wp\/v2\/comments?post=7594"}],"wp:featuredmedia":[{"embeddable":true,"href":"https:\/\/www.plantcaretools.com\/de\/wp-json\/wp\/v2\/media\/4604"}],"wp:attachment":[{"href":"https:\/\/www.plantcaretools.com\/de\/wp-json\/wp\/v2\/media?parent=7594"}],"wp:term":[{"taxonomy":"product_brand","embeddable":true,"href":"https:\/\/www.plantcaretools.com\/de\/wp-json\/wp\/v2\/product_brand?post=7594"},{"taxonomy":"product_cat","embeddable":true,"href":"https:\/\/www.plantcaretools.com\/de\/wp-json\/wp\/v2\/product_cat?post=7594"},{"taxonomy":"product_tag","embeddable":true,"href":"https:\/\/www.plantcaretools.com\/de\/wp-json\/wp\/v2\/product_tag?post=7594"}],"curies":[{"name":"wp","href":"https:\/\/api.w.org\/{rel}","templated":true}]}}