{"id":7623,"date":"2017-08-16T17:38:29","date_gmt":"2017-08-16T15:38:29","guid":{"rendered":"https:\/\/www.plantcaretools.com\/unkategorisiert\/drahtloser-bodenfeuchtesensor\/"},"modified":"2025-04-15T19:30:17","modified_gmt":"2025-04-15T17:30:17","slug":"drahtloser-bodenfeuchtesensor","status":"publish","type":"product","link":"https:\/\/www.plantcaretools.com\/de\/produkt\/messgerate\/drahtloser-bodenfeuchtesensor\/","title":{"rendered":"Drahtloser Bodenfeuchtesensor"},"content":{"rendered":"<h2><strong>Drahtloser Bodenfeuchtesensor OPUS XT 300<\/strong><\/h2>\n<p><strong>Dies ist kein eigenst\u00e4ndiges Produkt !<\/strong><br \/>\nSie k\u00f6nnen diesen drahtloser Bodenfeuchtesensor mit einem RFX- Transceiver, OPUS XH 300 und RF Link verwenden. Open-Source Software wie Domoticz, Homeassistant, Homeseer, Jeedom und Eedomus ist ebenfalls verf\u00fcgbar. Diese Software kann im Internet gefunden werden. Der Sensor misst die Bodenfeuchtigkeit in % und die Temperatur. Geeignet f\u00fcr den Innen- und Au\u00dfenbereich.<\/p>\n<p><strong>Eigenschaften des Produkts:<\/strong><br \/>\n&#8211; Drahtloser Bodenfeuchtesensor OPUS XT 300. <strong>Dies ist kein eigenst\u00e4ndiges Produkt !<\/strong><br \/>\n&#8211; Funktioniert in Kombination mit dem Monitor OPUS XH 300 Empf\u00e4nger (dieser Monitor ist leider nicht mehr in unserem Webshop erh\u00e4ltlich) oder mit dem Transceiver RFX trx433 XK. Auf <a href=\"http:\/\/www.rfxcom.com\">dieser Seite<\/a> finden Sie weitere Informationen<br \/>\n&#8211; Es funktioniert auch gut mit RF Link . Auf <a href=\"http:\/\/www.rflink.nl\/blog2\/\">dieser Seite<\/a> finden Sie zus\u00e4tzlichte Informationen.<br \/>\n&#8211; Um den Sensor mit RF Link oder RFX Com verwenden zu k\u00f6nnen, ben\u00f6tigen Sie Open Source-Software wie Domoticz, Homeassistant, Homeseer, Jeedom oder eedomus. Diese Software kann im Internet gefunden werden<br \/>\n&#8211; Misst sowohl die Bodenfeuchtigkeit in % als auch die Temperatur.<br \/>\n&#8211; Geeignet f\u00fcr den Innen- und Au\u00dfenbereich.<br \/>\n&#8211; Im Internet finden Sie viele zus\u00e4tzliche Informationen.<br \/>\n&#8211; Der Sensor hat 3 Kan\u00e4le (die Funkfrequenz betr\u00e4gt 433,92 MHz).<br \/>\n&#8211; Verwendet 2 AAA Batterien (Batterien sind nicht im Lieferumfang enthalten).<br \/>\n&#8211; Kommt mit umfangreiches Deutscher Handbuch.<\/p>\n","protected":false},"excerpt":{"rendered":"<h2><strong>Drahtloser Bodenfeuchtesensor OPUS XT300<\/strong><\/h2>\n<p><strong>Dies ist kein eigenst\u00e4ndiges Produkt !<\/strong><br \/>\nSie k\u00f6nnen diesen Sensor mit einem RFX-Transceiver, OPUS XH300 und RFlink verwenden. Open-Source Software wie Domoticz, Homeassistant, Homeseer, Jeedom und Eedomus ist ebenfalls verf\u00fcgbar. Der Sensor misst die Bodenfeuchtigkeit in % und die Temperatur. Geeignet f\u00fcr den Innen- und Au\u00dfenbereich.<\/p>\n","protected":false},"featured_media":4408,"comment_status":"closed","ping_status":"closed","template":"","meta":{"_acf_changed":false},"product_brand":[],"product_cat":[116],"product_tag":[],"class_list":{"0":"post-7623","1":"product","2":"type-product","3":"status-publish","4":"has-post-thumbnail","6":"product_cat-messgerate","8":"first","9":"outofstock","10":"taxable","11":"shipping-taxable","12":"purchasable","13":"product-type-simple"},"acf":[],"yoast_head":"<!-- This site is optimized with the Yoast SEO Premium plugin v26.1 (Yoast SEO v27.4) - https:\/\/yoast.com\/product\/yoast-seo-premium-wordpress\/ -->\n<title>Drahtloser Bodenfeuchtesensor - Plant Care Tools<\/title>\n<meta name=\"description\" content=\"Mit dem Opus XT300 - drahtloser Bodenfeuchtesensor - wird durchgehend der Feuchtigkeitsgehalt im Boden gemessen. - Dies ist kein eigenst\u00e4ndiges Produkt !\" \/>\n<meta name=\"robots\" content=\"index, follow, max-snippet:-1, max-image-preview:large, max-video-preview:-1\" \/>\n<link rel=\"canonical\" href=\"https:\/\/www.plantcaretools.com\/de\/produkt\/messgerate\/drahtloser-bodenfeuchtesensor\/\" \/>\n<script type=\"application\/ld+json\" class=\"yoast-schema-graph\">{\"@context\":\"https:\\\/\\\/schema.org\",\"@graph\":[{\"@type\":\"BreadcrumbList\",\"@id\":\"https:\\\/\\\/www.plantcaretools.com\\\/de\\\/produkt\\\/messgerate\\\/drahtloser-bodenfeuchtesensor\\\/#breadcrumb\",\"itemListElement\":[{\"@type\":\"ListItem\",\"position\":1,\"name\":\"Home\",\"item\":\"https:\\\/\\\/www.plantcaretools.com\\\/de\\\/\"},{\"@type\":\"ListItem\",\"position\":2,\"name\":\"Produkte\",\"item\":\"https:\\\/\\\/www.plantcaretools.com\\\/de\\\/produkte\\\/\"},{\"@type\":\"ListItem\",\"position\":3,\"name\":\"Drahtloser Bodenfeuchtesensor\"}]}]}<\/script>\n<!-- \/ Yoast SEO Premium plugin. -->","yoast_head_json":{"title":"Drahtloser Bodenfeuchtesensor - Plant Care Tools","description":"Mit dem Opus XT300 - drahtloser Bodenfeuchtesensor - wird durchgehend der Feuchtigkeitsgehalt im Boden gemessen. - Dies ist kein eigenst\u00e4ndiges Produkt !","robots":{"index":"index","follow":"follow","max-snippet":"max-snippet:-1","max-image-preview":"max-image-preview:large","max-video-preview":"max-video-preview:-1"},"canonical":"https:\/\/www.plantcaretools.com\/de\/produkt\/messgerate\/drahtloser-bodenfeuchtesensor\/","schema":{"@context":"https:\/\/schema.org","@graph":[{"@type":"BreadcrumbList","@id":"https:\/\/www.plantcaretools.com\/de\/produkt\/messgerate\/drahtloser-bodenfeuchtesensor\/#breadcrumb","itemListElement":[{"@type":"ListItem","position":1,"name":"Home","item":"https:\/\/www.plantcaretools.com\/de\/"},{"@type":"ListItem","position":2,"name":"Produkte","item":"https:\/\/www.plantcaretools.com\/de\/produkte\/"},{"@type":"ListItem","position":3,"name":"Drahtloser Bodenfeuchtesensor"}]}]}},"jetpack_sharing_enabled":true,"_links":{"self":[{"href":"https:\/\/www.plantcaretools.com\/de\/wp-json\/wp\/v2\/product\/7623","targetHints":{"allow":["GET"]}}],"collection":[{"href":"https:\/\/www.plantcaretools.com\/de\/wp-json\/wp\/v2\/product"}],"about":[{"href":"https:\/\/www.plantcaretools.com\/de\/wp-json\/wp\/v2\/types\/product"}],"replies":[{"embeddable":true,"href":"https:\/\/www.plantcaretools.com\/de\/wp-json\/wp\/v2\/comments?post=7623"}],"wp:featuredmedia":[{"embeddable":true,"href":"https:\/\/www.plantcaretools.com\/de\/wp-json\/wp\/v2\/media\/4408"}],"wp:attachment":[{"href":"https:\/\/www.plantcaretools.com\/de\/wp-json\/wp\/v2\/media?parent=7623"}],"wp:term":[{"taxonomy":"product_brand","embeddable":true,"href":"https:\/\/www.plantcaretools.com\/de\/wp-json\/wp\/v2\/product_brand?post=7623"},{"taxonomy":"product_cat","embeddable":true,"href":"https:\/\/www.plantcaretools.com\/de\/wp-json\/wp\/v2\/product_cat?post=7623"},{"taxonomy":"product_tag","embeddable":true,"href":"https:\/\/www.plantcaretools.com\/de\/wp-json\/wp\/v2\/product_tag?post=7623"}],"curies":[{"name":"wp","href":"https:\/\/api.w.org\/{rel}","templated":true}]}}