{"id":7628,"date":"2017-09-06T16:26:17","date_gmt":"2017-09-06T14:26:17","guid":{"rendered":"https:\/\/www.plantcaretools.com\/unkategorisiert\/feuchtesensor-7x-led\/"},"modified":"2025-01-29T20:35:19","modified_gmt":"2025-01-29T19:35:19","slug":"feuchtesensor-7x-led","status":"publish","type":"product","link":"https:\/\/www.plantcaretools.com\/de\/produkt\/messgerate\/feuchtesensor-7x-led\/","title":{"rendered":"Feuchtesensor mit 7X LED"},"content":{"rendered":"<h2>Feuchtesensor mit 7X LED<\/h2>\n<p>Stecken Sie diesen Feuchtesensor mit 7X LED mit Ihrer Anlage im Boden und die Bodenfeuchte wird durch 7 LEDs von weniger als 2% bis \u00fcber 20% angezeigt, die die aktuelle Bodenfeuchte anzeigen.<\/p>\n<p>Die LED blinkt alle 2,5 Sekunden und die Feuchtigkeitsdaten sind immer gut ablesbar. Ihre Pflanzen werden st\u00e4ndig \u00fcberwacht, w\u00e4ssern Sie Ihre Pflanze nur, wenn der Wert zwischen 2% und 10% betr\u00e4gt.<\/p>\n<p>Sowohl f\u00fcr den Innen- als auch f\u00fcr den Au\u00dfenbereich. Entfernen Sie einfach den Deckel des Sensors, entfernen Sie die Schutzfolie von der Batterie (im Lieferumfang enthalten), schlie\u00dfen Sie den Deckel und der Sensor\u00a0ist betriebsbereit.<\/p>\n","protected":false},"excerpt":{"rendered":"<h2><strong>Feuchtesensor mit LED-Indikation f\u00fcr den Boden-Feuchtigkeitsgehalt<\/strong><\/h2>\n<p>Handlicher Feuchtesensor mit 7 LED\u2019s. Zeigt den Feuchtigkeitsgehalt im Boden Ihrer Pflanzen an. Sowohl f\u00fcr den Innen- als auch f\u00fcr den Au\u00dfenbereich.<\/p>\n","protected":false},"featured_media":19287,"comment_status":"open","ping_status":"closed","template":"","meta":{"_acf_changed":false},"product_brand":[],"product_cat":[116],"product_tag":[],"class_list":{"0":"post-7628","1":"product","2":"type-product","3":"status-publish","4":"has-post-thumbnail","6":"product_cat-messgerate","8":"first","9":"outofstock","10":"taxable","11":"shipping-taxable","12":"purchasable","13":"product-type-simple"},"acf":[],"yoast_head":"<!-- This site is optimized with the Yoast SEO Premium plugin v26.1 (Yoast SEO v27.3) - https:\/\/yoast.com\/product\/yoast-seo-premium-wordpress\/ -->\n<title>Feuchtesensor mit 7X LED - Plant Care Tools<\/title>\n<meta name=\"description\" content=\"Dieser Feuchtesensor mit 7X LED ist ein sehr handliches Werkzeug, um die Feuchtigkeit des Bodens von Topfpflanzen drinnen und drau\u00dfen zu messen.\" \/>\n<meta name=\"robots\" content=\"index, follow, max-snippet:-1, max-image-preview:large, max-video-preview:-1\" \/>\n<link rel=\"canonical\" href=\"https:\/\/www.plantcaretools.com\/de\/produkt\/messgerate\/feuchtesensor-7x-led\/\" \/>\n<script type=\"application\/ld+json\" class=\"yoast-schema-graph\">{\"@context\":\"https:\\\/\\\/schema.org\",\"@graph\":[{\"@type\":\"BreadcrumbList\",\"@id\":\"https:\\\/\\\/www.plantcaretools.com\\\/de\\\/produkt\\\/messgerate\\\/feuchtesensor-7x-led\\\/#breadcrumb\",\"itemListElement\":[{\"@type\":\"ListItem\",\"position\":1,\"name\":\"Home\",\"item\":\"https:\\\/\\\/www.plantcaretools.com\\\/de\\\/\"},{\"@type\":\"ListItem\",\"position\":2,\"name\":\"Produkte\",\"item\":\"https:\\\/\\\/www.plantcaretools.com\\\/de\\\/produkte\\\/\"},{\"@type\":\"ListItem\",\"position\":3,\"name\":\"Feuchtesensor mit 7X LED\"}]}]}<\/script>\n<!-- \/ Yoast SEO Premium plugin. -->","yoast_head_json":{"title":"Feuchtesensor mit 7X LED - Plant Care Tools","description":"Dieser Feuchtesensor mit 7X LED ist ein sehr handliches Werkzeug, um die Feuchtigkeit des Bodens von Topfpflanzen drinnen und drau\u00dfen zu messen.","robots":{"index":"index","follow":"follow","max-snippet":"max-snippet:-1","max-image-preview":"max-image-preview:large","max-video-preview":"max-video-preview:-1"},"canonical":"https:\/\/www.plantcaretools.com\/de\/produkt\/messgerate\/feuchtesensor-7x-led\/","schema":{"@context":"https:\/\/schema.org","@graph":[{"@type":"BreadcrumbList","@id":"https:\/\/www.plantcaretools.com\/de\/produkt\/messgerate\/feuchtesensor-7x-led\/#breadcrumb","itemListElement":[{"@type":"ListItem","position":1,"name":"Home","item":"https:\/\/www.plantcaretools.com\/de\/"},{"@type":"ListItem","position":2,"name":"Produkte","item":"https:\/\/www.plantcaretools.com\/de\/produkte\/"},{"@type":"ListItem","position":3,"name":"Feuchtesensor mit 7X LED"}]}]}},"jetpack_sharing_enabled":true,"_links":{"self":[{"href":"https:\/\/www.plantcaretools.com\/de\/wp-json\/wp\/v2\/product\/7628","targetHints":{"allow":["GET"]}}],"collection":[{"href":"https:\/\/www.plantcaretools.com\/de\/wp-json\/wp\/v2\/product"}],"about":[{"href":"https:\/\/www.plantcaretools.com\/de\/wp-json\/wp\/v2\/types\/product"}],"replies":[{"embeddable":true,"href":"https:\/\/www.plantcaretools.com\/de\/wp-json\/wp\/v2\/comments?post=7628"}],"wp:featuredmedia":[{"embeddable":true,"href":"https:\/\/www.plantcaretools.com\/de\/wp-json\/wp\/v2\/media\/19287"}],"wp:attachment":[{"href":"https:\/\/www.plantcaretools.com\/de\/wp-json\/wp\/v2\/media?parent=7628"}],"wp:term":[{"taxonomy":"product_brand","embeddable":true,"href":"https:\/\/www.plantcaretools.com\/de\/wp-json\/wp\/v2\/product_brand?post=7628"},{"taxonomy":"product_cat","embeddable":true,"href":"https:\/\/www.plantcaretools.com\/de\/wp-json\/wp\/v2\/product_cat?post=7628"},{"taxonomy":"product_tag","embeddable":true,"href":"https:\/\/www.plantcaretools.com\/de\/wp-json\/wp\/v2\/product_tag?post=7628"}],"curies":[{"name":"wp","href":"https:\/\/api.w.org\/{rel}","templated":true}]}}