{"id":7645,"date":"2017-09-06T16:47:18","date_gmt":"2017-09-06T14:47:18","guid":{"rendered":"https:\/\/www.plantcaretools.com\/unkategorisiert\/digitales-bodenthermometer\/"},"modified":"2026-02-12T13:15:21","modified_gmt":"2026-02-12T12:15:21","slug":"digitales-bodenthermometer","status":"publish","type":"product","link":"https:\/\/www.plantcaretools.com\/de\/produkt\/messgerate\/digitales-bodenthermometer\/","title":{"rendered":"Digitales Bodenthermometer"},"content":{"rendered":"<h2><strong>Ein digitales Bodenthermometer ist ein praktisches Werkzeug f\u00fcr Pflanzenliebhaber, die selbst Pflanzen s\u00e4en<\/strong><\/h2>\n<p>Dieses Digitales Bodenthermometer eignet sich besonders zur \u00dcberpr\u00fcfung der Temperatur Ihres Saatgutkastens. Sie stecken den Sensor in den Saatboden und verbinden das flexible Kabel mit dem Ger\u00e4t au\u00dferhalb des Saatkastens. So behalten Sie die Bodentemperatur dauerhaft im Griff.<\/p>\n<p>Der Sensor besteht aus einem Stift und einem Kabel aus rostfreiem Stahl, das gegen den feuchten Boden best\u00e4ndig ist.<\/p>\n<p>Diese Temperaturanzeige kann auch in der K\u00fcche n\u00fctzlich sein, um Kerntemperaturen von Fleisch oder Brot zu messen.<\/p>\n<p>Arbeitet sehr genau und hat eine Alarmfunktion, wenn der voreingestellte Minimal- und Maximalwert \u00fcberschritten wird.<\/p>\n<p>Das Messger\u00e4t verf\u00fcgt auch \u00fcber eine Countdown-Timer-Funktion mit Alarm.<\/p>\n<p>Ben\u00f6tigt nur eine AAA-Batterie (nicht im Lieferumfang enthalten).<\/p>\n","protected":false},"excerpt":{"rendered":"<h2><strong>Diese digitale Thermometer eignet sich f\u00fcr alle Bodenmessungen wie die Erde des Saatkastens in einem beheizten Gew\u00e4chshaus.<\/strong><\/h2>\n<p>Ideal mit dem langen flexiblen Kabel, um die Bodentemperatur von S\u00e4mlingen und Stecklingen genau zu \u00fcberwachen und rechtzeitig f\u00fcr optimales Pflanzenwachstum einzustellen. Unser digitales Bodenthermometer wird mit einem Edelstahlstift geliefert.<\/p>\n","protected":false},"featured_media":4424,"comment_status":"open","ping_status":"closed","template":"","meta":{"_acf_changed":false},"product_brand":[],"product_cat":[116],"product_tag":[],"class_list":{"0":"post-7645","1":"product","2":"type-product","3":"status-publish","4":"has-post-thumbnail","6":"product_cat-messgerate","8":"first","9":"instock","10":"taxable","11":"shipping-taxable","12":"purchasable","13":"product-type-simple"},"acf":[],"yoast_head":"<!-- This site is optimized with the Yoast SEO Premium plugin v26.1 (Yoast SEO v27.3) - https:\/\/yoast.com\/product\/yoast-seo-premium-wordpress\/ -->\n<title>Digitales Bodenthermometer \u2013 Plant Care Tools<\/title>\n<meta name=\"description\" content=\"Ein digitales Bodenthermometer eignet sich besonders zur \u00dcberpr\u00fcfung der Temperatur Ihres Saatgutkastens. Eine dauerhafte kontrolle der Bodentemperatur!\" \/>\n<meta name=\"robots\" content=\"index, follow, max-snippet:-1, max-image-preview:large, max-video-preview:-1\" \/>\n<link rel=\"canonical\" href=\"https:\/\/www.plantcaretools.com\/de\/produkt\/messgerate\/digitales-bodenthermometer\/\" \/>\n<script type=\"application\/ld+json\" class=\"yoast-schema-graph\">{\"@context\":\"https:\\\/\\\/schema.org\",\"@graph\":[{\"@type\":\"BreadcrumbList\",\"@id\":\"https:\\\/\\\/www.plantcaretools.com\\\/de\\\/produkt\\\/messgerate\\\/digitales-bodenthermometer\\\/#breadcrumb\",\"itemListElement\":[{\"@type\":\"ListItem\",\"position\":1,\"name\":\"Home\",\"item\":\"https:\\\/\\\/www.plantcaretools.com\\\/de\\\/\"},{\"@type\":\"ListItem\",\"position\":2,\"name\":\"Produkte\",\"item\":\"https:\\\/\\\/www.plantcaretools.com\\\/de\\\/produkte\\\/\"},{\"@type\":\"ListItem\",\"position\":3,\"name\":\"Digitales Bodenthermometer\"}]}]}<\/script>\n<!-- \/ Yoast SEO Premium plugin. -->","yoast_head_json":{"title":"Digitales Bodenthermometer \u2013 Plant Care Tools","description":"Ein digitales Bodenthermometer eignet sich besonders zur \u00dcberpr\u00fcfung der Temperatur Ihres Saatgutkastens. Eine dauerhafte kontrolle der Bodentemperatur!","robots":{"index":"index","follow":"follow","max-snippet":"max-snippet:-1","max-image-preview":"max-image-preview:large","max-video-preview":"max-video-preview:-1"},"canonical":"https:\/\/www.plantcaretools.com\/de\/produkt\/messgerate\/digitales-bodenthermometer\/","schema":{"@context":"https:\/\/schema.org","@graph":[{"@type":"BreadcrumbList","@id":"https:\/\/www.plantcaretools.com\/de\/produkt\/messgerate\/digitales-bodenthermometer\/#breadcrumb","itemListElement":[{"@type":"ListItem","position":1,"name":"Home","item":"https:\/\/www.plantcaretools.com\/de\/"},{"@type":"ListItem","position":2,"name":"Produkte","item":"https:\/\/www.plantcaretools.com\/de\/produkte\/"},{"@type":"ListItem","position":3,"name":"Digitales Bodenthermometer"}]}]}},"jetpack_sharing_enabled":true,"_links":{"self":[{"href":"https:\/\/www.plantcaretools.com\/de\/wp-json\/wp\/v2\/product\/7645","targetHints":{"allow":["GET"]}}],"collection":[{"href":"https:\/\/www.plantcaretools.com\/de\/wp-json\/wp\/v2\/product"}],"about":[{"href":"https:\/\/www.plantcaretools.com\/de\/wp-json\/wp\/v2\/types\/product"}],"replies":[{"embeddable":true,"href":"https:\/\/www.plantcaretools.com\/de\/wp-json\/wp\/v2\/comments?post=7645"}],"wp:featuredmedia":[{"embeddable":true,"href":"https:\/\/www.plantcaretools.com\/de\/wp-json\/wp\/v2\/media\/4424"}],"wp:attachment":[{"href":"https:\/\/www.plantcaretools.com\/de\/wp-json\/wp\/v2\/media?parent=7645"}],"wp:term":[{"taxonomy":"product_brand","embeddable":true,"href":"https:\/\/www.plantcaretools.com\/de\/wp-json\/wp\/v2\/product_brand?post=7645"},{"taxonomy":"product_cat","embeddable":true,"href":"https:\/\/www.plantcaretools.com\/de\/wp-json\/wp\/v2\/product_cat?post=7645"},{"taxonomy":"product_tag","embeddable":true,"href":"https:\/\/www.plantcaretools.com\/de\/wp-json\/wp\/v2\/product_tag?post=7645"}],"curies":[{"name":"wp","href":"https:\/\/api.w.org\/{rel}","templated":true}]}}