{"id":7662,"date":"2017-09-06T16:48:58","date_gmt":"2017-09-06T14:48:58","guid":{"rendered":"https:\/\/www.plantcaretools.com\/unkategorisiert\/bodentestkit-n-p-k-ph\/"},"modified":"2025-11-27T13:56:17","modified_gmt":"2025-11-27T12:56:17","slug":"bodentestkit-n-p-k-ph","status":"publish","type":"product","link":"https:\/\/www.plantcaretools.com\/de\/produkt\/messgerate\/bodentestkit-n-p-k-ph\/","title":{"rendered":"Bodentestkit (N, P, K, pH) 80 Tests"},"content":{"rendered":"<h2><strong>Rapitech STK008 Bodentestkit zum Messen von pH, N, P und K (80 tests)<\/strong><\/h2>\n<p>Testen Sie Ihren Boden f\u00fcr einen gesunden Garten mir dieser Rapitch Bodentestkit! Um den Boden in Gartenbeeten zu testen, in denen Sie Str\u00e4ucher, Stauden, Gem\u00fcse oder Obst pflanzen, graben Sie 10 cm mit einer Kelle aus und nehmen Sie eine kleine Probe auf dieser H\u00f6he. Nehmen Sie f\u00fcr Rasenfl\u00e4chen, Einj\u00e4hrige und Zimmerpflanzen eine Probe 5 &#8211; 8 cm unter der Bodenoberfl\u00e4che. Einfaches System zur Vorbereitung Ihrer Bodenproben. Vergleichen Sie Ihre Testergebnisse f\u00fcr pH, N (Stickstoff), P (Phosphor) und K (Kalium) mit der beiliegenden Farbentabelle. Insgesamt 4X 20 Tests. <strong>Deutsches Handbuch und pH-Pr\u00e4ferenzliste enthalten<\/strong>.<\/p>\n","protected":false},"excerpt":{"rendered":"<h2><strong>Rapitech STK008 Bodentestkit zum Messen von pH und NPK (80 tests)<\/strong><\/h2>\n<p>Testen Sie Ihren Boden f\u00fcr einen gesunden Garten! Um den Boden in Gartenbeeten zu testen, in denen Sie Str\u00e4ucher, Stauden, Gem\u00fcse oder Obst pflanzen, graben Sie 10 cm mit einer Kelle aus und nehmen Sie eine kleine Probe auf dieser H\u00f6he. Nehmen Sie f\u00fcr Rasenfl\u00e4chen, Einj\u00e4hrige und Zimmerpflanzen eine Probe 5 &#8211; 8 cm unter der Bodenoberfl\u00e4che. Einfaches System zur Vorbereitung Ihrer Bodenproben. Vergleichen Sie Ihre Testergebnisse f\u00fcr pH, N (Stickstoff), P (Phosphor) und K (Kalium) mit der beiliegenden Farbentabelle. Insgesamt 4X 20 Tests. <strong>Deutsches Handbuch und pH-Pr\u00e4ferenzliste enthalten<\/strong>.<\/p>\n","protected":false},"featured_media":6776,"comment_status":"open","ping_status":"closed","template":"","meta":{"_acf_changed":false},"product_brand":[],"product_cat":[116,148],"product_tag":[],"class_list":{"0":"post-7662","1":"product","2":"type-product","3":"status-publish","4":"has-post-thumbnail","6":"product_cat-messgerate","7":"product_cat-professionelle-anwender","9":"first","10":"instock","11":"taxable","12":"shipping-taxable","13":"purchasable","14":"product-type-simple"},"acf":[],"yoast_head":"<!-- This site is optimized with the Yoast SEO Premium plugin v26.1 (Yoast SEO v27.4) - https:\/\/yoast.com\/product\/yoast-seo-premium-wordpress\/ -->\n<title>Bodentestkit - Rapitech STK008 - Plant Care Tools<\/title>\n<meta name=\"description\" content=\"Der Rapitech Bodentestkit ist sehr gebrauchsfreundlich und gibt exakte Resultaten. Misst den pH, Stikstoff, Fosfor und Kalium, 80 TESTS\" \/>\n<meta name=\"robots\" content=\"index, follow, max-snippet:-1, max-image-preview:large, max-video-preview:-1\" \/>\n<link rel=\"canonical\" href=\"https:\/\/www.plantcaretools.com\/de\/produkt\/messgerate\/bodentestkit-n-p-k-ph\/\" \/>\n<script type=\"application\/ld+json\" class=\"yoast-schema-graph\">{\"@context\":\"https:\\\/\\\/schema.org\",\"@graph\":[{\"@type\":\"BreadcrumbList\",\"@id\":\"https:\\\/\\\/www.plantcaretools.com\\\/de\\\/produkt\\\/messgerate\\\/bodentestkit-n-p-k-ph\\\/#breadcrumb\",\"itemListElement\":[{\"@type\":\"ListItem\",\"position\":1,\"name\":\"Home\",\"item\":\"https:\\\/\\\/www.plantcaretools.com\\\/de\\\/\"},{\"@type\":\"ListItem\",\"position\":2,\"name\":\"Produkte\",\"item\":\"https:\\\/\\\/www.plantcaretools.com\\\/de\\\/produkte\\\/\"},{\"@type\":\"ListItem\",\"position\":3,\"name\":\"Bodentestkit (N, P, K, pH) 80 Tests\"}]}]}<\/script>\n<!-- \/ Yoast SEO Premium plugin. -->","yoast_head_json":{"title":"Bodentestkit - Rapitech STK008 - Plant Care Tools","description":"Der Rapitech Bodentestkit ist sehr gebrauchsfreundlich und gibt exakte Resultaten. Misst den pH, Stikstoff, Fosfor und Kalium, 80 TESTS","robots":{"index":"index","follow":"follow","max-snippet":"max-snippet:-1","max-image-preview":"max-image-preview:large","max-video-preview":"max-video-preview:-1"},"canonical":"https:\/\/www.plantcaretools.com\/de\/produkt\/messgerate\/bodentestkit-n-p-k-ph\/","schema":{"@context":"https:\/\/schema.org","@graph":[{"@type":"BreadcrumbList","@id":"https:\/\/www.plantcaretools.com\/de\/produkt\/messgerate\/bodentestkit-n-p-k-ph\/#breadcrumb","itemListElement":[{"@type":"ListItem","position":1,"name":"Home","item":"https:\/\/www.plantcaretools.com\/de\/"},{"@type":"ListItem","position":2,"name":"Produkte","item":"https:\/\/www.plantcaretools.com\/de\/produkte\/"},{"@type":"ListItem","position":3,"name":"Bodentestkit (N, P, K, pH) 80 Tests"}]}]}},"jetpack_sharing_enabled":true,"_links":{"self":[{"href":"https:\/\/www.plantcaretools.com\/de\/wp-json\/wp\/v2\/product\/7662","targetHints":{"allow":["GET"]}}],"collection":[{"href":"https:\/\/www.plantcaretools.com\/de\/wp-json\/wp\/v2\/product"}],"about":[{"href":"https:\/\/www.plantcaretools.com\/de\/wp-json\/wp\/v2\/types\/product"}],"replies":[{"embeddable":true,"href":"https:\/\/www.plantcaretools.com\/de\/wp-json\/wp\/v2\/comments?post=7662"}],"wp:featuredmedia":[{"embeddable":true,"href":"https:\/\/www.plantcaretools.com\/de\/wp-json\/wp\/v2\/media\/6776"}],"wp:attachment":[{"href":"https:\/\/www.plantcaretools.com\/de\/wp-json\/wp\/v2\/media?parent=7662"}],"wp:term":[{"taxonomy":"product_brand","embeddable":true,"href":"https:\/\/www.plantcaretools.com\/de\/wp-json\/wp\/v2\/product_brand?post=7662"},{"taxonomy":"product_cat","embeddable":true,"href":"https:\/\/www.plantcaretools.com\/de\/wp-json\/wp\/v2\/product_cat?post=7662"},{"taxonomy":"product_tag","embeddable":true,"href":"https:\/\/www.plantcaretools.com\/de\/wp-json\/wp\/v2\/product_tag?post=7662"}],"curies":[{"name":"wp","href":"https:\/\/api.w.org\/{rel}","templated":true}]}}