{"id":7687,"date":"2017-09-06T16:53:10","date_gmt":"2017-09-06T14:53:10","guid":{"rendered":"https:\/\/www.plantcaretools.com\/unkategorisiert\/bodenmesser-duengung-ph-temp\/"},"modified":"2026-02-14T05:14:15","modified_gmt":"2026-02-14T04:14:15","slug":"bodenmesser-duengung-ph-temp","status":"publish","type":"product","link":"https:\/\/www.plantcaretools.com\/de\/produkt\/messgerate\/bodenmesser-duengung-ph-temp\/","title":{"rendered":"Bodenmesser (D\u00fcngung, pH, temp.)"},"content":{"rendered":"<h2><strong>Rapitest 1835 elektronischer Bodenmessger\u00e4t f\u00fcr pH, D\u00fcngung und Temperatur<\/strong><\/h2>\n<p>Der digitale 3 &#8211; Wege -Bodenmesser misst schnell und einfach <strong>Boden- pH<\/strong>,\u00a0<strong>Temperatur<\/strong>\u00a0und\u00a0<strong>Bodenfruchtbarkeit (auch bekannt unter EC)<\/strong>. Sehr handliches Bodenmessger\u00e4t um direkt in die Erde zu messen.<\/p>\n<h2><strong>Lusterleaf Rapitest 1835 elektronisches 3- Wege- Bodenmesser f\u00fcr pH, D\u00fcngung und Temperatur vom Boden<\/strong><\/h2>\n<p>Der digitale 3- Wege- Bodenmesser bietet G\u00e4rtnern die M\u00f6glichkeit, schnell und einfach Boden pH, Temperatur und Bodenfruchtbarkeit zu testen. Der 3-Wege- Analysator ist eine bequeme, unkomplizierte Methode zum Testen von Erde. Es liefert Informationen, die G\u00e4rtner f\u00fcr ein optimales Pflanzenwachstum brauchen. Der 3- Wege- Bodenmesser vereint die wichtigsten Funktionen zur Bodenuntersuchung. Die pH- Funktion liest die Bodenacidit\u00e4t \/ -alkalit\u00e4t. Die Temperaturfunktion ( \u2109 ) erm\u00f6glicht dem G\u00e4rtner herauszufinden wann der Boden die richtige Temperatur zum Pflanzen hat. Die Fruchtbarkeitsfunktion liest die kombinierten Werte von Stickstoff (N), Phosphor (P) und Pottasche (K), um die N\u00e4hrstoffgesundheit des Bodens zu bestimmen. Das Messger\u00e4t wird mit einem umfassenden Betriebshandbuch geliefert<\/p>\n<p>Lesen Sie auf <a href=\"https:\/\/www.plantcaretools.com\/de\/sauregrad-messen-boden\/\">dieser Seite<\/a> alles \u00fcber die Messung des pH- werts. Dar\u00fcber hinaus finden Sie auf unserer <a href=\"https:\/\/www.plantcaretools.com\/de\/dungung-von-pflanzen-messen-faq\/\">Informationsseite<\/a> zur D\u00fcngemittelmessung Antworten auf h\u00e4ufig gestellte Fragen zum Thema D\u00fcnger. Haben Sie noch weitere Fragen zur Bodenmessung? Plant Care Tools ber\u00e4t Sie gerne und kompetent in allen Fragen.<\/p>\n<div class=\"lRu31\" dir=\"ltr\"><span class=\"HwtZe\" lang=\"de\"><span class=\"jCAhz ChMk0b\"><span class=\"ryNqvb\">Die Angaben auf der Verpackung sind falsch: <strong>Batterien f\u00fcr das Messger\u00e4t sind nicht im Lieferumfang enthalten<\/strong>.<\/span><\/span> <span class=\"jCAhz ChMk0b\"><span class=\"ryNqvb\">Es m\u00fcssen 3 Batterien vom Typ LR44 eingebaut werden, wobei der + Pol nach oben sichtbar sein muss.<\/span><\/span><\/span><\/p>\n<div class=\"OvtS8d\"><\/div>\n<div id=\"ow19\"><\/div>\n<\/div>\n<div class=\"UdTY9 WdefRb\" aria-hidden=\"true\" data-location=\"2\"><\/div>\n","protected":false},"excerpt":{"rendered":"<h2><strong>Rapitest 1835 elektronischer Bodenmesser f\u00fcr pH, D\u00fcngung und Temperatur<\/strong><\/h2>\n<p>Der digitale 3-Wege-Bodenmesser misst schnell und einfach <strong>Boden-pH<\/strong>, <strong>Temperatur<\/strong> und <strong>Bodenfruchtbarkeit (EC)<\/strong>. Sehr handliches Bodenmessger\u00e4t um direkt in die Erde zu messen.<\/p>\n<div class=\"lRu31\" dir=\"ltr\"><span class=\"HwtZe\" lang=\"de\"><span class=\"jCAhz ChMk0b\"><span class=\"ryNqvb\">Die Angaben auf der Verpackung sind falsch: <strong>Batterien f\u00fcr das Messger\u00e4t sind nicht im Lieferumfang enthalten<\/strong>.<\/span><\/span> <span class=\"jCAhz ChMk0b\"><span class=\"ryNqvb\">Es m\u00fcssen 3 Batterien vom Typ LR44 eingebaut werden, wobei der + Pol nach oben sichtbar sein muss.<\/span><\/span><\/span><\/p>\n<div class=\"OvtS8d\"><\/div>\n<div id=\"ow19\"><\/div>\n<\/div>\n<div class=\"UdTY9 WdefRb\" aria-hidden=\"true\" data-location=\"2\"><\/div>\n","protected":false},"featured_media":4432,"comment_status":"open","ping_status":"closed","template":"","meta":{"_acf_changed":false},"product_brand":[],"product_cat":[116],"product_tag":[],"class_list":{"0":"post-7687","1":"product","2":"type-product","3":"status-publish","4":"has-post-thumbnail","6":"product_cat-messgerate","8":"first","9":"instock","10":"taxable","11":"shipping-taxable","12":"purchasable","13":"product-type-simple"},"acf":[],"yoast_head":"<!-- This site is optimized with the Yoast SEO Premium plugin v26.1 (Yoast SEO v27.3) - https:\/\/yoast.com\/product\/yoast-seo-premium-wordpress\/ -->\n<title>Bodenmesser - Rapitest 1835 - Plant Care Tools<\/title>\n<meta name=\"description\" content=\"Der Rapitest 1835 - 3 Wege Bodenmesser misst schnell und einfach Boden-pH, Temperatur und Bodenfruchtbarkeit (EC). Handliches Bodenmessger\u00e4t.\" \/>\n<meta name=\"robots\" content=\"index, follow, max-snippet:-1, max-image-preview:large, max-video-preview:-1\" \/>\n<link rel=\"canonical\" href=\"https:\/\/www.plantcaretools.com\/de\/produkt\/messgerate\/bodenmesser-duengung-ph-temp\/\" \/>\n<script type=\"application\/ld+json\" class=\"yoast-schema-graph\">{\"@context\":\"https:\\\/\\\/schema.org\",\"@graph\":[{\"@type\":\"BreadcrumbList\",\"@id\":\"https:\\\/\\\/www.plantcaretools.com\\\/de\\\/produkt\\\/messgerate\\\/bodenmesser-duengung-ph-temp\\\/#breadcrumb\",\"itemListElement\":[{\"@type\":\"ListItem\",\"position\":1,\"name\":\"Home\",\"item\":\"https:\\\/\\\/www.plantcaretools.com\\\/de\\\/\"},{\"@type\":\"ListItem\",\"position\":2,\"name\":\"Produkte\",\"item\":\"https:\\\/\\\/www.plantcaretools.com\\\/de\\\/produkte\\\/\"},{\"@type\":\"ListItem\",\"position\":3,\"name\":\"Bodenmesser (D\u00fcngung, pH, temp.)\"}]}]}<\/script>\n<!-- \/ Yoast SEO Premium plugin. -->","yoast_head_json":{"title":"Bodenmesser - Rapitest 1835 - Plant Care Tools","description":"Der Rapitest 1835 - 3 Wege Bodenmesser misst schnell und einfach Boden-pH, Temperatur und Bodenfruchtbarkeit (EC). Handliches Bodenmessger\u00e4t.","robots":{"index":"index","follow":"follow","max-snippet":"max-snippet:-1","max-image-preview":"max-image-preview:large","max-video-preview":"max-video-preview:-1"},"canonical":"https:\/\/www.plantcaretools.com\/de\/produkt\/messgerate\/bodenmesser-duengung-ph-temp\/","schema":{"@context":"https:\/\/schema.org","@graph":[{"@type":"BreadcrumbList","@id":"https:\/\/www.plantcaretools.com\/de\/produkt\/messgerate\/bodenmesser-duengung-ph-temp\/#breadcrumb","itemListElement":[{"@type":"ListItem","position":1,"name":"Home","item":"https:\/\/www.plantcaretools.com\/de\/"},{"@type":"ListItem","position":2,"name":"Produkte","item":"https:\/\/www.plantcaretools.com\/de\/produkte\/"},{"@type":"ListItem","position":3,"name":"Bodenmesser (D\u00fcngung, pH, temp.)"}]}]}},"jetpack_sharing_enabled":true,"_links":{"self":[{"href":"https:\/\/www.plantcaretools.com\/de\/wp-json\/wp\/v2\/product\/7687","targetHints":{"allow":["GET"]}}],"collection":[{"href":"https:\/\/www.plantcaretools.com\/de\/wp-json\/wp\/v2\/product"}],"about":[{"href":"https:\/\/www.plantcaretools.com\/de\/wp-json\/wp\/v2\/types\/product"}],"replies":[{"embeddable":true,"href":"https:\/\/www.plantcaretools.com\/de\/wp-json\/wp\/v2\/comments?post=7687"}],"wp:featuredmedia":[{"embeddable":true,"href":"https:\/\/www.plantcaretools.com\/de\/wp-json\/wp\/v2\/media\/4432"}],"wp:attachment":[{"href":"https:\/\/www.plantcaretools.com\/de\/wp-json\/wp\/v2\/media?parent=7687"}],"wp:term":[{"taxonomy":"product_brand","embeddable":true,"href":"https:\/\/www.plantcaretools.com\/de\/wp-json\/wp\/v2\/product_brand?post=7687"},{"taxonomy":"product_cat","embeddable":true,"href":"https:\/\/www.plantcaretools.com\/de\/wp-json\/wp\/v2\/product_cat?post=7687"},{"taxonomy":"product_tag","embeddable":true,"href":"https:\/\/www.plantcaretools.com\/de\/wp-json\/wp\/v2\/product_tag?post=7687"}],"curies":[{"name":"wp","href":"https:\/\/api.w.org\/{rel}","templated":true}]}}