{"id":7714,"date":"2017-09-23T10:12:09","date_gmt":"2017-09-23T08:12:09","guid":{"rendered":"https:\/\/www.plantcaretools.com\/unkategorisiert\/ph-bodenmesser-langer-sonde\/"},"modified":"2026-03-03T21:20:12","modified_gmt":"2026-03-03T20:20:12","slug":"ph-bodenmesser-langer-sonde","status":"publish","type":"product","link":"https:\/\/www.plantcaretools.com\/de\/produkt\/messgerate\/ph-bodenmesser-langer-sonde\/","title":{"rendered":"Prof. pH\/Feuchtemesser (Lange Sonde)"},"content":{"rendered":"<h2><strong>Dieses pH Bodenmesser und Feuchtemesser mit langer Sonde wird im Garten, Rasen und in gro\u00dfe K\u00fcbelpflanzen benutzt<\/strong><\/h2>\n<p>Um den pH- Wert und den Feuchtigkeitsgehalt verschiedener Bodenarten zu messen. Das pH Bodenmesser hat eine lange Sonde (30 cm), sehr geeignet f\u00fcr gro\u00dfe Containerpflanzen!<\/p>\n<p><strong>Skala:<\/strong><br \/>\npH = 3-8 pH; Feuchtigkeit: 10 % &#8211; 80 %.<\/p>\n<p><strong>Hinweise:<\/strong><br \/>\nDer Boden\u00a0 pH- Wert ist ein sehr wichtiger Faktor bei der Produktion von Qualit\u00e4tskulturen. Die meisten Pflanzen k\u00f6nnen in zu saurem oder zu alkalischem Boden nicht \u00fcberleben. Daher ist der korrekte pH- Wert wichtig, um ein optimales Ergebnis zu erzielen. Mit diesem pH Bodenmesser mit langer Sonde (30 cm) k\u00f6nnen Sie den pH- Wert und die Bodenfeuchte einfach und schnell messen.<br \/>\n<strong>Verwendung:<\/strong><br \/>\nUm den pH- Wert und den Feuchtigkeitsgehalt verschiedener Bodenarten zu messen. Es hat eine lange Sonde (30 cm), sehr geeignet f\u00fcr gro\u00dfe Containerpflanzen!<br \/>\n<strong>Skala:<\/strong><br \/>\npH = 3 &#8211; 8 pH; Feuchtigkeit: 10 % &#8211; 80 %.<br \/>\n<strong>Genauigkeit:<\/strong><br \/>\n\u00b10,2pH \u2013 geeignet f\u00fcr landwirtschaftliche Feld- und Klassenzimmerversuche.<br \/>\n<strong>Betriebstemperatur:<\/strong><br \/>\n5\u00b0 &#8211; 50\u00b0C (41 &#8211; 122 Grad Fahrenheit)<br \/>\n<strong>Kalibrierung:<\/strong><br \/>\nEntfernen Sie die Oxidation von Metallringen durch leichtes Polieren.<\/p>\n<p>Auf <a href=\"https:\/\/www.plantcaretools.com\/de\/sauregrad-messen-boden\/\">dieser Seite<\/a> finden Sie alle Informationen zur Messung des pH-Werts im Boden. Sehen Sie sich au\u00dferdem unsere <a href=\"https:\/\/www.plantcaretools.com\/de\/bodenfeuchte-messen\/\">Informationsseite<\/a> zur Messung der Bodenfeuchtigkeit an. Die Antworten auf die am h\u00e4ufigsten gestellten Fragen zur Bew\u00e4sserung von Pflanzen im Allgemeinen finden Sie <a href=\"https:\/\/www.plantcaretools.com\/de\/pflanzen-wasser-geben-faq\/\">hier<\/a>.<\/p>\n","protected":false},"excerpt":{"rendered":"<h2><strong>Dieses pH Bodenmesser und Feuchtemesser mit lange Sonde wird im Garten, Rasen und in gro\u00dfe K\u00fcbelpflanzen benutzt<\/strong><\/h2>\n<p>Um den pH-Wert und den Feuchtigkeitsgehalt verschiedener Bodenarten zu messen. Das pH Bodenmesser hat eine lange Sonde (30cm), sehr geeignet f\u00fcr gro\u00dfe Containerpflanzen!<\/p>\n<p><strong>Skala:<\/strong><br \/>\npH = 3-8 pH; Feuchtigkeit: 10%-80%.<\/p>\n","protected":false},"featured_media":19079,"comment_status":"open","ping_status":"closed","template":"","meta":{"_acf_changed":false},"product_brand":[],"product_cat":[116,148],"product_tag":[],"class_list":{"0":"post-7714","1":"product","2":"type-product","3":"status-publish","4":"has-post-thumbnail","6":"product_cat-messgerate","7":"product_cat-professionelle-anwender","9":"first","10":"onbackorder","11":"taxable","12":"shipping-taxable","13":"purchasable","14":"product-type-simple"},"acf":[],"yoast_head":"<!-- This site is optimized with the Yoast SEO Premium plugin v26.1 (Yoast SEO v27.3) - https:\/\/yoast.com\/product\/yoast-seo-premium-wordpress\/ -->\n<title>pH Bodenmesser - Langer Sonde - Plant Care Tools<\/title>\n<meta name=\"description\" content=\"Dieses Messger\u00e4t ist geeignet um den pH-Wert und den Feuchtigkeitsgehalt in grosse K\u00fcbelpflanzen zu messen. Das pH Bodenmesser hat eine 30cm lange Sonde.\" \/>\n<meta name=\"robots\" content=\"index, follow, max-snippet:-1, max-image-preview:large, max-video-preview:-1\" \/>\n<link rel=\"canonical\" href=\"https:\/\/www.plantcaretools.com\/de\/produkt\/messgerate\/ph-bodenmesser-langer-sonde\/\" \/>\n<script type=\"application\/ld+json\" class=\"yoast-schema-graph\">{\"@context\":\"https:\\\/\\\/schema.org\",\"@graph\":[{\"@type\":\"BreadcrumbList\",\"@id\":\"https:\\\/\\\/www.plantcaretools.com\\\/de\\\/produkt\\\/messgerate\\\/ph-bodenmesser-langer-sonde\\\/#breadcrumb\",\"itemListElement\":[{\"@type\":\"ListItem\",\"position\":1,\"name\":\"Home\",\"item\":\"https:\\\/\\\/www.plantcaretools.com\\\/de\\\/\"},{\"@type\":\"ListItem\",\"position\":2,\"name\":\"Produkte\",\"item\":\"https:\\\/\\\/www.plantcaretools.com\\\/de\\\/produkte\\\/\"},{\"@type\":\"ListItem\",\"position\":3,\"name\":\"Prof. pH\\\/Feuchtemesser (Lange Sonde)\"}]}]}<\/script>\n<!-- \/ Yoast SEO Premium plugin. -->","yoast_head_json":{"title":"pH Bodenmesser - Langer Sonde - Plant Care Tools","description":"Dieses Messger\u00e4t ist geeignet um den pH-Wert und den Feuchtigkeitsgehalt in grosse K\u00fcbelpflanzen zu messen. Das pH Bodenmesser hat eine 30cm lange Sonde.","robots":{"index":"index","follow":"follow","max-snippet":"max-snippet:-1","max-image-preview":"max-image-preview:large","max-video-preview":"max-video-preview:-1"},"canonical":"https:\/\/www.plantcaretools.com\/de\/produkt\/messgerate\/ph-bodenmesser-langer-sonde\/","schema":{"@context":"https:\/\/schema.org","@graph":[{"@type":"BreadcrumbList","@id":"https:\/\/www.plantcaretools.com\/de\/produkt\/messgerate\/ph-bodenmesser-langer-sonde\/#breadcrumb","itemListElement":[{"@type":"ListItem","position":1,"name":"Home","item":"https:\/\/www.plantcaretools.com\/de\/"},{"@type":"ListItem","position":2,"name":"Produkte","item":"https:\/\/www.plantcaretools.com\/de\/produkte\/"},{"@type":"ListItem","position":3,"name":"Prof. pH\/Feuchtemesser (Lange Sonde)"}]}]}},"jetpack_sharing_enabled":true,"_links":{"self":[{"href":"https:\/\/www.plantcaretools.com\/de\/wp-json\/wp\/v2\/product\/7714","targetHints":{"allow":["GET"]}}],"collection":[{"href":"https:\/\/www.plantcaretools.com\/de\/wp-json\/wp\/v2\/product"}],"about":[{"href":"https:\/\/www.plantcaretools.com\/de\/wp-json\/wp\/v2\/types\/product"}],"replies":[{"embeddable":true,"href":"https:\/\/www.plantcaretools.com\/de\/wp-json\/wp\/v2\/comments?post=7714"}],"wp:featuredmedia":[{"embeddable":true,"href":"https:\/\/www.plantcaretools.com\/de\/wp-json\/wp\/v2\/media\/19079"}],"wp:attachment":[{"href":"https:\/\/www.plantcaretools.com\/de\/wp-json\/wp\/v2\/media?parent=7714"}],"wp:term":[{"taxonomy":"product_brand","embeddable":true,"href":"https:\/\/www.plantcaretools.com\/de\/wp-json\/wp\/v2\/product_brand?post=7714"},{"taxonomy":"product_cat","embeddable":true,"href":"https:\/\/www.plantcaretools.com\/de\/wp-json\/wp\/v2\/product_cat?post=7714"},{"taxonomy":"product_tag","embeddable":true,"href":"https:\/\/www.plantcaretools.com\/de\/wp-json\/wp\/v2\/product_tag?post=7714"}],"curies":[{"name":"wp","href":"https:\/\/api.w.org\/{rel}","templated":true}]}}