{"id":7743,"date":"2017-09-23T09:51:31","date_gmt":"2017-09-23T07:51:31","guid":{"rendered":"https:\/\/www.plantcaretools.com\/unkategorisiert\/plant-pulse-feuchtesensor\/"},"modified":"2025-01-29T20:35:20","modified_gmt":"2025-01-29T19:35:20","slug":"plant-pulse-feuchtesensor","status":"publish","type":"product","link":"https:\/\/www.plantcaretools.com\/de\/produkt\/messgerate\/plant-pulse-feuchtesensor\/","title":{"rendered":"Plant pulse Feuchtesensor"},"content":{"rendered":"<h2><strong>Der Plant Pulse Feuchtesensor \u00fcberwacht kontinuierlich die Bodenfeuchtigkeit<\/strong><\/h2>\n<p>Es war noch nie einfacher Ihre Topfpflanzen perfekt zu bew\u00e4ssern. Verschwenden Sie kein Wasser! Die innovative und energieeffiziente Technologie von Plant Pulse \u00fcberwacht kontinuierlich die Feuchtigkeitswerte Ihrer Pflanze im Wurzelbereich und gibt Ihnen Live-Feedback, um Sie zu warnen, wann gew\u00e4ssert werden soll. Ein helles LED Licht blinkt rot wenn der Boden bew\u00e4ssert werden muss.<\/p>\n<p>Halten Sie Ihre Pflanze gesund durch erst dann zu gie\u00dfen, wenn der Sensor rot blinkt. Der Plant Pulse Feuchtesensor blinkt l\u00e4nger je trockener der Boden ist.<\/p>\n<p>Der Sensor blinkt zweimal wenn die Batterien ausgewechselt werden m\u00fcssen.<\/p>\n<p>Batterien enthalten.<\/p>\n","protected":false},"excerpt":{"rendered":"<h2><strong>Dieser Feuchtigkeitssensor warnt Sie, wenn Sie Ihre Pflanze gie\u00dfen sollten<\/strong><\/h2>\n<p>Es war noch nie einfacher, Ihre Topfpflanzen perfekt zu bew\u00e4ssern. Verschwenden Sie kein Wasser! Die innovative und energieeffiziente Technologie vom Plant Pulse Feuchtesensor \u00fcberwacht kontinuierlich die Feuchtigkeitswerte Ihrer Pflanze im Wurzelbereich und gibt Ihnen Live-Feedback, um Sie zu warnen, wann gew\u00e4ssert werden soll. Ein helles LED Licht blinkt rot wenn der Boden bew\u00e4ssert werden muss.<\/p>\n","protected":false},"featured_media":4436,"comment_status":"open","ping_status":"closed","template":"","meta":{"_acf_changed":false},"product_brand":[],"product_cat":[116],"product_tag":[],"class_list":{"0":"post-7743","1":"product","2":"type-product","3":"status-publish","4":"has-post-thumbnail","6":"product_cat-messgerate","8":"first","9":"instock","10":"featured","11":"taxable","12":"shipping-taxable","13":"purchasable","14":"product-type-simple"},"acf":[],"yoast_head":"<!-- This site is optimized with the Yoast SEO Premium plugin v26.1 (Yoast SEO v27.3) - https:\/\/yoast.com\/product\/yoast-seo-premium-wordpress\/ -->\n<title>Plant Pulse Feuchtesensor \u2013 \u00fcberwacht kontinuierlich die Bodenfeuchte<\/title>\n<meta name=\"description\" content=\"Dieser Sensor warnt Sie, wenn Ihre Pflanze Wasser ben\u00f6tigt. Gie\u00dfen Sie Ihre Pflanze erst dann, wenn der Plant Pulse Feuchtesensor rot blinkt.\" \/>\n<meta name=\"robots\" content=\"index, follow, max-snippet:-1, max-image-preview:large, max-video-preview:-1\" \/>\n<link rel=\"canonical\" href=\"https:\/\/www.plantcaretools.com\/de\/produkt\/messgerate\/plant-pulse-feuchtesensor\/\" \/>\n<script type=\"application\/ld+json\" class=\"yoast-schema-graph\">{\"@context\":\"https:\\\/\\\/schema.org\",\"@graph\":[{\"@type\":\"BreadcrumbList\",\"@id\":\"https:\\\/\\\/www.plantcaretools.com\\\/de\\\/produkt\\\/messgerate\\\/plant-pulse-feuchtesensor\\\/#breadcrumb\",\"itemListElement\":[{\"@type\":\"ListItem\",\"position\":1,\"name\":\"Home\",\"item\":\"https:\\\/\\\/www.plantcaretools.com\\\/de\\\/\"},{\"@type\":\"ListItem\",\"position\":2,\"name\":\"Produkte\",\"item\":\"https:\\\/\\\/www.plantcaretools.com\\\/de\\\/produkte\\\/\"},{\"@type\":\"ListItem\",\"position\":3,\"name\":\"Plant pulse Feuchtesensor\"}]}]}<\/script>\n<!-- \/ Yoast SEO Premium plugin. -->","yoast_head_json":{"title":"Plant Pulse Feuchtesensor \u2013 \u00fcberwacht kontinuierlich die Bodenfeuchte","description":"Dieser Sensor warnt Sie, wenn Ihre Pflanze Wasser ben\u00f6tigt. Gie\u00dfen Sie Ihre Pflanze erst dann, wenn der Plant Pulse Feuchtesensor rot blinkt.","robots":{"index":"index","follow":"follow","max-snippet":"max-snippet:-1","max-image-preview":"max-image-preview:large","max-video-preview":"max-video-preview:-1"},"canonical":"https:\/\/www.plantcaretools.com\/de\/produkt\/messgerate\/plant-pulse-feuchtesensor\/","schema":{"@context":"https:\/\/schema.org","@graph":[{"@type":"BreadcrumbList","@id":"https:\/\/www.plantcaretools.com\/de\/produkt\/messgerate\/plant-pulse-feuchtesensor\/#breadcrumb","itemListElement":[{"@type":"ListItem","position":1,"name":"Home","item":"https:\/\/www.plantcaretools.com\/de\/"},{"@type":"ListItem","position":2,"name":"Produkte","item":"https:\/\/www.plantcaretools.com\/de\/produkte\/"},{"@type":"ListItem","position":3,"name":"Plant pulse Feuchtesensor"}]}]}},"jetpack_sharing_enabled":true,"_links":{"self":[{"href":"https:\/\/www.plantcaretools.com\/de\/wp-json\/wp\/v2\/product\/7743","targetHints":{"allow":["GET"]}}],"collection":[{"href":"https:\/\/www.plantcaretools.com\/de\/wp-json\/wp\/v2\/product"}],"about":[{"href":"https:\/\/www.plantcaretools.com\/de\/wp-json\/wp\/v2\/types\/product"}],"replies":[{"embeddable":true,"href":"https:\/\/www.plantcaretools.com\/de\/wp-json\/wp\/v2\/comments?post=7743"}],"wp:featuredmedia":[{"embeddable":true,"href":"https:\/\/www.plantcaretools.com\/de\/wp-json\/wp\/v2\/media\/4436"}],"wp:attachment":[{"href":"https:\/\/www.plantcaretools.com\/de\/wp-json\/wp\/v2\/media?parent=7743"}],"wp:term":[{"taxonomy":"product_brand","embeddable":true,"href":"https:\/\/www.plantcaretools.com\/de\/wp-json\/wp\/v2\/product_brand?post=7743"},{"taxonomy":"product_cat","embeddable":true,"href":"https:\/\/www.plantcaretools.com\/de\/wp-json\/wp\/v2\/product_cat?post=7743"},{"taxonomy":"product_tag","embeddable":true,"href":"https:\/\/www.plantcaretools.com\/de\/wp-json\/wp\/v2\/product_tag?post=7743"}],"curies":[{"name":"wp","href":"https:\/\/api.w.org\/{rel}","templated":true}]}}