{"id":7777,"date":"2017-09-23T10:25:25","date_gmt":"2017-09-23T08:25:25","guid":{"rendered":"https:\/\/www.plantcaretools.com\/unkategorisiert\/bluetooth-pflanzen-monitor\/"},"modified":"2025-07-07T14:01:54","modified_gmt":"2025-07-07T12:01:54","slug":"bluetooth-pflanzen-monitor","status":"publish","type":"product","link":"https:\/\/www.plantcaretools.com\/de\/produkt\/messgerate\/bluetooth-pflanzen-monitor\/","title":{"rendered":"4 in 1 Bluetooth Pflanzen Monitor"},"content":{"rendered":"<h2><strong>Dieser <\/strong><strong>Bluetooth Pflanzen Monitor <\/strong><strong>zeigt Lichtintensit\u00e4t, Temperatur, Feuchtigkeit und N\u00e4hrstoffe auf Ihrem Smartphone an.<\/strong><\/h2>\n<p>Wenn Sie Ihr Smartphone \u00fcber Bluetooth mit der kostenlosen App \u201eFlower Care\u201c (f\u00fcr Android und iOS) mit dem 4 in 1 Bluetooth Pflanzen Monitor verbinden, \u00fcberwacht dieser Sensor fortw\u00e4hrend D\u00fcngung, Feuchtigkeit, Temperatur und Sonnenlicht in Echtzeit.<\/p>\n<p>Pflanzendatenbank mit \u00fcber 5.000 Pflanzen, Beratungsfunktion und Wochen- \/ Monatsstatistik verf\u00fcgbar.<\/p>\n<h2><strong>Pflanzen Messer (BT kompatibel): zeigt Lichtst\u00e4rke, Temperatur, Feuchtigkeit und Nahrung an.<\/strong><\/h2>\n<p>F\u00fcr alle Zimmer- und Balkon-Pflanzen \u2022 \u00dcberwacht Lichteinfall, Temperatur, Feuchtigkeit und N\u00e4hrstoff-Versorgung \u2022 Riesige Datenbank mit \u00fcber 5.000 Pflanzen \u2022 1 Jahr Batterie-Laufzeit<\/p>\n<p>Multifunktionaler Sensor f\u00fcr alle Pflanzen geeignet \u2022 Bluetooth 4.1 f\u00fcr kabellose Verbindung zu Smartphone und Tablet- PC \u2022 Stromversorgung: 1 Knopfzellen-Batterie CR2032 f\u00fcr bis zu 1 Jahr Laufzeit<\/p>\n<p>\u00dcberwacht Lichteinfall, Temperatur, Feuchtigkeit und N\u00e4hrstoff-Versorgung \u2022 Volle Kontrolle per kostenloser App f\u00fcr Android und iOS, erh\u00e4ltlich bei Google Play und im App Store auf Deutsch \u2022 Ma\u00dfe: 130 x 25 x 13 mm, Gewicht: 18 g<\/p>\n<p>Riesige App- Datenbank mit \u00fcber 5.000 Pflanzen (wissenschaftliche Namen) und erster Hilfe (deutsche FAQ) f\u00fcr Blumen, Str\u00e4ucher, B\u00e4ume und sogar Gem\u00fcse \u2022 Wetterfest: Schutzart IPX 5 (Schutz gegen allseitiges Strahlwasser)<\/p>\n<p>Der Bluetooth Sensor wird mit Batterien und einer ausf\u00fchrlichen Betriebsanleitung geliefert<\/p>\n","protected":false},"excerpt":{"rendered":"<h2><strong>Dieser Monitor zeigt Lichtintensit\u00e4t, Temperatur, Feuchtigkeit und N\u00e4hrstoffe auf Ihrem Smartphone an.<\/strong><\/h2>\n<p>Wenn Sie Ihr Smartphone \u00fcber Bluetooth mit der kostenlosen App &#8220;Flower Care&#8221; (f\u00fcr Android und iOS) mit dem 4 in 1 Bluetooth Pflanzen Monitor verbinden, \u00fcberwacht dieser Sensor fortw\u00e4hrend D\u00fcngung, Feuchtigkeit, Temperatur und Sonnenlicht in Echtzeit.<\/p>\n<p>Pflanzendatenbank mit \u00fcber 5.000 Pflanzen, Beratungsfunktion und Wochen- \/ Monatsstatistik verf\u00fcgbar.<\/p>\n","protected":false},"featured_media":4420,"comment_status":"open","ping_status":"closed","template":"","meta":{"_acf_changed":false},"product_brand":[],"product_cat":[116],"product_tag":[],"class_list":{"0":"post-7777","1":"product","2":"type-product","3":"status-publish","4":"has-post-thumbnail","6":"product_cat-messgerate","8":"first","9":"instock","10":"taxable","11":"shipping-taxable","12":"purchasable","13":"product-type-simple"},"acf":[],"yoast_head":"<!-- This site is optimized with the Yoast SEO Premium plugin v26.1 (Yoast SEO v27.3) - https:\/\/yoast.com\/product\/yoast-seo-premium-wordpress\/ -->\n<title>Bluetooth Pflanzen Monitor - Plant Care Tools<\/title>\n<meta name=\"description\" content=\"Der Bluetooth Pflanzen Monitor \u00fcberwacht D\u00fcngung, Feuchtigkeit, Temperatur und Sonnenlicht in Echtzeit und sendet sie an Ihr Smartphone\" \/>\n<meta name=\"robots\" content=\"index, follow, max-snippet:-1, max-image-preview:large, max-video-preview:-1\" \/>\n<link rel=\"canonical\" href=\"https:\/\/www.plantcaretools.com\/de\/produkt\/messgerate\/bluetooth-pflanzen-monitor\/\" \/>\n<script type=\"application\/ld+json\" class=\"yoast-schema-graph\">{\"@context\":\"https:\\\/\\\/schema.org\",\"@graph\":[{\"@type\":\"BreadcrumbList\",\"@id\":\"https:\\\/\\\/www.plantcaretools.com\\\/de\\\/produkt\\\/messgerate\\\/bluetooth-pflanzen-monitor\\\/#breadcrumb\",\"itemListElement\":[{\"@type\":\"ListItem\",\"position\":1,\"name\":\"Home\",\"item\":\"https:\\\/\\\/www.plantcaretools.com\\\/de\\\/\"},{\"@type\":\"ListItem\",\"position\":2,\"name\":\"Produkte\",\"item\":\"https:\\\/\\\/www.plantcaretools.com\\\/de\\\/produkte\\\/\"},{\"@type\":\"ListItem\",\"position\":3,\"name\":\"4 in 1 Bluetooth Pflanzen Monitor\"}]}]}<\/script>\n<!-- \/ Yoast SEO Premium plugin. -->","yoast_head_json":{"title":"Bluetooth Pflanzen Monitor - Plant Care Tools","description":"Der Bluetooth Pflanzen Monitor \u00fcberwacht D\u00fcngung, Feuchtigkeit, Temperatur und Sonnenlicht in Echtzeit und sendet sie an Ihr Smartphone","robots":{"index":"index","follow":"follow","max-snippet":"max-snippet:-1","max-image-preview":"max-image-preview:large","max-video-preview":"max-video-preview:-1"},"canonical":"https:\/\/www.plantcaretools.com\/de\/produkt\/messgerate\/bluetooth-pflanzen-monitor\/","schema":{"@context":"https:\/\/schema.org","@graph":[{"@type":"BreadcrumbList","@id":"https:\/\/www.plantcaretools.com\/de\/produkt\/messgerate\/bluetooth-pflanzen-monitor\/#breadcrumb","itemListElement":[{"@type":"ListItem","position":1,"name":"Home","item":"https:\/\/www.plantcaretools.com\/de\/"},{"@type":"ListItem","position":2,"name":"Produkte","item":"https:\/\/www.plantcaretools.com\/de\/produkte\/"},{"@type":"ListItem","position":3,"name":"4 in 1 Bluetooth Pflanzen Monitor"}]}]}},"jetpack_sharing_enabled":true,"_links":{"self":[{"href":"https:\/\/www.plantcaretools.com\/de\/wp-json\/wp\/v2\/product\/7777","targetHints":{"allow":["GET"]}}],"collection":[{"href":"https:\/\/www.plantcaretools.com\/de\/wp-json\/wp\/v2\/product"}],"about":[{"href":"https:\/\/www.plantcaretools.com\/de\/wp-json\/wp\/v2\/types\/product"}],"replies":[{"embeddable":true,"href":"https:\/\/www.plantcaretools.com\/de\/wp-json\/wp\/v2\/comments?post=7777"}],"wp:featuredmedia":[{"embeddable":true,"href":"https:\/\/www.plantcaretools.com\/de\/wp-json\/wp\/v2\/media\/4420"}],"wp:attachment":[{"href":"https:\/\/www.plantcaretools.com\/de\/wp-json\/wp\/v2\/media?parent=7777"}],"wp:term":[{"taxonomy":"product_brand","embeddable":true,"href":"https:\/\/www.plantcaretools.com\/de\/wp-json\/wp\/v2\/product_brand?post=7777"},{"taxonomy":"product_cat","embeddable":true,"href":"https:\/\/www.plantcaretools.com\/de\/wp-json\/wp\/v2\/product_cat?post=7777"},{"taxonomy":"product_tag","embeddable":true,"href":"https:\/\/www.plantcaretools.com\/de\/wp-json\/wp\/v2\/product_tag?post=7777"}],"curies":[{"name":"wp","href":"https:\/\/api.w.org\/{rel}","templated":true}]}}