{"id":7904,"date":"2018-12-23T17:42:09","date_gmt":"2018-12-23T16:42:09","guid":{"rendered":"https:\/\/www.plantcaretools.com\/unkategorisiert\/feuchte-indikator-2x16cm\/"},"modified":"2025-05-29T19:36:32","modified_gmt":"2025-05-29T17:36:32","slug":"feuchte-indikator-2x16cm","status":"publish","type":"product","link":"https:\/\/www.plantcaretools.com\/de\/produkt\/messgerate\/feuchte-indikator-2x16cm\/","title":{"rendered":"Feuchte-Indikator 2x16cm"},"content":{"rendered":"<h2><strong>Der Seramis Feuchte-Indikator 2x16cm warnt Sie, wenn Sie Ihre Topfpflanze gie\u00dfen m\u00fcssen<\/strong><\/h2>\n<p>\u00dcberpr\u00fcfen Sie einfach, ob Ihre Zimmerpflanze Wasser ben\u00f6tigt. Die Farbe im Fenster oben in der Anzeige ver\u00e4ndert sich von blau nach rot. Der Feuchte-Indikator ist in zwei Gr\u00f6\u00dfen erh\u00e4ltlich, 2 x 16 cm und <a href=\"https:\/\/www.plantcaretools.com\/de\/product\/feuchte-indikator-2x26cm\/\">2 x 26 cm<\/a>.<\/p>\n<h2><strong>Seramis Tester mit einer zweifarbigen Anzeige f\u00fcr Bodenfeuchtigkeit<\/strong><\/h2>\n<p>Der Seramis Feuchte-Indikator 2x16cm warnt Sie, wenn Sie Ihre Zimmerpflanze gie\u00dfen m\u00fcssen. Bleibt dauerhaft in Ihrer Topfpflanze. Die Farbe der Anzeige \u00e4ndert sich von Blau zu Rot, wenn Wasser ben\u00f6tigt wird.<\/p>\n<p>Die St\u00e4be sind in zwei Gr\u00f6\u00dfen erh\u00e4ltlich. Der Feuchtigkeitsmesser mit einer L\u00e4nge von 16 cm ist f\u00fcr T\u00f6pfe mit einer H\u00f6he von 25 cm geeignet. Wenn der Topf h\u00f6her als 25 cm ist, dann ben\u00f6tigen Sie den l\u00e4ngeren Feuchtigkeitsmesser von 26 cm. Bleibt etwa ein Jahr lang aktiv.<\/p>\n<p>Auf\u00a0<a href=\"https:\/\/www.plantcaretools.com\/de\/bodenfeuchte-messen\/\">dieser Seite<\/a>\u00a0finden Sie alle Informationen, die Sie zur Messung des Feuchtigkeitsgehalts ben\u00f6tigen. Werfen Sie auch einen Blick auf die\u00a0<a href=\"https:\/\/www.plantcaretools.com\/de\/pflanzen-wasser-geben-faq\/\">Seite<\/a>\u00a0mit h\u00e4ufig gestellten Fragen zum Feuchtigkeitsgehalt und zur Bew\u00e4sserung von Pflanzen im Allgemeinen.<\/p>\n","protected":false},"excerpt":{"rendered":"<h2><strong>Der Seramis Feuchte-Indikator 2x16cm warnt Sie, wenn Sie Ihre Topfpflanze gie\u00dfen m\u00fcssen<\/strong><\/h2>\n<p>\u00dcberpr\u00fcfen Sie einfach, ob Ihre Zimmerpflanze Wasser ben\u00f6tigt. Die Farbe im Fenster oben in der Anzeige ver\u00e4ndert sich von blau nach rot.<\/p>\n<p>Der Feuchte-Indikator ist in zwei Gr\u00f6\u00dfen erh\u00e4ltlich, 2x16cm und <a href=\"https:\/\/www.plantcaretools.com\/de\/product\/feuchte-indikator-2x26cm\/\">2x26cm<\/a>.<\/p>\n","protected":false},"featured_media":4516,"comment_status":"open","ping_status":"closed","template":"","meta":{"_acf_changed":false},"product_brand":[],"product_cat":[116],"product_tag":[],"class_list":{"0":"post-7904","1":"product","2":"type-product","3":"status-publish","4":"has-post-thumbnail","6":"product_cat-messgerate","8":"first","9":"instock","10":"taxable","11":"shipping-taxable","12":"purchasable","13":"product-type-simple"},"acf":[],"yoast_head":"<!-- This site is optimized with the Yoast SEO Premium plugin v26.1 (Yoast SEO v27.4) - https:\/\/yoast.com\/product\/yoast-seo-premium-wordpress\/ -->\n<title>Feuchte-Indikator 2x16cm - Seramis - Plant Care Tools<\/title>\n<meta name=\"description\" content=\"Benutzerfreundlicher Feuchte-Indikator 2x16cm, warnt vor dem Bew\u00e4ssern der Pflanze, indem die Farbe von blau auf rot ge\u00e4ndert wird.\" \/>\n<meta name=\"robots\" content=\"index, follow, max-snippet:-1, max-image-preview:large, max-video-preview:-1\" \/>\n<link rel=\"canonical\" href=\"https:\/\/www.plantcaretools.com\/de\/produkt\/messgerate\/feuchte-indikator-2x16cm\/\" \/>\n<script type=\"application\/ld+json\" class=\"yoast-schema-graph\">{\"@context\":\"https:\\\/\\\/schema.org\",\"@graph\":[{\"@type\":\"BreadcrumbList\",\"@id\":\"https:\\\/\\\/www.plantcaretools.com\\\/de\\\/produkt\\\/messgerate\\\/feuchte-indikator-2x16cm\\\/#breadcrumb\",\"itemListElement\":[{\"@type\":\"ListItem\",\"position\":1,\"name\":\"Home\",\"item\":\"https:\\\/\\\/www.plantcaretools.com\\\/de\\\/\"},{\"@type\":\"ListItem\",\"position\":2,\"name\":\"Produkte\",\"item\":\"https:\\\/\\\/www.plantcaretools.com\\\/de\\\/produkte\\\/\"},{\"@type\":\"ListItem\",\"position\":3,\"name\":\"Feuchte-Indikator 2x16cm\"}]}]}<\/script>\n<!-- \/ Yoast SEO Premium plugin. -->","yoast_head_json":{"title":"Feuchte-Indikator 2x16cm - Seramis - Plant Care Tools","description":"Benutzerfreundlicher Feuchte-Indikator 2x16cm, warnt vor dem Bew\u00e4ssern der Pflanze, indem die Farbe von blau auf rot ge\u00e4ndert wird.","robots":{"index":"index","follow":"follow","max-snippet":"max-snippet:-1","max-image-preview":"max-image-preview:large","max-video-preview":"max-video-preview:-1"},"canonical":"https:\/\/www.plantcaretools.com\/de\/produkt\/messgerate\/feuchte-indikator-2x16cm\/","schema":{"@context":"https:\/\/schema.org","@graph":[{"@type":"BreadcrumbList","@id":"https:\/\/www.plantcaretools.com\/de\/produkt\/messgerate\/feuchte-indikator-2x16cm\/#breadcrumb","itemListElement":[{"@type":"ListItem","position":1,"name":"Home","item":"https:\/\/www.plantcaretools.com\/de\/"},{"@type":"ListItem","position":2,"name":"Produkte","item":"https:\/\/www.plantcaretools.com\/de\/produkte\/"},{"@type":"ListItem","position":3,"name":"Feuchte-Indikator 2x16cm"}]}]}},"jetpack_sharing_enabled":true,"_links":{"self":[{"href":"https:\/\/www.plantcaretools.com\/de\/wp-json\/wp\/v2\/product\/7904","targetHints":{"allow":["GET"]}}],"collection":[{"href":"https:\/\/www.plantcaretools.com\/de\/wp-json\/wp\/v2\/product"}],"about":[{"href":"https:\/\/www.plantcaretools.com\/de\/wp-json\/wp\/v2\/types\/product"}],"replies":[{"embeddable":true,"href":"https:\/\/www.plantcaretools.com\/de\/wp-json\/wp\/v2\/comments?post=7904"}],"wp:featuredmedia":[{"embeddable":true,"href":"https:\/\/www.plantcaretools.com\/de\/wp-json\/wp\/v2\/media\/4516"}],"wp:attachment":[{"href":"https:\/\/www.plantcaretools.com\/de\/wp-json\/wp\/v2\/media?parent=7904"}],"wp:term":[{"taxonomy":"product_brand","embeddable":true,"href":"https:\/\/www.plantcaretools.com\/de\/wp-json\/wp\/v2\/product_brand?post=7904"},{"taxonomy":"product_cat","embeddable":true,"href":"https:\/\/www.plantcaretools.com\/de\/wp-json\/wp\/v2\/product_cat?post=7904"},{"taxonomy":"product_tag","embeddable":true,"href":"https:\/\/www.plantcaretools.com\/de\/wp-json\/wp\/v2\/product_tag?post=7904"}],"curies":[{"name":"wp","href":"https:\/\/api.w.org\/{rel}","templated":true}]}}